{"id":4754,"date":"2021-12-15T13:50:30","date_gmt":"2021-12-15T12:50:30","guid":{"rendered":"https:\/\/solarventi.dk\/se\/?post_type=product&#038;p=4754"},"modified":"2024-05-16T12:45:36","modified_gmt":"2024-05-16T10:45:36","slug":"stroemforsyningssaet","status":"publish","type":"product","link":"https:\/\/solarventi.dk\/se\/vare\/stroemforsyningssaet\/","title":{"rendered":"Str\u00f8mforsyningss\u00e6t"},"content":{"rendered":"","protected":false},"excerpt":{"rendered":"<p>Str\u00f8mforsyningss\u00e6t giver dig mulighed for at tilslutte din SolarVenti til el-nettet via regulator. Der medf\u00f8lger tilmed en timer, som kan indstilles efter behov, s\u00e5 der kan opn\u00e5s en regelm\u00e6ssig udluftning, selv n\u00e5r solen ikke skinner.<\/p>\n<p>Kan ogs\u00e5 eftermonteres til \u00e6ldre styringsenheder.<\/p>\n","protected":false},"featured_media":7047,"template":"","meta":[],"product_brand":[],"product_cat":[22],"product_tag":[],"class_list":{"0":"post-4754","1":"product","2":"type-product","3":"status-publish","4":"has-post-thumbnail","6":"product_cat-tilbehoer","7":"product_shipping_class-tilbehoer-under-1000","8":"grve-entry-item","10":"first","11":"instock","12":"taxable","13":"shipping-taxable","14":"purchasable","15":"product-type-simple"},"yoast_head":"<!-- This site is optimized with the Yoast SEO Premium plugin v25.1 (Yoast SEO v25.1) - https:\/\/yoast.com\/wordpress\/plugins\/seo\/ -->\n<title>Str\u00f8mforsyningss\u00e6t | F\u00e5 dit anl\u00e6g til at k\u00f8re uafh\u00e6ngigt af solen<\/title>\n<meta name=\"description\" content=\"Str\u00f8mforsyningss\u00e6t giver dig mulighed for at lave ventilation, n\u00e5r solen ikke skinner | Den eneste str\u00f8m der tr\u00e6kkes p\u00e5 elnettet g\u00e5r til ventilatoren.\" \/>\n<meta name=\"robots\" content=\"index, follow, max-snippet:-1, max-image-preview:large, max-video-preview:-1\" \/>\n<link rel=\"canonical\" href=\"https:\/\/solarventi.dk\/se\/vare\/stroemforsyningssaet\/\" \/>\n<meta property=\"og:locale\" content=\"sv_SE\" \/>\n<meta property=\"og:type\" content=\"article\" \/>\n<meta property=\"og:title\" content=\"Str\u00f8mforsyningss\u00e6t\" \/>\n<meta property=\"og:description\" content=\"Str\u00f8mforsyningss\u00e6t giver dig mulighed for at lave ventilation, n\u00e5r solen ikke skinner | Den eneste str\u00f8m der tr\u00e6kkes p\u00e5 elnettet g\u00e5r til ventilatoren.\" \/>\n<meta property=\"og:url\" content=\"https:\/\/solarventi.dk\/se\/vare\/stroemforsyningssaet\/\" \/>\n<meta property=\"og:site_name\" content=\"SolarVenti SVERIGE\" \/>\n<meta property=\"article:publisher\" content=\"https:\/\/facebook.com\/solarventidk\" \/>\n<meta property=\"article:modified_time\" content=\"2024-05-16T10:45:36+00:00\" \/>\n<meta property=\"og:image\" content=\"https:\/\/solarventi.dk\/wp-content\/uploads\/sites\/10\/2022\/11\/Stroemforsygning-1500x1500-1.png\" \/>\n\t<meta property=\"og:image:width\" content=\"1500\" \/>\n\t<meta property=\"og:image:height\" content=\"1500\" \/>\n\t<meta property=\"og:image:type\" content=\"image\/png\" \/>\n<meta name=\"twitter:card\" content=\"summary_large_image\" \/>\n<script type=\"application\/ld+json\" class=\"yoast-schema-graph\">{\"@context\":\"https:\/\/schema.org\",\"@graph\":[{\"@type\":\"WebPage\",\"@id\":\"https:\/\/solarventi.dk\/se\/vare\/stroemforsyningssaet\/\",\"url\":\"https:\/\/solarventi.dk\/se\/vare\/stroemforsyningssaet\/\",\"name\":\"Str\u00f8mforsyningss\u00e6t | F\u00e5 dit anl\u00e6g til at k\u00f8re uafh\u00e6ngigt af solen\",\"isPartOf\":{\"@id\":\"https:\/\/solarventi.dk\/se\/#website\"},\"primaryImageOfPage\":{\"@id\":\"https:\/\/solarventi.dk\/se\/vare\/stroemforsyningssaet\/#primaryimage\"},\"image\":{\"@id\":\"https:\/\/solarventi.dk\/se\/vare\/stroemforsyningssaet\/#primaryimage\"},\"thumbnailUrl\":\"https:\/\/solarventi.dk\/se\/wp-content\/uploads\/sites\/10\/2022\/11\/Stroemforsygning-1500x1500-1.png\",\"datePublished\":\"2021-12-15T12:50:30+00:00\",\"dateModified\":\"2024-05-16T10:45:36+00:00\",\"description\":\"Str\u00f8mforsyningss\u00e6t giver dig mulighed for at lave ventilation, n\u00e5r solen ikke skinner | Den eneste str\u00f8m der tr\u00e6kkes p\u00e5 elnettet g\u00e5r til ventilatoren.\",\"breadcrumb\":{\"@id\":\"https:\/\/solarventi.dk\/se\/vare\/stroemforsyningssaet\/#breadcrumb\"},\"inLanguage\":\"sv-SE\",\"potentialAction\":[{\"@type\":\"ReadAction\",\"target\":[\"https:\/\/solarventi.dk\/se\/vare\/stroemforsyningssaet\/\"]}]},{\"@type\":\"ImageObject\",\"inLanguage\":\"sv-SE\",\"@id\":\"https:\/\/solarventi.dk\/se\/vare\/stroemforsyningssaet\/#primaryimage\",\"url\":\"https:\/\/solarventi.dk\/se\/wp-content\/uploads\/sites\/10\/2022\/11\/Stroemforsygning-1500x1500-1.png\",\"contentUrl\":\"https:\/\/solarventi.dk\/se\/wp-content\/uploads\/sites\/10\/2022\/11\/Stroemforsygning-1500x1500-1.png\",\"width\":1500,\"height\":1500,\"caption\":\"Str\u00f8mforsyning, SolarVenti\"},{\"@type\":\"BreadcrumbList\",\"@id\":\"https:\/\/solarventi.dk\/se\/vare\/stroemforsyningssaet\/#breadcrumb\",\"itemListElement\":[{\"@type\":\"ListItem\",\"position\":1,\"name\":\"Forside\",\"item\":\"https:\/\/solarventi.dk\/se\/\"},{\"@type\":\"ListItem\",\"position\":2,\"name\":\"Shop\",\"item\":\"https:\/\/solarventi.dk\/se\/shop\/\"},{\"@type\":\"ListItem\",\"position\":3,\"name\":\"Str\u00f8mforsyningss\u00e6t\"}]},{\"@type\":\"WebSite\",\"@id\":\"https:\/\/solarventi.dk\/se\/#website\",\"url\":\"https:\/\/solarventi.dk\/se\/\",\"name\":\"SolarVenti SVERIGE\",\"description\":\"\",\"publisher\":{\"@id\":\"https:\/\/solarventi.dk\/se\/#organization\"},\"potentialAction\":[{\"@type\":\"SearchAction\",\"target\":{\"@type\":\"EntryPoint\",\"urlTemplate\":\"https:\/\/solarventi.dk\/se\/?s={search_term_string}\"},\"query-input\":{\"@type\":\"PropertyValueSpecification\",\"valueRequired\":true,\"valueName\":\"search_term_string\"}}],\"inLanguage\":\"sv-SE\"},{\"@type\":\"Organization\",\"@id\":\"https:\/\/solarventi.dk\/se\/#organization\",\"name\":\"SolarVenti SVERIGE\",\"url\":\"https:\/\/solarventi.dk\/se\/\",\"logo\":{\"@type\":\"ImageObject\",\"inLanguage\":\"sv-SE\",\"@id\":\"https:\/\/solarventi.dk\/se\/#\/schema\/logo\/image\/\",\"url\":\"https:\/\/solarventi.dk\/se\/wp-content\/uploads\/sites\/10\/2021\/09\/cropped-favicon-6.png\",\"contentUrl\":\"https:\/\/solarventi.dk\/se\/wp-content\/uploads\/sites\/10\/2021\/09\/cropped-favicon-6.png\",\"width\":512,\"height\":512,\"caption\":\"SolarVenti SVERIGE\"},\"image\":{\"@id\":\"https:\/\/solarventi.dk\/se\/#\/schema\/logo\/image\/\"},\"sameAs\":[\"https:\/\/facebook.com\/solarventidk\"]}]}<\/script>\n<!-- \/ Yoast SEO Premium plugin. -->","yoast_head_json":{"title":"Str\u00f8mforsyningss\u00e6t | F\u00e5 dit anl\u00e6g til at k\u00f8re uafh\u00e6ngigt af solen","description":"Str\u00f8mforsyningss\u00e6t giver dig mulighed for at lave ventilation, n\u00e5r solen ikke skinner | Den eneste str\u00f8m der tr\u00e6kkes p\u00e5 elnettet g\u00e5r til ventilatoren.","robots":{"index":"index","follow":"follow","max-snippet":"max-snippet:-1","max-image-preview":"max-image-preview:large","max-video-preview":"max-video-preview:-1"},"canonical":"https:\/\/solarventi.dk\/se\/vare\/stroemforsyningssaet\/","og_locale":"sv_SE","og_type":"article","og_title":"Str\u00f8mforsyningss\u00e6t","og_description":"Str\u00f8mforsyningss\u00e6t giver dig mulighed for at lave ventilation, n\u00e5r solen ikke skinner | Den eneste str\u00f8m der tr\u00e6kkes p\u00e5 elnettet g\u00e5r til ventilatoren.","og_url":"https:\/\/solarventi.dk\/se\/vare\/stroemforsyningssaet\/","og_site_name":"SolarVenti SVERIGE","article_publisher":"https:\/\/facebook.com\/solarventidk","article_modified_time":"2024-05-16T10:45:36+00:00","og_image":[{"width":1500,"height":1500,"url":"https:\/\/solarventi.dk\/wp-content\/uploads\/sites\/10\/2022\/11\/Stroemforsygning-1500x1500-1.png","type":"image\/png"}],"twitter_card":"summary_large_image","schema":{"@context":"https:\/\/schema.org","@graph":[{"@type":"WebPage","@id":"https:\/\/solarventi.dk\/se\/vare\/stroemforsyningssaet\/","url":"https:\/\/solarventi.dk\/se\/vare\/stroemforsyningssaet\/","name":"Str\u00f8mforsyningss\u00e6t | F\u00e5 dit anl\u00e6g til at k\u00f8re uafh\u00e6ngigt af solen","isPartOf":{"@id":"https:\/\/solarventi.dk\/se\/#website"},"primaryImageOfPage":{"@id":"https:\/\/solarventi.dk\/se\/vare\/stroemforsyningssaet\/#primaryimage"},"image":{"@id":"https:\/\/solarventi.dk\/se\/vare\/stroemforsyningssaet\/#primaryimage"},"thumbnailUrl":"https:\/\/solarventi.dk\/se\/wp-content\/uploads\/sites\/10\/2022\/11\/Stroemforsygning-1500x1500-1.png","datePublished":"2021-12-15T12:50:30+00:00","dateModified":"2024-05-16T10:45:36+00:00","description":"Str\u00f8mforsyningss\u00e6t giver dig mulighed for at lave ventilation, n\u00e5r solen ikke skinner | Den eneste str\u00f8m der tr\u00e6kkes p\u00e5 elnettet g\u00e5r til ventilatoren.","breadcrumb":{"@id":"https:\/\/solarventi.dk\/se\/vare\/stroemforsyningssaet\/#breadcrumb"},"inLanguage":"sv-SE","potentialAction":[{"@type":"ReadAction","target":["https:\/\/solarventi.dk\/se\/vare\/stroemforsyningssaet\/"]}]},{"@type":"ImageObject","inLanguage":"sv-SE","@id":"https:\/\/solarventi.dk\/se\/vare\/stroemforsyningssaet\/#primaryimage","url":"https:\/\/solarventi.dk\/se\/wp-content\/uploads\/sites\/10\/2022\/11\/Stroemforsygning-1500x1500-1.png","contentUrl":"https:\/\/solarventi.dk\/se\/wp-content\/uploads\/sites\/10\/2022\/11\/Stroemforsygning-1500x1500-1.png","width":1500,"height":1500,"caption":"Str\u00f8mforsyning, SolarVenti"},{"@type":"BreadcrumbList","@id":"https:\/\/solarventi.dk\/se\/vare\/stroemforsyningssaet\/#breadcrumb","itemListElement":[{"@type":"ListItem","position":1,"name":"Forside","item":"https:\/\/solarventi.dk\/se\/"},{"@type":"ListItem","position":2,"name":"Shop","item":"https:\/\/solarventi.dk\/se\/shop\/"},{"@type":"ListItem","position":3,"name":"Str\u00f8mforsyningss\u00e6t"}]},{"@type":"WebSite","@id":"https:\/\/solarventi.dk\/se\/#website","url":"https:\/\/solarventi.dk\/se\/","name":"SolarVenti SVERIGE","description":"","publisher":{"@id":"https:\/\/solarventi.dk\/se\/#organization"},"potentialAction":[{"@type":"SearchAction","target":{"@type":"EntryPoint","urlTemplate":"https:\/\/solarventi.dk\/se\/?s={search_term_string}"},"query-input":{"@type":"PropertyValueSpecification","valueRequired":true,"valueName":"search_term_string"}}],"inLanguage":"sv-SE"},{"@type":"Organization","@id":"https:\/\/solarventi.dk\/se\/#organization","name":"SolarVenti SVERIGE","url":"https:\/\/solarventi.dk\/se\/","logo":{"@type":"ImageObject","inLanguage":"sv-SE","@id":"https:\/\/solarventi.dk\/se\/#\/schema\/logo\/image\/","url":"https:\/\/solarventi.dk\/se\/wp-content\/uploads\/sites\/10\/2021\/09\/cropped-favicon-6.png","contentUrl":"https:\/\/solarventi.dk\/se\/wp-content\/uploads\/sites\/10\/2021\/09\/cropped-favicon-6.png","width":512,"height":512,"caption":"SolarVenti SVERIGE"},"image":{"@id":"https:\/\/solarventi.dk\/se\/#\/schema\/logo\/image\/"},"sameAs":["https:\/\/facebook.com\/solarventidk"]}]}},"_links":{"self":[{"href":"https:\/\/solarventi.dk\/se\/wp-json\/wp\/v2\/product\/4754","targetHints":{"allow":["GET"]}}],"collection":[{"href":"https:\/\/solarventi.dk\/se\/wp-json\/wp\/v2\/product"}],"about":[{"href":"https:\/\/solarventi.dk\/se\/wp-json\/wp\/v2\/types\/product"}],"wp:featuredmedia":[{"embeddable":true,"href":"https:\/\/solarventi.dk\/se\/wp-json\/wp\/v2\/media\/7047"}],"wp:attachment":[{"href":"https:\/\/solarventi.dk\/se\/wp-json\/wp\/v2\/media?parent=4754"}],"wp:term":[{"taxonomy":"product_brand","embeddable":true,"href":"https:\/\/solarventi.dk\/se\/wp-json\/wp\/v2\/product_brand?post=4754"},{"taxonomy":"product_cat","embeddable":true,"href":"https:\/\/solarventi.dk\/se\/wp-json\/wp\/v2\/product_cat?post=4754"},{"taxonomy":"product_tag","embeddable":true,"href":"https:\/\/solarventi.dk\/se\/wp-json\/wp\/v2\/product_tag?post=4754"}],"curies":[{"name":"wp","href":"https:\/\/api.w.org\/{rel}","templated":true}]}}