{"id":4511,"date":"2021-11-17T12:50:31","date_gmt":"2021-11-17T11:50:31","guid":{"rendered":"https:\/\/solarventi.dk\/se\/?post_type=product&#038;p=4511"},"modified":"2024-05-16T12:46:36","modified_gmt":"2024-05-16T10:46:36","slug":"rumtermostat","status":"publish","type":"product","link":"https:\/\/solarventi.dk\/se\/vare\/rumtermostat\/","title":{"rendered":"Rumtermostat"},"content":{"rendered":"","protected":false},"excerpt":{"rendered":"<p>En god melleml\u00f8sning mellem regulator og den simple t\u00e6nd\/sluk-afbryder. Indeholder 2 funktioner:<\/p>\n<ol>\n<li>T\u00e6nd\/sluk<\/li>\n<li>Termostatfunktion, der slukker systemet, hvis der bliver for varmt i rummet.<\/li>\n<\/ol>\n<p>Temperaturomr\u00e5de: 10-30\u00b0C<\/p>\n","protected":false},"featured_media":7045,"template":"","meta":[],"product_brand":[],"product_cat":[22],"product_tag":[],"class_list":{"0":"post-4511","1":"product","2":"type-product","3":"status-publish","4":"has-post-thumbnail","6":"product_cat-tilbehoer","7":"product_shipping_class-tilbehoer-under-1000","8":"grve-entry-item","10":"first","11":"instock","12":"taxable","13":"shipping-taxable","14":"purchasable","15":"product-type-simple"},"yoast_head":"<!-- This site is optimized with the Yoast SEO Premium plugin v25.1 (Yoast SEO v25.1) - https:\/\/yoast.com\/wordpress\/plugins\/seo\/ -->\n<title>Rumtermostat | F\u00e5 styr p\u00e5 rumtemperaturen med en termostat<\/title>\n<meta name=\"description\" content=\"Rumtermostaten giver mulighed for at undg\u00e5 for h\u00f8j en temperatur i din bolig | Med termostaten bestemmer du, hvorn\u00e5r dit panel skal stoppe sin indbl\u00e6sning.\" \/>\n<meta name=\"robots\" content=\"index, follow, max-snippet:-1, max-image-preview:large, max-video-preview:-1\" \/>\n<link rel=\"canonical\" href=\"https:\/\/solarventi.dk\/se\/vare\/rumtermostat\/\" \/>\n<meta property=\"og:locale\" content=\"sv_SE\" \/>\n<meta property=\"og:type\" content=\"article\" \/>\n<meta property=\"og:title\" content=\"Rumtermostat\" \/>\n<meta property=\"og:description\" content=\"Rumtermostaten giver mulighed for at undg\u00e5 for h\u00f8j en temperatur i din bolig | Med termostaten bestemmer du, hvorn\u00e5r dit panel skal stoppe sin indbl\u00e6sning.\" \/>\n<meta property=\"og:url\" content=\"https:\/\/solarventi.dk\/se\/vare\/rumtermostat\/\" \/>\n<meta property=\"og:site_name\" content=\"SolarVenti SVERIGE\" \/>\n<meta property=\"article:publisher\" content=\"https:\/\/facebook.com\/solarventidk\" \/>\n<meta property=\"article:modified_time\" content=\"2024-05-16T10:46:36+00:00\" \/>\n<meta property=\"og:image\" content=\"https:\/\/solarventi.dk\/wp-content\/uploads\/sites\/10\/2021\/11\/Rumtermostat-1500x1500-1.png\" \/>\n\t<meta property=\"og:image:width\" content=\"1500\" \/>\n\t<meta property=\"og:image:height\" content=\"1500\" \/>\n\t<meta property=\"og:image:type\" content=\"image\/png\" \/>\n<meta name=\"twitter:card\" content=\"summary_large_image\" \/>\n<script type=\"application\/ld+json\" class=\"yoast-schema-graph\">{\"@context\":\"https:\/\/schema.org\",\"@graph\":[{\"@type\":\"WebPage\",\"@id\":\"https:\/\/solarventi.dk\/se\/vare\/rumtermostat\/\",\"url\":\"https:\/\/solarventi.dk\/se\/vare\/rumtermostat\/\",\"name\":\"Rumtermostat | F\u00e5 styr p\u00e5 rumtemperaturen med en termostat\",\"isPartOf\":{\"@id\":\"https:\/\/solarventi.dk\/se\/#website\"},\"primaryImageOfPage\":{\"@id\":\"https:\/\/solarventi.dk\/se\/vare\/rumtermostat\/#primaryimage\"},\"image\":{\"@id\":\"https:\/\/solarventi.dk\/se\/vare\/rumtermostat\/#primaryimage\"},\"thumbnailUrl\":\"https:\/\/solarventi.dk\/se\/wp-content\/uploads\/sites\/10\/2021\/11\/Rumtermostat-1500x1500-1.png\",\"datePublished\":\"2021-11-17T11:50:31+00:00\",\"dateModified\":\"2024-05-16T10:46:36+00:00\",\"description\":\"Rumtermostaten giver mulighed for at undg\u00e5 for h\u00f8j en temperatur i din bolig | Med termostaten bestemmer du, hvorn\u00e5r dit panel skal stoppe sin indbl\u00e6sning.\",\"breadcrumb\":{\"@id\":\"https:\/\/solarventi.dk\/se\/vare\/rumtermostat\/#breadcrumb\"},\"inLanguage\":\"sv-SE\",\"potentialAction\":[{\"@type\":\"ReadAction\",\"target\":[\"https:\/\/solarventi.dk\/se\/vare\/rumtermostat\/\"]}]},{\"@type\":\"ImageObject\",\"inLanguage\":\"sv-SE\",\"@id\":\"https:\/\/solarventi.dk\/se\/vare\/rumtermostat\/#primaryimage\",\"url\":\"https:\/\/solarventi.dk\/se\/wp-content\/uploads\/sites\/10\/2021\/11\/Rumtermostat-1500x1500-1.png\",\"contentUrl\":\"https:\/\/solarventi.dk\/se\/wp-content\/uploads\/sites\/10\/2021\/11\/Rumtermostat-1500x1500-1.png\",\"width\":1500,\"height\":1500,\"caption\":\"Rumtermostat, Solarventi\"},{\"@type\":\"BreadcrumbList\",\"@id\":\"https:\/\/solarventi.dk\/se\/vare\/rumtermostat\/#breadcrumb\",\"itemListElement\":[{\"@type\":\"ListItem\",\"position\":1,\"name\":\"Forside\",\"item\":\"https:\/\/solarventi.dk\/se\/\"},{\"@type\":\"ListItem\",\"position\":2,\"name\":\"Shop\",\"item\":\"https:\/\/solarventi.dk\/se\/shop\/\"},{\"@type\":\"ListItem\",\"position\":3,\"name\":\"Rumtermostat\"}]},{\"@type\":\"WebSite\",\"@id\":\"https:\/\/solarventi.dk\/se\/#website\",\"url\":\"https:\/\/solarventi.dk\/se\/\",\"name\":\"SolarVenti SVERIGE\",\"description\":\"\",\"publisher\":{\"@id\":\"https:\/\/solarventi.dk\/se\/#organization\"},\"potentialAction\":[{\"@type\":\"SearchAction\",\"target\":{\"@type\":\"EntryPoint\",\"urlTemplate\":\"https:\/\/solarventi.dk\/se\/?s={search_term_string}\"},\"query-input\":{\"@type\":\"PropertyValueSpecification\",\"valueRequired\":true,\"valueName\":\"search_term_string\"}}],\"inLanguage\":\"sv-SE\"},{\"@type\":\"Organization\",\"@id\":\"https:\/\/solarventi.dk\/se\/#organization\",\"name\":\"SolarVenti SVERIGE\",\"url\":\"https:\/\/solarventi.dk\/se\/\",\"logo\":{\"@type\":\"ImageObject\",\"inLanguage\":\"sv-SE\",\"@id\":\"https:\/\/solarventi.dk\/se\/#\/schema\/logo\/image\/\",\"url\":\"https:\/\/solarventi.dk\/se\/wp-content\/uploads\/sites\/10\/2021\/09\/cropped-favicon-6.png\",\"contentUrl\":\"https:\/\/solarventi.dk\/se\/wp-content\/uploads\/sites\/10\/2021\/09\/cropped-favicon-6.png\",\"width\":512,\"height\":512,\"caption\":\"SolarVenti SVERIGE\"},\"image\":{\"@id\":\"https:\/\/solarventi.dk\/se\/#\/schema\/logo\/image\/\"},\"sameAs\":[\"https:\/\/facebook.com\/solarventidk\"]}]}<\/script>\n<!-- \/ Yoast SEO Premium plugin. -->","yoast_head_json":{"title":"Rumtermostat | F\u00e5 styr p\u00e5 rumtemperaturen med en termostat","description":"Rumtermostaten giver mulighed for at undg\u00e5 for h\u00f8j en temperatur i din bolig | Med termostaten bestemmer du, hvorn\u00e5r dit panel skal stoppe sin indbl\u00e6sning.","robots":{"index":"index","follow":"follow","max-snippet":"max-snippet:-1","max-image-preview":"max-image-preview:large","max-video-preview":"max-video-preview:-1"},"canonical":"https:\/\/solarventi.dk\/se\/vare\/rumtermostat\/","og_locale":"sv_SE","og_type":"article","og_title":"Rumtermostat","og_description":"Rumtermostaten giver mulighed for at undg\u00e5 for h\u00f8j en temperatur i din bolig | Med termostaten bestemmer du, hvorn\u00e5r dit panel skal stoppe sin indbl\u00e6sning.","og_url":"https:\/\/solarventi.dk\/se\/vare\/rumtermostat\/","og_site_name":"SolarVenti SVERIGE","article_publisher":"https:\/\/facebook.com\/solarventidk","article_modified_time":"2024-05-16T10:46:36+00:00","og_image":[{"width":1500,"height":1500,"url":"https:\/\/solarventi.dk\/wp-content\/uploads\/sites\/10\/2021\/11\/Rumtermostat-1500x1500-1.png","type":"image\/png"}],"twitter_card":"summary_large_image","schema":{"@context":"https:\/\/schema.org","@graph":[{"@type":"WebPage","@id":"https:\/\/solarventi.dk\/se\/vare\/rumtermostat\/","url":"https:\/\/solarventi.dk\/se\/vare\/rumtermostat\/","name":"Rumtermostat | F\u00e5 styr p\u00e5 rumtemperaturen med en termostat","isPartOf":{"@id":"https:\/\/solarventi.dk\/se\/#website"},"primaryImageOfPage":{"@id":"https:\/\/solarventi.dk\/se\/vare\/rumtermostat\/#primaryimage"},"image":{"@id":"https:\/\/solarventi.dk\/se\/vare\/rumtermostat\/#primaryimage"},"thumbnailUrl":"https:\/\/solarventi.dk\/se\/wp-content\/uploads\/sites\/10\/2021\/11\/Rumtermostat-1500x1500-1.png","datePublished":"2021-11-17T11:50:31+00:00","dateModified":"2024-05-16T10:46:36+00:00","description":"Rumtermostaten giver mulighed for at undg\u00e5 for h\u00f8j en temperatur i din bolig | Med termostaten bestemmer du, hvorn\u00e5r dit panel skal stoppe sin indbl\u00e6sning.","breadcrumb":{"@id":"https:\/\/solarventi.dk\/se\/vare\/rumtermostat\/#breadcrumb"},"inLanguage":"sv-SE","potentialAction":[{"@type":"ReadAction","target":["https:\/\/solarventi.dk\/se\/vare\/rumtermostat\/"]}]},{"@type":"ImageObject","inLanguage":"sv-SE","@id":"https:\/\/solarventi.dk\/se\/vare\/rumtermostat\/#primaryimage","url":"https:\/\/solarventi.dk\/se\/wp-content\/uploads\/sites\/10\/2021\/11\/Rumtermostat-1500x1500-1.png","contentUrl":"https:\/\/solarventi.dk\/se\/wp-content\/uploads\/sites\/10\/2021\/11\/Rumtermostat-1500x1500-1.png","width":1500,"height":1500,"caption":"Rumtermostat, Solarventi"},{"@type":"BreadcrumbList","@id":"https:\/\/solarventi.dk\/se\/vare\/rumtermostat\/#breadcrumb","itemListElement":[{"@type":"ListItem","position":1,"name":"Forside","item":"https:\/\/solarventi.dk\/se\/"},{"@type":"ListItem","position":2,"name":"Shop","item":"https:\/\/solarventi.dk\/se\/shop\/"},{"@type":"ListItem","position":3,"name":"Rumtermostat"}]},{"@type":"WebSite","@id":"https:\/\/solarventi.dk\/se\/#website","url":"https:\/\/solarventi.dk\/se\/","name":"SolarVenti SVERIGE","description":"","publisher":{"@id":"https:\/\/solarventi.dk\/se\/#organization"},"potentialAction":[{"@type":"SearchAction","target":{"@type":"EntryPoint","urlTemplate":"https:\/\/solarventi.dk\/se\/?s={search_term_string}"},"query-input":{"@type":"PropertyValueSpecification","valueRequired":true,"valueName":"search_term_string"}}],"inLanguage":"sv-SE"},{"@type":"Organization","@id":"https:\/\/solarventi.dk\/se\/#organization","name":"SolarVenti SVERIGE","url":"https:\/\/solarventi.dk\/se\/","logo":{"@type":"ImageObject","inLanguage":"sv-SE","@id":"https:\/\/solarventi.dk\/se\/#\/schema\/logo\/image\/","url":"https:\/\/solarventi.dk\/se\/wp-content\/uploads\/sites\/10\/2021\/09\/cropped-favicon-6.png","contentUrl":"https:\/\/solarventi.dk\/se\/wp-content\/uploads\/sites\/10\/2021\/09\/cropped-favicon-6.png","width":512,"height":512,"caption":"SolarVenti SVERIGE"},"image":{"@id":"https:\/\/solarventi.dk\/se\/#\/schema\/logo\/image\/"},"sameAs":["https:\/\/facebook.com\/solarventidk"]}]}},"_links":{"self":[{"href":"https:\/\/solarventi.dk\/se\/wp-json\/wp\/v2\/product\/4511","targetHints":{"allow":["GET"]}}],"collection":[{"href":"https:\/\/solarventi.dk\/se\/wp-json\/wp\/v2\/product"}],"about":[{"href":"https:\/\/solarventi.dk\/se\/wp-json\/wp\/v2\/types\/product"}],"wp:featuredmedia":[{"embeddable":true,"href":"https:\/\/solarventi.dk\/se\/wp-json\/wp\/v2\/media\/7045"}],"wp:attachment":[{"href":"https:\/\/solarventi.dk\/se\/wp-json\/wp\/v2\/media?parent=4511"}],"wp:term":[{"taxonomy":"product_brand","embeddable":true,"href":"https:\/\/solarventi.dk\/se\/wp-json\/wp\/v2\/product_brand?post=4511"},{"taxonomy":"product_cat","embeddable":true,"href":"https:\/\/solarventi.dk\/se\/wp-json\/wp\/v2\/product_cat?post=4511"},{"taxonomy":"product_tag","embeddable":true,"href":"https:\/\/solarventi.dk\/se\/wp-json\/wp\/v2\/product_tag?post=4511"}],"curies":[{"name":"wp","href":"https:\/\/api.w.org\/{rel}","templated":true}]}}