{"id":4508,"date":"2021-11-17T13:40:55","date_gmt":"2021-11-17T12:40:55","guid":{"rendered":"https:\/\/solarventi.dk\/se\/?post_type=product&#038;p=4508"},"modified":"2024-05-17T02:03:24","modified_gmt":"2024-05-17T00:03:24","slug":"afbryder","status":"publish","type":"product","link":"https:\/\/solarventi.dk\/se\/vare\/afbryder\/","title":{"rendered":"Afbryder"},"content":{"rendered":"","protected":false},"excerpt":{"rendered":"<p>Hvis du er p\u00e5 udkig efter en simpel styring til din SolarVenti, s\u00e5 er denne Afbryder den perfekte l\u00f8sning for dig. Denne afbryder er specielt designet til at fungere sammen med SolarVenti og vil give dig en problemfri og effektiv styring af dit anl\u00e6g.<\/p>\n<p>Med denne afbryder kan du nemt og hurtigt t\u00e6nde og slukke for din SolarVenti, hvilket betyder, at du kan styre ventilationsenheden efter behov.<\/p>\n<p>Bestil den nu, og oplev fordelene ved dens lette betjening, holdbare konstruktion og stilfulde design. Med denne afbryder vil du f\u00e5 den mest enkle styring af din SolarVenti og sikre, at din ventilation altid fungerer optimalt.<\/p>\n","protected":false},"featured_media":7043,"template":"","meta":[],"product_brand":[],"product_cat":[22],"product_tag":[],"class_list":{"0":"post-4508","1":"product","2":"type-product","3":"status-publish","4":"has-post-thumbnail","6":"product_cat-tilbehoer","7":"product_shipping_class-tilbehoer-under-1000","8":"grve-entry-item","10":"first","11":"instock","12":"taxable","13":"shipping-taxable","14":"purchasable","15":"product-type-simple"},"yoast_head":"<!-- This site is optimized with the Yoast SEO Premium plugin v25.1 (Yoast SEO v25.1) - https:\/\/yoast.com\/wordpress\/plugins\/seo\/ -->\n<title>Afbryder | T\u00e6nd\/sluk knap - den simple styring til din SolarVenti<\/title>\n<meta name=\"description\" content=\"Afbryderen giver dig mulighed for at t\u00e6nde og slukke for din luftsolfanger | Denne afbryder er ganske almindelig og kan ogs\u00e5 bruges i andre sammenh\u00e6nge.\" \/>\n<meta name=\"robots\" content=\"index, follow, max-snippet:-1, max-image-preview:large, max-video-preview:-1\" \/>\n<link rel=\"canonical\" href=\"https:\/\/solarventi.dk\/se\/vare\/afbryder\/\" \/>\n<meta property=\"og:locale\" content=\"sv_SE\" \/>\n<meta property=\"og:type\" content=\"article\" \/>\n<meta property=\"og:title\" content=\"Afbryder\" \/>\n<meta property=\"og:description\" content=\"Afbryderen giver dig mulighed for at t\u00e6nde og slukke for din luftsolfanger | Denne afbryder er ganske almindelig og kan ogs\u00e5 bruges i andre sammenh\u00e6nge.\" \/>\n<meta property=\"og:url\" content=\"https:\/\/solarventi.dk\/se\/vare\/afbryder\/\" \/>\n<meta property=\"og:site_name\" content=\"SolarVenti SVERIGE\" \/>\n<meta property=\"article:publisher\" content=\"https:\/\/facebook.com\/solarventidk\" \/>\n<meta property=\"article:modified_time\" content=\"2024-05-17T00:03:24+00:00\" \/>\n<meta property=\"og:image\" content=\"https:\/\/solarventi.dk\/wp-content\/uploads\/sites\/10\/2021\/11\/Abryder-1500x1500-1.png\" \/>\n\t<meta property=\"og:image:width\" content=\"1500\" \/>\n\t<meta property=\"og:image:height\" content=\"1500\" \/>\n\t<meta property=\"og:image:type\" content=\"image\/png\" \/>\n<meta name=\"twitter:card\" content=\"summary_large_image\" \/>\n<meta name=\"twitter:label1\" content=\"Ber\u00e4knad l\u00e4stid\" \/>\n\t<meta name=\"twitter:data1\" content=\"1 minut\" \/>\n<script type=\"application\/ld+json\" class=\"yoast-schema-graph\">{\"@context\":\"https:\/\/schema.org\",\"@graph\":[{\"@type\":\"WebPage\",\"@id\":\"https:\/\/solarventi.dk\/se\/vare\/afbryder\/\",\"url\":\"https:\/\/solarventi.dk\/se\/vare\/afbryder\/\",\"name\":\"Afbryder | T\u00e6nd\/sluk knap - den simple styring til din SolarVenti\",\"isPartOf\":{\"@id\":\"https:\/\/solarventi.dk\/se\/#website\"},\"primaryImageOfPage\":{\"@id\":\"https:\/\/solarventi.dk\/se\/vare\/afbryder\/#primaryimage\"},\"image\":{\"@id\":\"https:\/\/solarventi.dk\/se\/vare\/afbryder\/#primaryimage\"},\"thumbnailUrl\":\"https:\/\/solarventi.dk\/se\/wp-content\/uploads\/sites\/10\/2021\/11\/Abryder-1500x1500-1.png\",\"datePublished\":\"2021-11-17T12:40:55+00:00\",\"dateModified\":\"2024-05-17T00:03:24+00:00\",\"description\":\"Afbryderen giver dig mulighed for at t\u00e6nde og slukke for din luftsolfanger | Denne afbryder er ganske almindelig og kan ogs\u00e5 bruges i andre sammenh\u00e6nge.\",\"breadcrumb\":{\"@id\":\"https:\/\/solarventi.dk\/se\/vare\/afbryder\/#breadcrumb\"},\"inLanguage\":\"sv-SE\",\"potentialAction\":[{\"@type\":\"ReadAction\",\"target\":[\"https:\/\/solarventi.dk\/se\/vare\/afbryder\/\"]}]},{\"@type\":\"ImageObject\",\"inLanguage\":\"sv-SE\",\"@id\":\"https:\/\/solarventi.dk\/se\/vare\/afbryder\/#primaryimage\",\"url\":\"https:\/\/solarventi.dk\/se\/wp-content\/uploads\/sites\/10\/2021\/11\/Abryder-1500x1500-1.png\",\"contentUrl\":\"https:\/\/solarventi.dk\/se\/wp-content\/uploads\/sites\/10\/2021\/11\/Abryder-1500x1500-1.png\",\"width\":1500,\"height\":1500,\"caption\":\"Afbryder, SolarVenti\"},{\"@type\":\"BreadcrumbList\",\"@id\":\"https:\/\/solarventi.dk\/se\/vare\/afbryder\/#breadcrumb\",\"itemListElement\":[{\"@type\":\"ListItem\",\"position\":1,\"name\":\"Forside\",\"item\":\"https:\/\/solarventi.dk\/se\/\"},{\"@type\":\"ListItem\",\"position\":2,\"name\":\"Shop\",\"item\":\"https:\/\/solarventi.dk\/se\/shop\/\"},{\"@type\":\"ListItem\",\"position\":3,\"name\":\"Afbryder\"}]},{\"@type\":\"WebSite\",\"@id\":\"https:\/\/solarventi.dk\/se\/#website\",\"url\":\"https:\/\/solarventi.dk\/se\/\",\"name\":\"SolarVenti SVERIGE\",\"description\":\"\",\"publisher\":{\"@id\":\"https:\/\/solarventi.dk\/se\/#organization\"},\"potentialAction\":[{\"@type\":\"SearchAction\",\"target\":{\"@type\":\"EntryPoint\",\"urlTemplate\":\"https:\/\/solarventi.dk\/se\/?s={search_term_string}\"},\"query-input\":{\"@type\":\"PropertyValueSpecification\",\"valueRequired\":true,\"valueName\":\"search_term_string\"}}],\"inLanguage\":\"sv-SE\"},{\"@type\":\"Organization\",\"@id\":\"https:\/\/solarventi.dk\/se\/#organization\",\"name\":\"SolarVenti SVERIGE\",\"url\":\"https:\/\/solarventi.dk\/se\/\",\"logo\":{\"@type\":\"ImageObject\",\"inLanguage\":\"sv-SE\",\"@id\":\"https:\/\/solarventi.dk\/se\/#\/schema\/logo\/image\/\",\"url\":\"https:\/\/solarventi.dk\/se\/wp-content\/uploads\/sites\/10\/2021\/09\/cropped-favicon-6.png\",\"contentUrl\":\"https:\/\/solarventi.dk\/se\/wp-content\/uploads\/sites\/10\/2021\/09\/cropped-favicon-6.png\",\"width\":512,\"height\":512,\"caption\":\"SolarVenti SVERIGE\"},\"image\":{\"@id\":\"https:\/\/solarventi.dk\/se\/#\/schema\/logo\/image\/\"},\"sameAs\":[\"https:\/\/facebook.com\/solarventidk\"]}]}<\/script>\n<!-- \/ Yoast SEO Premium plugin. -->","yoast_head_json":{"title":"Afbryder | T\u00e6nd\/sluk knap - den simple styring til din SolarVenti","description":"Afbryderen giver dig mulighed for at t\u00e6nde og slukke for din luftsolfanger | Denne afbryder er ganske almindelig og kan ogs\u00e5 bruges i andre sammenh\u00e6nge.","robots":{"index":"index","follow":"follow","max-snippet":"max-snippet:-1","max-image-preview":"max-image-preview:large","max-video-preview":"max-video-preview:-1"},"canonical":"https:\/\/solarventi.dk\/se\/vare\/afbryder\/","og_locale":"sv_SE","og_type":"article","og_title":"Afbryder","og_description":"Afbryderen giver dig mulighed for at t\u00e6nde og slukke for din luftsolfanger | Denne afbryder er ganske almindelig og kan ogs\u00e5 bruges i andre sammenh\u00e6nge.","og_url":"https:\/\/solarventi.dk\/se\/vare\/afbryder\/","og_site_name":"SolarVenti SVERIGE","article_publisher":"https:\/\/facebook.com\/solarventidk","article_modified_time":"2024-05-17T00:03:24+00:00","og_image":[{"width":1500,"height":1500,"url":"https:\/\/solarventi.dk\/wp-content\/uploads\/sites\/10\/2021\/11\/Abryder-1500x1500-1.png","type":"image\/png"}],"twitter_card":"summary_large_image","twitter_misc":{"Ber\u00e4knad l\u00e4stid":"1 minut"},"schema":{"@context":"https:\/\/schema.org","@graph":[{"@type":"WebPage","@id":"https:\/\/solarventi.dk\/se\/vare\/afbryder\/","url":"https:\/\/solarventi.dk\/se\/vare\/afbryder\/","name":"Afbryder | T\u00e6nd\/sluk knap - den simple styring til din SolarVenti","isPartOf":{"@id":"https:\/\/solarventi.dk\/se\/#website"},"primaryImageOfPage":{"@id":"https:\/\/solarventi.dk\/se\/vare\/afbryder\/#primaryimage"},"image":{"@id":"https:\/\/solarventi.dk\/se\/vare\/afbryder\/#primaryimage"},"thumbnailUrl":"https:\/\/solarventi.dk\/se\/wp-content\/uploads\/sites\/10\/2021\/11\/Abryder-1500x1500-1.png","datePublished":"2021-11-17T12:40:55+00:00","dateModified":"2024-05-17T00:03:24+00:00","description":"Afbryderen giver dig mulighed for at t\u00e6nde og slukke for din luftsolfanger | Denne afbryder er ganske almindelig og kan ogs\u00e5 bruges i andre sammenh\u00e6nge.","breadcrumb":{"@id":"https:\/\/solarventi.dk\/se\/vare\/afbryder\/#breadcrumb"},"inLanguage":"sv-SE","potentialAction":[{"@type":"ReadAction","target":["https:\/\/solarventi.dk\/se\/vare\/afbryder\/"]}]},{"@type":"ImageObject","inLanguage":"sv-SE","@id":"https:\/\/solarventi.dk\/se\/vare\/afbryder\/#primaryimage","url":"https:\/\/solarventi.dk\/se\/wp-content\/uploads\/sites\/10\/2021\/11\/Abryder-1500x1500-1.png","contentUrl":"https:\/\/solarventi.dk\/se\/wp-content\/uploads\/sites\/10\/2021\/11\/Abryder-1500x1500-1.png","width":1500,"height":1500,"caption":"Afbryder, SolarVenti"},{"@type":"BreadcrumbList","@id":"https:\/\/solarventi.dk\/se\/vare\/afbryder\/#breadcrumb","itemListElement":[{"@type":"ListItem","position":1,"name":"Forside","item":"https:\/\/solarventi.dk\/se\/"},{"@type":"ListItem","position":2,"name":"Shop","item":"https:\/\/solarventi.dk\/se\/shop\/"},{"@type":"ListItem","position":3,"name":"Afbryder"}]},{"@type":"WebSite","@id":"https:\/\/solarventi.dk\/se\/#website","url":"https:\/\/solarventi.dk\/se\/","name":"SolarVenti SVERIGE","description":"","publisher":{"@id":"https:\/\/solarventi.dk\/se\/#organization"},"potentialAction":[{"@type":"SearchAction","target":{"@type":"EntryPoint","urlTemplate":"https:\/\/solarventi.dk\/se\/?s={search_term_string}"},"query-input":{"@type":"PropertyValueSpecification","valueRequired":true,"valueName":"search_term_string"}}],"inLanguage":"sv-SE"},{"@type":"Organization","@id":"https:\/\/solarventi.dk\/se\/#organization","name":"SolarVenti SVERIGE","url":"https:\/\/solarventi.dk\/se\/","logo":{"@type":"ImageObject","inLanguage":"sv-SE","@id":"https:\/\/solarventi.dk\/se\/#\/schema\/logo\/image\/","url":"https:\/\/solarventi.dk\/se\/wp-content\/uploads\/sites\/10\/2021\/09\/cropped-favicon-6.png","contentUrl":"https:\/\/solarventi.dk\/se\/wp-content\/uploads\/sites\/10\/2021\/09\/cropped-favicon-6.png","width":512,"height":512,"caption":"SolarVenti SVERIGE"},"image":{"@id":"https:\/\/solarventi.dk\/se\/#\/schema\/logo\/image\/"},"sameAs":["https:\/\/facebook.com\/solarventidk"]}]}},"_links":{"self":[{"href":"https:\/\/solarventi.dk\/se\/wp-json\/wp\/v2\/product\/4508","targetHints":{"allow":["GET"]}}],"collection":[{"href":"https:\/\/solarventi.dk\/se\/wp-json\/wp\/v2\/product"}],"about":[{"href":"https:\/\/solarventi.dk\/se\/wp-json\/wp\/v2\/types\/product"}],"wp:featuredmedia":[{"embeddable":true,"href":"https:\/\/solarventi.dk\/se\/wp-json\/wp\/v2\/media\/7043"}],"wp:attachment":[{"href":"https:\/\/solarventi.dk\/se\/wp-json\/wp\/v2\/media?parent=4508"}],"wp:term":[{"taxonomy":"product_brand","embeddable":true,"href":"https:\/\/solarventi.dk\/se\/wp-json\/wp\/v2\/product_brand?post=4508"},{"taxonomy":"product_cat","embeddable":true,"href":"https:\/\/solarventi.dk\/se\/wp-json\/wp\/v2\/product_cat?post=4508"},{"taxonomy":"product_tag","embeddable":true,"href":"https:\/\/solarventi.dk\/se\/wp-json\/wp\/v2\/product_tag?post=4508"}],"curies":[{"name":"wp","href":"https:\/\/api.w.org\/{rel}","templated":true}]}}