{"id":4507,"date":"2021-11-17T13:30:20","date_gmt":"2021-11-17T12:30:20","guid":{"rendered":"https:\/\/solarventi.dk\/se\/?post_type=product&#038;p=4507"},"modified":"2024-05-16T12:45:50","modified_gmt":"2024-05-16T10:45:50","slug":"regulator","status":"publish","type":"product","link":"https:\/\/solarventi.dk\/se\/vare\/regulator\/","title":{"rendered":"Regulator"},"content":{"rendered":"","protected":false},"excerpt":{"rendered":"<p>Regulatoren anvendes til at regulere indbl\u00e6sningsvolumen og hastigheden i et givet rum. I regulatoren er integreret en rumtermostaten som slukker for systemet, hvis der bliver for varmt indenfor. Den er designet til at opretholde en pr\u00e6cis og konstant parameter. Regulatoren er samtidig nem at installere, og da den kun k\u00f8rer p\u00e5 solcellens str\u00f8m, er det samtidigt noget, som alle b\u00e5de kan og m\u00e5 installere.<\/p>\n<p>Hvis du \u00f8nsker at styre din SolarVenti og v\u00e6re i kontrol over indbl\u00e6sningstemperatur, s\u00e5 er denne regulator det perfekte valg for dig. Med denne regulator kan du nemt og hurtigt justere temperaturen og luftstr\u00f8mmen i din SolarVenti. Med dens intuitive brugergr\u00e6nseflade kan du nemt tilpasse indbl\u00e6sningen efter dine behov.<\/p>\n<p>Regulator indeholder 3 funktioner:<\/p>\n<ol>\n<li>T\u00e6nd\/sluk<\/li>\n<li>Hastighedsregulering for ventilator<\/li>\n<li>Rumtermostat, der slukker systemet, hvis der bliver for varmt i rummet<\/li>\n<\/ol>\n<p>Bestil den nu, og oplev fordelene ved dens intuitive brugergr\u00e6nseflade, holdbare konstruktion og stilfulde design. Med denne regulator vil du f\u00e5 den bedste styring af din SolarVenti og sikre, at din ventilation altid fungerer optimalt.<\/p>\n","protected":false},"featured_media":7044,"template":"","meta":[],"product_brand":[],"product_cat":[22],"product_tag":[],"class_list":{"0":"post-4507","1":"product","2":"type-product","3":"status-publish","4":"has-post-thumbnail","6":"product_cat-tilbehoer","7":"product_shipping_class-kt1","8":"grve-entry-item","10":"first","11":"instock","12":"taxable","13":"shipping-taxable","14":"purchasable","15":"product-type-simple"},"yoast_head":"<!-- This site is optimized with the Yoast SEO Premium plugin v25.1 (Yoast SEO v25.1) - https:\/\/yoast.com\/wordpress\/plugins\/seo\/ -->\n<title>Regulator | S\u00e5dan f\u00e5r du styr p\u00e5 dit luftflow og rumtemperatur<\/title>\n<meta name=\"description\" content=\"Regulator giver dig gode foruds\u00e6tninger at kunne bestemme dit eget luftflow | Med styringen f\u00f8lger en t\u00e6nd\/sluk, hastighedsregulering og rumtermostat.\" \/>\n<meta name=\"robots\" content=\"index, follow, max-snippet:-1, max-image-preview:large, max-video-preview:-1\" \/>\n<link rel=\"canonical\" href=\"https:\/\/solarventi.dk\/se\/vare\/regulator\/\" \/>\n<meta property=\"og:locale\" content=\"sv_SE\" \/>\n<meta property=\"og:type\" content=\"article\" \/>\n<meta property=\"og:title\" content=\"Regulator\" \/>\n<meta property=\"og:description\" content=\"Regulator giver dig gode foruds\u00e6tninger at kunne bestemme dit eget luftflow | Med styringen f\u00f8lger en t\u00e6nd\/sluk, hastighedsregulering og rumtermostat.\" \/>\n<meta property=\"og:url\" content=\"https:\/\/solarventi.dk\/se\/vare\/regulator\/\" \/>\n<meta property=\"og:site_name\" content=\"SolarVenti SVERIGE\" \/>\n<meta property=\"article:publisher\" content=\"https:\/\/facebook.com\/solarventidk\" \/>\n<meta property=\"article:modified_time\" content=\"2024-05-16T10:45:50+00:00\" \/>\n<meta property=\"og:image\" content=\"https:\/\/solarventi.dk\/wp-content\/uploads\/sites\/10\/2021\/11\/Regulator-1500x1500-1.png\" \/>\n\t<meta property=\"og:image:width\" content=\"1500\" \/>\n\t<meta property=\"og:image:height\" content=\"1500\" \/>\n\t<meta property=\"og:image:type\" content=\"image\/png\" \/>\n<meta name=\"twitter:card\" content=\"summary_large_image\" \/>\n<script type=\"application\/ld+json\" class=\"yoast-schema-graph\">{\"@context\":\"https:\/\/schema.org\",\"@graph\":[{\"@type\":\"WebPage\",\"@id\":\"https:\/\/solarventi.dk\/se\/vare\/regulator\/\",\"url\":\"https:\/\/solarventi.dk\/se\/vare\/regulator\/\",\"name\":\"Regulator | S\u00e5dan f\u00e5r du styr p\u00e5 dit luftflow og rumtemperatur\",\"isPartOf\":{\"@id\":\"https:\/\/solarventi.dk\/se\/#website\"},\"primaryImageOfPage\":{\"@id\":\"https:\/\/solarventi.dk\/se\/vare\/regulator\/#primaryimage\"},\"image\":{\"@id\":\"https:\/\/solarventi.dk\/se\/vare\/regulator\/#primaryimage\"},\"thumbnailUrl\":\"https:\/\/solarventi.dk\/se\/wp-content\/uploads\/sites\/10\/2021\/11\/Regulator-1500x1500-1.png\",\"datePublished\":\"2021-11-17T12:30:20+00:00\",\"dateModified\":\"2024-05-16T10:45:50+00:00\",\"description\":\"Regulator giver dig gode foruds\u00e6tninger at kunne bestemme dit eget luftflow | Med styringen f\u00f8lger en t\u00e6nd\/sluk, hastighedsregulering og rumtermostat.\",\"breadcrumb\":{\"@id\":\"https:\/\/solarventi.dk\/se\/vare\/regulator\/#breadcrumb\"},\"inLanguage\":\"sv-SE\",\"potentialAction\":[{\"@type\":\"ReadAction\",\"target\":[\"https:\/\/solarventi.dk\/se\/vare\/regulator\/\"]}]},{\"@type\":\"ImageObject\",\"inLanguage\":\"sv-SE\",\"@id\":\"https:\/\/solarventi.dk\/se\/vare\/regulator\/#primaryimage\",\"url\":\"https:\/\/solarventi.dk\/se\/wp-content\/uploads\/sites\/10\/2021\/11\/Regulator-1500x1500-1.png\",\"contentUrl\":\"https:\/\/solarventi.dk\/se\/wp-content\/uploads\/sites\/10\/2021\/11\/Regulator-1500x1500-1.png\",\"width\":1500,\"height\":1500,\"caption\":\"bruges til at regulere varmen\"},{\"@type\":\"BreadcrumbList\",\"@id\":\"https:\/\/solarventi.dk\/se\/vare\/regulator\/#breadcrumb\",\"itemListElement\":[{\"@type\":\"ListItem\",\"position\":1,\"name\":\"Forside\",\"item\":\"https:\/\/solarventi.dk\/se\/\"},{\"@type\":\"ListItem\",\"position\":2,\"name\":\"Shop\",\"item\":\"https:\/\/solarventi.dk\/se\/shop\/\"},{\"@type\":\"ListItem\",\"position\":3,\"name\":\"Regulator\"}]},{\"@type\":\"WebSite\",\"@id\":\"https:\/\/solarventi.dk\/se\/#website\",\"url\":\"https:\/\/solarventi.dk\/se\/\",\"name\":\"SolarVenti SVERIGE\",\"description\":\"\",\"publisher\":{\"@id\":\"https:\/\/solarventi.dk\/se\/#organization\"},\"potentialAction\":[{\"@type\":\"SearchAction\",\"target\":{\"@type\":\"EntryPoint\",\"urlTemplate\":\"https:\/\/solarventi.dk\/se\/?s={search_term_string}\"},\"query-input\":{\"@type\":\"PropertyValueSpecification\",\"valueRequired\":true,\"valueName\":\"search_term_string\"}}],\"inLanguage\":\"sv-SE\"},{\"@type\":\"Organization\",\"@id\":\"https:\/\/solarventi.dk\/se\/#organization\",\"name\":\"SolarVenti SVERIGE\",\"url\":\"https:\/\/solarventi.dk\/se\/\",\"logo\":{\"@type\":\"ImageObject\",\"inLanguage\":\"sv-SE\",\"@id\":\"https:\/\/solarventi.dk\/se\/#\/schema\/logo\/image\/\",\"url\":\"https:\/\/solarventi.dk\/se\/wp-content\/uploads\/sites\/10\/2021\/09\/cropped-favicon-6.png\",\"contentUrl\":\"https:\/\/solarventi.dk\/se\/wp-content\/uploads\/sites\/10\/2021\/09\/cropped-favicon-6.png\",\"width\":512,\"height\":512,\"caption\":\"SolarVenti SVERIGE\"},\"image\":{\"@id\":\"https:\/\/solarventi.dk\/se\/#\/schema\/logo\/image\/\"},\"sameAs\":[\"https:\/\/facebook.com\/solarventidk\"]}]}<\/script>\n<!-- \/ Yoast SEO Premium plugin. -->","yoast_head_json":{"title":"Regulator | S\u00e5dan f\u00e5r du styr p\u00e5 dit luftflow og rumtemperatur","description":"Regulator giver dig gode foruds\u00e6tninger at kunne bestemme dit eget luftflow | Med styringen f\u00f8lger en t\u00e6nd\/sluk, hastighedsregulering og rumtermostat.","robots":{"index":"index","follow":"follow","max-snippet":"max-snippet:-1","max-image-preview":"max-image-preview:large","max-video-preview":"max-video-preview:-1"},"canonical":"https:\/\/solarventi.dk\/se\/vare\/regulator\/","og_locale":"sv_SE","og_type":"article","og_title":"Regulator","og_description":"Regulator giver dig gode foruds\u00e6tninger at kunne bestemme dit eget luftflow | Med styringen f\u00f8lger en t\u00e6nd\/sluk, hastighedsregulering og rumtermostat.","og_url":"https:\/\/solarventi.dk\/se\/vare\/regulator\/","og_site_name":"SolarVenti SVERIGE","article_publisher":"https:\/\/facebook.com\/solarventidk","article_modified_time":"2024-05-16T10:45:50+00:00","og_image":[{"width":1500,"height":1500,"url":"https:\/\/solarventi.dk\/wp-content\/uploads\/sites\/10\/2021\/11\/Regulator-1500x1500-1.png","type":"image\/png"}],"twitter_card":"summary_large_image","schema":{"@context":"https:\/\/schema.org","@graph":[{"@type":"WebPage","@id":"https:\/\/solarventi.dk\/se\/vare\/regulator\/","url":"https:\/\/solarventi.dk\/se\/vare\/regulator\/","name":"Regulator | S\u00e5dan f\u00e5r du styr p\u00e5 dit luftflow og rumtemperatur","isPartOf":{"@id":"https:\/\/solarventi.dk\/se\/#website"},"primaryImageOfPage":{"@id":"https:\/\/solarventi.dk\/se\/vare\/regulator\/#primaryimage"},"image":{"@id":"https:\/\/solarventi.dk\/se\/vare\/regulator\/#primaryimage"},"thumbnailUrl":"https:\/\/solarventi.dk\/se\/wp-content\/uploads\/sites\/10\/2021\/11\/Regulator-1500x1500-1.png","datePublished":"2021-11-17T12:30:20+00:00","dateModified":"2024-05-16T10:45:50+00:00","description":"Regulator giver dig gode foruds\u00e6tninger at kunne bestemme dit eget luftflow | Med styringen f\u00f8lger en t\u00e6nd\/sluk, hastighedsregulering og rumtermostat.","breadcrumb":{"@id":"https:\/\/solarventi.dk\/se\/vare\/regulator\/#breadcrumb"},"inLanguage":"sv-SE","potentialAction":[{"@type":"ReadAction","target":["https:\/\/solarventi.dk\/se\/vare\/regulator\/"]}]},{"@type":"ImageObject","inLanguage":"sv-SE","@id":"https:\/\/solarventi.dk\/se\/vare\/regulator\/#primaryimage","url":"https:\/\/solarventi.dk\/se\/wp-content\/uploads\/sites\/10\/2021\/11\/Regulator-1500x1500-1.png","contentUrl":"https:\/\/solarventi.dk\/se\/wp-content\/uploads\/sites\/10\/2021\/11\/Regulator-1500x1500-1.png","width":1500,"height":1500,"caption":"bruges til at regulere varmen"},{"@type":"BreadcrumbList","@id":"https:\/\/solarventi.dk\/se\/vare\/regulator\/#breadcrumb","itemListElement":[{"@type":"ListItem","position":1,"name":"Forside","item":"https:\/\/solarventi.dk\/se\/"},{"@type":"ListItem","position":2,"name":"Shop","item":"https:\/\/solarventi.dk\/se\/shop\/"},{"@type":"ListItem","position":3,"name":"Regulator"}]},{"@type":"WebSite","@id":"https:\/\/solarventi.dk\/se\/#website","url":"https:\/\/solarventi.dk\/se\/","name":"SolarVenti SVERIGE","description":"","publisher":{"@id":"https:\/\/solarventi.dk\/se\/#organization"},"potentialAction":[{"@type":"SearchAction","target":{"@type":"EntryPoint","urlTemplate":"https:\/\/solarventi.dk\/se\/?s={search_term_string}"},"query-input":{"@type":"PropertyValueSpecification","valueRequired":true,"valueName":"search_term_string"}}],"inLanguage":"sv-SE"},{"@type":"Organization","@id":"https:\/\/solarventi.dk\/se\/#organization","name":"SolarVenti SVERIGE","url":"https:\/\/solarventi.dk\/se\/","logo":{"@type":"ImageObject","inLanguage":"sv-SE","@id":"https:\/\/solarventi.dk\/se\/#\/schema\/logo\/image\/","url":"https:\/\/solarventi.dk\/se\/wp-content\/uploads\/sites\/10\/2021\/09\/cropped-favicon-6.png","contentUrl":"https:\/\/solarventi.dk\/se\/wp-content\/uploads\/sites\/10\/2021\/09\/cropped-favicon-6.png","width":512,"height":512,"caption":"SolarVenti SVERIGE"},"image":{"@id":"https:\/\/solarventi.dk\/se\/#\/schema\/logo\/image\/"},"sameAs":["https:\/\/facebook.com\/solarventidk"]}]}},"_links":{"self":[{"href":"https:\/\/solarventi.dk\/se\/wp-json\/wp\/v2\/product\/4507","targetHints":{"allow":["GET"]}}],"collection":[{"href":"https:\/\/solarventi.dk\/se\/wp-json\/wp\/v2\/product"}],"about":[{"href":"https:\/\/solarventi.dk\/se\/wp-json\/wp\/v2\/types\/product"}],"wp:featuredmedia":[{"embeddable":true,"href":"https:\/\/solarventi.dk\/se\/wp-json\/wp\/v2\/media\/7044"}],"wp:attachment":[{"href":"https:\/\/solarventi.dk\/se\/wp-json\/wp\/v2\/media?parent=4507"}],"wp:term":[{"taxonomy":"product_brand","embeddable":true,"href":"https:\/\/solarventi.dk\/se\/wp-json\/wp\/v2\/product_brand?post=4507"},{"taxonomy":"product_cat","embeddable":true,"href":"https:\/\/solarventi.dk\/se\/wp-json\/wp\/v2\/product_cat?post=4507"},{"taxonomy":"product_tag","embeddable":true,"href":"https:\/\/solarventi.dk\/se\/wp-json\/wp\/v2\/product_tag?post=4507"}],"curies":[{"name":"wp","href":"https:\/\/api.w.org\/{rel}","templated":true}]}}