{"id":4506,"date":"2021-11-17T13:20:05","date_gmt":"2021-11-17T12:20:05","guid":{"rendered":"https:\/\/solarventi.dk\/se\/?post_type=product&#038;p=4506"},"modified":"2024-05-16T12:46:04","modified_gmt":"2024-05-16T10:46:04","slug":"scontrol","status":"publish","type":"product","link":"https:\/\/solarventi.dk\/se\/vare\/scontrol\/","title":{"rendered":"SControl"},"content":{"rendered":"","protected":false},"excerpt":{"rendered":"<p>S\u00f8ger du den bedste og mest effektive m\u00e5de at styre din SolarVenti p\u00e5? S\u00e5 er SControl det ultimative valg for dig! Dette intelligente styringssystem er specielt udviklet til at fungere sammen med SolarVenti, og det giver dig en problemfri og p\u00e5lidelig styring af din ventilationsenhed.<\/p>\n<p>SControl er en avanceret styringsenhed \u2013 egnet til temperatur-, fugt- og tidsstyring. N\u00e5r den kobles til el-nettet, kan den s\u00f8rge for en regelm\u00e6ssig\/fugtstyret udluftning, selv n\u00e5r solen ikke skinner. Det er ogs\u00e5 muligt at programmere SControl, s\u00e5 det automatisk tilpasser sig efter dine behov og \u00f8nsker. Med dette avancerede styresystem er det muligt at spare energi og penge p\u00e5 din elregning.<\/p>\n<p>SControl giver samtidigt mulighed for k\u00f8ling, s\u00e5 man kan opn\u00e5 en gratis k\u00f8ling om natten. Datalogning og Wi-Fi transmission af data er ogs\u00e5 muligt (kr\u00e6ver tilk\u00f8b \u2013 ring for at h\u00f8re n\u00e6rmere).<\/p>\n<p>F\u00f8lger med ved k\u00f8b af en Garage og en K\u00e6lder l\u00f8sning (k\u00e6lder l\u00f8sning kan ikke k\u00f8bes i webshop).<\/p>\n<p><strong>Passer som standard ikke til luftsolfangere med solcelle, men kan tilpasses &#8211; ring for at h\u00f8re n\u00e6rmere.\u00a0<\/strong><\/p>\n","protected":false},"featured_media":7040,"template":"","meta":[],"product_brand":[],"product_cat":[22],"product_tag":[],"class_list":{"0":"post-4506","1":"product","2":"type-product","3":"status-publish","4":"has-post-thumbnail","6":"product_cat-tilbehoer","7":"product_shipping_class-kt1","8":"grve-entry-item","10":"first","11":"instock","12":"taxable","13":"shipping-taxable","14":"purchasable","15":"product-type-simple"},"yoast_head":"<!-- This site is optimized with the Yoast SEO Premium plugin v25.1 (Yoast SEO v25.1) - https:\/\/yoast.com\/wordpress\/plugins\/seo\/ -->\n<title>SControl | Temperatur-, fugt- og tidsstyring til din luftsolfanger<\/title>\n<meta name=\"description\" content=\"SControl giver dig fuld kontrol over din SolarVenti | F\u00e5 en avanceret styring som tager udgangspunkt i temperatur- og fugtforhold inde og ude.\" \/>\n<meta name=\"robots\" content=\"index, follow, max-snippet:-1, max-image-preview:large, max-video-preview:-1\" \/>\n<link rel=\"canonical\" href=\"https:\/\/solarventi.dk\/se\/vare\/scontrol\/\" \/>\n<meta property=\"og:locale\" content=\"sv_SE\" \/>\n<meta property=\"og:type\" content=\"article\" \/>\n<meta property=\"og:title\" content=\"SControl\" \/>\n<meta property=\"og:description\" content=\"SControl giver dig fuld kontrol over din SolarVenti | F\u00e5 en avanceret styring som tager udgangspunkt i temperatur- og fugtforhold inde og ude.\" \/>\n<meta property=\"og:url\" content=\"https:\/\/solarventi.dk\/se\/vare\/scontrol\/\" \/>\n<meta property=\"og:site_name\" content=\"SolarVenti SVERIGE\" \/>\n<meta property=\"article:publisher\" content=\"https:\/\/facebook.com\/solarventidk\" \/>\n<meta property=\"article:modified_time\" content=\"2024-05-16T10:46:04+00:00\" \/>\n<meta property=\"og:image\" content=\"https:\/\/solarventi.dk\/wp-content\/uploads\/sites\/10\/2021\/11\/SControl-1500x1500-1.png\" \/>\n\t<meta property=\"og:image:width\" content=\"1500\" \/>\n\t<meta property=\"og:image:height\" content=\"1500\" \/>\n\t<meta property=\"og:image:type\" content=\"image\/png\" \/>\n<meta name=\"twitter:card\" content=\"summary_large_image\" \/>\n<script type=\"application\/ld+json\" class=\"yoast-schema-graph\">{\"@context\":\"https:\/\/schema.org\",\"@graph\":[{\"@type\":\"WebPage\",\"@id\":\"https:\/\/solarventi.dk\/se\/vare\/scontrol\/\",\"url\":\"https:\/\/solarventi.dk\/se\/vare\/scontrol\/\",\"name\":\"SControl | Temperatur-, fugt- og tidsstyring til din luftsolfanger\",\"isPartOf\":{\"@id\":\"https:\/\/solarventi.dk\/se\/#website\"},\"primaryImageOfPage\":{\"@id\":\"https:\/\/solarventi.dk\/se\/vare\/scontrol\/#primaryimage\"},\"image\":{\"@id\":\"https:\/\/solarventi.dk\/se\/vare\/scontrol\/#primaryimage\"},\"thumbnailUrl\":\"https:\/\/solarventi.dk\/se\/wp-content\/uploads\/sites\/10\/2021\/11\/SControl-1500x1500-1.png\",\"datePublished\":\"2021-11-17T12:20:05+00:00\",\"dateModified\":\"2024-05-16T10:46:04+00:00\",\"description\":\"SControl giver dig fuld kontrol over din SolarVenti | F\u00e5 en avanceret styring som tager udgangspunkt i temperatur- og fugtforhold inde og ude.\",\"breadcrumb\":{\"@id\":\"https:\/\/solarventi.dk\/se\/vare\/scontrol\/#breadcrumb\"},\"inLanguage\":\"sv-SE\",\"potentialAction\":[{\"@type\":\"ReadAction\",\"target\":[\"https:\/\/solarventi.dk\/se\/vare\/scontrol\/\"]}]},{\"@type\":\"ImageObject\",\"inLanguage\":\"sv-SE\",\"@id\":\"https:\/\/solarventi.dk\/se\/vare\/scontrol\/#primaryimage\",\"url\":\"https:\/\/solarventi.dk\/se\/wp-content\/uploads\/sites\/10\/2021\/11\/SControl-1500x1500-1.png\",\"contentUrl\":\"https:\/\/solarventi.dk\/se\/wp-content\/uploads\/sites\/10\/2021\/11\/SControl-1500x1500-1.png\",\"width\":1500,\"height\":1500,\"caption\":\"Scontrol SolarVenti\"},{\"@type\":\"BreadcrumbList\",\"@id\":\"https:\/\/solarventi.dk\/se\/vare\/scontrol\/#breadcrumb\",\"itemListElement\":[{\"@type\":\"ListItem\",\"position\":1,\"name\":\"Forside\",\"item\":\"https:\/\/solarventi.dk\/se\/\"},{\"@type\":\"ListItem\",\"position\":2,\"name\":\"Shop\",\"item\":\"https:\/\/solarventi.dk\/se\/shop\/\"},{\"@type\":\"ListItem\",\"position\":3,\"name\":\"SControl\"}]},{\"@type\":\"WebSite\",\"@id\":\"https:\/\/solarventi.dk\/se\/#website\",\"url\":\"https:\/\/solarventi.dk\/se\/\",\"name\":\"SolarVenti SVERIGE\",\"description\":\"\",\"publisher\":{\"@id\":\"https:\/\/solarventi.dk\/se\/#organization\"},\"potentialAction\":[{\"@type\":\"SearchAction\",\"target\":{\"@type\":\"EntryPoint\",\"urlTemplate\":\"https:\/\/solarventi.dk\/se\/?s={search_term_string}\"},\"query-input\":{\"@type\":\"PropertyValueSpecification\",\"valueRequired\":true,\"valueName\":\"search_term_string\"}}],\"inLanguage\":\"sv-SE\"},{\"@type\":\"Organization\",\"@id\":\"https:\/\/solarventi.dk\/se\/#organization\",\"name\":\"SolarVenti SVERIGE\",\"url\":\"https:\/\/solarventi.dk\/se\/\",\"logo\":{\"@type\":\"ImageObject\",\"inLanguage\":\"sv-SE\",\"@id\":\"https:\/\/solarventi.dk\/se\/#\/schema\/logo\/image\/\",\"url\":\"https:\/\/solarventi.dk\/se\/wp-content\/uploads\/sites\/10\/2021\/09\/cropped-favicon-6.png\",\"contentUrl\":\"https:\/\/solarventi.dk\/se\/wp-content\/uploads\/sites\/10\/2021\/09\/cropped-favicon-6.png\",\"width\":512,\"height\":512,\"caption\":\"SolarVenti SVERIGE\"},\"image\":{\"@id\":\"https:\/\/solarventi.dk\/se\/#\/schema\/logo\/image\/\"},\"sameAs\":[\"https:\/\/facebook.com\/solarventidk\"]}]}<\/script>\n<!-- \/ Yoast SEO Premium plugin. -->","yoast_head_json":{"title":"SControl | Temperatur-, fugt- og tidsstyring til din luftsolfanger","description":"SControl giver dig fuld kontrol over din SolarVenti | F\u00e5 en avanceret styring som tager udgangspunkt i temperatur- og fugtforhold inde og ude.","robots":{"index":"index","follow":"follow","max-snippet":"max-snippet:-1","max-image-preview":"max-image-preview:large","max-video-preview":"max-video-preview:-1"},"canonical":"https:\/\/solarventi.dk\/se\/vare\/scontrol\/","og_locale":"sv_SE","og_type":"article","og_title":"SControl","og_description":"SControl giver dig fuld kontrol over din SolarVenti | F\u00e5 en avanceret styring som tager udgangspunkt i temperatur- og fugtforhold inde og ude.","og_url":"https:\/\/solarventi.dk\/se\/vare\/scontrol\/","og_site_name":"SolarVenti SVERIGE","article_publisher":"https:\/\/facebook.com\/solarventidk","article_modified_time":"2024-05-16T10:46:04+00:00","og_image":[{"width":1500,"height":1500,"url":"https:\/\/solarventi.dk\/wp-content\/uploads\/sites\/10\/2021\/11\/SControl-1500x1500-1.png","type":"image\/png"}],"twitter_card":"summary_large_image","schema":{"@context":"https:\/\/schema.org","@graph":[{"@type":"WebPage","@id":"https:\/\/solarventi.dk\/se\/vare\/scontrol\/","url":"https:\/\/solarventi.dk\/se\/vare\/scontrol\/","name":"SControl | Temperatur-, fugt- og tidsstyring til din luftsolfanger","isPartOf":{"@id":"https:\/\/solarventi.dk\/se\/#website"},"primaryImageOfPage":{"@id":"https:\/\/solarventi.dk\/se\/vare\/scontrol\/#primaryimage"},"image":{"@id":"https:\/\/solarventi.dk\/se\/vare\/scontrol\/#primaryimage"},"thumbnailUrl":"https:\/\/solarventi.dk\/se\/wp-content\/uploads\/sites\/10\/2021\/11\/SControl-1500x1500-1.png","datePublished":"2021-11-17T12:20:05+00:00","dateModified":"2024-05-16T10:46:04+00:00","description":"SControl giver dig fuld kontrol over din SolarVenti | F\u00e5 en avanceret styring som tager udgangspunkt i temperatur- og fugtforhold inde og ude.","breadcrumb":{"@id":"https:\/\/solarventi.dk\/se\/vare\/scontrol\/#breadcrumb"},"inLanguage":"sv-SE","potentialAction":[{"@type":"ReadAction","target":["https:\/\/solarventi.dk\/se\/vare\/scontrol\/"]}]},{"@type":"ImageObject","inLanguage":"sv-SE","@id":"https:\/\/solarventi.dk\/se\/vare\/scontrol\/#primaryimage","url":"https:\/\/solarventi.dk\/se\/wp-content\/uploads\/sites\/10\/2021\/11\/SControl-1500x1500-1.png","contentUrl":"https:\/\/solarventi.dk\/se\/wp-content\/uploads\/sites\/10\/2021\/11\/SControl-1500x1500-1.png","width":1500,"height":1500,"caption":"Scontrol SolarVenti"},{"@type":"BreadcrumbList","@id":"https:\/\/solarventi.dk\/se\/vare\/scontrol\/#breadcrumb","itemListElement":[{"@type":"ListItem","position":1,"name":"Forside","item":"https:\/\/solarventi.dk\/se\/"},{"@type":"ListItem","position":2,"name":"Shop","item":"https:\/\/solarventi.dk\/se\/shop\/"},{"@type":"ListItem","position":3,"name":"SControl"}]},{"@type":"WebSite","@id":"https:\/\/solarventi.dk\/se\/#website","url":"https:\/\/solarventi.dk\/se\/","name":"SolarVenti SVERIGE","description":"","publisher":{"@id":"https:\/\/solarventi.dk\/se\/#organization"},"potentialAction":[{"@type":"SearchAction","target":{"@type":"EntryPoint","urlTemplate":"https:\/\/solarventi.dk\/se\/?s={search_term_string}"},"query-input":{"@type":"PropertyValueSpecification","valueRequired":true,"valueName":"search_term_string"}}],"inLanguage":"sv-SE"},{"@type":"Organization","@id":"https:\/\/solarventi.dk\/se\/#organization","name":"SolarVenti SVERIGE","url":"https:\/\/solarventi.dk\/se\/","logo":{"@type":"ImageObject","inLanguage":"sv-SE","@id":"https:\/\/solarventi.dk\/se\/#\/schema\/logo\/image\/","url":"https:\/\/solarventi.dk\/se\/wp-content\/uploads\/sites\/10\/2021\/09\/cropped-favicon-6.png","contentUrl":"https:\/\/solarventi.dk\/se\/wp-content\/uploads\/sites\/10\/2021\/09\/cropped-favicon-6.png","width":512,"height":512,"caption":"SolarVenti SVERIGE"},"image":{"@id":"https:\/\/solarventi.dk\/se\/#\/schema\/logo\/image\/"},"sameAs":["https:\/\/facebook.com\/solarventidk"]}]}},"_links":{"self":[{"href":"https:\/\/solarventi.dk\/se\/wp-json\/wp\/v2\/product\/4506","targetHints":{"allow":["GET"]}}],"collection":[{"href":"https:\/\/solarventi.dk\/se\/wp-json\/wp\/v2\/product"}],"about":[{"href":"https:\/\/solarventi.dk\/se\/wp-json\/wp\/v2\/types\/product"}],"wp:featuredmedia":[{"embeddable":true,"href":"https:\/\/solarventi.dk\/se\/wp-json\/wp\/v2\/media\/7040"}],"wp:attachment":[{"href":"https:\/\/solarventi.dk\/se\/wp-json\/wp\/v2\/media?parent=4506"}],"wp:term":[{"taxonomy":"product_brand","embeddable":true,"href":"https:\/\/solarventi.dk\/se\/wp-json\/wp\/v2\/product_brand?post=4506"},{"taxonomy":"product_cat","embeddable":true,"href":"https:\/\/solarventi.dk\/se\/wp-json\/wp\/v2\/product_cat?post=4506"},{"taxonomy":"product_tag","embeddable":true,"href":"https:\/\/solarventi.dk\/se\/wp-json\/wp\/v2\/product_tag?post=4506"}],"curies":[{"name":"wp","href":"https:\/\/api.w.org\/{rel}","templated":true}]}}