{"id":10238,"date":"2023-08-07T12:00:07","date_gmt":"2023-08-07T10:00:07","guid":{"rendered":"https:\/\/solarventi.dk\/se\/?post_type=product&#038;p=10238"},"modified":"2025-05-28T22:46:38","modified_gmt":"2025-05-28T20:46:38","slug":"solarventi-sv14-daekker-op-til-80-m%c2%b2","status":"publish","type":"product","link":"https:\/\/solarventi.dk\/se\/vare\/solarventi-sv14-daekker-op-til-80-m%c2%b2\/","title":{"rendered":"SolarVenti SV14, t\u00e4cker upp till 80 m\u00b2"},"content":{"rendered":"<h2 id=\"tablepress-1-name\" class=\"tablepress-table-name tablepress-table-name-id-1\">Montage og alle anl\u00e6gsst\u00f8rrelser<\/h2>\n<span id=\"tablepress-1-description\" class=\"tablepress-table-description tablepress-table-description-id-1\">For at opn\u00e5 den st\u00f8rste effekt b\u00f8r anl\u00e6gget monteres p\u00e5 et solrigt sted. St\u00f8rrelsen af indend\u00f8rs areal (i kvadratmeter) bestemmer, hvor stort et anl\u00e6g du skal have. Er du i tvivl om, hvilken st\u00f8rrelse du skal v\u00e6lge, er du meget velkommen til at kontakte os. V\u00e6r opm\u00e6rksom p\u00e5, at det kan v\u00e6re skadeligt for et fugtigt rum at installere et anl\u00e6g, der yder en for lille luftstr\u00f8m, da det kan skabe kondens.<\/span>\n\n<table id=\"tablepress-1\" class=\"tablepress tablepress-id-1 vd-tabel-scroll\" aria-labelledby=\"tablepress-1-name\" aria-describedby=\"tablepress-1-description\">\n<thead>\n<tr class=\"row-1\">\n\t<th class=\"column-1\">SolarVenti<\/th><th class=\"column-2\">Op til 25 m<sup>2<\/sup><\/th><th class=\"column-3\">Op til 50 m<sup>2<\/sup><\/th><th class=\"column-4\">Op til 80 m<sup>2<\/sup><\/th><th class=\"column-5\">Op til 100 m<sup>2<\/sup><\/th><th class=\"column-6\">Op til 150 m<sup>2<\/sup><\/th>\n<\/tr>\n<\/thead>\n<tbody class=\"row-striping row-hover\">\n<tr class=\"row-2\">\n\t<td class=\"column-1\">Model<\/td><td class=\"column-2\"><a href=\"\/vare\/solarventi-sv3-daekker-op-til-25-m\u00b2\/\">SV3<\/a><\/td><td class=\"column-3\"><a href=\"\/vare\/solarventi-sv7-daekker-op-til-50-m\u00b2\/\">SV7<\/a><\/td><td class=\"column-4\"><a href=\"\/vare\/solarventi-sv14-daekker-op-til-80-m\u00b2\/\">SV14<\/a><\/td><td class=\"column-5\"><a href=\"\/vare\/solarventi-sv20-op-til-100-m\u00b2\/\">SV20<\/a><\/td><td class=\"column-6\"><a href=\"\/vare\/solarventi-sv30-daekker-op-til-150-m\u00b2\/\">SV30<\/a><\/td>\n<\/tr>\n<tr class=\"row-3\">\n\t<td class=\"column-1\">Pris<\/td><td class=\"column-2\">Fra DKK 2.990,00<\/td><td class=\"column-3\">Fra DKK 5.640,00<\/td><td class=\"column-4\">Fra DKK 9.730,00<\/td><td class=\"column-5\">Fra DKK 13.130,00<\/td><td class=\"column-6\">Fra DKK 18.260,00<\/td>\n<\/tr>\n<tr class=\"row-4\">\n\t<td class=\"column-1\">Montage<\/td><td class=\"column-2\">Fra DKK 3.500,00<\/td><td class=\"column-3\">Fra DKK 3.500,00<\/td><td class=\"column-4\">Fra DKK 3.500,00<\/td><td class=\"column-5\">Fra DKK 3.500,00<\/td><td class=\"column-6\">Fra DKK 3.500,00<\/td>\n<\/tr>\n<tr class=\"row-5\">\n\t<td class=\"column-1\">Dimensioner (L x B x D)<\/td><td class=\"column-2\">51,5 x 70 x 5,5 cm<\/td><td class=\"column-3\">102 x 70 x 5,5 cm<\/td><td class=\"column-4\">201 x 70 x 5,5 cm<\/td><td class=\"column-5\">201 x 102 x 5,5 cm<\/td><td class=\"column-6\">300 x 102 x 7,5 cm<\/td>\n<\/tr>\n<tr class=\"row-6\">\n\t<td class=\"column-1\">V\u00e6gt<\/td><td class=\"column-2\">4,3 kg<\/td><td class=\"column-3\">7,3 kg<\/td><td class=\"column-4\">11 kg<\/td><td class=\"column-5\">15 kg<\/td><td class=\"column-6\">24 kg<\/td>\n<\/tr>\n<tr class=\"row-7\">\n\t<td class=\"column-1\">Solcelle<\/td><td class=\"column-2\">Ja<\/td><td class=\"column-3\">Ja<\/td><td class=\"column-4\">Ja<\/td><td class=\"column-5\">Ja<\/td><td class=\"column-6\">Ja<\/td>\n<\/tr>\n<tr class=\"row-8\">\n\t<td class=\"column-1\">Ventilator<\/td><td class=\"column-2\">Ja<\/td><td class=\"column-3\">Ja<\/td><td class=\"column-4\">Ja<\/td><td class=\"column-5\">Ja<\/td><td class=\"column-6\">Ja<\/td>\n<\/tr>\n<tr class=\"row-9\">\n\t<td class=\"column-1\">Styringsenhed<\/td><td class=\"column-2\">Afbryder<\/td><td class=\"column-3\">Afbryder \/ Regulator<\/td><td class=\"column-4\">Afbryder \/ Regulator<\/td><td class=\"column-5\">Regulator<\/td><td class=\"column-6\">Regulator<\/td>\n<\/tr>\n<tr class=\"row-10\">\n\t<td class=\"column-1\">Montagekit<\/td><td class=\"column-2\">Ja<\/td><td class=\"column-3\">Ja<\/td><td class=\"column-4\">Ja<\/td><td class=\"column-5\">Ja<\/td><td class=\"column-6\">Ja<\/td>\n<\/tr>\n<tr class=\"row-11\">\n\t<td class=\"column-1\">Front (d\u00e6klag)<\/td><td class=\"column-2\">Polykarbonat<\/td><td class=\"column-3\">Polykarbonat<\/td><td class=\"column-4\">Polykarbonat<\/td><td class=\"column-5\">Polykarbonat<\/td><td class=\"column-6\">Polykarbonat<\/td>\n<\/tr>\n<tr class=\"row-12\">\n\t<td class=\"column-1\">Rammemateriale<\/td><td class=\"column-2\">Aluminium<\/td><td class=\"column-3\">Aluminium<\/td><td class=\"column-4\">Aluminium<\/td><td class=\"column-5\">Aluminium<\/td><td class=\"column-6\">Aluminium<\/td>\n<\/tr>\n<tr class=\"row-13\">\n\t<td class=\"column-1\">Rammefarve<\/td><td class=\"column-2\">Sort eller aluminium<\/td><td class=\"column-3\">Sort eller aluminium<\/td><td class=\"column-4\">Sort eller aluminium<\/td><td class=\"column-5\">Sort eller aluminium<\/td><td class=\"column-6\">Sort eller aluminium<\/td>\n<\/tr>\n<tr class=\"row-14\">\n\t<td class=\"column-1\">Ansl\u00e5et energitilf\u00f8rsel pr. \u00e5r<\/td><td class=\"column-2\">200 kWh<\/td><td class=\"column-3\">434 kWh<\/td><td class=\"column-4\">924 kWh<\/td><td class=\"column-5\">1.340 kWh<\/td><td class=\"column-6\">2.100 kWh<\/td>\n<\/tr>\n<tr class=\"row-15\">\n\t<td class=\"column-1\">Garanti*<\/td><td class=\"column-2\">5 \u00e5r<\/td><td class=\"column-3\">5 \u00e5r<\/td><td class=\"column-4\">5 \u00e5r<\/td><td class=\"column-5\">5 \u00e5r<\/td><td class=\"column-6\">5 \u00e5r<\/td>\n<\/tr>\n<tr class=\"row-16\">\n\t<td class=\"column-1\">Selvrensende<\/td><td class=\"column-2\">Ja<\/td><td class=\"column-3\">Ja<\/td><td class=\"column-4\">Ja<\/td><td class=\"column-5\">Ja<\/td><td class=\"column-6\">Ja<\/td>\n<\/tr>\n<tr class=\"row-17\">\n\t<td class=\"column-1\">Vedligeholdelsesfri<\/td><td class=\"column-2\">Ja<\/td><td class=\"column-3\">Ja<\/td><td class=\"column-4\">Ja<\/td><td class=\"column-5\">Ja<\/td><td class=\"column-6\">Ja<\/td>\n<\/tr>\n<tr class=\"row-18\">\n\t<td class=\"column-1\">Ansl\u00e5et levetid<\/td><td class=\"column-2\">15-20 \u00e5r<\/td><td class=\"column-3\">15-20 \u00e5r<\/td><td class=\"column-4\">15-20 \u00e5r<\/td><td class=\"column-5\">15-20 \u00e5r<\/td><td class=\"column-6\">15-20 \u00e5r<\/td>\n<\/tr>\n<\/tbody>\n<\/table>\n<!-- #tablepress-1 from cache -->\n","protected":false},"excerpt":{"rendered":"<p>SolarVenti SV14 t\u00e4cker upp till 80 m<sup>2<\/sup> och levereras som standard med ramf\u00e4rg i svart samt komplett tillbeh\u00f6r f\u00f6r v\u00e4ggmontering. Vi rekommenderar att du v\u00e4ljer en <span class=\"reg-pop\">regulator<\/span> som styrningsenhet om du bor i sommarhus, kolonistuga eller tiny house. Dansktillverkad. F\u00f6rv\u00e4ntad leveranstid p\u00e5 2 till 3 veckor.<\/p>\n","protected":false},"featured_media":14851,"template":"","meta":[],"product_brand":[],"product_cat":[74,18,19],"product_tag":[],"class_list":{"0":"post-10238","1":"product","2":"type-product","3":"status-publish","4":"has-post-thumbnail","6":"product_cat-kolonihave","7":"product_cat-sommerhus","8":"product_cat-tiny-house","9":"product_shipping_class-kt3","10":"grve-entry-item","12":"first","13":"instock","14":"taxable","15":"shipping-taxable","16":"purchasable","17":"product-type-variable","18":"has-default-attributes"},"yoast_head":"<!-- This site is optimized with the Yoast SEO Premium plugin v25.1 (Yoast SEO v25.1) - https:\/\/yoast.com\/wordpress\/plugins\/seo\/ -->\n<title>Op til 80 m\u00b2, SV14 | Shop hos SolarVenti.dk<\/title>\n<meta name=\"description\" content=\"Op til 80 m\u00b2 skal der anvendes en SolarVenti | Undg\u00e5 indelukkethed og d\u00e5rlig lugt - f\u00e5 en SV14 med det samme p\u00e5 SolarVenti.dk\" \/>\n<meta name=\"robots\" content=\"index, follow, max-snippet:-1, max-image-preview:large, max-video-preview:-1\" \/>\n<link rel=\"canonical\" href=\"https:\/\/solarventi.dk\/se\/vare\/solarventi-sv14-daekker-op-til-80-m\u00b2\/\" \/>\n<meta property=\"og:locale\" content=\"sv_SE\" \/>\n<meta property=\"og:type\" content=\"article\" \/>\n<meta property=\"og:title\" content=\"SolarVenti SV14, t\u00e4cker upp till 80 m\u00b2\" \/>\n<meta property=\"og:description\" content=\"Op til 80 m\u00b2 skal der anvendes en SolarVenti | Undg\u00e5 indelukkethed og d\u00e5rlig lugt - f\u00e5 en SV14 med det samme p\u00e5 SolarVenti.dk\" \/>\n<meta property=\"og:url\" content=\"https:\/\/solarventi.dk\/se\/vare\/solarventi-sv14-daekker-op-til-80-m\u00b2\/\" \/>\n<meta property=\"og:site_name\" content=\"SolarVenti SVERIGE\" \/>\n<meta property=\"article:publisher\" content=\"https:\/\/facebook.com\/solarventidk\" \/>\n<meta property=\"article:modified_time\" content=\"2025-05-28T20:46:38+00:00\" \/>\n<meta property=\"og:image\" content=\"https:\/\/solarventi.dk\/se\/wp-content\/uploads\/sites\/10\/2023\/08\/Solarventi-SV-14-BLACK-front.jpg\" \/>\n\t<meta property=\"og:image:width\" content=\"640\" \/>\n\t<meta property=\"og:image:height\" content=\"1080\" \/>\n\t<meta property=\"og:image:type\" content=\"image\/jpeg\" \/>\n<meta name=\"twitter:card\" content=\"summary_large_image\" \/>\n<meta name=\"twitter:label1\" content=\"Ber\u00e4knad l\u00e4stid\" \/>\n\t<meta name=\"twitter:data1\" content=\"1 minut\" \/>\n<script type=\"application\/ld+json\" class=\"yoast-schema-graph\">{\"@context\":\"https:\/\/schema.org\",\"@graph\":[{\"@type\":\"WebPage\",\"@id\":\"https:\/\/solarventi.dk\/se\/vare\/solarventi-sv14-daekker-op-til-80-m%c2%b2\/\",\"url\":\"https:\/\/solarventi.dk\/se\/vare\/solarventi-sv14-daekker-op-til-80-m%c2%b2\/\",\"name\":\"Op til 80 m\u00b2, SV14 | Shop hos SolarVenti.dk\",\"isPartOf\":{\"@id\":\"https:\/\/solarventi.dk\/se\/#website\"},\"primaryImageOfPage\":{\"@id\":\"https:\/\/solarventi.dk\/se\/vare\/solarventi-sv14-daekker-op-til-80-m%c2%b2\/#primaryimage\"},\"image\":{\"@id\":\"https:\/\/solarventi.dk\/se\/vare\/solarventi-sv14-daekker-op-til-80-m%c2%b2\/#primaryimage\"},\"thumbnailUrl\":\"https:\/\/solarventi.dk\/se\/wp-content\/uploads\/sites\/10\/2023\/08\/Solarventi-SV-14-BLACK-front.jpg\",\"datePublished\":\"2023-08-07T10:00:07+00:00\",\"dateModified\":\"2025-05-28T20:46:38+00:00\",\"description\":\"Op til 80 m\u00b2 skal der anvendes en SolarVenti | Undg\u00e5 indelukkethed og d\u00e5rlig lugt - f\u00e5 en SV14 med det samme p\u00e5 SolarVenti.dk\",\"breadcrumb\":{\"@id\":\"https:\/\/solarventi.dk\/se\/vare\/solarventi-sv14-daekker-op-til-80-m%c2%b2\/#breadcrumb\"},\"inLanguage\":\"sv-SE\",\"potentialAction\":[{\"@type\":\"ReadAction\",\"target\":[\"https:\/\/solarventi.dk\/se\/vare\/solarventi-sv14-daekker-op-til-80-m%c2%b2\/\"]}]},{\"@type\":\"ImageObject\",\"inLanguage\":\"sv-SE\",\"@id\":\"https:\/\/solarventi.dk\/se\/vare\/solarventi-sv14-daekker-op-til-80-m%c2%b2\/#primaryimage\",\"url\":\"https:\/\/solarventi.dk\/se\/wp-content\/uploads\/sites\/10\/2023\/08\/Solarventi-SV-14-BLACK-front.jpg\",\"contentUrl\":\"https:\/\/solarventi.dk\/se\/wp-content\/uploads\/sites\/10\/2023\/08\/Solarventi-SV-14-BLACK-front.jpg\",\"width\":640,\"height\":1080},{\"@type\":\"BreadcrumbList\",\"@id\":\"https:\/\/solarventi.dk\/se\/vare\/solarventi-sv14-daekker-op-til-80-m%c2%b2\/#breadcrumb\",\"itemListElement\":[{\"@type\":\"ListItem\",\"position\":1,\"name\":\"Forside\",\"item\":\"https:\/\/solarventi.dk\/se\/\"},{\"@type\":\"ListItem\",\"position\":2,\"name\":\"Shop\",\"item\":\"https:\/\/solarventi.dk\/se\/shop\/\"},{\"@type\":\"ListItem\",\"position\":3,\"name\":\"SolarVenti SV14, t\u00e4cker upp till 80 m\u00b2\"}]},{\"@type\":\"WebSite\",\"@id\":\"https:\/\/solarventi.dk\/se\/#website\",\"url\":\"https:\/\/solarventi.dk\/se\/\",\"name\":\"SolarVenti SVERIGE\",\"description\":\"\",\"publisher\":{\"@id\":\"https:\/\/solarventi.dk\/se\/#organization\"},\"potentialAction\":[{\"@type\":\"SearchAction\",\"target\":{\"@type\":\"EntryPoint\",\"urlTemplate\":\"https:\/\/solarventi.dk\/se\/?s={search_term_string}\"},\"query-input\":{\"@type\":\"PropertyValueSpecification\",\"valueRequired\":true,\"valueName\":\"search_term_string\"}}],\"inLanguage\":\"sv-SE\"},{\"@type\":\"Organization\",\"@id\":\"https:\/\/solarventi.dk\/se\/#organization\",\"name\":\"SolarVenti SVERIGE\",\"url\":\"https:\/\/solarventi.dk\/se\/\",\"logo\":{\"@type\":\"ImageObject\",\"inLanguage\":\"sv-SE\",\"@id\":\"https:\/\/solarventi.dk\/se\/#\/schema\/logo\/image\/\",\"url\":\"https:\/\/solarventi.dk\/se\/wp-content\/uploads\/sites\/10\/2021\/09\/cropped-favicon-6.png\",\"contentUrl\":\"https:\/\/solarventi.dk\/se\/wp-content\/uploads\/sites\/10\/2021\/09\/cropped-favicon-6.png\",\"width\":512,\"height\":512,\"caption\":\"SolarVenti SVERIGE\"},\"image\":{\"@id\":\"https:\/\/solarventi.dk\/se\/#\/schema\/logo\/image\/\"},\"sameAs\":[\"https:\/\/facebook.com\/solarventidk\"]}]}<\/script>\n<!-- \/ Yoast SEO Premium plugin. -->","yoast_head_json":{"title":"Op til 80 m\u00b2, SV14 | Shop hos SolarVenti.dk","description":"Op til 80 m\u00b2 skal der anvendes en SolarVenti | Undg\u00e5 indelukkethed og d\u00e5rlig lugt - f\u00e5 en SV14 med det samme p\u00e5 SolarVenti.dk","robots":{"index":"index","follow":"follow","max-snippet":"max-snippet:-1","max-image-preview":"max-image-preview:large","max-video-preview":"max-video-preview:-1"},"canonical":"https:\/\/solarventi.dk\/se\/vare\/solarventi-sv14-daekker-op-til-80-m\u00b2\/","og_locale":"sv_SE","og_type":"article","og_title":"SolarVenti SV14, t\u00e4cker upp till 80 m\u00b2","og_description":"Op til 80 m\u00b2 skal der anvendes en SolarVenti | Undg\u00e5 indelukkethed og d\u00e5rlig lugt - f\u00e5 en SV14 med det samme p\u00e5 SolarVenti.dk","og_url":"https:\/\/solarventi.dk\/se\/vare\/solarventi-sv14-daekker-op-til-80-m\u00b2\/","og_site_name":"SolarVenti SVERIGE","article_publisher":"https:\/\/facebook.com\/solarventidk","article_modified_time":"2025-05-28T20:46:38+00:00","og_image":[{"width":640,"height":1080,"url":"https:\/\/solarventi.dk\/se\/wp-content\/uploads\/sites\/10\/2023\/08\/Solarventi-SV-14-BLACK-front.jpg","type":"image\/jpeg"}],"twitter_card":"summary_large_image","twitter_misc":{"Ber\u00e4knad l\u00e4stid":"1 minut"},"schema":{"@context":"https:\/\/schema.org","@graph":[{"@type":"WebPage","@id":"https:\/\/solarventi.dk\/se\/vare\/solarventi-sv14-daekker-op-til-80-m%c2%b2\/","url":"https:\/\/solarventi.dk\/se\/vare\/solarventi-sv14-daekker-op-til-80-m%c2%b2\/","name":"Op til 80 m\u00b2, SV14 | Shop hos SolarVenti.dk","isPartOf":{"@id":"https:\/\/solarventi.dk\/se\/#website"},"primaryImageOfPage":{"@id":"https:\/\/solarventi.dk\/se\/vare\/solarventi-sv14-daekker-op-til-80-m%c2%b2\/#primaryimage"},"image":{"@id":"https:\/\/solarventi.dk\/se\/vare\/solarventi-sv14-daekker-op-til-80-m%c2%b2\/#primaryimage"},"thumbnailUrl":"https:\/\/solarventi.dk\/se\/wp-content\/uploads\/sites\/10\/2023\/08\/Solarventi-SV-14-BLACK-front.jpg","datePublished":"2023-08-07T10:00:07+00:00","dateModified":"2025-05-28T20:46:38+00:00","description":"Op til 80 m\u00b2 skal der anvendes en SolarVenti | Undg\u00e5 indelukkethed og d\u00e5rlig lugt - f\u00e5 en SV14 med det samme p\u00e5 SolarVenti.dk","breadcrumb":{"@id":"https:\/\/solarventi.dk\/se\/vare\/solarventi-sv14-daekker-op-til-80-m%c2%b2\/#breadcrumb"},"inLanguage":"sv-SE","potentialAction":[{"@type":"ReadAction","target":["https:\/\/solarventi.dk\/se\/vare\/solarventi-sv14-daekker-op-til-80-m%c2%b2\/"]}]},{"@type":"ImageObject","inLanguage":"sv-SE","@id":"https:\/\/solarventi.dk\/se\/vare\/solarventi-sv14-daekker-op-til-80-m%c2%b2\/#primaryimage","url":"https:\/\/solarventi.dk\/se\/wp-content\/uploads\/sites\/10\/2023\/08\/Solarventi-SV-14-BLACK-front.jpg","contentUrl":"https:\/\/solarventi.dk\/se\/wp-content\/uploads\/sites\/10\/2023\/08\/Solarventi-SV-14-BLACK-front.jpg","width":640,"height":1080},{"@type":"BreadcrumbList","@id":"https:\/\/solarventi.dk\/se\/vare\/solarventi-sv14-daekker-op-til-80-m%c2%b2\/#breadcrumb","itemListElement":[{"@type":"ListItem","position":1,"name":"Forside","item":"https:\/\/solarventi.dk\/se\/"},{"@type":"ListItem","position":2,"name":"Shop","item":"https:\/\/solarventi.dk\/se\/shop\/"},{"@type":"ListItem","position":3,"name":"SolarVenti SV14, t\u00e4cker upp till 80 m\u00b2"}]},{"@type":"WebSite","@id":"https:\/\/solarventi.dk\/se\/#website","url":"https:\/\/solarventi.dk\/se\/","name":"SolarVenti SVERIGE","description":"","publisher":{"@id":"https:\/\/solarventi.dk\/se\/#organization"},"potentialAction":[{"@type":"SearchAction","target":{"@type":"EntryPoint","urlTemplate":"https:\/\/solarventi.dk\/se\/?s={search_term_string}"},"query-input":{"@type":"PropertyValueSpecification","valueRequired":true,"valueName":"search_term_string"}}],"inLanguage":"sv-SE"},{"@type":"Organization","@id":"https:\/\/solarventi.dk\/se\/#organization","name":"SolarVenti SVERIGE","url":"https:\/\/solarventi.dk\/se\/","logo":{"@type":"ImageObject","inLanguage":"sv-SE","@id":"https:\/\/solarventi.dk\/se\/#\/schema\/logo\/image\/","url":"https:\/\/solarventi.dk\/se\/wp-content\/uploads\/sites\/10\/2021\/09\/cropped-favicon-6.png","contentUrl":"https:\/\/solarventi.dk\/se\/wp-content\/uploads\/sites\/10\/2021\/09\/cropped-favicon-6.png","width":512,"height":512,"caption":"SolarVenti SVERIGE"},"image":{"@id":"https:\/\/solarventi.dk\/se\/#\/schema\/logo\/image\/"},"sameAs":["https:\/\/facebook.com\/solarventidk"]}]}},"_links":{"self":[{"href":"https:\/\/solarventi.dk\/se\/wp-json\/wp\/v2\/product\/10238","targetHints":{"allow":["GET"]}}],"collection":[{"href":"https:\/\/solarventi.dk\/se\/wp-json\/wp\/v2\/product"}],"about":[{"href":"https:\/\/solarventi.dk\/se\/wp-json\/wp\/v2\/types\/product"}],"wp:featuredmedia":[{"embeddable":true,"href":"https:\/\/solarventi.dk\/se\/wp-json\/wp\/v2\/media\/14851"}],"wp:attachment":[{"href":"https:\/\/solarventi.dk\/se\/wp-json\/wp\/v2\/media?parent=10238"}],"wp:term":[{"taxonomy":"product_brand","embeddable":true,"href":"https:\/\/solarventi.dk\/se\/wp-json\/wp\/v2\/product_brand?post=10238"},{"taxonomy":"product_cat","embeddable":true,"href":"https:\/\/solarventi.dk\/se\/wp-json\/wp\/v2\/product_cat?post=10238"},{"taxonomy":"product_tag","embeddable":true,"href":"https:\/\/solarventi.dk\/se\/wp-json\/wp\/v2\/product_tag?post=10238"}],"curies":[{"name":"wp","href":"https:\/\/api.w.org\/{rel}","templated":true}]}}