{"id":8095,"date":"2023-01-30T11:48:40","date_gmt":"2023-01-30T10:48:40","guid":{"rendered":"https:\/\/solarventi.dk\/se\/?page_id=8095"},"modified":"2023-04-28T10:38:22","modified_gmt":"2023-04-28T08:38:22","slug":"kaelder-case-asbjoern-bjerre","status":"publish","type":"page","link":"https:\/\/solarventi.dk\/se\/om-solarventi\/cases\/kaelder-case-asbjoern-bjerre\/","title":{"rendered":"K\u00e6lder Case &#8211; Asbj\u00f8rn Bjerre"},"content":{"rendered":"<div class=\"wpb-content-wrapper\"><p>[vc_row padding_top_multiplier=&#8221;2x&#8221; padding_bottom_multiplier=&#8221;2x&#8221;][vc_column width=&#8221;4\/12&#8243;]<h2 class=\"grve-element grve-title grve-align-inherit grve-subtitle-text\"><span>Asbj\u00f8rn fik et friskt og sundt indeklima med en k\u00e6lder ventilation fra SolarVenti<\/span><\/h2>[\/vc_column][vc_column width=&#8221;8\/12&#8243;][vc_column_text]Da Asbj\u00f8rn for godt 20 \u00e5r siden flyttede ind i et \u00e6ldre murermesterhus uden for Silkeborg, fandt han hurtigt ud af at husets underetage var fugtig. Asbj\u00f8rn kendte godt til SolarVenti, da han havde fulgt med fra sidelinjen i mange \u00e5r, og t\u00e6nkte at det ville v\u00e6re genialt at afpr\u00f8ve i sit eget hjem. Som forhenv\u00e6rende direkt\u00f8r for Danmarks Vindm\u00f8lleforening, har Asbj\u00f8rn nemlig altid interreseret sig for <strong>gr\u00f8n energi<\/strong>, og derfor var SolarVenti helt oplagt for ham.[\/vc_column_text]<div class=\"grve-empty-space grve-height-1x\"><\/div><div class=\"grve-element grve-video\"><iframe loading=\"lazy\" title=\"Testimonial af Asbj\u00f8rn Bjerre\" width=\"1080\" height=\"608\" src=\"https:\/\/www.youtube.com\/embed\/CikvDOOosV0?feature=oembed\" frameborder=\"0\" allow=\"accelerometer; autoplay; clipboard-write; encrypted-media; gyroscope; picture-in-picture; web-share\" allowfullscreen><\/iframe><\/div><div class=\"grve-empty-space grve-height-1x\"><\/div><h3 class=\"grve-element grve-title grve-align-inherit grve-h3\"><span>&#8221;Om vinteren kan vi virkelig m\u00e6rke en forskel&#8221;<\/span><\/h3>[vc_column_text]Mange har spurgt Asbj\u00f8rn, om den <a href=\"https:\/\/solarventi.dk\/se\/loesninger\/kaelder\/\">soldrevet ventilation til k\u00e6lderen<\/a> ikke kun g\u00f8r en forskel om sommeren, alts\u00e5 n\u00e5r det er varmt og solen skinner meget. Men som han selv siger; &#8221;<em>det er n\u00e6sten stik modsat, da vi om vinteren er n\u00f8dt til at have d\u00f8re og vinduer lukket<\/em> det<em> meste af tiden. Der kan vi virkelig m\u00e6rke det luftskifte, som SolarVenti anl\u00e6gget generer&#8221;. <\/em>Det er erfaringer, som han har fra b\u00e5de hans prim\u00e6r bop\u00e6l og <a href=\"https:\/\/solarventi.dk\/se\/loesninger\/sommerhus\/\">sommerhus<\/a>, hvor han ogs\u00e5 har f\u00e5et monteret et SolarVenti anl\u00e6g.[\/vc_column_text]<div class=\"grve-empty-space grve-height-1x\"><\/div><h3 class=\"grve-element grve-title grve-align-inherit grve-h3\"><span>Minimer m\u00e6ngden af radon i din bolig<\/span><\/h3>[vc_column_text]<span style=\"font-weight: 400;\">Asbj\u00f8rn var meget opm\u00e6rksom p\u00e5 de <strong>radonm\u00e5linger<\/strong>, som blev foretaget i underetagen af sit hus, da flere studier viser, at store m\u00e6ngder af radon i boligen, kan f\u00f8re til lungekr\u00e6ft. Netop det var ogs\u00e5 en af grundene til, at han valgte en SolarVenti l\u00f8sning. <em>\u201cD<\/em><\/span><em><span style=\"font-weight: 400;\">e radonm\u00e5linger som vi f\u00e5r foretaget i dag, viser faktisk, at anl\u00e6gget har gjort en markant forskel\u201d.<\/span><\/em>[\/vc_column_text]<div class=\"grve-empty-space grve-height-1x\"><\/div><h3 class=\"grve-element grve-title grve-align-inherit grve-h3\"><span>Billig og effektiv l\u00f8sning til luftudskiftning<\/span><\/h3>[vc_column_text]<i><span style=\"font-weight: 400;\">\u201cHvis vi kom i en situation, hvor vi skulle flytte i et andet hus, s\u00e5 ville jeg straks unders\u00f8ge mulighederne for at supplere luftudskiftet og opvarmingen ved hj\u00e6lp fra et SolarVenti anl\u00e6g, simpelthen fordi det er den absolutte billigste l\u00f8sning til luftudskiftning m\u00e5lt p\u00e5 effektivitet, i kr\u00e6ft af at den drives af solens str\u00e5ler.\u201d<\/span><\/i>[\/vc_column_text][vc_column_text]<span style=\"font-size: 8pt;\"><em>Asbj\u00f8rn Bjerre, fhv. direkt\u00f8r for Danmarks Vindm\u00f8lleforening<\/em><\/span>[\/vc_column_text][\/vc_column][\/vc_row][vc_row padding_top_multiplier=&#8221;2x&#8221; padding_bottom_multiplier=&#8221;2x&#8221; rc_bg_type=&#8221;color&#8221; columns_gap=&#8221;50&#8243; rc_bg_color=&#8221;#e9f2fc&#8221;][vc_column width=&#8221;1\/3&#8243;]<div class=\"grve-element grve-image grve-align-center\">\r\n\t<div class=\"grve-image-item\">\r\n\t\t\r\n\r\n<div class=\"grve-image-wrapper grve-no-effect\">\r\n\t\t<div class=\"grve-thumbnail-wrapper\"  style=\"width: 1928px;\"><div class=\"grve-thumbnail\"  style=\"padding-top: 55.55%;\"><img loading=\"lazy\" decoding=\"async\" width=\"1928\" height=\"1071\" src=\"https:\/\/solarventi.dk\/se\/wp-content\/uploads\/sites\/10\/2023\/01\/Skaermbillede-2023-01-30-kl.-12.22.18-e1675152835598.png\" class=\"attachment-full size-full grve-lazy-load lazyload\" alt=\"\" data-column-space=\"auto\" data-lazyload=\"\" data-grve-filter=\"yes\" srcset=\"https:\/\/solarventi.dk\/se\/wp-content\/themes\/impeka\/images\/empty\/empty.png\" data-src=\"https:\/\/solarventi.dk\/se\/wp-content\/uploads\/sites\/10\/2023\/01\/Skaermbillede-2023-01-30-kl.-12.22.18-e1675152835598.png\" data-sizes=\"auto\" data-srcset=\"https:\/\/solarventi.dk\/se\/wp-content\/uploads\/sites\/10\/2023\/01\/Skaermbillede-2023-01-30-kl.-12.22.18-e1675152835598.png 1928w, https:\/\/solarventi.dk\/se\/wp-content\/uploads\/sites\/10\/2023\/01\/Skaermbillede-2023-01-30-kl.-12.22.18-e1675152835598-300x167.png 300w, https:\/\/solarventi.dk\/se\/wp-content\/uploads\/sites\/10\/2023\/01\/Skaermbillede-2023-01-30-kl.-12.22.18-e1675152835598-1024x569.png 1024w, https:\/\/solarventi.dk\/se\/wp-content\/uploads\/sites\/10\/2023\/01\/Skaermbillede-2023-01-30-kl.-12.22.18-e1675152835598-768x427.png 768w, https:\/\/solarventi.dk\/se\/wp-content\/uploads\/sites\/10\/2023\/01\/Skaermbillede-2023-01-30-kl.-12.22.18-e1675152835598-1536x853.png 1536w, https:\/\/solarventi.dk\/se\/wp-content\/uploads\/sites\/10\/2023\/01\/Skaermbillede-2023-01-30-kl.-12.22.18-e1675152835598-1920x1067.png 1920w, https:\/\/solarventi.dk\/se\/wp-content\/uploads\/sites\/10\/2023\/01\/Skaermbillede-2023-01-30-kl.-12.22.18-e1675152835598-600x333.png 600w\" data-expand=\"1\" \/><\/div><\/div>\t<\/div>\r\n\t<\/div>\r\n<\/div>\r\n[\/vc_column][vc_column width=&#8221;1\/3&#8243; vertical_content_position=&#8221;bottom&#8221;]<div class=\"grve-element grve-image grve-align-center\">\r\n\t<div class=\"grve-image-item\">\r\n\t\t\r\n\r\n<div class=\"grve-image-wrapper grve-no-effect\">\r\n\t\t<div class=\"grve-thumbnail-wrapper\"  style=\"width: 2880px;\"><div class=\"grve-thumbnail\"  style=\"padding-top: 55.833%;\"><img loading=\"lazy\" decoding=\"async\" width=\"2880\" height=\"1608\" src=\"https:\/\/solarventi.dk\/se\/wp-content\/uploads\/sites\/10\/2023\/01\/Skaermbillede-2023-01-30-kl.-12.19.46.png\" class=\"attachment-full size-full grve-lazy-load lazyload\" alt=\"\" srcset=\"https:\/\/solarventi.dk\/se\/wp-content\/themes\/impeka\/images\/empty\/empty.png\" data-column-space=\"auto\" data-lazyload=\"\" data-grve-filter=\"yes\" data-src=\"https:\/\/solarventi.dk\/se\/wp-content\/uploads\/sites\/10\/2023\/01\/Skaermbillede-2023-01-30-kl.-12.19.46.png\" data-sizes=\"auto\" data-srcset=\"https:\/\/solarventi.dk\/se\/wp-content\/uploads\/sites\/10\/2023\/01\/Skaermbillede-2023-01-30-kl.-12.19.46.png 1x,https:\/\/solarventi.dk\/se\/wp-content\/uploads\/sites\/10\/2023\/01\/Skaermbillede-2023-01-30-kl.-12.19.46.png 2x\" data-expand=\"1\" \/><\/div><\/div>\t<\/div>\r\n\t<\/div>\r\n<\/div>\r\n[\/vc_column][vc_column width=&#8221;1\/3&#8243;]<div class=\"grve-element grve-image grve-align-center\">\r\n\t<div class=\"grve-image-item\">\r\n\t\t\r\n\r\n<div class=\"grve-image-wrapper grve-no-effect\">\r\n\t\t<div class=\"grve-thumbnail-wrapper\"  style=\"width: 2880px;\"><div class=\"grve-thumbnail\"  style=\"padding-top: 55.764%;\"><img loading=\"lazy\" decoding=\"async\" width=\"2880\" height=\"1606\" src=\"https:\/\/solarventi.dk\/se\/wp-content\/uploads\/sites\/10\/2023\/01\/Skaermbillede-2023-01-30-kl.-12.20.47.png\" class=\"attachment-full size-full grve-lazy-load lazyload\" alt=\"\" srcset=\"https:\/\/solarventi.dk\/se\/wp-content\/themes\/impeka\/images\/empty\/empty.png\" data-column-space=\"auto\" data-lazyload=\"\" data-grve-filter=\"yes\" data-src=\"https:\/\/solarventi.dk\/se\/wp-content\/uploads\/sites\/10\/2023\/01\/Skaermbillede-2023-01-30-kl.-12.20.47.png\" data-sizes=\"auto\" data-srcset=\"https:\/\/solarventi.dk\/se\/wp-content\/uploads\/sites\/10\/2023\/01\/Skaermbillede-2023-01-30-kl.-12.20.47.png 1x,https:\/\/solarventi.dk\/se\/wp-content\/uploads\/sites\/10\/2023\/01\/Skaermbillede-2023-01-30-kl.-12.20.47.png 2x\" data-expand=\"1\" \/><\/div><\/div>\t<\/div>\r\n\t<\/div>\r\n<\/div>\r\n[\/vc_column][\/vc_row][vc_row padding_top_multiplier=&#8221;2x&#8221; padding_bottom_multiplier=&#8221;2x&#8221; columns_gap=&#8221;60&#8243;][vc_column width=&#8221;8\/12&#8243; tablet_sm_width=&#8221;1&#8243; mobile_width=&#8221;1&#8243;]<div class=\"grve-empty-space grve-height-1x\"><\/div>[vc_column_text]<\/p>\n<p class=\"p1\">SolarVenti er en trov\u00e6rdig samarbejdspartner. Vi har mere end +30 \u00e5rs erfaring inden for faget. Du kan v\u00e6re tryg ved, at vi har den n\u00f8dvendige eksperterfaring, der skal til for at skabe gode og holdbare l\u00f8sninger. Vi er med til at sikre en gr\u00f8nnere fremtid!<\/p>\n<p class=\"p1\">Hvis du er interesseret i at h\u00f8re mere, skal du v\u00e6re velkommen til at kontakte os allerede i dag. Du kan ringe direkte til hovedkontoret p\u00e5 <a href=\"tel:+4586966700\">8696 6700<\/a> eller sende en mail til <a href=\"mailto:info@solarventi.dk\">info@solarventi.dk<\/a>. Alternativt er du ogs\u00e5 meget velkommen til at udfylde en kontaktformular lige <a href=\"https:\/\/solarventi.dk\/se\/kontakt\/kontakt-solarventi\/\">her<\/a>, s\u00e5 vender vi retur til dig hurtigst muligt!<\/p>\n<p>[\/vc_column_text][\/vc_column][vc_column width=&#8221;4\/12&#8243; text_align=&#8221;center&#8221; tablet_sm_width=&#8221;hide&#8221; mobile_width=&#8221;hide&#8221; rc_font_color=&#8221;#0e376d&#8221; el_class=&#8221;vd-custom-quote&#8221;]<div class=\"grve-element grve-image grve-align-center front-img-padding\">\r\n\t<div class=\"grve-image-item\">\r\n\t\t\r\n\r\n<div class=\"grve-image-wrapper grve-no-effect\">\r\n\t\t<div class=\"grve-thumbnail-wrapper\"  style=\"width: 350px;\"><div class=\"grve-thumbnail\"  style=\"padding-top: 44.857%;\"><img loading=\"lazy\" decoding=\"async\" width=\"350\" height=\"157\" src=\"https:\/\/solarventi.dk\/se\/wp-content\/uploads\/sites\/10\/2021\/09\/solarventi-grafik-front-02.png\" class=\"attachment-full size-full grve-lazy-load lazyload\" alt=\"S\u00e5dan virker SolarVenti ikon\" srcset=\"https:\/\/solarventi.dk\/se\/wp-content\/themes\/impeka\/images\/empty\/empty.png\" data-column-space=\"auto\" data-lazyload=\"\" data-grve-filter=\"yes\" data-src=\"https:\/\/solarventi.dk\/se\/wp-content\/uploads\/sites\/10\/2021\/09\/solarventi-grafik-front-02.png\" data-sizes=\"auto\" data-srcset=\"https:\/\/solarventi.dk\/se\/wp-content\/uploads\/sites\/10\/2021\/09\/solarventi-grafik-front-02.png 1x,https:\/\/solarventi.dk\/se\/wp-content\/uploads\/sites\/10\/2021\/09\/solarventi-grafik-front-retina-01.png 2x\" data-expand=\"1\" \/><\/div><\/div>\t<\/div>\r\n\t<\/div>\r\n<\/div>\r\n<h3 class=\"grve-element grve-title grve-align-inherit grve-h3\"><span><br>\n<h2 class=\"grve-element grve-title grve-align-inherit grve-h2\">SolarVenti\u2019en tr\u00e6kker fugt til sig og bl\u00e6ser det ud igen \u2013 som et naturligt \u00e5ndedr\u00e6t.<\/h2>\n<div class=\"grve-element grve-align-inherit\">\n<div class=\"grve-btn-inner\"><\/div>\n<\/div>\n<\/span><\/h3><div class=\"grve-element grve-align-inherit\"><a href=\"https:\/\/solarventi.dk\/se\/om-solarventi\/hvorfor-solarventi\/\" title=\"Hvorfor SolarVenti\" class=\"grve-btn-text grve-btn-only-text grve-text-primary-1 grve-text-hover-black grve-btn-medium grve-with-icon\">\r\n\t\t<div class=\"grve-btn-inner\">\r\n\t\t<span>L\u00e6s mere<\/span>\r\n\t\t\t\t\t\t\t<div class=\"grve-btn-icon\">\r\n\t\t\t<span class=\"grve-icon fas fa-chevron-circle-right\"><\/span>\r\n\t\t<\/div>\r\n\t\t\t\t\t<\/div>\r\n\t<\/a><\/div>[\/vc_column][\/vc_row]<\/p>\n<\/div>","protected":false},"excerpt":{"rendered":"<p>[vc_row padding_top_multiplier=&#8221;2x&#8221; padding_bottom_multiplier=&#8221;2x&#8221;][vc_column width=&#8221;4\/12&#8243;][\/vc_column][vc_column width=&#8221;8\/12&#8243;][vc_column_text]Da Asbj\u00f8rn for godt 20 \u00e5r siden flyttede ind i et \u00e6ldre murermesterhus uden for Silkeborg, fandt han hurtigt ud af at husets underetage var fugtig. Asbj\u00f8rn kendte godt til SolarVenti, da han havde fulgt med fra sidelinjen i mange \u00e5r, og t\u00e6nkte at det ville v\u00e6re genialt at afpr\u00f8ve i [&hellip;]<\/p>\n","protected":false},"author":1,"featured_media":8096,"parent":4734,"menu_order":0,"comment_status":"closed","ping_status":"closed","template":"","meta":{"footnotes":""},"class_list":["post-8095","page","type-page","status-publish","has-post-thumbnail","hentry","grve-entry-item"],"yoast_head":"<!-- This site is optimized with the Yoast SEO Premium plugin v25.1 (Yoast SEO v25.1) - https:\/\/yoast.com\/wordpress\/plugins\/seo\/ -->\n<title>F\u00e5 en fugtfri k\u00e6lder med SolarVenti | Milj\u00f8venligt &amp; b\u00e6redygtigt |<\/title>\n<meta name=\"description\" content=\"Asbj\u00f8rn Bjerre fik installeret et ventilations anl\u00e6g fra SolarVenti, da han opdagede at fugt var et problem i hans k\u00e6lder.\" \/>\n<meta name=\"robots\" content=\"index, follow, max-snippet:-1, max-image-preview:large, max-video-preview:-1\" \/>\n<link rel=\"canonical\" href=\"https:\/\/solarventi.dk\/se\/om-solarventi\/cases\/box-to-box\/\" \/>\n<meta property=\"og:locale\" content=\"sv_SE\" \/>\n<meta property=\"og:type\" content=\"article\" \/>\n<meta property=\"og:title\" content=\"K\u00e6lder Case - Asbj\u00f8rn Bjerre\" \/>\n<meta property=\"og:description\" content=\"Asbj\u00f8rn Bjerre fik installeret et ventilations anl\u00e6g fra SolarVenti, da han opdagede at fugt var et problem i hans k\u00e6lder.\" \/>\n<meta property=\"og:url\" content=\"https:\/\/solarventi.dk\/se\/om-solarventi\/cases\/box-to-box\/\" \/>\n<meta property=\"og:site_name\" content=\"SolarVenti SVERIGE\" \/>\n<meta property=\"article:publisher\" content=\"https:\/\/facebook.com\/solarventidk\" \/>\n<meta property=\"article:modified_time\" content=\"2023-04-28T08:38:22+00:00\" \/>\n<meta property=\"og:image\" content=\"https:\/\/solarventi.dk\/se\/wp-content\/uploads\/sites\/10\/2023\/01\/Skaermbillede-2023-01-30-kl.-12.21.30-1024x571.png\" \/>\n\t<meta property=\"og:image:width\" content=\"1024\" \/>\n\t<meta property=\"og:image:height\" content=\"571\" \/>\n\t<meta property=\"og:image:type\" content=\"image\/png\" \/>\n<meta name=\"twitter:card\" content=\"summary_large_image\" \/>\n<meta name=\"twitter:label1\" content=\"Ber\u00e4knad l\u00e4stid\" \/>\n\t<meta name=\"twitter:data1\" content=\"3 minuter\" \/>\n<script type=\"application\/ld+json\" class=\"yoast-schema-graph\">{\"@context\":\"https:\/\/schema.org\",\"@graph\":[{\"@type\":\"WebPage\",\"@id\":\"https:\/\/solarventi.dk\/se\/om-solarventi\/cases\/kaelder-case-asbjoern-bjerre\/\",\"url\":\"https:\/\/solarventi.dk\/se\/om-solarventi\/cases\/box-to-box\/\",\"name\":\"F\u00e5 en fugtfri k\u00e6lder med SolarVenti | Milj\u00f8venligt & b\u00e6redygtigt |\",\"isPartOf\":{\"@id\":\"https:\/\/solarventi.dk\/se\/#website\"},\"primaryImageOfPage\":{\"@id\":\"https:\/\/solarventi.dk\/se\/om-solarventi\/cases\/box-to-box\/#primaryimage\"},\"image\":{\"@id\":\"https:\/\/solarventi.dk\/se\/om-solarventi\/cases\/box-to-box\/#primaryimage\"},\"thumbnailUrl\":\"https:\/\/solarventi.dk\/se\/wp-content\/uploads\/sites\/10\/2023\/01\/Skaermbillede-2023-01-30-kl.-12.21.30.png\",\"datePublished\":\"2023-01-30T10:48:40+00:00\",\"dateModified\":\"2023-04-28T08:38:22+00:00\",\"description\":\"Asbj\u00f8rn Bjerre fik installeret et ventilations anl\u00e6g fra SolarVenti, da han opdagede at fugt var et problem i hans k\u00e6lder.\",\"breadcrumb\":{\"@id\":\"https:\/\/solarventi.dk\/se\/om-solarventi\/cases\/box-to-box\/#breadcrumb\"},\"inLanguage\":\"sv-SE\",\"potentialAction\":[{\"@type\":\"ReadAction\",\"target\":[\"https:\/\/solarventi.dk\/se\/om-solarventi\/cases\/box-to-box\/\"]}]},{\"@type\":\"ImageObject\",\"inLanguage\":\"sv-SE\",\"@id\":\"https:\/\/solarventi.dk\/se\/om-solarventi\/cases\/box-to-box\/#primaryimage\",\"url\":\"https:\/\/solarventi.dk\/se\/wp-content\/uploads\/sites\/10\/2023\/01\/Skaermbillede-2023-01-30-kl.-12.21.30.png\",\"contentUrl\":\"https:\/\/solarventi.dk\/se\/wp-content\/uploads\/sites\/10\/2023\/01\/Skaermbillede-2023-01-30-kl.-12.21.30.png\",\"width\":2880,\"height\":1606},{\"@type\":\"BreadcrumbList\",\"@id\":\"https:\/\/solarventi.dk\/se\/om-solarventi\/cases\/box-to-box\/#breadcrumb\",\"itemListElement\":[{\"@type\":\"ListItem\",\"position\":1,\"name\":\"Forside\",\"item\":\"https:\/\/solarventi.dk\/se\/\"},{\"@type\":\"ListItem\",\"position\":2,\"name\":\"Om SolarVenti\",\"item\":\"https:\/\/solarventi.dk\/se\/om-solarventi\/\"},{\"@type\":\"ListItem\",\"position\":3,\"name\":\"Cases\",\"item\":\"https:\/\/solarventi.dk\/se\/om-solarventi\/cases\/\"},{\"@type\":\"ListItem\",\"position\":4,\"name\":\"K\u00e6lder Case &#8211; Asbj\u00f8rn Bjerre\"}]},{\"@type\":\"WebSite\",\"@id\":\"https:\/\/solarventi.dk\/se\/#website\",\"url\":\"https:\/\/solarventi.dk\/se\/\",\"name\":\"SolarVenti SVERIGE\",\"description\":\"\",\"publisher\":{\"@id\":\"https:\/\/solarventi.dk\/se\/#organization\"},\"potentialAction\":[{\"@type\":\"SearchAction\",\"target\":{\"@type\":\"EntryPoint\",\"urlTemplate\":\"https:\/\/solarventi.dk\/se\/?s={search_term_string}\"},\"query-input\":{\"@type\":\"PropertyValueSpecification\",\"valueRequired\":true,\"valueName\":\"search_term_string\"}}],\"inLanguage\":\"sv-SE\"},{\"@type\":\"Organization\",\"@id\":\"https:\/\/solarventi.dk\/se\/#organization\",\"name\":\"SolarVenti SVERIGE\",\"url\":\"https:\/\/solarventi.dk\/se\/\",\"logo\":{\"@type\":\"ImageObject\",\"inLanguage\":\"sv-SE\",\"@id\":\"https:\/\/solarventi.dk\/se\/#\/schema\/logo\/image\/\",\"url\":\"https:\/\/solarventi.dk\/se\/wp-content\/uploads\/sites\/10\/2021\/09\/cropped-favicon-6.png\",\"contentUrl\":\"https:\/\/solarventi.dk\/se\/wp-content\/uploads\/sites\/10\/2021\/09\/cropped-favicon-6.png\",\"width\":512,\"height\":512,\"caption\":\"SolarVenti SVERIGE\"},\"image\":{\"@id\":\"https:\/\/solarventi.dk\/se\/#\/schema\/logo\/image\/\"},\"sameAs\":[\"https:\/\/facebook.com\/solarventidk\"]}]}<\/script>\n<!-- \/ Yoast SEO Premium plugin. -->","yoast_head_json":{"title":"F\u00e5 en fugtfri k\u00e6lder med SolarVenti | Milj\u00f8venligt & b\u00e6redygtigt |","description":"Asbj\u00f8rn Bjerre fik installeret et ventilations anl\u00e6g fra SolarVenti, da han opdagede at fugt var et problem i hans k\u00e6lder.","robots":{"index":"index","follow":"follow","max-snippet":"max-snippet:-1","max-image-preview":"max-image-preview:large","max-video-preview":"max-video-preview:-1"},"canonical":"https:\/\/solarventi.dk\/se\/om-solarventi\/cases\/box-to-box\/","og_locale":"sv_SE","og_type":"article","og_title":"K\u00e6lder Case - Asbj\u00f8rn Bjerre","og_description":"Asbj\u00f8rn Bjerre fik installeret et ventilations anl\u00e6g fra SolarVenti, da han opdagede at fugt var et problem i hans k\u00e6lder.","og_url":"https:\/\/solarventi.dk\/se\/om-solarventi\/cases\/box-to-box\/","og_site_name":"SolarVenti SVERIGE","article_publisher":"https:\/\/facebook.com\/solarventidk","article_modified_time":"2023-04-28T08:38:22+00:00","og_image":[{"width":1024,"height":571,"url":"https:\/\/solarventi.dk\/se\/wp-content\/uploads\/sites\/10\/2023\/01\/Skaermbillede-2023-01-30-kl.-12.21.30-1024x571.png","type":"image\/png"}],"twitter_card":"summary_large_image","twitter_misc":{"Ber\u00e4knad l\u00e4stid":"3 minuter"},"schema":{"@context":"https:\/\/schema.org","@graph":[{"@type":"WebPage","@id":"https:\/\/solarventi.dk\/se\/om-solarventi\/cases\/kaelder-case-asbjoern-bjerre\/","url":"https:\/\/solarventi.dk\/se\/om-solarventi\/cases\/box-to-box\/","name":"F\u00e5 en fugtfri k\u00e6lder med SolarVenti | Milj\u00f8venligt & b\u00e6redygtigt |","isPartOf":{"@id":"https:\/\/solarventi.dk\/se\/#website"},"primaryImageOfPage":{"@id":"https:\/\/solarventi.dk\/se\/om-solarventi\/cases\/box-to-box\/#primaryimage"},"image":{"@id":"https:\/\/solarventi.dk\/se\/om-solarventi\/cases\/box-to-box\/#primaryimage"},"thumbnailUrl":"https:\/\/solarventi.dk\/se\/wp-content\/uploads\/sites\/10\/2023\/01\/Skaermbillede-2023-01-30-kl.-12.21.30.png","datePublished":"2023-01-30T10:48:40+00:00","dateModified":"2023-04-28T08:38:22+00:00","description":"Asbj\u00f8rn Bjerre fik installeret et ventilations anl\u00e6g fra SolarVenti, da han opdagede at fugt var et problem i hans k\u00e6lder.","breadcrumb":{"@id":"https:\/\/solarventi.dk\/se\/om-solarventi\/cases\/box-to-box\/#breadcrumb"},"inLanguage":"sv-SE","potentialAction":[{"@type":"ReadAction","target":["https:\/\/solarventi.dk\/se\/om-solarventi\/cases\/box-to-box\/"]}]},{"@type":"ImageObject","inLanguage":"sv-SE","@id":"https:\/\/solarventi.dk\/se\/om-solarventi\/cases\/box-to-box\/#primaryimage","url":"https:\/\/solarventi.dk\/se\/wp-content\/uploads\/sites\/10\/2023\/01\/Skaermbillede-2023-01-30-kl.-12.21.30.png","contentUrl":"https:\/\/solarventi.dk\/se\/wp-content\/uploads\/sites\/10\/2023\/01\/Skaermbillede-2023-01-30-kl.-12.21.30.png","width":2880,"height":1606},{"@type":"BreadcrumbList","@id":"https:\/\/solarventi.dk\/se\/om-solarventi\/cases\/box-to-box\/#breadcrumb","itemListElement":[{"@type":"ListItem","position":1,"name":"Forside","item":"https:\/\/solarventi.dk\/se\/"},{"@type":"ListItem","position":2,"name":"Om SolarVenti","item":"https:\/\/solarventi.dk\/se\/om-solarventi\/"},{"@type":"ListItem","position":3,"name":"Cases","item":"https:\/\/solarventi.dk\/se\/om-solarventi\/cases\/"},{"@type":"ListItem","position":4,"name":"K\u00e6lder Case &#8211; Asbj\u00f8rn Bjerre"}]},{"@type":"WebSite","@id":"https:\/\/solarventi.dk\/se\/#website","url":"https:\/\/solarventi.dk\/se\/","name":"SolarVenti SVERIGE","description":"","publisher":{"@id":"https:\/\/solarventi.dk\/se\/#organization"},"potentialAction":[{"@type":"SearchAction","target":{"@type":"EntryPoint","urlTemplate":"https:\/\/solarventi.dk\/se\/?s={search_term_string}"},"query-input":{"@type":"PropertyValueSpecification","valueRequired":true,"valueName":"search_term_string"}}],"inLanguage":"sv-SE"},{"@type":"Organization","@id":"https:\/\/solarventi.dk\/se\/#organization","name":"SolarVenti SVERIGE","url":"https:\/\/solarventi.dk\/se\/","logo":{"@type":"ImageObject","inLanguage":"sv-SE","@id":"https:\/\/solarventi.dk\/se\/#\/schema\/logo\/image\/","url":"https:\/\/solarventi.dk\/se\/wp-content\/uploads\/sites\/10\/2021\/09\/cropped-favicon-6.png","contentUrl":"https:\/\/solarventi.dk\/se\/wp-content\/uploads\/sites\/10\/2021\/09\/cropped-favicon-6.png","width":512,"height":512,"caption":"SolarVenti SVERIGE"},"image":{"@id":"https:\/\/solarventi.dk\/se\/#\/schema\/logo\/image\/"},"sameAs":["https:\/\/facebook.com\/solarventidk"]}]}},"_links":{"self":[{"href":"https:\/\/solarventi.dk\/se\/wp-json\/wp\/v2\/pages\/8095","targetHints":{"allow":["GET"]}}],"collection":[{"href":"https:\/\/solarventi.dk\/se\/wp-json\/wp\/v2\/pages"}],"about":[{"href":"https:\/\/solarventi.dk\/se\/wp-json\/wp\/v2\/types\/page"}],"author":[{"embeddable":true,"href":"https:\/\/solarventi.dk\/se\/wp-json\/wp\/v2\/users\/1"}],"replies":[{"embeddable":true,"href":"https:\/\/solarventi.dk\/se\/wp-json\/wp\/v2\/comments?post=8095"}],"version-history":[{"count":0,"href":"https:\/\/solarventi.dk\/se\/wp-json\/wp\/v2\/pages\/8095\/revisions"}],"up":[{"embeddable":true,"href":"https:\/\/solarventi.dk\/se\/wp-json\/wp\/v2\/pages\/4734"}],"wp:featuredmedia":[{"embeddable":true,"href":"https:\/\/solarventi.dk\/se\/wp-json\/wp\/v2\/media\/8096"}],"wp:attachment":[{"href":"https:\/\/solarventi.dk\/se\/wp-json\/wp\/v2\/media?parent=8095"}],"curies":[{"name":"wp","href":"https:\/\/api.w.org\/{rel}","templated":true}]}}