{"id":5222,"date":"2022-03-17T14:09:48","date_gmt":"2022-03-17T13:09:48","guid":{"rendered":"https:\/\/solarventi.dk\/se\/?page_id=5222"},"modified":"2022-05-09T15:44:06","modified_gmt":"2022-05-09T13:44:06","slug":"datablade","status":"publish","type":"page","link":"https:\/\/solarventi.dk\/se\/info\/datablade\/","title":{"rendered":"Datablade"},"content":{"rendered":"<div class=\"wpb-content-wrapper\"><p>[vc_row padding_top_multiplier=&#8221;&#8221;][vc_column][vc_column_text]<table id=\"dlp_fec15dd6ee8c7510_1\" class=\"posts-data-table\" width=\"100%\" data-config=\"{&quot;pageLength&quot;:15,&quot;pagingType&quot;:&quot;numbers&quot;,&quot;serverSide&quot;:false,&quot;autoWidth&quot;:true,&quot;clickFilter&quot;:true,&quot;scrollOffset&quot;:15,&quot;resetButton&quot;:false,&quot;lengthMenu&quot;:[[10,15,25,50,100,-1],[10,15,25,50,100,&quot;Alla&quot;]],&quot;columnDefs&quot;:[{&quot;className&quot;:&quot;col-title&quot;,&quot;targets&quot;:0},{&quot;className&quot;:&quot;col-doc_categories&quot;,&quot;targets&quot;:1},{&quot;className&quot;:&quot;col-link&quot;,&quot;targets&quot;:2}],&quot;responsive&quot;:{&quot;details&quot;:{&quot;display&quot;:&quot;child_row&quot;}},&quot;language&quot;:{&quot;info&quot;:&quot;_TOTAL_ dokument&quot;,&quot;infoEmpty&quot;:&quot;0 dokument&quot;,&quot;emptyTable&quot;:&quot;Inga matchande dokument.&quot;,&quot;zeroRecords&quot;:&quot;Inga matchande dokument.&quot;,&quot;totalsSingle&quot;:&quot;dokument&quot;,&quot;totalsPlural&quot;:&quot;dokument&quot;},&quot;dom&quot;:&quot;&lt;\\&quot;posts-table-wrapper impeka\\&quot;&lt;\\&quot;posts-table-above posts-table-controls\\&quot;f&gt;t&lt;\\&quot;posts-table-below posts-table-controls\\&quot;lip&gt;&gt;&quot;,&quot;multiDownloadButton&quot;:false,&quot;multiDownloadPosition&quot;:&quot;above&quot;,&quot;multiDownloadText&quot;:&quot;Download Dokumenter&quot;}\" data-filters=\"{&quot;doc_categories&quot;:{&quot;taxonomy&quot;:&quot;doc_categories&quot;,&quot;heading&quot;:&quot;Category&quot;,&quot;terms&quot;:[{&quot;name&quot;:&quot;Andre produkter&quot;,&quot;slug&quot;:&quot;andre-produkter&quot;},{&quot;name&quot;:&quot;Brochurer og prisliste&quot;,&quot;slug&quot;:&quot;brochurer-og-prisliste&quot;},{&quot;name&quot;:&quot;Brugervejledninger&quot;,&quot;slug&quot;:&quot;brugervejledninger&quot;},{&quot;name&quot;:&quot;Datablade&quot;,&quot;slug&quot;:&quot;datablade&quot;},{&quot;name&quot;:&quot;Dokumentation&quot;,&quot;slug&quot;:&quot;dokumentation&quot;},{&quot;name&quot;:&quot;Montagevejledninger&quot;,&quot;slug&quot;:&quot;montagevejledninger&quot;},{&quot;name&quot;:&quot;Referencer&quot;,&quot;slug&quot;:&quot;referencer&quot;},{&quot;name&quot;:&quot;Tests&quot;,&quot;slug&quot;:&quot;tests&quot;}],&quot;searchColumn&quot;:&quot;hf_doc_categories&quot;}}\" data-order='[[0, \"desc\"]]'><thead><tr><th class=\"all\" data-name=\"title\" data-orderable=\"true\" data-searchable=\"true\" data-priority=\"1\">Titel<\/th><th data-name=\"doc_categories\" data-orderable=\"true\" data-searchable=\"true\" data-priority=\"6\">Kategorier<\/th><th data-name=\"link\" data-orderable=\"false\" data-searchable=\"false\" data-priority=\"10\">L\u00e4nk<\/th><th data-name=\"hf_doc_categories\" data-tax=\"doc_categories\" data-searchable=\"true\" data-visible=\"false\">hf:doc_categories<\/th><\/tr><\/thead><tbody><tr id=\"post-row-5882\" class=\"post-row post-type-dlp_document dlp_document-5882 publish\"><td>SV90 &#8211; datablad<\/td><td><span data-slug=\"datablade\">Datablade<\/span><\/td><td><div class=\"dlp-table-document-link-wrap\"><a href=\"https:\/\/solarventi.dk\/se\/wp-content\/uploads\/sites\/10\/2022\/06\/Data-blad-for-SV90AX-lagerhaller-2021-compressed.pdf\" class=\"dlp-download-link \" data-download-id=\"5882\" target=\"_blank\" >Se dokument<\/a><\/div><\/td><td>datablade<\/td><\/tr><tr id=\"post-row-4385\" class=\"post-row post-type-dlp_document dlp_document-4385 publish\"><td>SolarVenti V\u00e6rksted<\/td><td><span data-slug=\"datablade\">Datablade<\/span><\/td><td><div class=\"dlp-table-document-link-wrap\"><a href=\"https:\/\/solarventi.dk\/se\/wp-content\/uploads\/sites\/10\/2021\/11\/solarventi-vaerksted-dk.pdf\" class=\"dlp-download-link \" data-download-id=\"4385\" target=\"_blank\" >Se dokument<\/a><\/div><\/td><td>datablade<\/td><\/tr><tr id=\"post-row-4390\" class=\"post-row post-type-dlp_document dlp_document-4390 publish\"><td>SolarVenti Institutioner<\/td><td><span data-slug=\"datablade\">Datablade<\/span><\/td><td><div class=\"dlp-table-document-link-wrap\"><a href=\"https:\/\/solarventi.dk\/se\/wp-content\/uploads\/sites\/10\/2021\/11\/solarventi-institutioner-dk.pdf\" class=\"dlp-download-link \" data-download-id=\"4390\" target=\"_blank\" >Se dokument<\/a><\/div><\/td><td>datablade<\/td><\/tr><tr id=\"post-row-4392\" class=\"post-row post-type-dlp_document dlp_document-4392 publish\"><td>SolarVenti Industri &#8211; datablad<\/td><td><span data-slug=\"datablade\">Datablade<\/span><\/td><td><div class=\"dlp-table-document-link-wrap\"><a href=\"https:\/\/solarventi.dk\/se\/wp-content\/uploads\/sites\/10\/2021\/11\/solarventi-industri-datablad-dk.pdf\" class=\"dlp-download-link \" data-download-id=\"4392\" target=\"_blank\" >Se dokument<\/a><\/div><\/td><td>datablade<\/td><\/tr><\/tbody><\/table>[\/vc_column_text][\/vc_column][\/vc_row]<\/p>\n<\/div>","protected":false},"excerpt":{"rendered":"<p>[vc_row padding_top_multiplier=&#8221;&#8221;][vc_column][vc_column_text][\/vc_column_text][\/vc_column][\/vc_row]<\/p>\n","protected":false},"author":1,"featured_media":0,"parent":5194,"menu_order":0,"comment_status":"closed","ping_status":"closed","template":"","meta":{"footnotes":""},"class_list":["post-5222","page","type-page","status-publish","hentry","grve-entry-item"],"yoast_head":"<!-- This site is optimized with the Yoast SEO Premium plugin v25.1 (Yoast SEO v25.1) - https:\/\/yoast.com\/wordpress\/plugins\/seo\/ -->\n<title>Datablade p\u00e5 soldrevet ventilation | Se data p\u00e5 SolarVenti&#039;er<\/title>\n<meta name=\"description\" content=\"SolarVenti&#039;s datablade er lavet for specificere data, m\u00e5l og installationsmuligheder | G\u00e5 i databladene for at se SolarVenti i detaljer\" \/>\n<meta name=\"robots\" content=\"index, follow, max-snippet:-1, max-image-preview:large, max-video-preview:-1\" \/>\n<link rel=\"canonical\" href=\"https:\/\/solarventi.dk\/se\/info\/datablade\/\" \/>\n<meta property=\"og:locale\" content=\"sv_SE\" \/>\n<meta property=\"og:type\" content=\"article\" \/>\n<meta property=\"og:title\" content=\"Datablade\" \/>\n<meta property=\"og:description\" content=\"SolarVenti&#039;s datablade er lavet for specificere data, m\u00e5l og installationsmuligheder | G\u00e5 i databladene for at se SolarVenti i detaljer\" \/>\n<meta property=\"og:url\" content=\"https:\/\/solarventi.dk\/se\/info\/datablade\/\" \/>\n<meta property=\"og:site_name\" content=\"SolarVenti SVERIGE\" \/>\n<meta property=\"article:publisher\" content=\"https:\/\/facebook.com\/solarventidk\" \/>\n<meta property=\"article:modified_time\" content=\"2022-05-09T13:44:06+00:00\" \/>\n<meta name=\"twitter:card\" content=\"summary_large_image\" \/>\n<meta name=\"twitter:label1\" content=\"Ber\u00e4knad l\u00e4stid\" \/>\n\t<meta name=\"twitter:data1\" content=\"1 minut\" \/>\n<script type=\"application\/ld+json\" class=\"yoast-schema-graph\">{\"@context\":\"https:\/\/schema.org\",\"@graph\":[{\"@type\":\"WebPage\",\"@id\":\"https:\/\/solarventi.dk\/se\/info\/datablade\/\",\"url\":\"https:\/\/solarventi.dk\/se\/info\/datablade\/\",\"name\":\"Datablade p\u00e5 soldrevet ventilation | Se data p\u00e5 SolarVenti'er\",\"isPartOf\":{\"@id\":\"https:\/\/solarventi.dk\/se\/#website\"},\"datePublished\":\"2022-03-17T13:09:48+00:00\",\"dateModified\":\"2022-05-09T13:44:06+00:00\",\"description\":\"SolarVenti's datablade er lavet for specificere data, m\u00e5l og installationsmuligheder | G\u00e5 i databladene for at se SolarVenti i detaljer\",\"breadcrumb\":{\"@id\":\"https:\/\/solarventi.dk\/se\/info\/datablade\/#breadcrumb\"},\"inLanguage\":\"sv-SE\",\"potentialAction\":[{\"@type\":\"ReadAction\",\"target\":[\"https:\/\/solarventi.dk\/se\/info\/datablade\/\"]}]},{\"@type\":\"BreadcrumbList\",\"@id\":\"https:\/\/solarventi.dk\/se\/info\/datablade\/#breadcrumb\",\"itemListElement\":[{\"@type\":\"ListItem\",\"position\":1,\"name\":\"Forside\",\"item\":\"https:\/\/solarventi.dk\/se\/\"},{\"@type\":\"ListItem\",\"position\":2,\"name\":\"Info\",\"item\":\"https:\/\/solarventi.dk\/se\/info\/\"},{\"@type\":\"ListItem\",\"position\":3,\"name\":\"Datablade\"}]},{\"@type\":\"WebSite\",\"@id\":\"https:\/\/solarventi.dk\/se\/#website\",\"url\":\"https:\/\/solarventi.dk\/se\/\",\"name\":\"SolarVenti SVERIGE\",\"description\":\"\",\"publisher\":{\"@id\":\"https:\/\/solarventi.dk\/se\/#organization\"},\"potentialAction\":[{\"@type\":\"SearchAction\",\"target\":{\"@type\":\"EntryPoint\",\"urlTemplate\":\"https:\/\/solarventi.dk\/se\/?s={search_term_string}\"},\"query-input\":{\"@type\":\"PropertyValueSpecification\",\"valueRequired\":true,\"valueName\":\"search_term_string\"}}],\"inLanguage\":\"sv-SE\"},{\"@type\":\"Organization\",\"@id\":\"https:\/\/solarventi.dk\/se\/#organization\",\"name\":\"SolarVenti SVERIGE\",\"url\":\"https:\/\/solarventi.dk\/se\/\",\"logo\":{\"@type\":\"ImageObject\",\"inLanguage\":\"sv-SE\",\"@id\":\"https:\/\/solarventi.dk\/se\/#\/schema\/logo\/image\/\",\"url\":\"https:\/\/solarventi.dk\/se\/wp-content\/uploads\/sites\/10\/2021\/09\/cropped-favicon-6.png\",\"contentUrl\":\"https:\/\/solarventi.dk\/se\/wp-content\/uploads\/sites\/10\/2021\/09\/cropped-favicon-6.png\",\"width\":512,\"height\":512,\"caption\":\"SolarVenti SVERIGE\"},\"image\":{\"@id\":\"https:\/\/solarventi.dk\/se\/#\/schema\/logo\/image\/\"},\"sameAs\":[\"https:\/\/facebook.com\/solarventidk\"]}]}<\/script>\n<!-- \/ Yoast SEO Premium plugin. -->","yoast_head_json":{"title":"Datablade p\u00e5 soldrevet ventilation | Se data p\u00e5 SolarVenti'er","description":"SolarVenti's datablade er lavet for specificere data, m\u00e5l og installationsmuligheder | G\u00e5 i databladene for at se SolarVenti i detaljer","robots":{"index":"index","follow":"follow","max-snippet":"max-snippet:-1","max-image-preview":"max-image-preview:large","max-video-preview":"max-video-preview:-1"},"canonical":"https:\/\/solarventi.dk\/se\/info\/datablade\/","og_locale":"sv_SE","og_type":"article","og_title":"Datablade","og_description":"SolarVenti's datablade er lavet for specificere data, m\u00e5l og installationsmuligheder | G\u00e5 i databladene for at se SolarVenti i detaljer","og_url":"https:\/\/solarventi.dk\/se\/info\/datablade\/","og_site_name":"SolarVenti SVERIGE","article_publisher":"https:\/\/facebook.com\/solarventidk","article_modified_time":"2022-05-09T13:44:06+00:00","twitter_card":"summary_large_image","twitter_misc":{"Ber\u00e4knad l\u00e4stid":"1 minut"},"schema":{"@context":"https:\/\/schema.org","@graph":[{"@type":"WebPage","@id":"https:\/\/solarventi.dk\/se\/info\/datablade\/","url":"https:\/\/solarventi.dk\/se\/info\/datablade\/","name":"Datablade p\u00e5 soldrevet ventilation | Se data p\u00e5 SolarVenti'er","isPartOf":{"@id":"https:\/\/solarventi.dk\/se\/#website"},"datePublished":"2022-03-17T13:09:48+00:00","dateModified":"2022-05-09T13:44:06+00:00","description":"SolarVenti's datablade er lavet for specificere data, m\u00e5l og installationsmuligheder | G\u00e5 i databladene for at se SolarVenti i detaljer","breadcrumb":{"@id":"https:\/\/solarventi.dk\/se\/info\/datablade\/#breadcrumb"},"inLanguage":"sv-SE","potentialAction":[{"@type":"ReadAction","target":["https:\/\/solarventi.dk\/se\/info\/datablade\/"]}]},{"@type":"BreadcrumbList","@id":"https:\/\/solarventi.dk\/se\/info\/datablade\/#breadcrumb","itemListElement":[{"@type":"ListItem","position":1,"name":"Forside","item":"https:\/\/solarventi.dk\/se\/"},{"@type":"ListItem","position":2,"name":"Info","item":"https:\/\/solarventi.dk\/se\/info\/"},{"@type":"ListItem","position":3,"name":"Datablade"}]},{"@type":"WebSite","@id":"https:\/\/solarventi.dk\/se\/#website","url":"https:\/\/solarventi.dk\/se\/","name":"SolarVenti SVERIGE","description":"","publisher":{"@id":"https:\/\/solarventi.dk\/se\/#organization"},"potentialAction":[{"@type":"SearchAction","target":{"@type":"EntryPoint","urlTemplate":"https:\/\/solarventi.dk\/se\/?s={search_term_string}"},"query-input":{"@type":"PropertyValueSpecification","valueRequired":true,"valueName":"search_term_string"}}],"inLanguage":"sv-SE"},{"@type":"Organization","@id":"https:\/\/solarventi.dk\/se\/#organization","name":"SolarVenti SVERIGE","url":"https:\/\/solarventi.dk\/se\/","logo":{"@type":"ImageObject","inLanguage":"sv-SE","@id":"https:\/\/solarventi.dk\/se\/#\/schema\/logo\/image\/","url":"https:\/\/solarventi.dk\/se\/wp-content\/uploads\/sites\/10\/2021\/09\/cropped-favicon-6.png","contentUrl":"https:\/\/solarventi.dk\/se\/wp-content\/uploads\/sites\/10\/2021\/09\/cropped-favicon-6.png","width":512,"height":512,"caption":"SolarVenti SVERIGE"},"image":{"@id":"https:\/\/solarventi.dk\/se\/#\/schema\/logo\/image\/"},"sameAs":["https:\/\/facebook.com\/solarventidk"]}]}},"_links":{"self":[{"href":"https:\/\/solarventi.dk\/se\/wp-json\/wp\/v2\/pages\/5222","targetHints":{"allow":["GET"]}}],"collection":[{"href":"https:\/\/solarventi.dk\/se\/wp-json\/wp\/v2\/pages"}],"about":[{"href":"https:\/\/solarventi.dk\/se\/wp-json\/wp\/v2\/types\/page"}],"author":[{"embeddable":true,"href":"https:\/\/solarventi.dk\/se\/wp-json\/wp\/v2\/users\/1"}],"replies":[{"embeddable":true,"href":"https:\/\/solarventi.dk\/se\/wp-json\/wp\/v2\/comments?post=5222"}],"version-history":[{"count":0,"href":"https:\/\/solarventi.dk\/se\/wp-json\/wp\/v2\/pages\/5222\/revisions"}],"up":[{"embeddable":true,"href":"https:\/\/solarventi.dk\/se\/wp-json\/wp\/v2\/pages\/5194"}],"wp:attachment":[{"href":"https:\/\/solarventi.dk\/se\/wp-json\/wp\/v2\/media?parent=5222"}],"curies":[{"name":"wp","href":"https:\/\/api.w.org\/{rel}","templated":true}]}}