{"id":4780,"date":"2021-12-20T11:44:21","date_gmt":"2021-12-20T10:44:21","guid":{"rendered":"https:\/\/solarventi.dk\/se\/?page_id=4780"},"modified":"2024-07-05T18:02:57","modified_gmt":"2024-07-05T16:02:57","slug":"internationale-partnere","status":"publish","type":"page","link":"https:\/\/solarventi.dk\/se\/kontakt\/partnere\/internationale-partnere\/","title":{"rendered":"Internationale partnere"},"content":{"rendered":"<div class=\"wpb-content-wrapper\"><p>[vc_row padding_top_multiplier=&#8221;2x&#8221; padding_bottom_multiplier=&#8221;3x&#8221; section_id=&#8221;hvordan-er-luften&#8221;][vc_column width=&#8221;4\/12&#8243;]<h2 class=\"grve-element grve-title grve-align-inherit grve-h2\"><span>Airbynature ApS<\/span><\/h2>[vc_column_text css=&#8221;&#8221;]Korinthvej 11<br \/>\nDK-9220 Aalborg<br \/>\nCVR: 37998982<\/p>\n<p><a href=\"tel:+4564637100\">+45 64 63 71 00<\/a><br \/>\n<a href=\"mailto:info@solarventi.dk\">info@solarventi.dk<\/a>[\/vc_column_text][\/vc_column][vc_column width=&#8221;8\/12&#8243;][vc_tta_accordion active_section=&#8221;0&#8243; heading=&#8221;h5&#8243;][vc_tta_section title=&#8221;Sweden&#8221; tab_id=&#8221;1635774317859-b7e59dce-521f&#8221;][vc_column_text]<\/p>\n<table style=\"border-collapse: collapse;width: 100%;height: 10px\">\n<tbody>\n<tr style=\"height: 10px\">\n<td style=\"width: 33.5518%;text-align: left;height: 10px\">\n<h4><strong>SolarVenti Sverige<\/strong><\/h4>\n<p>v.\/ Martin Ovesen<\/td>\n<td style=\"width: 41.4482%;text-align: left;height: 10px\">\n<p style=\"font-weight: 400\">Kyrkogatan 5<br \/>\n<span style=\"font-family: inherit;font-size: inherit\">342 50 Vislanda<br \/>\n<\/span>Tlf: +46 (70) 657 11 01<br \/>\nMail: <a href=\"mailto:gjb.martin@telia.com\">gjb.martin@telia.com<\/a><br \/>\n<a href=\"http:\/\/www.heralex.se\">www.solarventi.se <\/a><br \/>\nFind din svenske samarbejdspartner <a href=\"https:\/\/www.solarventi.se\/kontakta-oss\/aaterfoersaeljare\/\">her<\/a>!<\/p>\n<\/td>\n<\/tr>\n<tr style=\"height: 10px\">\n<td style=\"width: 33.5518%;text-align: left;height: 10px\">\n<h4><strong>Heralex AB<\/strong><\/h4>\n<p>v.\/ Ulf Larsson<\/td>\n<td style=\"width: 41.4482%;text-align: left;height: 10px\">Liljeforsgatan 42<br \/>\n412 61 G\u00f6teborg<br \/>\nTlf: 0708-20 54 98<br \/>\nMail: <a href=\"mailto:info@heralex.se\">info@heralex.se\u00a0<\/a><br \/>\n<a href=\"http:\/\/www.heralex.se\">www.heralex.se <\/a><br \/>\nFind din svenske samarbejdspartner <a href=\"https:\/\/www.solarventi.se\/kontakta-oss\/aaterfoersaeljare\/\">her<\/a>!<\/td>\n<\/tr>\n<\/tbody>\n<\/table>\n<p>[\/vc_column_text][\/vc_tta_section][vc_tta_section title=&#8221;Norway&#8221; tab_id=&#8221;1635774317780-7a7c06af-0e68&#8243;][vc_column_text]<\/p>\n<table style=\"border-collapse: collapse;width: 100%;height: 161px\">\n<tbody>\n<tr style=\"height: 157px\">\n<td style=\"width: 50%;text-align: left;height: 161px\">\n<h5><strong>SolarVenti Norge<\/strong><\/h5>\n<p>v.\/Bj\u00f8rke Bekkel<\/td>\n<td style=\"width: 50%;text-align: left;height: 161px\"><strong>Smart Inneklima AS<br \/>\n<\/strong>Butikk : Storgata 14, 2408 Elverum<br \/>\nLager : Dalstuvegen 17, 2340 L\u00f8ten<br \/>\nTlf 411 56 566<br \/>\n<a href=\"mailto:post@smik.no\" rel=\"m\">post@smik.no<\/a><br \/>\n<a href=\"https:\/\/www.smik.no\/\" target=\"_blank\" rel=\"noopener noreferrer\">smik.no<\/a><\/td>\n<\/tr>\n<\/tbody>\n<\/table>\n<p>[\/vc_column_text][\/vc_tta_section][vc_tta_section title=&#8221;Finland&#8221; tab_id=&#8221;1635774317818-53b982a9-4eb4&#8243;][vc_column_text]<\/p>\n<table style=\"border-collapse: collapse;width: 100%;height: 184px\">\n<tbody>\n<tr style=\"height: 214px\">\n<td style=\"width: 50%;text-align: left;height: 184px\">\n<h5><strong>BIOLAN OY<\/strong><\/h5>\n<p>v.\/ Mikko Leed<\/td>\n<td style=\"width: 50%;text-align: left;height: 184px\">Lauttakyl\u00e4ntie 570<br \/>\n27510 Eura<br \/>\nTlf: +358 (0) 4074 31702<br \/>\nMobil: +35 8254 91600<br \/>\nMail: <a href=\"mailto:Mikko.Leed@biolan.fi\">Mikko.Leed@biolan.fi<\/a> \/\u00a0<a href=\"mailto:ostoreskontra@biolan.fi\">ostoreskontra@biolan.fi<\/a><br \/>\n<a href=\"https:\/\/www.solarventi.fi\/\">www.solarventi.fi <\/a>\/<a href=\"https:\/\/www.biolan.fi\/\">https:\/\/www.biolan.fi\/<\/a><\/td>\n<\/tr>\n<\/tbody>\n<\/table>\n<p>[\/vc_column_text][\/vc_tta_section][vc_tta_section title=&#8221;Greenland&#8221; tab_id=&#8221;1660644623954-6f260be0-a3f2&#8243;][vc_column_text]<\/p>\n<table style=\"border-collapse: collapse;width: 100%\">\n<tbody>\n<tr>\n<td style=\"width: 33.5518%;text-align: left\">\n<h4><strong>SolarVenti Gr\u00f6nland<\/strong><\/h4>\n<p>v.\/ Arne Kyed<\/td>\n<td style=\"width: 41.4482%;text-align: left\">Postbox 449, Julianeh\u00f6b, Gr\u00f6nland<br \/>\n3920 Qaqortoq<br \/>\nTlf: (+299)220139<br \/>\nMail: <a href=\"mailto:dines2@outlook.dk\">dines2@outlook.dk<\/a><br \/>\nShop open by appointment.<br \/>\nSelling, mounting, servicing SV models.<\/td>\n<\/tr>\n<\/tbody>\n<\/table>\n<p>[\/vc_column_text][\/vc_tta_section][vc_tta_section title=&#8221;Great Britain&#8221; tab_id=&#8221;1635774317762-191ddbba-e07a&#8221;][vc_column_text]<\/p>\n<table style=\"border-collapse: collapse;width: 100%\">\n<tbody>\n<tr>\n<td style=\"width: 50%;text-align: left\">\n<h5><strong>SolarVenti UK &#8211; NuVision Energy<\/strong><\/h5>\n<\/td>\n<td style=\"width: 50%;text-align: left\">Unit 19P &#8211; Flightways Business Park<br \/>\nDunkeswell, Devon EX14 4RD<br \/>\nMobil: +44 (0) 1404 89 1693<br \/>\nMail: <a href=\"mailto:roger.boaden@nuvisionenergy.co.uk\">roger.boaden@nuvisionenergy.co.uk<\/a><br \/>\n<a href=\"https:\/\/www.nuvisionenergy.co.uk\/Postive-Input-Ventilation-Devon\">www.nuvisionenergy.co.uk<\/a><\/td>\n<\/tr>\n<tr>\n<td style=\"width: 50%;text-align: left\"><\/td>\n<td style=\"width: 50%;text-align: left\"><\/td>\n<\/tr>\n<\/tbody>\n<\/table>\n<p>[\/vc_column_text][\/vc_tta_section][vc_tta_section title=&#8221;Germany&#8221; tab_id=&#8221;1635774317740-406f06d7-cd2a&#8221;][vc_column_text]<\/p>\n<table style=\"border-collapse: collapse;width: 100%\">\n<tbody>\n<tr>\n<td style=\"width: 50%;text-align: left\">\n<h5><strong>SolarVenti Deutschland GmbH<\/strong><\/h5>\n<p>v.\/ Malte Claussen<\/td>\n<td style=\"width: 50%;text-align: left\">\n<div dir=\"auto\">Heidweg 16<br \/>\n21255 Tostedt<\/div>\n<div dir=\"auto\">Tel: 04182-293799<\/div>\n<div dir=\"auto\">Fax: 04182-293169<br \/>\nService-Hotline: 04182 \/ 293799<br \/>\nMail: <a href=\"mailto:info@solarventi.de\">info@solarventi.de<\/a><br \/>\n<a href=\"http:\/\/www.solarventi.de\">www.solarventi.de<\/a><\/div>\n<\/td>\n<\/tr>\n<\/tbody>\n<\/table>\n<p>[\/vc_column_text][\/vc_tta_section][vc_tta_section title=&#8221;Czech Republic&#8221; tab_id=&#8221;1635776601096-b3bc8457-8687&#8243;][vc_column_text]<\/p>\n<table style=\"border-collapse: collapse;width: 100%\">\n<tbody>\n<tr>\n<td style=\"width: 50%;text-align: left\">\n<h5><strong>SolarAir S.R.O.<\/strong><\/h5>\n<p>v.\/ <span class=\"markx69lc7n63\" data-markjs=\"true\" data-ogac=\"\" data-ogab=\"\" data-ogsc=\"\" data-ogsb=\"\">Martin<\/span>\u00a0Fi\u0161er<\/td>\n<td style=\"width: 50%;text-align: left\">T. G. Masaryka 64\/12<br \/>\nSvitavy 568 02<br \/>\nTlf.: 725 136 051 \/ 601 587 087<br \/>\nMail: <a href=\"mailto:info@solarventi.cz\">info@solarventi.cz<\/a><br \/>\n<a href=\"http:\/\/www.solarventi.cz\">www.solarventi.cz<\/a><\/td>\n<\/tr>\n<\/tbody>\n<\/table>\n<p>[\/vc_column_text][\/vc_tta_section][vc_tta_section title=&#8221;France&#8221; tab_id=&#8221;1635776746197-d1a04705-5fad&#8221;][vc_column_text]<\/p>\n<table style=\"border-collapse: collapse;width: 100%\">\n<tbody>\n<tr>\n<td style=\"width: 50%;text-align: left\">\n<h5><strong>Capt&#8217;air Solaire<\/strong><\/h5>\n<p>v.\/Sylvain Bouhot<\/td>\n<td style=\"width: 50%;text-align: left\">68 rue de Jouvence<br \/>\n21000 Dijon<br \/>\nMobil: 06 33 87 77 95<br \/>\nMail: <a href=\"mailto:solarventifrance@captairsolaire.com\">solarventifrance@captairsolaire.com<\/a><br \/>\n<a href=\"http:\/\/www.captairsolaire.com\">www.captairsolaire.com<\/a><\/td>\n<\/tr>\n<\/tbody>\n<\/table>\n<p>[\/vc_column_text][\/vc_tta_section][vc_tta_section title=&#8221;Spain&#8221; tab_id=&#8221;1651733316891-18c19edf-f059&#8243;][vc_column_text]<\/p>\n<table style=\"border-collapse: collapse;width: 100%\">\n<tbody>\n<tr>\n<td style=\"width: 50%;text-align: left\">\n<h5><strong>SolarVenti Espa\u00f1a<\/strong><\/h5>\n<p>v.\/Tom Duebaeck<\/td>\n<td style=\"width: 50%;text-align: left\">C\/ Santo Tom\u00e1s 20<br \/>\n29631 Arroyo de la Miel, M\u00e1laga<strong><br \/>\n<\/strong>Mobil: +34 952 449 349<br \/>\nMail: <a href=\"mailto:info@solarventi.es\">info@solarventi.es<\/a><br \/>\n<a href=\"http:\/\/www.solarventi.es\">www.solarventi.es<\/a><\/td>\n<\/tr>\n<\/tbody>\n<\/table>\n<p>[\/vc_column_text][\/vc_tta_section][vc_tta_section title=&#8221;Italy&#8221; tab_id=&#8221;1651733331091-2607ad1c-d6b4&#8243;][vc_column_text]<\/p>\n<table style=\"border-collapse: collapse;width: 100%\">\n<tbody>\n<tr>\n<td style=\"width: 50%;text-align: left\">\n<h5><strong>EnergiaSolare100\u00a0<\/strong><\/h5>\n<p>v.\/ Diciolla S.R.L. Idroelettromeccanica<\/td>\n<td style=\"width: 50%;text-align: left\">Viale Donato Saponaro 55<br \/>\n70016 Noicattaro (BA)<br \/>\nTlf.: (+39) 080.4780349<br \/>\nFax: (+39) 080.4786928<br \/>\nMail: <a href=\"mailto:info@energiasolare100.it\">info@energiasolare100.it<\/a><br \/>\n<a href=\"http:\/\/www.energiasolare100.it\/\" target=\"_blank\" rel=\"noopener\">www.energiasolare100.it<\/a><\/td>\n<\/tr>\n<\/tbody>\n<\/table>\n<p>[\/vc_column_text][\/vc_tta_section][vc_tta_section title=&#8221;Hungary&#8221; tab_id=&#8221;1651733346436-0becccd0-b126&#8243;][vc_column_text]<\/p>\n<table style=\"border-collapse: collapse;width: 100%\">\n<tbody>\n<tr>\n<td style=\"width: 50%;text-align: left\">\n<h5><strong>Alfagas Kft.<\/strong><\/h5>\n<p>v.\/ Ioannis Moumoulidis<\/td>\n<td style=\"width: 50%;text-align: left\">Eln\u00f6k u. 1.<br \/>\n1089 Budapest<br \/>\nTlf.:\u00a0+36 1 216 1500<br \/>\nMobil: +36 30 425 8904<br \/>\nFax: +36 1 216 2500<br \/>\nMail: <a href=\"mailto:alfasol@alfagas.hu\">alfasol@alfagas.hu<\/a><br \/>\n<a href=\"http:\/\/www.alfasol.hu\">www.alfasol.hu<\/a><\/td>\n<\/tr>\n<\/tbody>\n<\/table>\n<p>[\/vc_column_text][\/vc_tta_section][vc_tta_section title=&#8221;Slovenia&#8221; tab_id=&#8221;1651733365157-7bcea789-b561&#8243;][vc_column_text]<\/p>\n<table style=\"border-collapse: collapse;width: 100%\">\n<tbody>\n<tr>\n<td style=\"width: 50%;text-align: left\">\n<h5><strong>DULC D.O.O. &#8211; Solinterra<\/strong><\/h5>\n<\/td>\n<td style=\"width: 50%;text-align: left\"><span style=\"font-family: georgia, palatino, serif\">Stranje pri \u0160kocjanu 7<br \/>\n8275 \u0160kocjan<\/span><br \/>\nTlf.: +386 7 33 747 20<br \/>\nFax: +386 7 33 747 21<br \/>\nMail: <a title=\"\" href=\"mailto:info@dulc.si\">info@dulc.si<\/a><br \/>\n<a href=\"http:\/\/www.solinterra.si\">www.solarventi.si<\/a><\/td>\n<\/tr>\n<\/tbody>\n<\/table>\n<p>[\/vc_column_text][\/vc_tta_section][vc_tta_section title=&#8221;Greece&#8221; tab_id=&#8221;1651733380723-7a43827b-2185&#8243;][vc_column_text]<\/p>\n<table style=\"border-collapse: collapse;width: 100%\">\n<tbody>\n<tr>\n<td style=\"width: 50%;text-align: left\">\n<h5><strong>Sieline SA<\/strong><\/h5>\n<\/td>\n<td style=\"width: 50%;text-align: left\">\u03a3\u03c5\u03b3\u03b3\u03c1\u03bf\u03cd 2 \u03ba\u03b1\u03b9 \u03a0\u03b1\u03bb\u03b1\u03b9\u03bf\u03bb\u03cc\u03b3\u03bf\u03c5<br \/>\n\u03a7\u03b1\u03bb\u03ac\u03bd\u03b4\u03c1\u03b9, \u0391\u03b8\u03ae\u03bd\u03b1 TK 152 32<br \/>\nT\u03b7\u03bb: 210 6830351-2<br \/>\nFax: 210 6839848<br \/>\nMail: <a href=\"mailto:info@sieline.gr\">info@sieline.gr<\/a><br \/>\n<a href=\"http:\/\/www.sieline.gr\">www.sieline.gr<\/a><\/td>\n<\/tr>\n<\/tbody>\n<\/table>\n<p>[\/vc_column_text][\/vc_tta_section][vc_tta_section title=&#8221;South Africa&#8221; tab_id=&#8221;1651733403952-4f5bbbf2-236c&#8221;][vc_column_text]<\/p>\n<table style=\"border-collapse: collapse;width: 100%\">\n<tbody>\n<tr>\n<td style=\"width: 50%;text-align: left\">\n<h5><strong>Scandinavian Water Saving Products (PTY) LTD Trade<\/strong><\/h5>\n<p>v.\/ Scandinavian Water &amp; Air<\/td>\n<td style=\"width: 50%;text-align: left\">30 Soetvlei Avenue<br \/>\n7806 Constantia Western Cape<br \/>\n<span style=\"font-size: 12pt;font-family: georgia, palatino, serif\">Mail: <span style=\"color: #000066\"><a href=\"mailto:niklas@swsp.co.za\">niklas@swsp.co.za<\/a><\/span><\/span><br \/>\n<span style=\"font-size: 12pt;font-family: georgia, palatino, serif\"><span style=\"color: #000066\"><a href=\"mailto:birger@swsp.co.za\">birger@swsp.co.za<\/a>\/<\/span>\u00a0<a href=\"mailto:info@swsp.co.za\">info@swsp.co.za<\/a><\/span><br \/>\n<span style=\"font-size: 12pt;font-family: georgia, palatino, serif\"><a href=\"http:\/\/www.swsp.co.za\">www.swsp.co.za<\/a><\/span><\/td>\n<\/tr>\n<\/tbody>\n<\/table>\n<p>[\/vc_column_text][\/vc_tta_section][vc_tta_section title=&#8221;Australia&#8221; tab_id=&#8221;1651733420203-e9409923-b6c8&#8243;][vc_column_text]<\/p>\n<table style=\"border-collapse: collapse;width: 100%\">\n<tbody>\n<tr>\n<td style=\"width: 50%;text-align: left\">\n<h5><strong>SolarVenti Australia<\/strong><\/h5>\n<\/td>\n<td style=\"width: 50%;text-align: left\">1, 2-6 Bonnal Road Erina<br \/>\nNew South Wales NSW 2260<br \/>\nTlf.: (02) 4367 8252<br \/>\nMobile: 0449 247 379<br \/>\nMail: <a title=\"sales\" href=\"mailto:sales@solarventinsw.com.au\">sales<\/a><a title=\"@solarventinsw.com.au\" href=\"mailto:sales@solarventinsw.com.au\">@solarventinsw.com.au<\/a><br \/>\n<a href=\"http:\/\/www.solarventi.com.au\">www.solarventi.com.au<\/a><\/td>\n<\/tr>\n<\/tbody>\n<\/table>\n<p>[\/vc_column_text][\/vc_tta_section][vc_tta_section title=&#8221;Japan&#8221; tab_id=&#8221;1651733433925-5945cf95-5af6&#8243;][vc_column_text]<\/p>\n<table style=\"border-collapse: collapse;width: 100%\">\n<tbody>\n<tr>\n<td style=\"width: 50%;text-align: left\">\n<h5><strong>Matsunaga Co., Ltd. &#8211; \u682a\u5f0f\u4f1a\u793e\u30de\u30c4\u30ca\u30ac<\/strong><\/h5>\n<\/td>\n<td style=\"width: 50%;text-align: left\"><span style=\"font-family: georgia, palatino, serif;font-size: 12pt\">\u3012178-0064<\/span><br \/>\n<span style=\"font-family: georgia, palatino, serif;font-size: 12pt\">\u6771\u4eac\u90fd\u7df4\u99ac\u533a\u5357\u5927\u6cc95\u4e01\u76ee18-19<\/span><br \/>\n<span style=\"font-family: georgia, palatino, serif;font-size: 12pt\">\u96fb\u8a71\u756a\u53f7\u300003-3925-0065<\/span><br \/>\n<span style=\"font-family: georgia, palatino, serif;font-size: 12pt\">FAX\u756a\u53f7\u300003-3925-0061<\/span><br \/>\nMail: <a href=\"mailto:info@ms-matsunaga.jp\">info@ms-matsunaga.jp<\/a><br \/>\n<a href=\"http:\/\/www.ms-matsunaga.jp\/solorheat\/solorwarmer\/\" target=\"_blank\" rel=\"noopener\">www.ms-matsunaga.jp<\/a><\/td>\n<\/tr>\n<\/tbody>\n<\/table>\n<p>[\/vc_column_text][\/vc_tta_section][\/vc_tta_accordion][\/vc_column][\/vc_row][vc_row section_type=&#8221;fullwidth&#8221; padding_top_multiplier=&#8221;&#8221; padding_bottom_multiplier=&#8221;&#8221; rc_bg_type=&#8221;color&#8221; rc_bg_color=&#8221;#e9f2fc&#8221;][vc_column width=&#8221;1\/2&#8243; vertical_content_position=&#8221;middle&#8221; full_height=&#8221;yes&#8221; text_align=&#8221;center&#8221; rc_bg_type=&#8221;image&#8221; rc_bg_image=&#8221;4116&#8243;]<div style=\"height: 300px;\" class=\"grve-empty-space\"><\/div>[\/vc_column][vc_column width=&#8221;1\/2&#8243; content_width=&#8221;custom&#8221; vertical_content_position=&#8221;middle&#8221; grve_css=&#8221;{&#8221;desktop&#8221;:{&#8221;padding-top&#8221;:&#8221;10%&#8221;,&#8221;padding-right&#8221;:&#8221;15%&#8221;,&#8221;padding-bottom&#8221;:&#8221;10%&#8221;,&#8221;padding-left&#8221;:&#8221;15%&#8221;,&#8221;class&#8221;:&#8221;grve-wpb-1632132049842&#8221;}}&#8221; el_class=&#8221;no-column-gap&#8221; custom_content_width=&#8221;400px&#8221;]<h3 class=\"grve-element grve-title grve-align-inherit grve-h3\"><span>Har du sp\u00f8rgsm\u00e5l hj\u00e6lper vi gerne med at finde den rette l\u00f8sning til dit behov.<\/span><\/h3><div class=\"grve-element grve-align-left\"><a href=\"https:\/\/solarventi.dk\/se\/kontakt\/kontakt-solarventi\/\" title=\"Kontakt SolarVenti\" class=\"grve-btn-text grve-btn-only-text grve-text-primary-1 grve-text-hover-black grve-btn-medium grve-with-icon\">\r\n\t\t<div class=\"grve-btn-inner\">\r\n\t\t<span>Kontakt os<\/span>\r\n\t\t\t\t\t\t\t<div class=\"grve-btn-icon\">\r\n\t\t\t<span class=\"grve-icon fas fa-chevron-circle-right\"><\/span>\r\n\t\t<\/div>\r\n\t\t\t\t\t<\/div>\r\n\t<\/a><\/div>[\/vc_column][\/vc_row]<\/p>\n<\/div>","protected":false},"excerpt":{"rendered":"<p>[vc_row padding_top_multiplier=&#8221;2x&#8221; padding_bottom_multiplier=&#8221;3x&#8221; section_id=&#8221;hvordan-er-luften&#8221;][vc_column width=&#8221;4\/12&#8243;][vc_column_text css=&#8221;&#8221;]Korinthvej 11 DK-9220 Aalborg CVR: 37998982 +45 64 63 71 00 info@solarventi.dk[\/vc_column_text][\/vc_column][vc_column width=&#8221;8\/12&#8243;][vc_tta_accordion active_section=&#8221;0&#8243; heading=&#8221;h5&#8243;][vc_tta_section title=&#8221;Sweden&#8221; tab_id=&#8221;1635774317859-b7e59dce-521f&#8221;][vc_column_text] SolarVenti Sverige v.\/ Martin Ovesen Kyrkogatan 5 342 50 Vislanda Tlf: +46 (70) 657 11 01 Mail: gjb.martin@telia.com www.solarventi.se Find din svenske samarbejdspartner her! Heralex AB v.\/ Ulf Larsson Liljeforsgatan 42 412 61 [&hellip;]<\/p>\n","protected":false},"author":1,"featured_media":0,"parent":5556,"menu_order":2,"comment_status":"closed","ping_status":"closed","template":"","meta":{"footnotes":""},"class_list":["post-4780","page","type-page","status-publish","hentry","grve-entry-item"],"yoast_head":"<!-- This site is optimized with the Yoast SEO Premium plugin v25.1 (Yoast SEO v25.1) - https:\/\/yoast.com\/wordpress\/plugins\/seo\/ -->\n<title>Internationale partnere: oversigt af vores forhandlere | SolarVenti\u00ae<\/title>\n<meta name=\"description\" content=\"Med internationale partnere rundt i verden har du god mulighed for at f\u00e5 en fingre i en SolarVenti | Find info p\u00e5 en forhandler i dit omr\u00e5de\" \/>\n<meta name=\"robots\" content=\"index, follow, max-snippet:-1, max-image-preview:large, max-video-preview:-1\" \/>\n<link rel=\"canonical\" href=\"https:\/\/solarventi.dk\/se\/kontakt\/partnere\/internationale-partnere\/\" \/>\n<meta property=\"og:locale\" content=\"sv_SE\" \/>\n<meta property=\"og:type\" content=\"article\" \/>\n<meta property=\"og:title\" content=\"Internationale partnere\" \/>\n<meta property=\"og:description\" content=\"Med internationale partnere rundt i verden har du god mulighed for at f\u00e5 en fingre i en SolarVenti | Find info p\u00e5 en forhandler i dit omr\u00e5de\" \/>\n<meta property=\"og:url\" content=\"https:\/\/solarventi.dk\/se\/kontakt\/partnere\/internationale-partnere\/\" \/>\n<meta property=\"og:site_name\" content=\"SolarVenti SVERIGE\" \/>\n<meta property=\"article:publisher\" content=\"https:\/\/facebook.com\/solarventidk\" \/>\n<meta property=\"article:modified_time\" content=\"2024-07-05T16:02:57+00:00\" \/>\n<meta name=\"twitter:card\" content=\"summary_large_image\" \/>\n<meta name=\"twitter:label1\" content=\"Ber\u00e4knad l\u00e4stid\" \/>\n\t<meta name=\"twitter:data1\" content=\"3 minuter\" \/>\n<script type=\"application\/ld+json\" class=\"yoast-schema-graph\">{\"@context\":\"https:\/\/schema.org\",\"@graph\":[{\"@type\":\"WebPage\",\"@id\":\"https:\/\/solarventi.dk\/se\/kontakt\/partnere\/internationale-partnere\/\",\"url\":\"https:\/\/solarventi.dk\/se\/kontakt\/partnere\/internationale-partnere\/\",\"name\":\"Internationale partnere: oversigt af vores forhandlere | SolarVenti\u00ae\",\"isPartOf\":{\"@id\":\"https:\/\/solarventi.dk\/se\/#website\"},\"datePublished\":\"2021-12-20T10:44:21+00:00\",\"dateModified\":\"2024-07-05T16:02:57+00:00\",\"description\":\"Med internationale partnere rundt i verden har du god mulighed for at f\u00e5 en fingre i en SolarVenti | Find info p\u00e5 en forhandler i dit omr\u00e5de\",\"breadcrumb\":{\"@id\":\"https:\/\/solarventi.dk\/se\/kontakt\/partnere\/internationale-partnere\/#breadcrumb\"},\"inLanguage\":\"sv-SE\",\"potentialAction\":[{\"@type\":\"ReadAction\",\"target\":[\"https:\/\/solarventi.dk\/se\/kontakt\/partnere\/internationale-partnere\/\"]}]},{\"@type\":\"BreadcrumbList\",\"@id\":\"https:\/\/solarventi.dk\/se\/kontakt\/partnere\/internationale-partnere\/#breadcrumb\",\"itemListElement\":[{\"@type\":\"ListItem\",\"position\":1,\"name\":\"Forside\",\"item\":\"https:\/\/solarventi.dk\/se\/\"},{\"@type\":\"ListItem\",\"position\":2,\"name\":\"Kontakt\",\"item\":\"https:\/\/solarventi.dk\/se\/kontakt\/\"},{\"@type\":\"ListItem\",\"position\":3,\"name\":\"Partnere\",\"item\":\"https:\/\/solarventi.dk\/se\/kontakt\/partnere\/\"},{\"@type\":\"ListItem\",\"position\":4,\"name\":\"Internationale partnere\"}]},{\"@type\":\"WebSite\",\"@id\":\"https:\/\/solarventi.dk\/se\/#website\",\"url\":\"https:\/\/solarventi.dk\/se\/\",\"name\":\"SolarVenti SVERIGE\",\"description\":\"\",\"publisher\":{\"@id\":\"https:\/\/solarventi.dk\/se\/#organization\"},\"potentialAction\":[{\"@type\":\"SearchAction\",\"target\":{\"@type\":\"EntryPoint\",\"urlTemplate\":\"https:\/\/solarventi.dk\/se\/?s={search_term_string}\"},\"query-input\":{\"@type\":\"PropertyValueSpecification\",\"valueRequired\":true,\"valueName\":\"search_term_string\"}}],\"inLanguage\":\"sv-SE\"},{\"@type\":\"Organization\",\"@id\":\"https:\/\/solarventi.dk\/se\/#organization\",\"name\":\"SolarVenti SVERIGE\",\"url\":\"https:\/\/solarventi.dk\/se\/\",\"logo\":{\"@type\":\"ImageObject\",\"inLanguage\":\"sv-SE\",\"@id\":\"https:\/\/solarventi.dk\/se\/#\/schema\/logo\/image\/\",\"url\":\"https:\/\/solarventi.dk\/se\/wp-content\/uploads\/sites\/10\/2021\/09\/cropped-favicon-6.png\",\"contentUrl\":\"https:\/\/solarventi.dk\/se\/wp-content\/uploads\/sites\/10\/2021\/09\/cropped-favicon-6.png\",\"width\":512,\"height\":512,\"caption\":\"SolarVenti SVERIGE\"},\"image\":{\"@id\":\"https:\/\/solarventi.dk\/se\/#\/schema\/logo\/image\/\"},\"sameAs\":[\"https:\/\/facebook.com\/solarventidk\"]}]}<\/script>\n<!-- \/ Yoast SEO Premium plugin. -->","yoast_head_json":{"title":"Internationale partnere: oversigt af vores forhandlere | SolarVenti\u00ae","description":"Med internationale partnere rundt i verden har du god mulighed for at f\u00e5 en fingre i en SolarVenti | Find info p\u00e5 en forhandler i dit omr\u00e5de","robots":{"index":"index","follow":"follow","max-snippet":"max-snippet:-1","max-image-preview":"max-image-preview:large","max-video-preview":"max-video-preview:-1"},"canonical":"https:\/\/solarventi.dk\/se\/kontakt\/partnere\/internationale-partnere\/","og_locale":"sv_SE","og_type":"article","og_title":"Internationale partnere","og_description":"Med internationale partnere rundt i verden har du god mulighed for at f\u00e5 en fingre i en SolarVenti | Find info p\u00e5 en forhandler i dit omr\u00e5de","og_url":"https:\/\/solarventi.dk\/se\/kontakt\/partnere\/internationale-partnere\/","og_site_name":"SolarVenti SVERIGE","article_publisher":"https:\/\/facebook.com\/solarventidk","article_modified_time":"2024-07-05T16:02:57+00:00","twitter_card":"summary_large_image","twitter_misc":{"Ber\u00e4knad l\u00e4stid":"3 minuter"},"schema":{"@context":"https:\/\/schema.org","@graph":[{"@type":"WebPage","@id":"https:\/\/solarventi.dk\/se\/kontakt\/partnere\/internationale-partnere\/","url":"https:\/\/solarventi.dk\/se\/kontakt\/partnere\/internationale-partnere\/","name":"Internationale partnere: oversigt af vores forhandlere | SolarVenti\u00ae","isPartOf":{"@id":"https:\/\/solarventi.dk\/se\/#website"},"datePublished":"2021-12-20T10:44:21+00:00","dateModified":"2024-07-05T16:02:57+00:00","description":"Med internationale partnere rundt i verden har du god mulighed for at f\u00e5 en fingre i en SolarVenti | Find info p\u00e5 en forhandler i dit omr\u00e5de","breadcrumb":{"@id":"https:\/\/solarventi.dk\/se\/kontakt\/partnere\/internationale-partnere\/#breadcrumb"},"inLanguage":"sv-SE","potentialAction":[{"@type":"ReadAction","target":["https:\/\/solarventi.dk\/se\/kontakt\/partnere\/internationale-partnere\/"]}]},{"@type":"BreadcrumbList","@id":"https:\/\/solarventi.dk\/se\/kontakt\/partnere\/internationale-partnere\/#breadcrumb","itemListElement":[{"@type":"ListItem","position":1,"name":"Forside","item":"https:\/\/solarventi.dk\/se\/"},{"@type":"ListItem","position":2,"name":"Kontakt","item":"https:\/\/solarventi.dk\/se\/kontakt\/"},{"@type":"ListItem","position":3,"name":"Partnere","item":"https:\/\/solarventi.dk\/se\/kontakt\/partnere\/"},{"@type":"ListItem","position":4,"name":"Internationale partnere"}]},{"@type":"WebSite","@id":"https:\/\/solarventi.dk\/se\/#website","url":"https:\/\/solarventi.dk\/se\/","name":"SolarVenti SVERIGE","description":"","publisher":{"@id":"https:\/\/solarventi.dk\/se\/#organization"},"potentialAction":[{"@type":"SearchAction","target":{"@type":"EntryPoint","urlTemplate":"https:\/\/solarventi.dk\/se\/?s={search_term_string}"},"query-input":{"@type":"PropertyValueSpecification","valueRequired":true,"valueName":"search_term_string"}}],"inLanguage":"sv-SE"},{"@type":"Organization","@id":"https:\/\/solarventi.dk\/se\/#organization","name":"SolarVenti SVERIGE","url":"https:\/\/solarventi.dk\/se\/","logo":{"@type":"ImageObject","inLanguage":"sv-SE","@id":"https:\/\/solarventi.dk\/se\/#\/schema\/logo\/image\/","url":"https:\/\/solarventi.dk\/se\/wp-content\/uploads\/sites\/10\/2021\/09\/cropped-favicon-6.png","contentUrl":"https:\/\/solarventi.dk\/se\/wp-content\/uploads\/sites\/10\/2021\/09\/cropped-favicon-6.png","width":512,"height":512,"caption":"SolarVenti SVERIGE"},"image":{"@id":"https:\/\/solarventi.dk\/se\/#\/schema\/logo\/image\/"},"sameAs":["https:\/\/facebook.com\/solarventidk"]}]}},"_links":{"self":[{"href":"https:\/\/solarventi.dk\/se\/wp-json\/wp\/v2\/pages\/4780","targetHints":{"allow":["GET"]}}],"collection":[{"href":"https:\/\/solarventi.dk\/se\/wp-json\/wp\/v2\/pages"}],"about":[{"href":"https:\/\/solarventi.dk\/se\/wp-json\/wp\/v2\/types\/page"}],"author":[{"embeddable":true,"href":"https:\/\/solarventi.dk\/se\/wp-json\/wp\/v2\/users\/1"}],"replies":[{"embeddable":true,"href":"https:\/\/solarventi.dk\/se\/wp-json\/wp\/v2\/comments?post=4780"}],"version-history":[{"count":0,"href":"https:\/\/solarventi.dk\/se\/wp-json\/wp\/v2\/pages\/4780\/revisions"}],"up":[{"embeddable":true,"href":"https:\/\/solarventi.dk\/se\/wp-json\/wp\/v2\/pages\/5556"}],"wp:attachment":[{"href":"https:\/\/solarventi.dk\/se\/wp-json\/wp\/v2\/media?parent=4780"}],"curies":[{"name":"wp","href":"https:\/\/api.w.org\/{rel}","templated":true}]}}