{"id":4655,"date":"2021-12-01T11:05:29","date_gmt":"2021-12-01T10:05:29","guid":{"rendered":"https:\/\/solarventi.dk\/se\/?page_id=4655"},"modified":"2024-08-01T17:53:29","modified_gmt":"2024-08-01T15:53:29","slug":"tilmeld-nyhedsbrev","status":"publish","type":"page","link":"https:\/\/solarventi.dk\/se\/kontakt\/tilmeld-nyhedsbrev\/","title":{"rendered":"Tilmeld nyhedsbrev"},"content":{"rendered":"<div class=\"wpb-content-wrapper\"><p>[vc_row padding_top_multiplier=&#8221;2x&#8221;][vc_column width=&#8221;1\/6&#8243;][\/vc_column][vc_column width=&#8221;2\/3&#8243;][vc_row_inner][vc_column_inner][vc_column_text css=&#8221;&#8221;]<\/p>\n<h4>Ved at tilmelde dig vores nyhedsbrev siger du ja tak til at modtage e-mails fra SolarVenti med nyheder og kampagner.<\/h4>\n<h4>Du kan altid tr\u00e6kke dit samtykke tilbage ved at afmelde nyhedsbrevet.<\/h4>\n<h4>Bem\u00e6rk at du kan tilmelde dig nyhedsbrevet, n\u00e5r du har accepteret cookies.<\/h4>\n<p>[\/vc_column_text][\/vc_column_inner][\/vc_row_inner][vc_row_inner disable_element=&#8221;yes&#8221;][vc_column_inner][vc_column_text css=&#8221;&#8221;]<\/p>\n<h4>Du modtager rabatkoden efter tilmelding og den g\u00e6lder helt frem til den 31. juli 2024. Ved at tilmelde dig vores nyhedsbrev siger du ja tak til at modtage e-mails fra SolarVenti med nyheder og kampagner.<\/h4>\n<h4>Du kan altid tr\u00e6kke dit samtykke tilbage ved at afmelde nyhedsbrevet.<\/h4>\n<h4>Bem\u00e6rk at du kan tilmelde dig nyhedsbrevet, n\u00e5r du har accepteret cookies.<\/h4>\n<p>[\/vc_column_text][\/vc_column_inner][\/vc_row_inner]<div class=\"grve-empty-space grve-height-1x\"><\/div>[vc_raw_html]JTVCY29udGFjdC1mb3JtLTclMjBpZCUzRCUyMjc4MjUlMjIlMjB0aXRsZSUzRCUyMk55aGVkc2JyZXYlMjIlNUQ=[\/vc_raw_html][vc_row_inner disable_element=&#8221;yes&#8221;][vc_column_inner][vc_column_text css=&#8221;&#8221;]<span style=\"font-size: 12pt; color: #808080;\">*G\u00e6lder ikke i forvejen nedsatte varer<\/span>[\/vc_column_text][\/vc_column_inner][\/vc_row_inner][\/vc_column][vc_column width=&#8221;1\/6&#8243;][\/vc_column][\/vc_row]<\/p>\n<\/div>","protected":false},"excerpt":{"rendered":"<p>[vc_row padding_top_multiplier=&#8221;2x&#8221;][vc_column width=&#8221;1\/6&#8243;][\/vc_column][vc_column width=&#8221;2\/3&#8243;][vc_row_inner][vc_column_inner][vc_column_text css=&#8221;&#8221;] Ved at tilmelde dig vores nyhedsbrev siger du ja tak til at modtage e-mails fra SolarVenti med nyheder og kampagner. Du kan altid tr\u00e6kke dit samtykke tilbage ved at afmelde nyhedsbrevet. Bem\u00e6rk at du kan tilmelde dig nyhedsbrevet, n\u00e5r du har accepteret cookies. [\/vc_column_text][\/vc_column_inner][\/vc_row_inner][vc_row_inner disable_element=&#8221;yes&#8221;][vc_column_inner][vc_column_text css=&#8221;&#8221;] Du modtager rabatkoden efter [&hellip;]<\/p>\n","protected":false},"author":1,"featured_media":0,"parent":4191,"menu_order":0,"comment_status":"closed","ping_status":"closed","template":"","meta":{"footnotes":""},"class_list":["post-4655","page","type-page","status-publish","hentry","grve-entry-item"],"yoast_head":"<!-- This site is optimized with the Yoast SEO Premium plugin v25.1 (Yoast SEO v25.1) - https:\/\/yoast.com\/wordpress\/plugins\/seo\/ -->\n<title>Nyhedsbrev | SolarVenti Inspiration | SolarVenti\u00ae<\/title>\n<meta name=\"description\" content=\"Vores nyhedsbrev, SolarVenti Inspiration, holder dig opdateret p\u00e5 alle nyheder, kampagner og gode r\u00e5d fra SolarVenti | Tilmeld dig lige her\" \/>\n<meta name=\"robots\" content=\"noindex, follow\" \/>\n<meta property=\"og:locale\" content=\"sv_SE\" \/>\n<meta property=\"og:type\" content=\"article\" \/>\n<meta property=\"og:title\" content=\"Tilmeld nyhedsbrev\" \/>\n<meta property=\"og:description\" content=\"Vores nyhedsbrev, SolarVenti Inspiration, holder dig opdateret p\u00e5 alle nyheder, kampagner og gode r\u00e5d fra SolarVenti | Tilmeld dig lige her\" \/>\n<meta property=\"og:url\" content=\"https:\/\/solarventi.dk\/se\/kontakt\/tilmeld-nyhedsbrev\/\" \/>\n<meta property=\"og:site_name\" content=\"SolarVenti SVERIGE\" \/>\n<meta property=\"article:publisher\" content=\"https:\/\/facebook.com\/solarventidk\" \/>\n<meta property=\"article:modified_time\" content=\"2024-08-01T15:53:29+00:00\" \/>\n<meta name=\"twitter:card\" content=\"summary_large_image\" \/>\n<meta name=\"twitter:label1\" content=\"Ber\u00e4knad l\u00e4stid\" \/>\n\t<meta name=\"twitter:data1\" content=\"1 minut\" \/>\n<script type=\"application\/ld+json\" class=\"yoast-schema-graph\">{\"@context\":\"https:\/\/schema.org\",\"@graph\":[{\"@type\":\"WebPage\",\"@id\":\"https:\/\/solarventi.dk\/se\/kontakt\/tilmeld-nyhedsbrev\/\",\"url\":\"https:\/\/solarventi.dk\/se\/kontakt\/tilmeld-nyhedsbrev\/\",\"name\":\"Nyhedsbrev | SolarVenti Inspiration | SolarVenti\u00ae\",\"isPartOf\":{\"@id\":\"https:\/\/solarventi.dk\/se\/#website\"},\"datePublished\":\"2021-12-01T10:05:29+00:00\",\"dateModified\":\"2024-08-01T15:53:29+00:00\",\"description\":\"Vores nyhedsbrev, SolarVenti Inspiration, holder dig opdateret p\u00e5 alle nyheder, kampagner og gode r\u00e5d fra SolarVenti | Tilmeld dig lige her\",\"breadcrumb\":{\"@id\":\"https:\/\/solarventi.dk\/se\/kontakt\/tilmeld-nyhedsbrev\/#breadcrumb\"},\"inLanguage\":\"sv-SE\",\"potentialAction\":[{\"@type\":\"ReadAction\",\"target\":[\"https:\/\/solarventi.dk\/se\/kontakt\/tilmeld-nyhedsbrev\/\"]}]},{\"@type\":\"BreadcrumbList\",\"@id\":\"https:\/\/solarventi.dk\/se\/kontakt\/tilmeld-nyhedsbrev\/#breadcrumb\",\"itemListElement\":[{\"@type\":\"ListItem\",\"position\":1,\"name\":\"Forside\",\"item\":\"https:\/\/solarventi.dk\/se\/\"},{\"@type\":\"ListItem\",\"position\":2,\"name\":\"Kontakt\",\"item\":\"https:\/\/solarventi.dk\/se\/kontakt\/\"},{\"@type\":\"ListItem\",\"position\":3,\"name\":\"Tilmeld nyhedsbrev\"}]},{\"@type\":\"WebSite\",\"@id\":\"https:\/\/solarventi.dk\/se\/#website\",\"url\":\"https:\/\/solarventi.dk\/se\/\",\"name\":\"SolarVenti SVERIGE\",\"description\":\"\",\"publisher\":{\"@id\":\"https:\/\/solarventi.dk\/se\/#organization\"},\"potentialAction\":[{\"@type\":\"SearchAction\",\"target\":{\"@type\":\"EntryPoint\",\"urlTemplate\":\"https:\/\/solarventi.dk\/se\/?s={search_term_string}\"},\"query-input\":{\"@type\":\"PropertyValueSpecification\",\"valueRequired\":true,\"valueName\":\"search_term_string\"}}],\"inLanguage\":\"sv-SE\"},{\"@type\":\"Organization\",\"@id\":\"https:\/\/solarventi.dk\/se\/#organization\",\"name\":\"SolarVenti SVERIGE\",\"url\":\"https:\/\/solarventi.dk\/se\/\",\"logo\":{\"@type\":\"ImageObject\",\"inLanguage\":\"sv-SE\",\"@id\":\"https:\/\/solarventi.dk\/se\/#\/schema\/logo\/image\/\",\"url\":\"https:\/\/solarventi.dk\/se\/wp-content\/uploads\/sites\/10\/2021\/09\/cropped-favicon-6.png\",\"contentUrl\":\"https:\/\/solarventi.dk\/se\/wp-content\/uploads\/sites\/10\/2021\/09\/cropped-favicon-6.png\",\"width\":512,\"height\":512,\"caption\":\"SolarVenti SVERIGE\"},\"image\":{\"@id\":\"https:\/\/solarventi.dk\/se\/#\/schema\/logo\/image\/\"},\"sameAs\":[\"https:\/\/facebook.com\/solarventidk\"]}]}<\/script>\n<!-- \/ Yoast SEO Premium plugin. -->","yoast_head_json":{"title":"Nyhedsbrev | SolarVenti Inspiration | SolarVenti\u00ae","description":"Vores nyhedsbrev, SolarVenti Inspiration, holder dig opdateret p\u00e5 alle nyheder, kampagner og gode r\u00e5d fra SolarVenti | Tilmeld dig lige her","robots":{"index":"noindex","follow":"follow"},"og_locale":"sv_SE","og_type":"article","og_title":"Tilmeld nyhedsbrev","og_description":"Vores nyhedsbrev, SolarVenti Inspiration, holder dig opdateret p\u00e5 alle nyheder, kampagner og gode r\u00e5d fra SolarVenti | Tilmeld dig lige her","og_url":"https:\/\/solarventi.dk\/se\/kontakt\/tilmeld-nyhedsbrev\/","og_site_name":"SolarVenti SVERIGE","article_publisher":"https:\/\/facebook.com\/solarventidk","article_modified_time":"2024-08-01T15:53:29+00:00","twitter_card":"summary_large_image","twitter_misc":{"Ber\u00e4knad l\u00e4stid":"1 minut"},"schema":{"@context":"https:\/\/schema.org","@graph":[{"@type":"WebPage","@id":"https:\/\/solarventi.dk\/se\/kontakt\/tilmeld-nyhedsbrev\/","url":"https:\/\/solarventi.dk\/se\/kontakt\/tilmeld-nyhedsbrev\/","name":"Nyhedsbrev | SolarVenti Inspiration | SolarVenti\u00ae","isPartOf":{"@id":"https:\/\/solarventi.dk\/se\/#website"},"datePublished":"2021-12-01T10:05:29+00:00","dateModified":"2024-08-01T15:53:29+00:00","description":"Vores nyhedsbrev, SolarVenti Inspiration, holder dig opdateret p\u00e5 alle nyheder, kampagner og gode r\u00e5d fra SolarVenti | Tilmeld dig lige her","breadcrumb":{"@id":"https:\/\/solarventi.dk\/se\/kontakt\/tilmeld-nyhedsbrev\/#breadcrumb"},"inLanguage":"sv-SE","potentialAction":[{"@type":"ReadAction","target":["https:\/\/solarventi.dk\/se\/kontakt\/tilmeld-nyhedsbrev\/"]}]},{"@type":"BreadcrumbList","@id":"https:\/\/solarventi.dk\/se\/kontakt\/tilmeld-nyhedsbrev\/#breadcrumb","itemListElement":[{"@type":"ListItem","position":1,"name":"Forside","item":"https:\/\/solarventi.dk\/se\/"},{"@type":"ListItem","position":2,"name":"Kontakt","item":"https:\/\/solarventi.dk\/se\/kontakt\/"},{"@type":"ListItem","position":3,"name":"Tilmeld nyhedsbrev"}]},{"@type":"WebSite","@id":"https:\/\/solarventi.dk\/se\/#website","url":"https:\/\/solarventi.dk\/se\/","name":"SolarVenti SVERIGE","description":"","publisher":{"@id":"https:\/\/solarventi.dk\/se\/#organization"},"potentialAction":[{"@type":"SearchAction","target":{"@type":"EntryPoint","urlTemplate":"https:\/\/solarventi.dk\/se\/?s={search_term_string}"},"query-input":{"@type":"PropertyValueSpecification","valueRequired":true,"valueName":"search_term_string"}}],"inLanguage":"sv-SE"},{"@type":"Organization","@id":"https:\/\/solarventi.dk\/se\/#organization","name":"SolarVenti SVERIGE","url":"https:\/\/solarventi.dk\/se\/","logo":{"@type":"ImageObject","inLanguage":"sv-SE","@id":"https:\/\/solarventi.dk\/se\/#\/schema\/logo\/image\/","url":"https:\/\/solarventi.dk\/se\/wp-content\/uploads\/sites\/10\/2021\/09\/cropped-favicon-6.png","contentUrl":"https:\/\/solarventi.dk\/se\/wp-content\/uploads\/sites\/10\/2021\/09\/cropped-favicon-6.png","width":512,"height":512,"caption":"SolarVenti SVERIGE"},"image":{"@id":"https:\/\/solarventi.dk\/se\/#\/schema\/logo\/image\/"},"sameAs":["https:\/\/facebook.com\/solarventidk"]}]}},"_links":{"self":[{"href":"https:\/\/solarventi.dk\/se\/wp-json\/wp\/v2\/pages\/4655","targetHints":{"allow":["GET"]}}],"collection":[{"href":"https:\/\/solarventi.dk\/se\/wp-json\/wp\/v2\/pages"}],"about":[{"href":"https:\/\/solarventi.dk\/se\/wp-json\/wp\/v2\/types\/page"}],"author":[{"embeddable":true,"href":"https:\/\/solarventi.dk\/se\/wp-json\/wp\/v2\/users\/1"}],"replies":[{"embeddable":true,"href":"https:\/\/solarventi.dk\/se\/wp-json\/wp\/v2\/comments?post=4655"}],"version-history":[{"count":0,"href":"https:\/\/solarventi.dk\/se\/wp-json\/wp\/v2\/pages\/4655\/revisions"}],"up":[{"embeddable":true,"href":"https:\/\/solarventi.dk\/se\/wp-json\/wp\/v2\/pages\/4191"}],"wp:attachment":[{"href":"https:\/\/solarventi.dk\/se\/wp-json\/wp\/v2\/media?parent=4655"}],"curies":[{"name":"wp","href":"https:\/\/api.w.org\/{rel}","templated":true}]}}