{"id":4600,"date":"2021-11-22T14:09:20","date_gmt":"2021-11-22T13:09:20","guid":{"rendered":"https:\/\/solarventi.dk\/se\/?page_id=4600"},"modified":"2024-09-11T09:54:32","modified_gmt":"2024-09-11T07:54:32","slug":"fra-fugtig-til-toer-kaelder","status":"publish","type":"page","link":"https:\/\/solarventi.dk\/se\/om-solarventi\/cases\/fra-fugtig-til-toer-kaelder\/","title":{"rendered":"Fra fugtig til t\u00f8r k\u00e6lder"},"content":{"rendered":"<div class=\"wpb-content-wrapper\"><p>[vc_row padding_top_multiplier=&#8221;2x&#8221; padding_bottom_multiplier=&#8221;2x&#8221;][vc_column width=&#8221;4\/12&#8243;]<h2 class=\"grve-element grve-title grve-align-inherit grve-leader-text\"><span>Jag kan absolut rekommendera Solarventi till alla som vill ha en torr k\u00e4llare med frisk luft.<\/span><\/h2>[vc_column_text css=&#8221;&#8221;]<em>Anders Kold, hus\u00e4gare<\/em>[\/vc_column_text][\/vc_column][vc_column width=&#8221;8\/12&#8243;][vc_column_text css=&#8221;&#8221;]En familj med tre aktiva pojkar hade under m\u00e5nga \u00e5r problem med fukt och d\u00e5ligt inomhusklimat i k\u00e4llaren. Efter att ha unders\u00f6kt m\u00e5nga olika alternativ inkl. en fuktstyrd fl\u00e4kt kontaktade familjen Solarventi f\u00f6r att f\u00e5 veta mer om m\u00f6jliga l\u00f6sningar. Familjen hittade en diskret och naturlig plats f\u00f6r panelen p\u00e5 s\u00f6dra sidan av huset och har motsvarat alla f\u00f6rv\u00e4ntningar.<\/p>\n<p>L\u00e4s mer om SolarVentis ventilation f\u00f6r k\u00e4llare<a href=\"https:\/\/solarventi.dk\/se\/loesninger\/kaelder\/\"> h\u00e4r<\/a>.[\/vc_column_text]<div class=\"grve-empty-space grve-height-1x\"><\/div><blockquote class=\"grve-element grve-quote-element grve-align-inherit\"><p>&#8221;Med Solarventi panelet, de to udsugninger og den centrale styring er luftfugtigheden faldet fra 65-70 % til 35-40 % p\u00e5 3 m\u00e5neder. Nu bruger vi de 75 m2 meget mere til alt fra opbevaring, tr\u00e6ning, film p\u00e5 storsk\u00e6rm og game-aftener! S\u00e5 jeg kan helt klart anbefale Solarventi til alle der gerne vil have en t\u00f8r k\u00e6lder med frisk luft \u2013 den bliver hurtigt til en meget mere normal del af hele huset! Herudover har et familiemedlem tidligere f\u00e5et allergisk reaktion efter en halv time i k\u00e6lderen, hvilket er helt forsvundet nu.&#8221;<\/p><\/blockquote><div class=\"grve-empty-space grve-height-1x\"><\/div><div class=\"grve-element grve-image grve-align-center\">\r\n\t<div class=\"grve-image-item\">\r\n\t\t\r\n\r\n<div class=\"grve-image-wrapper grve-no-effect\">\r\n\t\t<div class=\"grve-thumbnail-wrapper\"  style=\"width: 1400px;\"><div class=\"grve-thumbnail\"  style=\"padding-top: 50%;\"><img loading=\"lazy\" decoding=\"async\" width=\"1400\" height=\"700\" src=\"https:\/\/solarventi.dk\/se\/wp-content\/uploads\/sites\/10\/2021\/12\/fra-fugtig-til-toer-kaelder-01.jpg\" class=\"attachment-full size-full grve-lazy-load lazyload\" alt=\"\" data-column-space=\"auto\" data-lazyload=\"\" data-grve-filter=\"yes\" srcset=\"https:\/\/solarventi.dk\/se\/wp-content\/themes\/impeka\/images\/empty\/empty.png\" data-src=\"https:\/\/solarventi.dk\/se\/wp-content\/uploads\/sites\/10\/2021\/12\/fra-fugtig-til-toer-kaelder-01.jpg\" data-sizes=\"auto\" data-srcset=\"https:\/\/solarventi.dk\/se\/wp-content\/uploads\/sites\/10\/2021\/12\/fra-fugtig-til-toer-kaelder-01.jpg 1400w, https:\/\/solarventi.dk\/se\/wp-content\/uploads\/sites\/10\/2021\/12\/fra-fugtig-til-toer-kaelder-01-300x150.jpg 300w, https:\/\/solarventi.dk\/se\/wp-content\/uploads\/sites\/10\/2021\/12\/fra-fugtig-til-toer-kaelder-01-600x300.jpg 600w, https:\/\/solarventi.dk\/se\/wp-content\/uploads\/sites\/10\/2021\/12\/fra-fugtig-til-toer-kaelder-01-1024x512.jpg 1024w, https:\/\/solarventi.dk\/se\/wp-content\/uploads\/sites\/10\/2021\/12\/fra-fugtig-til-toer-kaelder-01-768x384.jpg 768w\" data-expand=\"1\" \/><\/div><\/div>\t<\/div>\r\n\t<\/div>\r\n<\/div>\r\n[\/vc_column][\/vc_row]<\/p>\n<\/div>","protected":false},"excerpt":{"rendered":"<p>[vc_row padding_top_multiplier=&#8221;2x&#8221; padding_bottom_multiplier=&#8221;2x&#8221;][vc_column width=&#8221;4\/12&#8243;][vc_column_text css=&#8221;&#8221;]Anders Kold, hus\u00e4gare[\/vc_column_text][\/vc_column][vc_column width=&#8221;8\/12&#8243;][vc_column_text css=&#8221;&#8221;]En familj med tre aktiva pojkar hade under m\u00e5nga \u00e5r problem med fukt och d\u00e5ligt inomhusklimat i k\u00e4llaren. Efter att ha unders\u00f6kt m\u00e5nga olika alternativ inkl. en fuktstyrd fl\u00e4kt kontaktade familjen Solarventi f\u00f6r att f\u00e5 veta mer om m\u00f6jliga l\u00f6sningar. Familjen hittade en diskret och naturlig plats [&hellip;]<\/p>\n","protected":false},"author":1,"featured_media":4751,"parent":4734,"menu_order":0,"comment_status":"closed","ping_status":"closed","template":"","meta":{"footnotes":""},"class_list":["post-4600","page","type-page","status-publish","has-post-thumbnail","hentry","grve-entry-item"],"yoast_head":"<!-- This site is optimized with the Yoast SEO Premium plugin v25.1 (Yoast SEO v25.1) - https:\/\/yoast.com\/wordpress\/plugins\/seo\/ -->\n<title>En kundber\u00e4ttelse om SolarVenti | Mot d\u00e5ligt inomhusklimat | SolarVenti\u00ae<\/title>\n<meta name=\"description\" content=\"En kundber\u00e4ttelse mot om och d\u00e5ligt inomhusklimat i k\u00e4llaren. Fuktkontrollerad ventilation ger alternativ f\u00f6r fuktig till torr k\u00e4llare p\u00e5 3 m\u00e5nader.\" \/>\n<meta name=\"robots\" content=\"index, follow, max-snippet:-1, max-image-preview:large, max-video-preview:-1\" \/>\n<link rel=\"canonical\" href=\"https:\/\/solarventi.dk\/se\/om-solarventi\/cases\/fra-fugtig-til-toer-kaelder\/\" \/>\n<meta property=\"og:locale\" content=\"sv_SE\" \/>\n<meta property=\"og:type\" content=\"article\" \/>\n<meta property=\"og:title\" content=\"Fra fugtig til t\u00f8r k\u00e6lder\" \/>\n<meta property=\"og:description\" content=\"En kundber\u00e4ttelse mot om och d\u00e5ligt inomhusklimat i k\u00e4llaren. Fuktkontrollerad ventilation ger alternativ f\u00f6r fuktig till torr k\u00e4llare p\u00e5 3 m\u00e5nader.\" \/>\n<meta property=\"og:url\" content=\"https:\/\/solarventi.dk\/se\/om-solarventi\/cases\/fra-fugtig-til-toer-kaelder\/\" \/>\n<meta property=\"og:site_name\" content=\"SolarVenti SVERIGE\" \/>\n<meta property=\"article:publisher\" content=\"https:\/\/facebook.com\/solarventidk\" \/>\n<meta property=\"article:modified_time\" content=\"2024-09-11T07:54:32+00:00\" \/>\n<meta property=\"og:image\" content=\"https:\/\/solarventi.dk\/se\/wp-content\/uploads\/sites\/10\/2021\/12\/fra-fugtig-til-toer-kaelder-01.jpg\" \/>\n\t<meta property=\"og:image:width\" content=\"1400\" \/>\n\t<meta property=\"og:image:height\" content=\"700\" \/>\n\t<meta property=\"og:image:type\" content=\"image\/jpeg\" \/>\n<meta name=\"twitter:card\" content=\"summary_large_image\" \/>\n<meta name=\"twitter:label1\" content=\"Ber\u00e4knad l\u00e4stid\" \/>\n\t<meta name=\"twitter:data1\" content=\"2 minuter\" \/>\n<script type=\"application\/ld+json\" class=\"yoast-schema-graph\">{\"@context\":\"https:\/\/schema.org\",\"@graph\":[{\"@type\":\"WebPage\",\"@id\":\"https:\/\/solarventi.dk\/se\/om-solarventi\/cases\/fra-fugtig-til-toer-kaelder\/\",\"url\":\"https:\/\/solarventi.dk\/se\/om-solarventi\/cases\/fra-fugtig-til-toer-kaelder\/\",\"name\":\"En kundber\u00e4ttelse om SolarVenti | Mot d\u00e5ligt inomhusklimat | SolarVenti\u00ae\",\"isPartOf\":{\"@id\":\"https:\/\/solarventi.dk\/se\/#website\"},\"primaryImageOfPage\":{\"@id\":\"https:\/\/solarventi.dk\/se\/om-solarventi\/cases\/fra-fugtig-til-toer-kaelder\/#primaryimage\"},\"image\":{\"@id\":\"https:\/\/solarventi.dk\/se\/om-solarventi\/cases\/fra-fugtig-til-toer-kaelder\/#primaryimage\"},\"thumbnailUrl\":\"https:\/\/solarventi.dk\/se\/wp-content\/uploads\/sites\/10\/2021\/12\/fra-fugtig-til-toer-kaelder-01.jpg\",\"datePublished\":\"2021-11-22T13:09:20+00:00\",\"dateModified\":\"2024-09-11T07:54:32+00:00\",\"description\":\"En kundber\u00e4ttelse mot om och d\u00e5ligt inomhusklimat i k\u00e4llaren. Fuktkontrollerad ventilation ger alternativ f\u00f6r fuktig till torr k\u00e4llare p\u00e5 3 m\u00e5nader.\",\"breadcrumb\":{\"@id\":\"https:\/\/solarventi.dk\/se\/om-solarventi\/cases\/fra-fugtig-til-toer-kaelder\/#breadcrumb\"},\"inLanguage\":\"sv-SE\",\"potentialAction\":[{\"@type\":\"ReadAction\",\"target\":[\"https:\/\/solarventi.dk\/se\/om-solarventi\/cases\/fra-fugtig-til-toer-kaelder\/\"]}]},{\"@type\":\"ImageObject\",\"inLanguage\":\"sv-SE\",\"@id\":\"https:\/\/solarventi.dk\/se\/om-solarventi\/cases\/fra-fugtig-til-toer-kaelder\/#primaryimage\",\"url\":\"https:\/\/solarventi.dk\/se\/wp-content\/uploads\/sites\/10\/2021\/12\/fra-fugtig-til-toer-kaelder-01.jpg\",\"contentUrl\":\"https:\/\/solarventi.dk\/se\/wp-content\/uploads\/sites\/10\/2021\/12\/fra-fugtig-til-toer-kaelder-01.jpg\",\"width\":1400,\"height\":700},{\"@type\":\"BreadcrumbList\",\"@id\":\"https:\/\/solarventi.dk\/se\/om-solarventi\/cases\/fra-fugtig-til-toer-kaelder\/#breadcrumb\",\"itemListElement\":[{\"@type\":\"ListItem\",\"position\":1,\"name\":\"Forside\",\"item\":\"https:\/\/solarventi.dk\/se\/\"},{\"@type\":\"ListItem\",\"position\":2,\"name\":\"Om SolarVenti\",\"item\":\"https:\/\/solarventi.dk\/se\/om-solarventi\/\"},{\"@type\":\"ListItem\",\"position\":3,\"name\":\"Cases\",\"item\":\"https:\/\/solarventi.dk\/se\/om-solarventi\/cases\/\"},{\"@type\":\"ListItem\",\"position\":4,\"name\":\"Fra fugtig til t\u00f8r k\u00e6lder\"}]},{\"@type\":\"WebSite\",\"@id\":\"https:\/\/solarventi.dk\/se\/#website\",\"url\":\"https:\/\/solarventi.dk\/se\/\",\"name\":\"SolarVenti SVERIGE\",\"description\":\"\",\"publisher\":{\"@id\":\"https:\/\/solarventi.dk\/se\/#organization\"},\"potentialAction\":[{\"@type\":\"SearchAction\",\"target\":{\"@type\":\"EntryPoint\",\"urlTemplate\":\"https:\/\/solarventi.dk\/se\/?s={search_term_string}\"},\"query-input\":{\"@type\":\"PropertyValueSpecification\",\"valueRequired\":true,\"valueName\":\"search_term_string\"}}],\"inLanguage\":\"sv-SE\"},{\"@type\":\"Organization\",\"@id\":\"https:\/\/solarventi.dk\/se\/#organization\",\"name\":\"SolarVenti SVERIGE\",\"url\":\"https:\/\/solarventi.dk\/se\/\",\"logo\":{\"@type\":\"ImageObject\",\"inLanguage\":\"sv-SE\",\"@id\":\"https:\/\/solarventi.dk\/se\/#\/schema\/logo\/image\/\",\"url\":\"https:\/\/solarventi.dk\/se\/wp-content\/uploads\/sites\/10\/2021\/09\/cropped-favicon-6.png\",\"contentUrl\":\"https:\/\/solarventi.dk\/se\/wp-content\/uploads\/sites\/10\/2021\/09\/cropped-favicon-6.png\",\"width\":512,\"height\":512,\"caption\":\"SolarVenti SVERIGE\"},\"image\":{\"@id\":\"https:\/\/solarventi.dk\/se\/#\/schema\/logo\/image\/\"},\"sameAs\":[\"https:\/\/facebook.com\/solarventidk\"]}]}<\/script>\n<!-- \/ Yoast SEO Premium plugin. -->","yoast_head_json":{"title":"En kundber\u00e4ttelse om SolarVenti | Mot d\u00e5ligt inomhusklimat | SolarVenti\u00ae","description":"En kundber\u00e4ttelse mot om och d\u00e5ligt inomhusklimat i k\u00e4llaren. Fuktkontrollerad ventilation ger alternativ f\u00f6r fuktig till torr k\u00e4llare p\u00e5 3 m\u00e5nader.","robots":{"index":"index","follow":"follow","max-snippet":"max-snippet:-1","max-image-preview":"max-image-preview:large","max-video-preview":"max-video-preview:-1"},"canonical":"https:\/\/solarventi.dk\/se\/om-solarventi\/cases\/fra-fugtig-til-toer-kaelder\/","og_locale":"sv_SE","og_type":"article","og_title":"Fra fugtig til t\u00f8r k\u00e6lder","og_description":"En kundber\u00e4ttelse mot om och d\u00e5ligt inomhusklimat i k\u00e4llaren. Fuktkontrollerad ventilation ger alternativ f\u00f6r fuktig till torr k\u00e4llare p\u00e5 3 m\u00e5nader.","og_url":"https:\/\/solarventi.dk\/se\/om-solarventi\/cases\/fra-fugtig-til-toer-kaelder\/","og_site_name":"SolarVenti SVERIGE","article_publisher":"https:\/\/facebook.com\/solarventidk","article_modified_time":"2024-09-11T07:54:32+00:00","og_image":[{"width":1400,"height":700,"url":"https:\/\/solarventi.dk\/se\/wp-content\/uploads\/sites\/10\/2021\/12\/fra-fugtig-til-toer-kaelder-01.jpg","type":"image\/jpeg"}],"twitter_card":"summary_large_image","twitter_misc":{"Ber\u00e4knad l\u00e4stid":"2 minuter"},"schema":{"@context":"https:\/\/schema.org","@graph":[{"@type":"WebPage","@id":"https:\/\/solarventi.dk\/se\/om-solarventi\/cases\/fra-fugtig-til-toer-kaelder\/","url":"https:\/\/solarventi.dk\/se\/om-solarventi\/cases\/fra-fugtig-til-toer-kaelder\/","name":"En kundber\u00e4ttelse om SolarVenti | Mot d\u00e5ligt inomhusklimat | SolarVenti\u00ae","isPartOf":{"@id":"https:\/\/solarventi.dk\/se\/#website"},"primaryImageOfPage":{"@id":"https:\/\/solarventi.dk\/se\/om-solarventi\/cases\/fra-fugtig-til-toer-kaelder\/#primaryimage"},"image":{"@id":"https:\/\/solarventi.dk\/se\/om-solarventi\/cases\/fra-fugtig-til-toer-kaelder\/#primaryimage"},"thumbnailUrl":"https:\/\/solarventi.dk\/se\/wp-content\/uploads\/sites\/10\/2021\/12\/fra-fugtig-til-toer-kaelder-01.jpg","datePublished":"2021-11-22T13:09:20+00:00","dateModified":"2024-09-11T07:54:32+00:00","description":"En kundber\u00e4ttelse mot om och d\u00e5ligt inomhusklimat i k\u00e4llaren. Fuktkontrollerad ventilation ger alternativ f\u00f6r fuktig till torr k\u00e4llare p\u00e5 3 m\u00e5nader.","breadcrumb":{"@id":"https:\/\/solarventi.dk\/se\/om-solarventi\/cases\/fra-fugtig-til-toer-kaelder\/#breadcrumb"},"inLanguage":"sv-SE","potentialAction":[{"@type":"ReadAction","target":["https:\/\/solarventi.dk\/se\/om-solarventi\/cases\/fra-fugtig-til-toer-kaelder\/"]}]},{"@type":"ImageObject","inLanguage":"sv-SE","@id":"https:\/\/solarventi.dk\/se\/om-solarventi\/cases\/fra-fugtig-til-toer-kaelder\/#primaryimage","url":"https:\/\/solarventi.dk\/se\/wp-content\/uploads\/sites\/10\/2021\/12\/fra-fugtig-til-toer-kaelder-01.jpg","contentUrl":"https:\/\/solarventi.dk\/se\/wp-content\/uploads\/sites\/10\/2021\/12\/fra-fugtig-til-toer-kaelder-01.jpg","width":1400,"height":700},{"@type":"BreadcrumbList","@id":"https:\/\/solarventi.dk\/se\/om-solarventi\/cases\/fra-fugtig-til-toer-kaelder\/#breadcrumb","itemListElement":[{"@type":"ListItem","position":1,"name":"Forside","item":"https:\/\/solarventi.dk\/se\/"},{"@type":"ListItem","position":2,"name":"Om SolarVenti","item":"https:\/\/solarventi.dk\/se\/om-solarventi\/"},{"@type":"ListItem","position":3,"name":"Cases","item":"https:\/\/solarventi.dk\/se\/om-solarventi\/cases\/"},{"@type":"ListItem","position":4,"name":"Fra fugtig til t\u00f8r k\u00e6lder"}]},{"@type":"WebSite","@id":"https:\/\/solarventi.dk\/se\/#website","url":"https:\/\/solarventi.dk\/se\/","name":"SolarVenti SVERIGE","description":"","publisher":{"@id":"https:\/\/solarventi.dk\/se\/#organization"},"potentialAction":[{"@type":"SearchAction","target":{"@type":"EntryPoint","urlTemplate":"https:\/\/solarventi.dk\/se\/?s={search_term_string}"},"query-input":{"@type":"PropertyValueSpecification","valueRequired":true,"valueName":"search_term_string"}}],"inLanguage":"sv-SE"},{"@type":"Organization","@id":"https:\/\/solarventi.dk\/se\/#organization","name":"SolarVenti SVERIGE","url":"https:\/\/solarventi.dk\/se\/","logo":{"@type":"ImageObject","inLanguage":"sv-SE","@id":"https:\/\/solarventi.dk\/se\/#\/schema\/logo\/image\/","url":"https:\/\/solarventi.dk\/se\/wp-content\/uploads\/sites\/10\/2021\/09\/cropped-favicon-6.png","contentUrl":"https:\/\/solarventi.dk\/se\/wp-content\/uploads\/sites\/10\/2021\/09\/cropped-favicon-6.png","width":512,"height":512,"caption":"SolarVenti SVERIGE"},"image":{"@id":"https:\/\/solarventi.dk\/se\/#\/schema\/logo\/image\/"},"sameAs":["https:\/\/facebook.com\/solarventidk"]}]}},"_links":{"self":[{"href":"https:\/\/solarventi.dk\/se\/wp-json\/wp\/v2\/pages\/4600","targetHints":{"allow":["GET"]}}],"collection":[{"href":"https:\/\/solarventi.dk\/se\/wp-json\/wp\/v2\/pages"}],"about":[{"href":"https:\/\/solarventi.dk\/se\/wp-json\/wp\/v2\/types\/page"}],"author":[{"embeddable":true,"href":"https:\/\/solarventi.dk\/se\/wp-json\/wp\/v2\/users\/1"}],"replies":[{"embeddable":true,"href":"https:\/\/solarventi.dk\/se\/wp-json\/wp\/v2\/comments?post=4600"}],"version-history":[{"count":0,"href":"https:\/\/solarventi.dk\/se\/wp-json\/wp\/v2\/pages\/4600\/revisions"}],"up":[{"embeddable":true,"href":"https:\/\/solarventi.dk\/se\/wp-json\/wp\/v2\/pages\/4734"}],"wp:featuredmedia":[{"embeddable":true,"href":"https:\/\/solarventi.dk\/se\/wp-json\/wp\/v2\/media\/4751"}],"wp:attachment":[{"href":"https:\/\/solarventi.dk\/se\/wp-json\/wp\/v2\/media?parent=4600"}],"curies":[{"name":"wp","href":"https:\/\/api.w.org\/{rel}","templated":true}]}}