{"id":3254,"date":"2021-10-09T10:49:49","date_gmt":"2021-10-09T08:49:49","guid":{"rendered":"https:\/\/solarventi.dk\/se.linux101.curanetserver.dk\/?page_id=3254"},"modified":"2023-11-02T10:12:54","modified_gmt":"2023-11-02T09:12:54","slug":"case-dit-pulterkammer","status":"publish","type":"page","link":"https:\/\/solarventi.dk\/se\/om-solarventi\/cases\/case-dit-pulterkammer\/","title":{"rendered":"Dit Pulterkammer A\/S"},"content":{"rendered":"<div class=\"wpb-content-wrapper\"><p>[vc_row padding_top_multiplier=&#8221;2x&#8221; padding_bottom_multiplier=&#8221;2x&#8221;][vc_column width=&#8221;4\/12&#8243;]<h2 class=\"grve-element grve-title grve-align-inherit grve-subtitle-text\"><span>Dit Pulterkammer valgte SolarVenti og sparede knap 100.000 kr p\u00e5 varmeregningen<\/span><\/h2>[\/vc_column][vc_column width=&#8221;8\/12&#8243;][vc_column_text]Noget af det vigtigste, en self-storage virksomhed skal have styr p\u00e5, er at styre luftfugtigheden p\u00e5 et opbevaringsanl\u00e6g. Hvis det ikke lykkes, kan det v\u00e6re skadeligt for dine kunders ejendele \u2013 og i sidste ende kan det skade din virksomheds image.[\/vc_column_text]<div class=\"grve-empty-space grve-height-1x\"><\/div><div class=\"grve-element grve-video\"><iframe loading=\"lazy\" title=\"Testimonial af Bjarne Christensen fra Dit Pulterkammer\u00ae\" width=\"1080\" height=\"608\" src=\"https:\/\/www.youtube.com\/embed\/ngecoewqvm0?feature=oembed\" frameborder=\"0\" allow=\"accelerometer; autoplay; clipboard-write; encrypted-media; gyroscope; picture-in-picture\" allowfullscreen><\/iframe><\/div><div class=\"grve-empty-space grve-height-1x\"><\/div>[vc_column_text]Dit Pulterkammer\u00ae s\u00f8ger altid den bedste l\u00f8sning, og derfor valgte de at sige ja tak til det tilbud, som vi pr\u00e6senterede dem for i efter\u00e5ret 2019 og samtidig indg\u00e5 i et test- og udviklingssamarbejde med SolarVenti! SolarVenti l\u00f8sningen stabiliserer luftfugtigheden ved at tilf\u00f8re frisk og t\u00f8r luft, der ventilerer opbevaringshallerne \u2013 det kalder vi bygningens naturlige \u00e5ndedr\u00e6t. Det har tilmed f\u00f8rt til b\u00e5de \u00f8konomiske og energi\u00adm\u00e6ssige besparelser for Dit Pulterkammer.[\/vc_column_text]<div class=\"grve-empty-space grve-height-1x\"><\/div>[vc_column_text]Nu sparer virksomheden massivt p\u00e5 varmeregningen, og Dit Pulterkammer beh\u00f8ver ikke l\u00e6ngere bekymre sig om d\u00e5rligt indeklima og en for h\u00f8j luftfugtighed.<\/p>\n<p>Dit Pulterkammers direkt\u00f8r Bjarne Christensen fremh\u00e6ver, at l\u00f8sningen har v\u00e6ret med til at sikre Dit Pulterkammer gr\u00f8nne tal p\u00e5 s\u00e5vel den \u00f8konomiske som den milj\u00f8m\u00e6ssige bundlinje: \u201dDet virker \u00e6rlig talt sp\u00f8jst, at vi ikke har haft behov for at s\u00e6tte varme p\u00e5 i en periode over ni m\u00e5neder,\u201d udtaler direkt\u00f8ren.[\/vc_column_text]<div class=\"grve-empty-space grve-height-1x\"><\/div><div class=\"grve-element grve-image grve-align-center front-img-padding\">\r\n\t<div class=\"grve-image-item\">\r\n\t\t\r\n\r\n<div class=\"grve-image-wrapper grve-no-effect\">\r\n\t\t<div class=\"grve-thumbnail-wrapper\"  style=\"width: 350px;\"><div class=\"grve-thumbnail\"  style=\"padding-top: 44.857%;\"><img loading=\"lazy\" decoding=\"async\" width=\"350\" height=\"157\" src=\"https:\/\/solarventi.dk\/se\/wp-content\/uploads\/sites\/10\/2021\/09\/solarventi-grafik-front-02.png\" class=\"attachment-full size-full grve-lazy-load lazyload\" alt=\"S\u00e5dan virker SolarVenti ikon\" srcset=\"https:\/\/solarventi.dk\/se\/wp-content\/themes\/impeka\/images\/empty\/empty.png\" data-column-space=\"auto\" data-lazyload=\"\" data-grve-filter=\"yes\" data-src=\"https:\/\/solarventi.dk\/se\/wp-content\/uploads\/sites\/10\/2021\/09\/solarventi-grafik-front-02.png\" data-sizes=\"auto\" data-srcset=\"https:\/\/solarventi.dk\/se\/wp-content\/uploads\/sites\/10\/2021\/09\/solarventi-grafik-front-02.png 1x,https:\/\/solarventi.dk\/se\/wp-content\/uploads\/sites\/10\/2021\/09\/solarventi-grafik-front-retina-01.png 2x\" data-expand=\"1\" \/><\/div><\/div>\t<\/div>\r\n\t<\/div>\r\n<\/div>\r\n[vc_row_inner padding_top_multiplier=&#8221;custom&#8221; padding_top=&#8221;40px&#8221;][vc_column_inner width=&#8221;1\/3&#8243; text_align=&#8221;center&#8221;]<h3 class=\"grve-element grve-title grve-align-inherit grve-h3\"><span>ROI &lt; 5 \u00e5r<\/span><\/h3>[vc_column_text]efter optimering af energiforbruget med SolarVenti Erhverv \u2013 fordi effektivitet og pris h\u00e6nger sammen.[\/vc_column_text][\/vc_column_inner][vc_column_inner width=&#8221;1\/3&#8243; text_align=&#8221;center&#8221;]<h3 class=\"grve-element grve-title grve-align-inherit grve-h3\"><span>70% besparelse<\/span><\/h3>[vc_column_text]p\u00e5 energiforbrug i 2020 og dermed store besparelser p\u00e5 bundlinjen.[\/vc_column_text][\/vc_column_inner][vc_column_inner width=&#8221;1\/3&#8243; text_align=&#8221;center&#8221;]<h3 class=\"grve-element grve-title grve-align-inherit grve-h3\"><span>Gr\u00f8nnere profil<\/span><\/h3>[vc_column_text]fordi SolarVenti er b\u00e6re\u00addygtig ventilation som reducerer CO<sub>2<\/sub> belastningen betragteligt.[\/vc_column_text][\/vc_column_inner][\/vc_row_inner][\/vc_column][\/vc_row][vc_row padding_top_multiplier=&#8221;2x&#8221; padding_bottom_multiplier=&#8221;2x&#8221; rc_bg_type=&#8221;color&#8221; columns_gap=&#8221;50&#8243; rc_bg_color=&#8221;#e9f2fc&#8221;][vc_column width=&#8221;1\/3&#8243; vertical_content_position=&#8221;bottom&#8221;]<h2 class=\"grve-element grve-title grve-align-inherit grve-h2\" style=\"margin-bottom: 20px;\"><span>Forskellen med SolarVenti Erhverv<\/span><\/h2>[vc_column_text]<\/p>\n<ul>\n<li>I marts \u201820 slukkede vi for varmen og f\u00f8rst i januar \u201821 t\u00e6ndte vi igen<\/li>\n<li>Vi har holdt vores fugtniveau nede helt uden at tilf\u00f8re varme<\/li>\n<\/ul>\n<p>[\/vc_column_text][\/vc_column][vc_column width=&#8221;2\/3&#8243;]<div class=\"grve-element grve-image grve-align-center grve-light-gallery\">\r\n\t<div class=\"grve-image-item\">\r\n\t\t\r\n\r\n<div class=\"grve-image-wrapper grve-no-effect\">\r\n\t\t<a class=\"grve-item-url\" href=\"https:\/\/solarventi.dk\/se\/wp-content\/uploads\/sites\/10\/2021\/09\/solarventi-forskellen-graf-dpk-retina-01-1024x366.png\"><span class=\"screen-reader-text\">More<\/span><\/a>\t\t<div class=\"grve-thumbnail-wrapper\"  style=\"width: 852px;\"><div class=\"grve-thumbnail\"  style=\"padding-top: 35.681%;\"><img loading=\"lazy\" decoding=\"async\" width=\"852\" height=\"304\" src=\"https:\/\/solarventi.dk\/se\/wp-content\/uploads\/sites\/10\/2021\/09\/solarventi-forskellen-graf-dpk-01.png\" class=\"attachment-full size-full grve-lazy-load lazyload\" alt=\"SolarVenti resultater fra Dit Pulterkammer\" srcset=\"https:\/\/solarventi.dk\/se\/wp-content\/themes\/impeka\/images\/empty\/empty.png\" data-column-space=\"auto\" data-lazyload=\"\" data-grve-filter=\"yes\" data-src=\"https:\/\/solarventi.dk\/se\/wp-content\/uploads\/sites\/10\/2021\/09\/solarventi-forskellen-graf-dpk-01.png\" data-sizes=\"auto\" data-srcset=\"https:\/\/solarventi.dk\/se\/wp-content\/uploads\/sites\/10\/2021\/09\/solarventi-forskellen-graf-dpk-01.png 1x,https:\/\/solarventi.dk\/se\/wp-content\/uploads\/sites\/10\/2021\/09\/solarventi-forskellen-graf-dpk-retina-01.png 2x\" data-expand=\"1\" \/><\/div><\/div>\t<\/div>\r\n\t<\/div>\r\n<\/div>\r\n[\/vc_column][\/vc_row][vc_row padding_top_multiplier=&#8221;2x&#8221; padding_bottom_multiplier=&#8221;2x&#8221; columns_gap=&#8221;60&#8243;][vc_column width=&#8221;8\/12&#8243; tablet_sm_width=&#8221;1&#8243; mobile_width=&#8221;1&#8243;][vc_column_text]<\/p>\n<p class=\"p1\">De 11 kaloriferer, som Dit Pulterkammer tidligere benyttede for at sikre den korrekte temperatur og relative luft\u00ad\u00adfug\u00adtig\u00adhed, blev sat ud af drift indtil vinterm\u00e5nederne. SolarVenti l\u00f8sningen sikrer, at der bliver holdt en konstant luftfugtighed.<\/p>\n<p class=\"p1\">Dit Pulterkammers kaloriferer blev sat til igen i l\u00f8bet af de helt kolde m\u00e5neder, da temperaturen blev for lav i forhold til kundernes komfort. Dit Pulterkammer har vist, hvilke muligheder, der er for de selskaber, der v\u00e6lger at investere i soldrevet ventilation fra SolarVenti. Der er massive besparelser i vente b\u00e5de p\u00e5 den \u00f8konomiske og den milj\u00f8m\u00e6ssige bundlinje.<\/p>\n<p class=\"p1\">SolarVenti er en trov\u00e6rdig samarbejdspartner \u2013 vi har over +30 \u00e5rs erfaring inden for faget. Din virksomhed kan v\u00e6re tryg ved, at vi har den n\u00f8dvendige eksperterfaring, der skal til for at skabe gode og holdbare l\u00f8sninger. Vi er med til at sikre virksomheder en gr\u00f8nnere profil!<\/p>\n<p class=\"p1\">Hvis du er interesseret i at h\u00f8re mere, skal du v\u00e6re velkommen til at kontakte os allerede i dag. Du kan ringe direkte til Thomas Riis p\u00e5\u00a0<a href=\"tel:+4522645808\">22645808<\/a>\u00a0eller sende en mail til\u00a0<a href=\"mailto:tr@solarventi.dk\">tr@solarventi.dk<\/a>.<\/p>\n<p>[\/vc_column_text][\/vc_column][vc_column width=&#8221;4\/12&#8243; text_align=&#8221;center&#8221; tablet_sm_width=&#8221;hide&#8221; mobile_width=&#8221;hide&#8221; rc_font_color=&#8221;#0e376d&#8221; el_class=&#8221;vd-custom-quote&#8221;]<div class=\"grve-element grve-title grve-align-inherit grve-h1 grve-custom-font-1 grve-increase-heading grve-heading-180\" style=\"margin-bottom: 0px;\"><span>70%<\/span><\/div>[vc_column_text]SolarVenti Erhverv har v\u00e6ret en stor gevinst for Dit Pulterkammer, der i 2020 sparede 70% p\u00e5 energiforbruget og dermed ogs\u00e5 p\u00e5 CO<sub>2<\/sub>-udledningen.[\/vc_column_text][\/vc_column][\/vc_row]<\/p>\n<\/div>","protected":false},"excerpt":{"rendered":"<p>[vc_row padding_top_multiplier=&#8221;2x&#8221; padding_bottom_multiplier=&#8221;2x&#8221;][vc_column width=&#8221;4\/12&#8243;][\/vc_column][vc_column width=&#8221;8\/12&#8243;][vc_column_text]Noget af det vigtigste, en self-storage virksomhed skal have styr p\u00e5, er at styre luftfugtigheden p\u00e5 et opbevaringsanl\u00e6g. Hvis det ikke lykkes, kan det v\u00e6re skadeligt for dine kunders ejendele \u2013 og i sidste ende kan det skade din virksomheds image.[\/vc_column_text][vc_column_text]Dit Pulterkammer\u00ae s\u00f8ger altid den bedste l\u00f8sning, og derfor valgte de [&hellip;]<\/p>\n","protected":false},"author":1,"featured_media":3875,"parent":4734,"menu_order":0,"comment_status":"closed","ping_status":"closed","template":"","meta":{"footnotes":""},"class_list":["post-3254","page","type-page","status-publish","has-post-thumbnail","hentry","grve-entry-item"],"yoast_head":"<!-- This site is optimized with the Yoast SEO Premium plugin v25.1 (Yoast SEO v25.1) - https:\/\/yoast.com\/wordpress\/plugins\/seo\/ -->\n<title>Dit Pulterkammer x SolarVenti | Opn\u00e5 gevinst for \u00f8konomi og milj\u00f8<\/title>\n<meta name=\"description\" content=\"Dit Pulterkammer f\u00e5r stabiliseret luftfugtigheden ved at tilf\u00f8re frisk og t\u00f8r luft, der ventilerer \u2013 det giver bygningens naturlige \u00e5ndedr\u00e6t\" \/>\n<meta name=\"robots\" content=\"index, follow, max-snippet:-1, max-image-preview:large, max-video-preview:-1\" \/>\n<link rel=\"canonical\" href=\"https:\/\/solarventi.dk\/se\/om-solarventi\/cases\/case-dit-pulterkammer\/\" \/>\n<meta property=\"og:locale\" content=\"sv_SE\" \/>\n<meta property=\"og:type\" content=\"article\" \/>\n<meta property=\"og:title\" content=\"Dit Pulterkammer A\/S\" \/>\n<meta property=\"og:description\" content=\"Dit Pulterkammer f\u00e5r stabiliseret luftfugtigheden ved at tilf\u00f8re frisk og t\u00f8r luft, der ventilerer \u2013 det giver bygningens naturlige \u00e5ndedr\u00e6t\" \/>\n<meta property=\"og:url\" content=\"https:\/\/solarventi.dk\/se\/om-solarventi\/cases\/case-dit-pulterkammer\/\" \/>\n<meta property=\"og:site_name\" content=\"SolarVenti SVERIGE\" \/>\n<meta property=\"article:publisher\" content=\"https:\/\/facebook.com\/solarventidk\" \/>\n<meta property=\"article:modified_time\" content=\"2023-11-02T09:12:54+00:00\" \/>\n<meta property=\"og:image\" content=\"https:\/\/solarventi.dk\/se\/wp-content\/uploads\/sites\/10\/2021\/10\/solarventi-top-erhverv-case-dpk-02.jpg\" \/>\n\t<meta property=\"og:image:width\" content=\"1400\" \/>\n\t<meta property=\"og:image:height\" content=\"700\" \/>\n\t<meta property=\"og:image:type\" content=\"image\/jpeg\" \/>\n<meta name=\"twitter:card\" content=\"summary_large_image\" \/>\n<meta name=\"twitter:label1\" content=\"Ber\u00e4knad l\u00e4stid\" \/>\n\t<meta name=\"twitter:data1\" content=\"3 minuter\" \/>\n<script type=\"application\/ld+json\" class=\"yoast-schema-graph\">{\"@context\":\"https:\/\/schema.org\",\"@graph\":[{\"@type\":\"WebPage\",\"@id\":\"https:\/\/solarventi.dk\/se\/om-solarventi\/cases\/case-dit-pulterkammer\/\",\"url\":\"https:\/\/solarventi.dk\/se\/om-solarventi\/cases\/case-dit-pulterkammer\/\",\"name\":\"Dit Pulterkammer x SolarVenti | Opn\u00e5 gevinst for \u00f8konomi og milj\u00f8\",\"isPartOf\":{\"@id\":\"https:\/\/solarventi.dk\/se\/#website\"},\"primaryImageOfPage\":{\"@id\":\"https:\/\/solarventi.dk\/se\/om-solarventi\/cases\/case-dit-pulterkammer\/#primaryimage\"},\"image\":{\"@id\":\"https:\/\/solarventi.dk\/se\/om-solarventi\/cases\/case-dit-pulterkammer\/#primaryimage\"},\"thumbnailUrl\":\"https:\/\/solarventi.dk\/se\/wp-content\/uploads\/sites\/10\/2021\/10\/solarventi-top-erhverv-case-dpk-02.jpg\",\"datePublished\":\"2021-10-09T08:49:49+00:00\",\"dateModified\":\"2023-11-02T09:12:54+00:00\",\"description\":\"Dit Pulterkammer f\u00e5r stabiliseret luftfugtigheden ved at tilf\u00f8re frisk og t\u00f8r luft, der ventilerer \u2013 det giver bygningens naturlige \u00e5ndedr\u00e6t\",\"breadcrumb\":{\"@id\":\"https:\/\/solarventi.dk\/se\/om-solarventi\/cases\/case-dit-pulterkammer\/#breadcrumb\"},\"inLanguage\":\"sv-SE\",\"potentialAction\":[{\"@type\":\"ReadAction\",\"target\":[\"https:\/\/solarventi.dk\/se\/om-solarventi\/cases\/case-dit-pulterkammer\/\"]}]},{\"@type\":\"ImageObject\",\"inLanguage\":\"sv-SE\",\"@id\":\"https:\/\/solarventi.dk\/se\/om-solarventi\/cases\/case-dit-pulterkammer\/#primaryimage\",\"url\":\"https:\/\/solarventi.dk\/se\/wp-content\/uploads\/sites\/10\/2021\/10\/solarventi-top-erhverv-case-dpk-02.jpg\",\"contentUrl\":\"https:\/\/solarventi.dk\/se\/wp-content\/uploads\/sites\/10\/2021\/10\/solarventi-top-erhverv-case-dpk-02.jpg\",\"width\":1400,\"height\":700,\"caption\":\"SolarVenti Erhverv's ventilationsl\u00f8sning tilf\u00f8rer frisk og t\u00f8r luft til Dit Pulterkammer\"},{\"@type\":\"BreadcrumbList\",\"@id\":\"https:\/\/solarventi.dk\/se\/om-solarventi\/cases\/case-dit-pulterkammer\/#breadcrumb\",\"itemListElement\":[{\"@type\":\"ListItem\",\"position\":1,\"name\":\"Forside\",\"item\":\"https:\/\/solarventi.dk\/se\/\"},{\"@type\":\"ListItem\",\"position\":2,\"name\":\"Om SolarVenti\",\"item\":\"https:\/\/solarventi.dk\/se\/om-solarventi\/\"},{\"@type\":\"ListItem\",\"position\":3,\"name\":\"Cases\",\"item\":\"https:\/\/solarventi.dk\/se\/om-solarventi\/cases\/\"},{\"@type\":\"ListItem\",\"position\":4,\"name\":\"Dit Pulterkammer A\/S\"}]},{\"@type\":\"WebSite\",\"@id\":\"https:\/\/solarventi.dk\/se\/#website\",\"url\":\"https:\/\/solarventi.dk\/se\/\",\"name\":\"SolarVenti SVERIGE\",\"description\":\"\",\"publisher\":{\"@id\":\"https:\/\/solarventi.dk\/se\/#organization\"},\"potentialAction\":[{\"@type\":\"SearchAction\",\"target\":{\"@type\":\"EntryPoint\",\"urlTemplate\":\"https:\/\/solarventi.dk\/se\/?s={search_term_string}\"},\"query-input\":{\"@type\":\"PropertyValueSpecification\",\"valueRequired\":true,\"valueName\":\"search_term_string\"}}],\"inLanguage\":\"sv-SE\"},{\"@type\":\"Organization\",\"@id\":\"https:\/\/solarventi.dk\/se\/#organization\",\"name\":\"SolarVenti SVERIGE\",\"url\":\"https:\/\/solarventi.dk\/se\/\",\"logo\":{\"@type\":\"ImageObject\",\"inLanguage\":\"sv-SE\",\"@id\":\"https:\/\/solarventi.dk\/se\/#\/schema\/logo\/image\/\",\"url\":\"https:\/\/solarventi.dk\/se\/wp-content\/uploads\/sites\/10\/2021\/09\/cropped-favicon-6.png\",\"contentUrl\":\"https:\/\/solarventi.dk\/se\/wp-content\/uploads\/sites\/10\/2021\/09\/cropped-favicon-6.png\",\"width\":512,\"height\":512,\"caption\":\"SolarVenti SVERIGE\"},\"image\":{\"@id\":\"https:\/\/solarventi.dk\/se\/#\/schema\/logo\/image\/\"},\"sameAs\":[\"https:\/\/facebook.com\/solarventidk\"]}]}<\/script>\n<!-- \/ Yoast SEO Premium plugin. -->","yoast_head_json":{"title":"Dit Pulterkammer x SolarVenti | Opn\u00e5 gevinst for \u00f8konomi og milj\u00f8","description":"Dit Pulterkammer f\u00e5r stabiliseret luftfugtigheden ved at tilf\u00f8re frisk og t\u00f8r luft, der ventilerer \u2013 det giver bygningens naturlige \u00e5ndedr\u00e6t","robots":{"index":"index","follow":"follow","max-snippet":"max-snippet:-1","max-image-preview":"max-image-preview:large","max-video-preview":"max-video-preview:-1"},"canonical":"https:\/\/solarventi.dk\/se\/om-solarventi\/cases\/case-dit-pulterkammer\/","og_locale":"sv_SE","og_type":"article","og_title":"Dit Pulterkammer A\/S","og_description":"Dit Pulterkammer f\u00e5r stabiliseret luftfugtigheden ved at tilf\u00f8re frisk og t\u00f8r luft, der ventilerer \u2013 det giver bygningens naturlige \u00e5ndedr\u00e6t","og_url":"https:\/\/solarventi.dk\/se\/om-solarventi\/cases\/case-dit-pulterkammer\/","og_site_name":"SolarVenti SVERIGE","article_publisher":"https:\/\/facebook.com\/solarventidk","article_modified_time":"2023-11-02T09:12:54+00:00","og_image":[{"width":1400,"height":700,"url":"https:\/\/solarventi.dk\/se\/wp-content\/uploads\/sites\/10\/2021\/10\/solarventi-top-erhverv-case-dpk-02.jpg","type":"image\/jpeg"}],"twitter_card":"summary_large_image","twitter_misc":{"Ber\u00e4knad l\u00e4stid":"3 minuter"},"schema":{"@context":"https:\/\/schema.org","@graph":[{"@type":"WebPage","@id":"https:\/\/solarventi.dk\/se\/om-solarventi\/cases\/case-dit-pulterkammer\/","url":"https:\/\/solarventi.dk\/se\/om-solarventi\/cases\/case-dit-pulterkammer\/","name":"Dit Pulterkammer x SolarVenti | Opn\u00e5 gevinst for \u00f8konomi og milj\u00f8","isPartOf":{"@id":"https:\/\/solarventi.dk\/se\/#website"},"primaryImageOfPage":{"@id":"https:\/\/solarventi.dk\/se\/om-solarventi\/cases\/case-dit-pulterkammer\/#primaryimage"},"image":{"@id":"https:\/\/solarventi.dk\/se\/om-solarventi\/cases\/case-dit-pulterkammer\/#primaryimage"},"thumbnailUrl":"https:\/\/solarventi.dk\/se\/wp-content\/uploads\/sites\/10\/2021\/10\/solarventi-top-erhverv-case-dpk-02.jpg","datePublished":"2021-10-09T08:49:49+00:00","dateModified":"2023-11-02T09:12:54+00:00","description":"Dit Pulterkammer f\u00e5r stabiliseret luftfugtigheden ved at tilf\u00f8re frisk og t\u00f8r luft, der ventilerer \u2013 det giver bygningens naturlige \u00e5ndedr\u00e6t","breadcrumb":{"@id":"https:\/\/solarventi.dk\/se\/om-solarventi\/cases\/case-dit-pulterkammer\/#breadcrumb"},"inLanguage":"sv-SE","potentialAction":[{"@type":"ReadAction","target":["https:\/\/solarventi.dk\/se\/om-solarventi\/cases\/case-dit-pulterkammer\/"]}]},{"@type":"ImageObject","inLanguage":"sv-SE","@id":"https:\/\/solarventi.dk\/se\/om-solarventi\/cases\/case-dit-pulterkammer\/#primaryimage","url":"https:\/\/solarventi.dk\/se\/wp-content\/uploads\/sites\/10\/2021\/10\/solarventi-top-erhverv-case-dpk-02.jpg","contentUrl":"https:\/\/solarventi.dk\/se\/wp-content\/uploads\/sites\/10\/2021\/10\/solarventi-top-erhverv-case-dpk-02.jpg","width":1400,"height":700,"caption":"SolarVenti Erhverv's ventilationsl\u00f8sning tilf\u00f8rer frisk og t\u00f8r luft til Dit Pulterkammer"},{"@type":"BreadcrumbList","@id":"https:\/\/solarventi.dk\/se\/om-solarventi\/cases\/case-dit-pulterkammer\/#breadcrumb","itemListElement":[{"@type":"ListItem","position":1,"name":"Forside","item":"https:\/\/solarventi.dk\/se\/"},{"@type":"ListItem","position":2,"name":"Om SolarVenti","item":"https:\/\/solarventi.dk\/se\/om-solarventi\/"},{"@type":"ListItem","position":3,"name":"Cases","item":"https:\/\/solarventi.dk\/se\/om-solarventi\/cases\/"},{"@type":"ListItem","position":4,"name":"Dit Pulterkammer A\/S"}]},{"@type":"WebSite","@id":"https:\/\/solarventi.dk\/se\/#website","url":"https:\/\/solarventi.dk\/se\/","name":"SolarVenti SVERIGE","description":"","publisher":{"@id":"https:\/\/solarventi.dk\/se\/#organization"},"potentialAction":[{"@type":"SearchAction","target":{"@type":"EntryPoint","urlTemplate":"https:\/\/solarventi.dk\/se\/?s={search_term_string}"},"query-input":{"@type":"PropertyValueSpecification","valueRequired":true,"valueName":"search_term_string"}}],"inLanguage":"sv-SE"},{"@type":"Organization","@id":"https:\/\/solarventi.dk\/se\/#organization","name":"SolarVenti SVERIGE","url":"https:\/\/solarventi.dk\/se\/","logo":{"@type":"ImageObject","inLanguage":"sv-SE","@id":"https:\/\/solarventi.dk\/se\/#\/schema\/logo\/image\/","url":"https:\/\/solarventi.dk\/se\/wp-content\/uploads\/sites\/10\/2021\/09\/cropped-favicon-6.png","contentUrl":"https:\/\/solarventi.dk\/se\/wp-content\/uploads\/sites\/10\/2021\/09\/cropped-favicon-6.png","width":512,"height":512,"caption":"SolarVenti SVERIGE"},"image":{"@id":"https:\/\/solarventi.dk\/se\/#\/schema\/logo\/image\/"},"sameAs":["https:\/\/facebook.com\/solarventidk"]}]}},"_links":{"self":[{"href":"https:\/\/solarventi.dk\/se\/wp-json\/wp\/v2\/pages\/3254","targetHints":{"allow":["GET"]}}],"collection":[{"href":"https:\/\/solarventi.dk\/se\/wp-json\/wp\/v2\/pages"}],"about":[{"href":"https:\/\/solarventi.dk\/se\/wp-json\/wp\/v2\/types\/page"}],"author":[{"embeddable":true,"href":"https:\/\/solarventi.dk\/se\/wp-json\/wp\/v2\/users\/1"}],"replies":[{"embeddable":true,"href":"https:\/\/solarventi.dk\/se\/wp-json\/wp\/v2\/comments?post=3254"}],"version-history":[{"count":0,"href":"https:\/\/solarventi.dk\/se\/wp-json\/wp\/v2\/pages\/3254\/revisions"}],"up":[{"embeddable":true,"href":"https:\/\/solarventi.dk\/se\/wp-json\/wp\/v2\/pages\/4734"}],"wp:featuredmedia":[{"embeddable":true,"href":"https:\/\/solarventi.dk\/se\/wp-json\/wp\/v2\/media\/3875"}],"wp:attachment":[{"href":"https:\/\/solarventi.dk\/se\/wp-json\/wp\/v2\/media?parent=3254"}],"curies":[{"name":"wp","href":"https:\/\/api.w.org\/{rel}","templated":true}]}}