{"id":2719,"date":"2021-09-29T13:09:54","date_gmt":"2021-09-29T11:09:54","guid":{"rendered":"https:\/\/solarventi.dk\/se.linux101.curanetserver.dk\/?page_id=2719"},"modified":"2022-08-25T10:24:09","modified_gmt":"2022-08-25T08:24:09","slug":"hvem-er-solarventi","status":"publish","type":"page","link":"https:\/\/solarventi.dk\/se\/om-solarventi\/hvem-er-solarventi\/","title":{"rendered":"Hvem er SolarVenti"},"content":{"rendered":"<div class=\"wpb-content-wrapper\"><p>[vc_row padding_top_multiplier=&#8221;2x&#8221; padding_bottom_multiplier=&#8221;2x&#8221;][vc_column width=&#8221;4\/12&#8243;]<div class=\"grve-element grve-title grve-align-inherit grve-subtitle-text\"><span>SolarVenti produce\u00adrer soldrevet ventilation i Danmark, men skaber sundt inde\u00adklima i hele verden.<\/span><\/div>[\/vc_column][vc_column width=&#8221;8\/12&#8243;][vc_column_text]<\/p>\n<p class=\"p1\">SolarVenti er en familieejet virksomhed, der siden 1981 har holdt til i Thors\u00f8, Danmark. Her udvikler, tester, og fremstiller vi soldrevet ventilation til hele verden &#8211; dette er ogs\u00e5 kaldet solventilation.<\/p>\n<p>[\/vc_column_text]<div style=\"height: 20px;\" class=\"grve-empty-space\"><\/div><div class=\"grve-element grve-video\"><iframe loading=\"lazy\" title=\"Production site - SolarVenti A\/S\" width=\"1080\" height=\"608\" src=\"https:\/\/www.youtube.com\/embed\/paogg4rljO4?feature=oembed\" frameborder=\"0\" allow=\"accelerometer; autoplay; clipboard-write; encrypted-media; gyroscope; picture-in-picture\" allowfullscreen><\/iframe><\/div><div style=\"height: 20px;\" class=\"grve-empty-space\"><\/div>[vc_column_text]<\/p>\n<p class=\"p1\">Vi interesserer os for den luft vi ind\u00e5nder, og vi ved hvor vigtig den er for sundhed, indl\u00e6ring, produktivitet og livskvalitet. Derfor er det vores ambition at skabe et naturligt sundt indeklima med soldrevet ventilation. S\u00e5 g\u00f8r vi nemlig samtidig noget godt for milj\u00f8et og vores f\u00e6lles fremtid.<\/p>\n<p>[\/vc_column_text]<div style=\"height: 20px;\" class=\"grve-empty-space\"><\/div><div class=\"grve-element grve-align-left\"><a href=\"https:\/\/solarventi.dk\/se\/om-solarventi\/solarventi-og-co2-aftryk\/\" title=\"SolarVenti og CO2-aftryk\" class=\"grve-btn-text grve-btn-only-text grve-text-primary-1 grve-text-hover-black grve-btn-medium grve-with-icon\">\r\n\t\t<div class=\"grve-btn-inner\">\r\n\t\t<span>L\u00e6s mere<\/span>\r\n\t\t\t\t\t\t\t<div class=\"grve-btn-icon\">\r\n\t\t\t<span class=\"grve-icon fas fa-chevron-circle-right\"><\/span>\r\n\t\t<\/div>\r\n\t\t\t\t\t<\/div>\r\n\t<\/a><\/div><div class=\"grve-empty-space grve-height-1x\"><\/div>[vc_column_text]<\/p>\n<p class=\"p1\">Gennem \u00e5rene har vi opbygget en unik viden og erfaring med effektiv solventilation, og samarbejder derfor med universiteter, l\u00e6reanstalter og eksperter i b\u00e5de ind- og udland. Ved hj\u00e6lp af test, forskning og uendelige m\u00e6ngder af solens str\u00e5ler, har vi forst\u00e5et hvordan man bedst udnytter de fysiske love sammen med intelligent styring, til at skabe et sundt indeklima. Vi har skabt b\u00e6redygtige l\u00f8sninger til alt fra skoler til sommerhuse og fra k\u00e6ldre til lagerhaller.<\/p>\n<p>[\/vc_column_text]<div class=\"grve-empty-space grve-height-1x\"><\/div>[vc_column_text]<\/p>\n<p class=\"p1\">I mere end 30 \u00e5r har vi haft fokus p\u00e5 at udvikle og fremstille effektiv solventilation, der b\u00e5de sikrer et godt indeklima og skaber plus p\u00e5 den \u00f8konomiske og milj\u00f8m\u00e6ssige bundlinje. Det er vi lykkedes med, og det vidner tilfredse kunder i alle klimazoner fra Gr\u00f8nland til New Zealand om.<\/p>\n<p class=\"p1\">Vi kalder vores ventilation for SolarVenti.<\/p>\n<p>[\/vc_column_text][\/vc_column][\/vc_row][vc_row section_type=&#8221;fullwidth&#8221; padding_top_multiplier=&#8221;&#8221; padding_bottom_multiplier=&#8221;&#8221; rc_bg_type=&#8221;color&#8221; rc_bg_color=&#8221;#e9f2fc&#8221;][vc_column width=&#8221;1\/2&#8243; vertical_content_position=&#8221;middle&#8221; full_height=&#8221;yes&#8221; text_align=&#8221;center&#8221; rc_bg_type=&#8221;image&#8221; rc_bg_image=&#8221;4116&#8243;]<div style=\"height: 300px;\" class=\"grve-empty-space\"><\/div>[\/vc_column][vc_column width=&#8221;1\/2&#8243; content_width=&#8221;custom&#8221; vertical_content_position=&#8221;middle&#8221; grve_css=&#8221;{&#8221;desktop&#8221;:{&#8221;padding-top&#8221;:&#8221;10%&#8221;,&#8221;padding-right&#8221;:&#8221;15%&#8221;,&#8221;padding-bottom&#8221;:&#8221;10%&#8221;,&#8221;padding-left&#8221;:&#8221;15%&#8221;,&#8221;class&#8221;:&#8221;grve-wpb-1632132194296&#8221;}}&#8221; el_class=&#8221;no-column-gap&#8221; custom_content_width=&#8221;400px&#8221;]<h3 class=\"grve-element grve-title grve-align-inherit grve-h3\"><span>Har du sp\u00f8rgsm\u00e5l hj\u00e6lper vi gerne med at finde den rette l\u00f8sning til dit behov.<\/span><\/h3><div class=\"grve-element grve-align-left\"><a href=\"https:\/\/solarventi.dk\/se\/kontakt\/kontakt-solarventi\/\" title=\"Kontakt SolarVenti\" class=\"grve-btn-text grve-btn-only-text grve-text-primary-1 grve-text-hover-black grve-btn-medium grve-with-icon\">\r\n\t\t<div class=\"grve-btn-inner\">\r\n\t\t<span>Kontakt os<\/span>\r\n\t\t\t\t\t\t\t<div class=\"grve-btn-icon\">\r\n\t\t\t<span class=\"grve-icon fas fa-chevron-circle-right\"><\/span>\r\n\t\t<\/div>\r\n\t\t\t\t\t<\/div>\r\n\t<\/a><\/div>[\/vc_column][\/vc_row]<\/p>\n<\/div>","protected":false},"excerpt":{"rendered":"<p>[vc_row padding_top_multiplier=&#8221;2x&#8221; padding_bottom_multiplier=&#8221;2x&#8221;][vc_column width=&#8221;4\/12&#8243;][\/vc_column][vc_column width=&#8221;8\/12&#8243;][vc_column_text] SolarVenti er en familieejet virksomhed, der siden 1981 har holdt til i Thors\u00f8, Danmark. Her udvikler, tester, og fremstiller vi soldrevet ventilation til hele verden &#8211; dette er ogs\u00e5 kaldet solventilation. [\/vc_column_text][vc_column_text] Vi interesserer os for den luft vi ind\u00e5nder, og vi ved hvor vigtig den er for sundhed, indl\u00e6ring, [&hellip;]<\/p>\n","protected":false},"author":1,"featured_media":3877,"parent":909,"menu_order":0,"comment_status":"closed","ping_status":"closed","template":"","meta":{"footnotes":""},"class_list":["post-2719","page","type-page","status-publish","has-post-thumbnail","hentry","grve-entry-item"],"yoast_head":"<!-- This site is optimized with the Yoast SEO Premium plugin v25.1 (Yoast SEO v25.1) - https:\/\/yoast.com\/wordpress\/plugins\/seo\/ -->\n<title>Effektiv solventilation SolarVenti | Dansk produceret innovation<\/title>\n<meta name=\"description\" content=\"Unik viden og erfaring med effektiv solventilation beskriver hvem SolarVenti er | Skaber sundt indeklima med en b\u00e6redygtig l\u00f8sning\" \/>\n<meta name=\"robots\" content=\"index, follow, max-snippet:-1, max-image-preview:large, max-video-preview:-1\" \/>\n<link rel=\"canonical\" href=\"https:\/\/solarventi.dk\/se\/om-solarventi\/hvem-er-solarventi\/\" \/>\n<meta property=\"og:locale\" content=\"sv_SE\" \/>\n<meta property=\"og:type\" content=\"article\" \/>\n<meta property=\"og:title\" content=\"Hvem er SolarVenti\" \/>\n<meta property=\"og:description\" content=\"Unik viden og erfaring med effektiv solventilation beskriver hvem SolarVenti er | Skaber sundt indeklima med en b\u00e6redygtig l\u00f8sning\" \/>\n<meta property=\"og:url\" content=\"https:\/\/solarventi.dk\/se\/om-solarventi\/hvem-er-solarventi\/\" \/>\n<meta property=\"og:site_name\" content=\"SolarVenti SVERIGE\" \/>\n<meta property=\"article:publisher\" content=\"https:\/\/facebook.com\/solarventidk\" \/>\n<meta property=\"article:modified_time\" content=\"2022-08-25T08:24:09+00:00\" \/>\n<meta property=\"og:image\" content=\"https:\/\/solarventi.dk\/se\/wp-content\/uploads\/sites\/10\/2021\/10\/solarventi-top-hvem-er-solarventi-02.jpg\" \/>\n\t<meta property=\"og:image:width\" content=\"1400\" \/>\n\t<meta property=\"og:image:height\" content=\"700\" \/>\n\t<meta property=\"og:image:type\" content=\"image\/jpeg\" \/>\n<meta name=\"twitter:card\" content=\"summary_large_image\" \/>\n<meta name=\"twitter:label1\" content=\"Ber\u00e4knad l\u00e4stid\" \/>\n\t<meta name=\"twitter:data1\" content=\"2 minuter\" \/>\n<script type=\"application\/ld+json\" class=\"yoast-schema-graph\">{\"@context\":\"https:\/\/schema.org\",\"@graph\":[{\"@type\":\"WebPage\",\"@id\":\"https:\/\/solarventi.dk\/se\/om-solarventi\/hvem-er-solarventi\/\",\"url\":\"https:\/\/solarventi.dk\/se\/om-solarventi\/hvem-er-solarventi\/\",\"name\":\"Effektiv solventilation SolarVenti | Dansk produceret innovation\",\"isPartOf\":{\"@id\":\"https:\/\/solarventi.dk\/se\/#website\"},\"primaryImageOfPage\":{\"@id\":\"https:\/\/solarventi.dk\/se\/om-solarventi\/hvem-er-solarventi\/#primaryimage\"},\"image\":{\"@id\":\"https:\/\/solarventi.dk\/se\/om-solarventi\/hvem-er-solarventi\/#primaryimage\"},\"thumbnailUrl\":\"https:\/\/solarventi.dk\/se\/wp-content\/uploads\/sites\/10\/2021\/10\/solarventi-top-hvem-er-solarventi-02.jpg\",\"datePublished\":\"2021-09-29T11:09:54+00:00\",\"dateModified\":\"2022-08-25T08:24:09+00:00\",\"description\":\"Unik viden og erfaring med effektiv solventilation beskriver hvem SolarVenti er | Skaber sundt indeklima med en b\u00e6redygtig l\u00f8sning\",\"breadcrumb\":{\"@id\":\"https:\/\/solarventi.dk\/se\/om-solarventi\/hvem-er-solarventi\/#breadcrumb\"},\"inLanguage\":\"sv-SE\",\"potentialAction\":[{\"@type\":\"ReadAction\",\"target\":[\"https:\/\/solarventi.dk\/se\/om-solarventi\/hvem-er-solarventi\/\"]}]},{\"@type\":\"ImageObject\",\"inLanguage\":\"sv-SE\",\"@id\":\"https:\/\/solarventi.dk\/se\/om-solarventi\/hvem-er-solarventi\/#primaryimage\",\"url\":\"https:\/\/solarventi.dk\/se\/wp-content\/uploads\/sites\/10\/2021\/10\/solarventi-top-hvem-er-solarventi-02.jpg\",\"contentUrl\":\"https:\/\/solarventi.dk\/se\/wp-content\/uploads\/sites\/10\/2021\/10\/solarventi-top-hvem-er-solarventi-02.jpg\",\"width\":1400,\"height\":700,\"caption\":\"Frisk luft kan give effektiv affugtning\"},{\"@type\":\"BreadcrumbList\",\"@id\":\"https:\/\/solarventi.dk\/se\/om-solarventi\/hvem-er-solarventi\/#breadcrumb\",\"itemListElement\":[{\"@type\":\"ListItem\",\"position\":1,\"name\":\"Forside\",\"item\":\"https:\/\/solarventi.dk\/se\/\"},{\"@type\":\"ListItem\",\"position\":2,\"name\":\"Om SolarVenti\",\"item\":\"https:\/\/solarventi.dk\/se\/om-solarventi\/\"},{\"@type\":\"ListItem\",\"position\":3,\"name\":\"Hvem er SolarVenti\"}]},{\"@type\":\"WebSite\",\"@id\":\"https:\/\/solarventi.dk\/se\/#website\",\"url\":\"https:\/\/solarventi.dk\/se\/\",\"name\":\"SolarVenti SVERIGE\",\"description\":\"\",\"publisher\":{\"@id\":\"https:\/\/solarventi.dk\/se\/#organization\"},\"potentialAction\":[{\"@type\":\"SearchAction\",\"target\":{\"@type\":\"EntryPoint\",\"urlTemplate\":\"https:\/\/solarventi.dk\/se\/?s={search_term_string}\"},\"query-input\":{\"@type\":\"PropertyValueSpecification\",\"valueRequired\":true,\"valueName\":\"search_term_string\"}}],\"inLanguage\":\"sv-SE\"},{\"@type\":\"Organization\",\"@id\":\"https:\/\/solarventi.dk\/se\/#organization\",\"name\":\"SolarVenti SVERIGE\",\"url\":\"https:\/\/solarventi.dk\/se\/\",\"logo\":{\"@type\":\"ImageObject\",\"inLanguage\":\"sv-SE\",\"@id\":\"https:\/\/solarventi.dk\/se\/#\/schema\/logo\/image\/\",\"url\":\"https:\/\/solarventi.dk\/se\/wp-content\/uploads\/sites\/10\/2021\/09\/cropped-favicon-6.png\",\"contentUrl\":\"https:\/\/solarventi.dk\/se\/wp-content\/uploads\/sites\/10\/2021\/09\/cropped-favicon-6.png\",\"width\":512,\"height\":512,\"caption\":\"SolarVenti SVERIGE\"},\"image\":{\"@id\":\"https:\/\/solarventi.dk\/se\/#\/schema\/logo\/image\/\"},\"sameAs\":[\"https:\/\/facebook.com\/solarventidk\"]}]}<\/script>\n<!-- \/ Yoast SEO Premium plugin. -->","yoast_head_json":{"title":"Effektiv solventilation SolarVenti | Dansk produceret innovation","description":"Unik viden og erfaring med effektiv solventilation beskriver hvem SolarVenti er | Skaber sundt indeklima med en b\u00e6redygtig l\u00f8sning","robots":{"index":"index","follow":"follow","max-snippet":"max-snippet:-1","max-image-preview":"max-image-preview:large","max-video-preview":"max-video-preview:-1"},"canonical":"https:\/\/solarventi.dk\/se\/om-solarventi\/hvem-er-solarventi\/","og_locale":"sv_SE","og_type":"article","og_title":"Hvem er SolarVenti","og_description":"Unik viden og erfaring med effektiv solventilation beskriver hvem SolarVenti er | Skaber sundt indeklima med en b\u00e6redygtig l\u00f8sning","og_url":"https:\/\/solarventi.dk\/se\/om-solarventi\/hvem-er-solarventi\/","og_site_name":"SolarVenti SVERIGE","article_publisher":"https:\/\/facebook.com\/solarventidk","article_modified_time":"2022-08-25T08:24:09+00:00","og_image":[{"width":1400,"height":700,"url":"https:\/\/solarventi.dk\/se\/wp-content\/uploads\/sites\/10\/2021\/10\/solarventi-top-hvem-er-solarventi-02.jpg","type":"image\/jpeg"}],"twitter_card":"summary_large_image","twitter_misc":{"Ber\u00e4knad l\u00e4stid":"2 minuter"},"schema":{"@context":"https:\/\/schema.org","@graph":[{"@type":"WebPage","@id":"https:\/\/solarventi.dk\/se\/om-solarventi\/hvem-er-solarventi\/","url":"https:\/\/solarventi.dk\/se\/om-solarventi\/hvem-er-solarventi\/","name":"Effektiv solventilation SolarVenti | Dansk produceret innovation","isPartOf":{"@id":"https:\/\/solarventi.dk\/se\/#website"},"primaryImageOfPage":{"@id":"https:\/\/solarventi.dk\/se\/om-solarventi\/hvem-er-solarventi\/#primaryimage"},"image":{"@id":"https:\/\/solarventi.dk\/se\/om-solarventi\/hvem-er-solarventi\/#primaryimage"},"thumbnailUrl":"https:\/\/solarventi.dk\/se\/wp-content\/uploads\/sites\/10\/2021\/10\/solarventi-top-hvem-er-solarventi-02.jpg","datePublished":"2021-09-29T11:09:54+00:00","dateModified":"2022-08-25T08:24:09+00:00","description":"Unik viden og erfaring med effektiv solventilation beskriver hvem SolarVenti er | Skaber sundt indeklima med en b\u00e6redygtig l\u00f8sning","breadcrumb":{"@id":"https:\/\/solarventi.dk\/se\/om-solarventi\/hvem-er-solarventi\/#breadcrumb"},"inLanguage":"sv-SE","potentialAction":[{"@type":"ReadAction","target":["https:\/\/solarventi.dk\/se\/om-solarventi\/hvem-er-solarventi\/"]}]},{"@type":"ImageObject","inLanguage":"sv-SE","@id":"https:\/\/solarventi.dk\/se\/om-solarventi\/hvem-er-solarventi\/#primaryimage","url":"https:\/\/solarventi.dk\/se\/wp-content\/uploads\/sites\/10\/2021\/10\/solarventi-top-hvem-er-solarventi-02.jpg","contentUrl":"https:\/\/solarventi.dk\/se\/wp-content\/uploads\/sites\/10\/2021\/10\/solarventi-top-hvem-er-solarventi-02.jpg","width":1400,"height":700,"caption":"Frisk luft kan give effektiv affugtning"},{"@type":"BreadcrumbList","@id":"https:\/\/solarventi.dk\/se\/om-solarventi\/hvem-er-solarventi\/#breadcrumb","itemListElement":[{"@type":"ListItem","position":1,"name":"Forside","item":"https:\/\/solarventi.dk\/se\/"},{"@type":"ListItem","position":2,"name":"Om SolarVenti","item":"https:\/\/solarventi.dk\/se\/om-solarventi\/"},{"@type":"ListItem","position":3,"name":"Hvem er SolarVenti"}]},{"@type":"WebSite","@id":"https:\/\/solarventi.dk\/se\/#website","url":"https:\/\/solarventi.dk\/se\/","name":"SolarVenti SVERIGE","description":"","publisher":{"@id":"https:\/\/solarventi.dk\/se\/#organization"},"potentialAction":[{"@type":"SearchAction","target":{"@type":"EntryPoint","urlTemplate":"https:\/\/solarventi.dk\/se\/?s={search_term_string}"},"query-input":{"@type":"PropertyValueSpecification","valueRequired":true,"valueName":"search_term_string"}}],"inLanguage":"sv-SE"},{"@type":"Organization","@id":"https:\/\/solarventi.dk\/se\/#organization","name":"SolarVenti SVERIGE","url":"https:\/\/solarventi.dk\/se\/","logo":{"@type":"ImageObject","inLanguage":"sv-SE","@id":"https:\/\/solarventi.dk\/se\/#\/schema\/logo\/image\/","url":"https:\/\/solarventi.dk\/se\/wp-content\/uploads\/sites\/10\/2021\/09\/cropped-favicon-6.png","contentUrl":"https:\/\/solarventi.dk\/se\/wp-content\/uploads\/sites\/10\/2021\/09\/cropped-favicon-6.png","width":512,"height":512,"caption":"SolarVenti SVERIGE"},"image":{"@id":"https:\/\/solarventi.dk\/se\/#\/schema\/logo\/image\/"},"sameAs":["https:\/\/facebook.com\/solarventidk"]}]}},"_links":{"self":[{"href":"https:\/\/solarventi.dk\/se\/wp-json\/wp\/v2\/pages\/2719","targetHints":{"allow":["GET"]}}],"collection":[{"href":"https:\/\/solarventi.dk\/se\/wp-json\/wp\/v2\/pages"}],"about":[{"href":"https:\/\/solarventi.dk\/se\/wp-json\/wp\/v2\/types\/page"}],"author":[{"embeddable":true,"href":"https:\/\/solarventi.dk\/se\/wp-json\/wp\/v2\/users\/1"}],"replies":[{"embeddable":true,"href":"https:\/\/solarventi.dk\/se\/wp-json\/wp\/v2\/comments?post=2719"}],"version-history":[{"count":0,"href":"https:\/\/solarventi.dk\/se\/wp-json\/wp\/v2\/pages\/2719\/revisions"}],"up":[{"embeddable":true,"href":"https:\/\/solarventi.dk\/se\/wp-json\/wp\/v2\/pages\/909"}],"wp:featuredmedia":[{"embeddable":true,"href":"https:\/\/solarventi.dk\/se\/wp-json\/wp\/v2\/media\/3877"}],"wp:attachment":[{"href":"https:\/\/solarventi.dk\/se\/wp-json\/wp\/v2\/media?parent=2719"}],"curies":[{"name":"wp","href":"https:\/\/api.w.org\/{rel}","templated":true}]}}