{"id":13710,"date":"2024-06-10T11:33:42","date_gmt":"2024-06-10T09:33:42","guid":{"rendered":"https:\/\/solarventi.dk\/se\/?page_id=13710"},"modified":"2024-06-28T10:45:03","modified_gmt":"2024-06-28T08:45:03","slug":"airbynature","status":"publish","type":"page","link":"https:\/\/solarventi.dk\/se\/loesninger\/airbynature\/","title":{"rendered":"AIRbyNATURE"},"content":{"rendered":"<div class=\"wpb-content-wrapper\"><p>[vc_row padding_top_multiplier=&#8221;2x&#8221; padding_bottom_multiplier=&#8221;2x&#8221;][vc_column width=&#8221;5\/12&#8243;]<div class=\"grve-element grve-title grve-align-inherit grve-subtitle-text\"><span>AIRbyNATURE er en r\u00f8rfri ventilations\u00adl\u00f8sning der har en typisk besparelse p\u00e5 2.000 kr. pr. meter i installations- omkostninger, og er samtidig en gr\u00f8n l\u00f8sning!<\/span><\/div>[\/vc_column][vc_column width=&#8221;7\/12&#8243;][vc_column_text css=&#8221;&#8221;]AIRbyNATURE er et dansk ventilationsfirma med kontor i Aalborg. Siden 2016 har de designet, produceret og leveret r\u00f8rfrie ventilationssystemer til private s\u00e5vel som erhvervskunder. Deres produkt er patenteret, og kan skr\u00e6ddersyes til dig og dine behov, \u2013 om det er til eksisterende bolig eller til et fremtidigt byggeprojekt. De udvikler og leverer ligeledes ventilationsl\u00f8sninger til hele r\u00e6kkehuskomplekser, crossfitcentre og etageejendomme.<\/p>\n<p>Alle deres systemer er patenterede og produceres in-house af deres dygtige medarbejdere.<\/p>\n<p>Deres mission er at bek\u00e6mpe d\u00e5rligt indeklima med en nem og \u00f8konomisk l\u00f8sning. Indeklima har ikke altid fuld opm\u00e6rksomhed i vores hverdag, men et d\u00e5rligt indeklima kan have en stor negativ indflydelse p\u00e5 din trivsel. Eksempelvis har forskning vist, at n\u00e5r skoleb\u00f8rn fik tilf\u00f8rt frisk luft i 10 minutter, s\u00e5 kunne de i gennemsnit l\u00f8se op til syv pct. flere opgaver i l\u00f8bet af de 10 minutter. Med andre ord, s\u00e5 havde eleverne nemmere ved at koncentrere sig om deres skoleopgave, n\u00e5r de fik frisk luft. Eleverne lagde ikke selv m\u00e6rke til, at de havde en ringere koncentrationsevne \u2013 og de bem\u00e6rkede heller ikke forskellen i indeklimaet. Det er netop denne slags forbedringer de \u00f8nsker at skabe hos AIRbyNATURE.<\/p>\n<p>Som kunde eller forhandler hos AIRbyNATURE f\u00e5r man et nyt\u00e6nkende og patenteret produkt, produceret og ejet af en dansk virksomhed med ekspertise og viden.[\/vc_column_text][\/vc_column][\/vc_row][vc_row padding_top_multiplier=&#8221;&#8221; padding_bottom_multiplier=&#8221;&#8221; rc_bg_type=&#8221;color&#8221; rc_bg_color=&#8221;#e9f2fc&#8221;][vc_column width=&#8221;8\/12&#8243; vertical_content_position=&#8221;middle&#8221; full_height=&#8221;yes&#8221; text_align=&#8221;center&#8221; rc_bg_type=&#8221;image&#8221; rc_bg_image=&#8221;14073&#8243;]<div style=\"height: 300px;\" class=\"grve-empty-space\"><\/div>[\/vc_column][vc_column width=&#8221;4\/12&#8243; content_width=&#8221;custom&#8221; vertical_content_position=&#8221;middle&#8221; custom_content_width=&#8221;400px&#8221;]<h3 class=\"grve-element grve-title grve-align-inherit grve-h3\"><span>Har du sp\u00f8rgsm\u00e5l hj\u00e6lper vi gerne med at finde den rette l\u00f8sning til dit behov.<\/span><\/h3><div class=\"grve-element grve-align-left\"><a href=\"https:\/\/airbynature.com\/kontakt\/\" title=\"Kontakt AIRbyNATURE\" target=\"_blank\" class=\"grve-btn-text grve-btn-only-text grve-text-primary-1 grve-text-hover-black grve-btn-medium grve-with-icon\">\r\n\t\t<div class=\"grve-btn-inner\">\r\n\t\t<span>Kontakt dem<\/span>\r\n\t\t\t\t\t\t\t<div class=\"grve-btn-icon\">\r\n\t\t\t<span class=\"grve-icon fas fa-chevron-circle-right\"><\/span>\r\n\t\t<\/div>\r\n\t\t\t\t\t<\/div>\r\n\t<\/a><\/div><div style=\"height: 15px;\" class=\"grve-empty-space\"><\/div>[\/vc_column][\/vc_row][vc_row][vc_column width=&#8221;1\/2&#8243;]<div class=\"grve-element grve-title grve-align-left grve-h3\"><span><br>\n<h1 class=\"vc_custom_heading\"><span style=\"font-size: 30pt\">Specifikationer<\/span><\/h1>\n<\/span><\/div>[vc_column_text css=&#8221;&#8221;]AIRbyNATURE er et alternativ til de konventionelle anl\u00e6g med r\u00f8rf\u00f8ring. De kan erstattes med r\u00f8rfri eller hybridanl\u00e6g.<\/p>\n<p>Hybridanl\u00e6g kombinerer r\u00f8rfri teknologi med r\u00f8rf\u00f8ring i visse enheder, hvor det styrker l\u00f8sningens effekt.[\/vc_column_text][\/vc_column][vc_column width=&#8221;1\/2&#8243; rc_bg_type=&#8221;image&#8221; rc_bg_image=&#8221;14074&#8243;]<div style=\"height: 400px;\" class=\"grve-empty-space\"><\/div>[\/vc_column][\/vc_row]<\/p>\n<\/div>","protected":false},"excerpt":{"rendered":"<p>[vc_row padding_top_multiplier=&#8221;2x&#8221; padding_bottom_multiplier=&#8221;2x&#8221;][vc_column width=&#8221;5\/12&#8243;][\/vc_column][vc_column width=&#8221;7\/12&#8243;][vc_column_text css=&#8221;&#8221;]AIRbyNATURE er et dansk ventilationsfirma med kontor i Aalborg. Siden 2016 har de designet, produceret og leveret r\u00f8rfrie ventilationssystemer til private s\u00e5vel som erhvervskunder. Deres produkt er patenteret, og kan skr\u00e6ddersyes til dig og dine behov, \u2013 om det er til eksisterende bolig eller til et fremtidigt byggeprojekt. De udvikler [&hellip;]<\/p>\n","protected":false},"author":28,"featured_media":14071,"parent":209,"menu_order":0,"comment_status":"closed","ping_status":"closed","template":"","meta":{"footnotes":""},"class_list":["post-13710","page","type-page","status-publish","has-post-thumbnail","hentry","grve-entry-item"],"yoast_head":"<!-- This site is optimized with the Yoast SEO Premium plugin v25.1 (Yoast SEO v25.1) - https:\/\/yoast.com\/wordpress\/plugins\/seo\/ -->\n<title>AIRbyNATURE - SolarVenti SVERIGE<\/title>\n<meta name=\"robots\" content=\"index, follow, max-snippet:-1, max-image-preview:large, max-video-preview:-1\" \/>\n<link rel=\"canonical\" href=\"https:\/\/solarventi.dk\/se\/loesninger\/airbynature\/\" \/>\n<meta property=\"og:locale\" content=\"sv_SE\" \/>\n<meta property=\"og:type\" content=\"article\" \/>\n<meta property=\"og:title\" content=\"AIRbyNATURE\" \/>\n<meta property=\"og:description\" content=\"[vc_row padding_top_multiplier=&#8221;2x&#8221; padding_bottom_multiplier=&#8221;2x&#8221;][vc_column width=&#8221;5\/12&#8243;][\/vc_column][vc_column width=&#8221;7\/12&#8243;][vc_column_text css=&#8221;&#8221;]AIRbyNATURE er et dansk ventilationsfirma med kontor i Aalborg. Siden 2016 har de designet, produceret og leveret r\u00f8rfrie ventilationssystemer til private s\u00e5vel som erhvervskunder. Deres produkt er patenteret, og kan skr\u00e6ddersyes til dig og dine behov, \u2013 om det er til eksisterende bolig eller til et fremtidigt byggeprojekt. De udvikler [&hellip;]\" \/>\n<meta property=\"og:url\" content=\"https:\/\/solarventi.dk\/se\/loesninger\/airbynature\/\" \/>\n<meta property=\"og:site_name\" content=\"SolarVenti SVERIGE\" \/>\n<meta property=\"article:publisher\" content=\"https:\/\/facebook.com\/solarventidk\" \/>\n<meta property=\"article:modified_time\" content=\"2024-06-28T08:45:03+00:00\" \/>\n<meta property=\"og:image\" content=\"https:\/\/solarventi.dk\/se\/wp-content\/uploads\/sites\/10\/2024\/06\/curved-architecture-building.jpeg\" \/>\n\t<meta property=\"og:image:width\" content=\"970\" \/>\n\t<meta property=\"og:image:height\" content=\"727\" \/>\n\t<meta property=\"og:image:type\" content=\"image\/jpeg\" \/>\n<meta name=\"twitter:card\" content=\"summary_large_image\" \/>\n<meta name=\"twitter:label1\" content=\"Ber\u00e4knad l\u00e4stid\" \/>\n\t<meta name=\"twitter:data1\" content=\"3 minuter\" \/>\n<script type=\"application\/ld+json\" class=\"yoast-schema-graph\">{\"@context\":\"https:\/\/schema.org\",\"@graph\":[{\"@type\":\"WebPage\",\"@id\":\"https:\/\/solarventi.dk\/se\/loesninger\/airbynature\/\",\"url\":\"https:\/\/solarventi.dk\/se\/loesninger\/airbynature\/\",\"name\":\"AIRbyNATURE - SolarVenti SVERIGE\",\"isPartOf\":{\"@id\":\"https:\/\/solarventi.dk\/se\/#website\"},\"primaryImageOfPage\":{\"@id\":\"https:\/\/solarventi.dk\/se\/loesninger\/airbynature\/#primaryimage\"},\"image\":{\"@id\":\"https:\/\/solarventi.dk\/se\/loesninger\/airbynature\/#primaryimage\"},\"thumbnailUrl\":\"https:\/\/solarventi.dk\/se\/wp-content\/uploads\/sites\/10\/2024\/06\/curved-architecture-building.jpeg\",\"datePublished\":\"2024-06-10T09:33:42+00:00\",\"dateModified\":\"2024-06-28T08:45:03+00:00\",\"breadcrumb\":{\"@id\":\"https:\/\/solarventi.dk\/se\/loesninger\/airbynature\/#breadcrumb\"},\"inLanguage\":\"sv-SE\",\"potentialAction\":[{\"@type\":\"ReadAction\",\"target\":[\"https:\/\/solarventi.dk\/se\/loesninger\/airbynature\/\"]}]},{\"@type\":\"ImageObject\",\"inLanguage\":\"sv-SE\",\"@id\":\"https:\/\/solarventi.dk\/se\/loesninger\/airbynature\/#primaryimage\",\"url\":\"https:\/\/solarventi.dk\/se\/wp-content\/uploads\/sites\/10\/2024\/06\/curved-architecture-building.jpeg\",\"contentUrl\":\"https:\/\/solarventi.dk\/se\/wp-content\/uploads\/sites\/10\/2024\/06\/curved-architecture-building.jpeg\",\"width\":970,\"height\":727},{\"@type\":\"BreadcrumbList\",\"@id\":\"https:\/\/solarventi.dk\/se\/loesninger\/airbynature\/#breadcrumb\",\"itemListElement\":[{\"@type\":\"ListItem\",\"position\":1,\"name\":\"Forside\",\"item\":\"https:\/\/solarventi.dk\/se\/\"},{\"@type\":\"ListItem\",\"position\":2,\"name\":\"L\u00f8sninger\",\"item\":\"https:\/\/solarventi.dk\/se\/loesninger\/\"},{\"@type\":\"ListItem\",\"position\":3,\"name\":\"AIRbyNATURE\"}]},{\"@type\":\"WebSite\",\"@id\":\"https:\/\/solarventi.dk\/se\/#website\",\"url\":\"https:\/\/solarventi.dk\/se\/\",\"name\":\"SolarVenti SVERIGE\",\"description\":\"\",\"publisher\":{\"@id\":\"https:\/\/solarventi.dk\/se\/#organization\"},\"potentialAction\":[{\"@type\":\"SearchAction\",\"target\":{\"@type\":\"EntryPoint\",\"urlTemplate\":\"https:\/\/solarventi.dk\/se\/?s={search_term_string}\"},\"query-input\":{\"@type\":\"PropertyValueSpecification\",\"valueRequired\":true,\"valueName\":\"search_term_string\"}}],\"inLanguage\":\"sv-SE\"},{\"@type\":\"Organization\",\"@id\":\"https:\/\/solarventi.dk\/se\/#organization\",\"name\":\"SolarVenti SVERIGE\",\"url\":\"https:\/\/solarventi.dk\/se\/\",\"logo\":{\"@type\":\"ImageObject\",\"inLanguage\":\"sv-SE\",\"@id\":\"https:\/\/solarventi.dk\/se\/#\/schema\/logo\/image\/\",\"url\":\"https:\/\/solarventi.dk\/se\/wp-content\/uploads\/sites\/10\/2021\/09\/cropped-favicon-6.png\",\"contentUrl\":\"https:\/\/solarventi.dk\/se\/wp-content\/uploads\/sites\/10\/2021\/09\/cropped-favicon-6.png\",\"width\":512,\"height\":512,\"caption\":\"SolarVenti SVERIGE\"},\"image\":{\"@id\":\"https:\/\/solarventi.dk\/se\/#\/schema\/logo\/image\/\"},\"sameAs\":[\"https:\/\/facebook.com\/solarventidk\"]}]}<\/script>\n<!-- \/ Yoast SEO Premium plugin. -->","yoast_head_json":{"title":"AIRbyNATURE - SolarVenti SVERIGE","robots":{"index":"index","follow":"follow","max-snippet":"max-snippet:-1","max-image-preview":"max-image-preview:large","max-video-preview":"max-video-preview:-1"},"canonical":"https:\/\/solarventi.dk\/se\/loesninger\/airbynature\/","og_locale":"sv_SE","og_type":"article","og_title":"AIRbyNATURE","og_description":"[vc_row padding_top_multiplier=&#8221;2x&#8221; padding_bottom_multiplier=&#8221;2x&#8221;][vc_column width=&#8221;5\/12&#8243;][\/vc_column][vc_column width=&#8221;7\/12&#8243;][vc_column_text css=&#8221;&#8221;]AIRbyNATURE er et dansk ventilationsfirma med kontor i Aalborg. Siden 2016 har de designet, produceret og leveret r\u00f8rfrie ventilationssystemer til private s\u00e5vel som erhvervskunder. Deres produkt er patenteret, og kan skr\u00e6ddersyes til dig og dine behov, \u2013 om det er til eksisterende bolig eller til et fremtidigt byggeprojekt. De udvikler [&hellip;]","og_url":"https:\/\/solarventi.dk\/se\/loesninger\/airbynature\/","og_site_name":"SolarVenti SVERIGE","article_publisher":"https:\/\/facebook.com\/solarventidk","article_modified_time":"2024-06-28T08:45:03+00:00","og_image":[{"width":970,"height":727,"url":"https:\/\/solarventi.dk\/se\/wp-content\/uploads\/sites\/10\/2024\/06\/curved-architecture-building.jpeg","type":"image\/jpeg"}],"twitter_card":"summary_large_image","twitter_misc":{"Ber\u00e4knad l\u00e4stid":"3 minuter"},"schema":{"@context":"https:\/\/schema.org","@graph":[{"@type":"WebPage","@id":"https:\/\/solarventi.dk\/se\/loesninger\/airbynature\/","url":"https:\/\/solarventi.dk\/se\/loesninger\/airbynature\/","name":"AIRbyNATURE - SolarVenti SVERIGE","isPartOf":{"@id":"https:\/\/solarventi.dk\/se\/#website"},"primaryImageOfPage":{"@id":"https:\/\/solarventi.dk\/se\/loesninger\/airbynature\/#primaryimage"},"image":{"@id":"https:\/\/solarventi.dk\/se\/loesninger\/airbynature\/#primaryimage"},"thumbnailUrl":"https:\/\/solarventi.dk\/se\/wp-content\/uploads\/sites\/10\/2024\/06\/curved-architecture-building.jpeg","datePublished":"2024-06-10T09:33:42+00:00","dateModified":"2024-06-28T08:45:03+00:00","breadcrumb":{"@id":"https:\/\/solarventi.dk\/se\/loesninger\/airbynature\/#breadcrumb"},"inLanguage":"sv-SE","potentialAction":[{"@type":"ReadAction","target":["https:\/\/solarventi.dk\/se\/loesninger\/airbynature\/"]}]},{"@type":"ImageObject","inLanguage":"sv-SE","@id":"https:\/\/solarventi.dk\/se\/loesninger\/airbynature\/#primaryimage","url":"https:\/\/solarventi.dk\/se\/wp-content\/uploads\/sites\/10\/2024\/06\/curved-architecture-building.jpeg","contentUrl":"https:\/\/solarventi.dk\/se\/wp-content\/uploads\/sites\/10\/2024\/06\/curved-architecture-building.jpeg","width":970,"height":727},{"@type":"BreadcrumbList","@id":"https:\/\/solarventi.dk\/se\/loesninger\/airbynature\/#breadcrumb","itemListElement":[{"@type":"ListItem","position":1,"name":"Forside","item":"https:\/\/solarventi.dk\/se\/"},{"@type":"ListItem","position":2,"name":"L\u00f8sninger","item":"https:\/\/solarventi.dk\/se\/loesninger\/"},{"@type":"ListItem","position":3,"name":"AIRbyNATURE"}]},{"@type":"WebSite","@id":"https:\/\/solarventi.dk\/se\/#website","url":"https:\/\/solarventi.dk\/se\/","name":"SolarVenti SVERIGE","description":"","publisher":{"@id":"https:\/\/solarventi.dk\/se\/#organization"},"potentialAction":[{"@type":"SearchAction","target":{"@type":"EntryPoint","urlTemplate":"https:\/\/solarventi.dk\/se\/?s={search_term_string}"},"query-input":{"@type":"PropertyValueSpecification","valueRequired":true,"valueName":"search_term_string"}}],"inLanguage":"sv-SE"},{"@type":"Organization","@id":"https:\/\/solarventi.dk\/se\/#organization","name":"SolarVenti SVERIGE","url":"https:\/\/solarventi.dk\/se\/","logo":{"@type":"ImageObject","inLanguage":"sv-SE","@id":"https:\/\/solarventi.dk\/se\/#\/schema\/logo\/image\/","url":"https:\/\/solarventi.dk\/se\/wp-content\/uploads\/sites\/10\/2021\/09\/cropped-favicon-6.png","contentUrl":"https:\/\/solarventi.dk\/se\/wp-content\/uploads\/sites\/10\/2021\/09\/cropped-favicon-6.png","width":512,"height":512,"caption":"SolarVenti SVERIGE"},"image":{"@id":"https:\/\/solarventi.dk\/se\/#\/schema\/logo\/image\/"},"sameAs":["https:\/\/facebook.com\/solarventidk"]}]}},"_links":{"self":[{"href":"https:\/\/solarventi.dk\/se\/wp-json\/wp\/v2\/pages\/13710","targetHints":{"allow":["GET"]}}],"collection":[{"href":"https:\/\/solarventi.dk\/se\/wp-json\/wp\/v2\/pages"}],"about":[{"href":"https:\/\/solarventi.dk\/se\/wp-json\/wp\/v2\/types\/page"}],"author":[{"embeddable":true,"href":"https:\/\/solarventi.dk\/se\/wp-json\/wp\/v2\/users\/28"}],"replies":[{"embeddable":true,"href":"https:\/\/solarventi.dk\/se\/wp-json\/wp\/v2\/comments?post=13710"}],"version-history":[{"count":0,"href":"https:\/\/solarventi.dk\/se\/wp-json\/wp\/v2\/pages\/13710\/revisions"}],"up":[{"embeddable":true,"href":"https:\/\/solarventi.dk\/se\/wp-json\/wp\/v2\/pages\/209"}],"wp:featuredmedia":[{"embeddable":true,"href":"https:\/\/solarventi.dk\/se\/wp-json\/wp\/v2\/media\/14071"}],"wp:attachment":[{"href":"https:\/\/solarventi.dk\/se\/wp-json\/wp\/v2\/media?parent=13710"}],"curies":[{"name":"wp","href":"https:\/\/api.w.org\/{rel}","templated":true}]}}