{"id":107,"date":"2021-09-02T10:20:30","date_gmt":"2021-09-02T08:20:30","guid":{"rendered":"https:\/\/solarventi.dk\/se.linux101.curanetserver.dk\/kurv\/"},"modified":"2022-11-15T12:32:00","modified_gmt":"2022-11-15T11:32:00","slug":"kurv","status":"publish","type":"page","link":"https:\/\/solarventi.dk\/se\/kurv\/","title":{"rendered":"Kurv"},"content":{"rendered":"<div class=\"woocommerce\"><div class=\"woocommerce-notices-wrapper\"><\/div><div class=\"wc-empty-cart-message\">\n\t<div class=\"cart-empty woocommerce-info\">\n\t\tDin varukorg \u00e4r f\u00f6r n\u00e4rvarande tom.\t<\/div>\n<\/div>\t<p class=\"return-to-shop\">\n\t\t<a class=\"button wc-backward\" href=\"https:\/\/solarventi.dk\/se\/shop\/\">\n\t\t\tG\u00e5 tillbaka till butiken\t\t<\/a>\n\t<\/p>\n<\/div>","protected":false},"excerpt":{"rendered":"Din varukorg \u00e4r f\u00f6r n\u00e4rvarande tom. G\u00e5 tillbaka till butiken","protected":false},"author":1,"featured_media":4118,"parent":0,"menu_order":0,"comment_status":"closed","ping_status":"closed","template":"","meta":{"footnotes":""},"class_list":["post-107","page","type-page","status-publish","has-post-thumbnail","hentry","grve-entry-item"],"yoast_head":"<!-- This site is optimized with the Yoast SEO Premium plugin v25.1 (Yoast SEO v25.1) - https:\/\/yoast.com\/wordpress\/plugins\/seo\/ -->\n<title>Kurv | Saml alle dine varer i kurven og skab dig et overblik | solarventi.dk<\/title>\n<meta name=\"description\" content=\"I din kurv kan du finde dine valgte varer og g\u00e5 videre til betaling ved kassen. Her kan du bekr\u00e6fte hvilke varer, som du \u00f8nsker at betale for.\" \/>\n<meta name=\"robots\" content=\"noindex, nofollow\" \/>\n<meta property=\"og:locale\" content=\"sv_SE\" \/>\n<meta property=\"og:type\" content=\"article\" \/>\n<meta property=\"og:title\" content=\"Kurv\" \/>\n<meta property=\"og:description\" content=\"I din kurv kan du finde dine valgte varer og g\u00e5 videre til betaling ved kassen. Her kan du bekr\u00e6fte hvilke varer, som du \u00f8nsker at betale for.\" \/>\n<meta property=\"og:url\" content=\"https:\/\/solarventi.dk\/se\/kurv\/\" \/>\n<meta property=\"og:site_name\" content=\"SolarVenti SVERIGE\" \/>\n<meta property=\"article:publisher\" content=\"https:\/\/facebook.com\/solarventidk\" \/>\n<meta property=\"article:modified_time\" content=\"2022-11-15T11:32:00+00:00\" \/>\n<meta property=\"og:image\" content=\"https:\/\/solarventi.dk\/se\/wp-content\/uploads\/sites\/10\/2021\/11\/solarventi-top-kurv-01.jpg\" \/>\n\t<meta property=\"og:image:width\" content=\"1400\" \/>\n\t<meta property=\"og:image:height\" content=\"700\" \/>\n\t<meta property=\"og:image:type\" content=\"image\/jpeg\" \/>\n<meta name=\"twitter:card\" content=\"summary_large_image\" \/>\n<meta name=\"twitter:label1\" content=\"Ber\u00e4knad l\u00e4stid\" \/>\n\t<meta name=\"twitter:data1\" content=\"1 minut\" \/>\n<script type=\"application\/ld+json\" class=\"yoast-schema-graph\">{\"@context\":\"https:\/\/schema.org\",\"@graph\":[{\"@type\":\"WebPage\",\"@id\":\"https:\/\/solarventi.dk\/se\/kurv\/\",\"url\":\"https:\/\/solarventi.dk\/se\/kurv\/\",\"name\":\"Kurv | Saml alle dine varer i kurven og skab dig et overblik | solarventi.dk\",\"isPartOf\":{\"@id\":\"https:\/\/solarventi.dk\/se\/#website\"},\"primaryImageOfPage\":{\"@id\":\"https:\/\/solarventi.dk\/se\/kurv\/#primaryimage\"},\"image\":{\"@id\":\"https:\/\/solarventi.dk\/se\/kurv\/#primaryimage\"},\"thumbnailUrl\":\"https:\/\/solarventi.dk\/se\/wp-content\/uploads\/sites\/10\/2021\/11\/solarventi-top-kurv-01.jpg\",\"datePublished\":\"2021-09-02T08:20:30+00:00\",\"dateModified\":\"2022-11-15T11:32:00+00:00\",\"description\":\"I din kurv kan du finde dine valgte varer og g\u00e5 videre til betaling ved kassen. Her kan du bekr\u00e6fte hvilke varer, som du \u00f8nsker at betale for.\",\"breadcrumb\":{\"@id\":\"https:\/\/solarventi.dk\/se\/kurv\/#breadcrumb\"},\"inLanguage\":\"sv-SE\",\"potentialAction\":[{\"@type\":\"ReadAction\",\"target\":[\"https:\/\/solarventi.dk\/se\/kurv\/\"]}]},{\"@type\":\"ImageObject\",\"inLanguage\":\"sv-SE\",\"@id\":\"https:\/\/solarventi.dk\/se\/kurv\/#primaryimage\",\"url\":\"https:\/\/solarventi.dk\/se\/wp-content\/uploads\/sites\/10\/2021\/11\/solarventi-top-kurv-01.jpg\",\"contentUrl\":\"https:\/\/solarventi.dk\/se\/wp-content\/uploads\/sites\/10\/2021\/11\/solarventi-top-kurv-01.jpg\",\"width\":1400,\"height\":700,\"caption\":\"I kurven har du overblik af dine foretrukne varer fra webshoppen.\"},{\"@type\":\"BreadcrumbList\",\"@id\":\"https:\/\/solarventi.dk\/se\/kurv\/#breadcrumb\",\"itemListElement\":[{\"@type\":\"ListItem\",\"position\":1,\"name\":\"Forside\",\"item\":\"https:\/\/solarventi.dk\/se\/\"},{\"@type\":\"ListItem\",\"position\":2,\"name\":\"Kurv\"}]},{\"@type\":\"WebSite\",\"@id\":\"https:\/\/solarventi.dk\/se\/#website\",\"url\":\"https:\/\/solarventi.dk\/se\/\",\"name\":\"SolarVenti SVERIGE\",\"description\":\"\",\"publisher\":{\"@id\":\"https:\/\/solarventi.dk\/se\/#organization\"},\"potentialAction\":[{\"@type\":\"SearchAction\",\"target\":{\"@type\":\"EntryPoint\",\"urlTemplate\":\"https:\/\/solarventi.dk\/se\/?s={search_term_string}\"},\"query-input\":{\"@type\":\"PropertyValueSpecification\",\"valueRequired\":true,\"valueName\":\"search_term_string\"}}],\"inLanguage\":\"sv-SE\"},{\"@type\":\"Organization\",\"@id\":\"https:\/\/solarventi.dk\/se\/#organization\",\"name\":\"SolarVenti SVERIGE\",\"url\":\"https:\/\/solarventi.dk\/se\/\",\"logo\":{\"@type\":\"ImageObject\",\"inLanguage\":\"sv-SE\",\"@id\":\"https:\/\/solarventi.dk\/se\/#\/schema\/logo\/image\/\",\"url\":\"https:\/\/solarventi.dk\/se\/wp-content\/uploads\/sites\/10\/2021\/09\/cropped-favicon-6.png\",\"contentUrl\":\"https:\/\/solarventi.dk\/se\/wp-content\/uploads\/sites\/10\/2021\/09\/cropped-favicon-6.png\",\"width\":512,\"height\":512,\"caption\":\"SolarVenti SVERIGE\"},\"image\":{\"@id\":\"https:\/\/solarventi.dk\/se\/#\/schema\/logo\/image\/\"},\"sameAs\":[\"https:\/\/facebook.com\/solarventidk\"]}]}<\/script>\n<!-- \/ Yoast SEO Premium plugin. -->","yoast_head_json":{"title":"Kurv | Saml alle dine varer i kurven og skab dig et overblik | solarventi.dk","description":"I din kurv kan du finde dine valgte varer og g\u00e5 videre til betaling ved kassen. Her kan du bekr\u00e6fte hvilke varer, som du \u00f8nsker at betale for.","robots":{"index":"noindex","follow":"nofollow"},"og_locale":"sv_SE","og_type":"article","og_title":"Kurv","og_description":"I din kurv kan du finde dine valgte varer og g\u00e5 videre til betaling ved kassen. Her kan du bekr\u00e6fte hvilke varer, som du \u00f8nsker at betale for.","og_url":"https:\/\/solarventi.dk\/se\/kurv\/","og_site_name":"SolarVenti SVERIGE","article_publisher":"https:\/\/facebook.com\/solarventidk","article_modified_time":"2022-11-15T11:32:00+00:00","og_image":[{"width":1400,"height":700,"url":"https:\/\/solarventi.dk\/se\/wp-content\/uploads\/sites\/10\/2021\/11\/solarventi-top-kurv-01.jpg","type":"image\/jpeg"}],"twitter_card":"summary_large_image","twitter_misc":{"Ber\u00e4knad l\u00e4stid":"1 minut"},"schema":{"@context":"https:\/\/schema.org","@graph":[{"@type":"WebPage","@id":"https:\/\/solarventi.dk\/se\/kurv\/","url":"https:\/\/solarventi.dk\/se\/kurv\/","name":"Kurv | Saml alle dine varer i kurven og skab dig et overblik | solarventi.dk","isPartOf":{"@id":"https:\/\/solarventi.dk\/se\/#website"},"primaryImageOfPage":{"@id":"https:\/\/solarventi.dk\/se\/kurv\/#primaryimage"},"image":{"@id":"https:\/\/solarventi.dk\/se\/kurv\/#primaryimage"},"thumbnailUrl":"https:\/\/solarventi.dk\/se\/wp-content\/uploads\/sites\/10\/2021\/11\/solarventi-top-kurv-01.jpg","datePublished":"2021-09-02T08:20:30+00:00","dateModified":"2022-11-15T11:32:00+00:00","description":"I din kurv kan du finde dine valgte varer og g\u00e5 videre til betaling ved kassen. Her kan du bekr\u00e6fte hvilke varer, som du \u00f8nsker at betale for.","breadcrumb":{"@id":"https:\/\/solarventi.dk\/se\/kurv\/#breadcrumb"},"inLanguage":"sv-SE","potentialAction":[{"@type":"ReadAction","target":["https:\/\/solarventi.dk\/se\/kurv\/"]}]},{"@type":"ImageObject","inLanguage":"sv-SE","@id":"https:\/\/solarventi.dk\/se\/kurv\/#primaryimage","url":"https:\/\/solarventi.dk\/se\/wp-content\/uploads\/sites\/10\/2021\/11\/solarventi-top-kurv-01.jpg","contentUrl":"https:\/\/solarventi.dk\/se\/wp-content\/uploads\/sites\/10\/2021\/11\/solarventi-top-kurv-01.jpg","width":1400,"height":700,"caption":"I kurven har du overblik af dine foretrukne varer fra webshoppen."},{"@type":"BreadcrumbList","@id":"https:\/\/solarventi.dk\/se\/kurv\/#breadcrumb","itemListElement":[{"@type":"ListItem","position":1,"name":"Forside","item":"https:\/\/solarventi.dk\/se\/"},{"@type":"ListItem","position":2,"name":"Kurv"}]},{"@type":"WebSite","@id":"https:\/\/solarventi.dk\/se\/#website","url":"https:\/\/solarventi.dk\/se\/","name":"SolarVenti SVERIGE","description":"","publisher":{"@id":"https:\/\/solarventi.dk\/se\/#organization"},"potentialAction":[{"@type":"SearchAction","target":{"@type":"EntryPoint","urlTemplate":"https:\/\/solarventi.dk\/se\/?s={search_term_string}"},"query-input":{"@type":"PropertyValueSpecification","valueRequired":true,"valueName":"search_term_string"}}],"inLanguage":"sv-SE"},{"@type":"Organization","@id":"https:\/\/solarventi.dk\/se\/#organization","name":"SolarVenti SVERIGE","url":"https:\/\/solarventi.dk\/se\/","logo":{"@type":"ImageObject","inLanguage":"sv-SE","@id":"https:\/\/solarventi.dk\/se\/#\/schema\/logo\/image\/","url":"https:\/\/solarventi.dk\/se\/wp-content\/uploads\/sites\/10\/2021\/09\/cropped-favicon-6.png","contentUrl":"https:\/\/solarventi.dk\/se\/wp-content\/uploads\/sites\/10\/2021\/09\/cropped-favicon-6.png","width":512,"height":512,"caption":"SolarVenti SVERIGE"},"image":{"@id":"https:\/\/solarventi.dk\/se\/#\/schema\/logo\/image\/"},"sameAs":["https:\/\/facebook.com\/solarventidk"]}]}},"_links":{"self":[{"href":"https:\/\/solarventi.dk\/se\/wp-json\/wp\/v2\/pages\/107","targetHints":{"allow":["GET"]}}],"collection":[{"href":"https:\/\/solarventi.dk\/se\/wp-json\/wp\/v2\/pages"}],"about":[{"href":"https:\/\/solarventi.dk\/se\/wp-json\/wp\/v2\/types\/page"}],"author":[{"embeddable":true,"href":"https:\/\/solarventi.dk\/se\/wp-json\/wp\/v2\/users\/1"}],"replies":[{"embeddable":true,"href":"https:\/\/solarventi.dk\/se\/wp-json\/wp\/v2\/comments?post=107"}],"version-history":[{"count":0,"href":"https:\/\/solarventi.dk\/se\/wp-json\/wp\/v2\/pages\/107\/revisions"}],"wp:featuredmedia":[{"embeddable":true,"href":"https:\/\/solarventi.dk\/se\/wp-json\/wp\/v2\/media\/4118"}],"wp:attachment":[{"href":"https:\/\/solarventi.dk\/se\/wp-json\/wp\/v2\/media?parent=107"}],"curies":[{"name":"wp","href":"https:\/\/api.w.org\/{rel}","templated":true}]}}