{"id":5444,"date":"2023-08-07T14:00:31","date_gmt":"2023-08-07T12:00:31","guid":{"rendered":"https:\/\/solarventi.dk\/no\/?post_type=product&#038;p=5444"},"modified":"2026-01-06T11:17:11","modified_gmt":"2026-01-06T10:17:11","slug":"solarventi-sv3-inntil-25-m%c2%b2","status":"publish","type":"product","link":"https:\/\/solarventi.dk\/no\/vare\/solarventi-sv3-inntil-25-m%c2%b2\/","title":{"rendered":"SolarVenti SV3, inntil 25 m\u00b2"},"content":{"rendered":"<h2 id=\"tablepress-1-name\" class=\"tablepress-table-name tablepress-table-name-id-1\">Montering og alle SolarVenti st\u00f8rrelser<\/h2>\n<span id=\"tablepress-1-description\" class=\"tablepress-table-description tablepress-table-description-id-1\">For \u00e5 oppn\u00e5 st\u00f8rst effekt b\u00f8r systemet installeres p\u00e5 et solrikt sted. St\u00f8rrelsen p\u00e5 innend\u00f8rsarealet (i kvadratmeter) avgj\u00f8r hvor stort anlegg du trenger. Er du i tvil om hvilken st\u00f8rrelse du skal velge, er du hjertelig velkommen til \u00e5 kontakte oss. V\u00e6r oppmerksom p\u00e5 at det kan v\u00e6re skadelig for et fuktig rom \u00e5 installere et system som gir for lite luftstr\u00f8m, da det kan skape kondens.<\/span>\n\n<table id=\"tablepress-1\" class=\"tablepress tablepress-id-1 vd-tabel-scroll\" aria-labelledby=\"tablepress-1-name\" aria-describedby=\"tablepress-1-description\">\n<thead>\n<tr class=\"row-1\">\n\t<th class=\"column-1\">SolarVenti<\/th><th class=\"column-2\">Inntil 25 m<sup>2<\/sup><\/th><th class=\"column-3\">Inntil 50 m<sup>2<\/sup><\/th><th class=\"column-4\">Inntil 80 m<sup>2<\/sup><\/th><th class=\"column-5\">Inntil 100 m<sup>2<\/sup><\/th><th class=\"column-6\">Inntil 150 m<sup>2<\/sup><\/th>\n<\/tr>\n<\/thead>\n<tbody class=\"row-striping row-hover\">\n<tr class=\"row-2\">\n\t<td class=\"column-1\">Modell<\/td><td class=\"column-2\">SV3<\/td><td class=\"column-3\">SV7<\/td><td class=\"column-4\">SV14<\/td><td class=\"column-5\">SV20<\/td><td class=\"column-6\">SV30<\/td>\n<\/tr>\n<tr class=\"row-3\">\n\t<td class=\"column-1\">Pris<\/td><td class=\"column-2\">Kr. 6.250,-<\/td><td class=\"column-3\">Kr. 11.250,-<\/td><td class=\"column-4\">Kr. 16.245,-<\/td><td class=\"column-5\">Kr. 19.470,-<\/td><td class=\"column-6\">Kr. 27.745,-<\/td>\n<\/tr>\n<tr class=\"row-4\">\n\t<td class=\"column-1\">Montering<\/td><td class=\"column-2\">Pris etter avtale<\/td><td class=\"column-3\">Pris etter avtale<\/td><td class=\"column-4\">Pris etter avtale<\/td><td class=\"column-5\">Pris etter avtale<\/td><td class=\"column-6\">Pris etter avtale<\/td>\n<\/tr>\n<tr class=\"row-5\">\n\t<td class=\"column-1\">Dimensjoner (L x B x D)<\/td><td class=\"column-2\">51,5 x 70 x 5,5 cm<\/td><td class=\"column-3\">102 x 70 x 5,5 cm<\/td><td class=\"column-4\">201 x 70 x 5,5 cm<\/td><td class=\"column-5\">201 x 102 x 5,5 cm<\/td><td class=\"column-6\">300 x 102 x 7,5 cm<\/td>\n<\/tr>\n<tr class=\"row-6\">\n\t<td class=\"column-1\">Vekt<\/td><td class=\"column-2\">4,3 kg<\/td><td class=\"column-3\">7,3 kg<\/td><td class=\"column-4\">11 kg<\/td><td class=\"column-5\">15 kg<\/td><td class=\"column-6\">24 kg<\/td>\n<\/tr>\n<tr class=\"row-7\">\n\t<td class=\"column-1\">Solcelle<\/td><td class=\"column-2\">Ja<\/td><td class=\"column-3\">Ja<\/td><td class=\"column-4\">Ja<\/td><td class=\"column-5\">Ja<\/td><td class=\"column-6\">Ja<\/td>\n<\/tr>\n<tr class=\"row-8\">\n\t<td class=\"column-1\">Ventilator<\/td><td class=\"column-2\">Ja<\/td><td class=\"column-3\">Ja<\/td><td class=\"column-4\">Ja<\/td><td class=\"column-5\">Ja<\/td><td class=\"column-6\">Ja<\/td>\n<\/tr>\n<tr class=\"row-9\">\n\t<td class=\"column-1\">Kontrollenhet<\/td><td class=\"column-2\">Bryter<\/td><td class=\"column-3\">Regulator<\/td><td class=\"column-4\">Regulator<\/td><td class=\"column-5\">Regulator<\/td><td class=\"column-6\">Regulator<\/td>\n<\/tr>\n<tr class=\"row-10\">\n\t<td class=\"column-1\">Monteringssett<\/td><td class=\"column-2\">Ja<\/td><td class=\"column-3\">Ja<\/td><td class=\"column-4\">Ja<\/td><td class=\"column-5\">Ja<\/td><td class=\"column-6\">Ja<\/td>\n<\/tr>\n<tr class=\"row-11\">\n\t<td class=\"column-1\">Forside (dekklag)<\/td><td class=\"column-2\">Polykarbonat<\/td><td class=\"column-3\">Polykarbonat<\/td><td class=\"column-4\">Polykarbonat<\/td><td class=\"column-5\">Polykarbonat<\/td><td class=\"column-6\">Polykarbonat<\/td>\n<\/tr>\n<tr class=\"row-12\">\n\t<td class=\"column-1\">Rammemateriale<\/td><td class=\"column-2\">Aluminium<\/td><td class=\"column-3\">Aluminium<\/td><td class=\"column-4\">Aluminium<\/td><td class=\"column-5\">Aluminium<\/td><td class=\"column-6\">Aluminium<\/td>\n<\/tr>\n<tr class=\"row-13\">\n\t<td class=\"column-1\">Rammefarge<\/td><td class=\"column-2\">Svart<\/td><td class=\"column-3\">Svart<\/td><td class=\"column-4\">Svart<\/td><td class=\"column-5\">Svart<\/td><td class=\"column-6\">Svart<\/td>\n<\/tr>\n<tr class=\"row-14\">\n\t<td class=\"column-1\">Estimert energiforsyning pr \u00e5r<\/td><td class=\"column-2\">200 kWh<\/td><td class=\"column-3\">434 kWh<\/td><td class=\"column-4\">924 kWh<\/td><td class=\"column-5\">1.340 kWh<\/td><td class=\"column-6\">2.100 kWh<\/td>\n<\/tr>\n<tr class=\"row-15\">\n\t<td class=\"column-1\">Garanti*<\/td><td class=\"column-2\">5 \u00e5r<\/td><td class=\"column-3\">5 \u00e5r<\/td><td class=\"column-4\">5 \u00e5r<\/td><td class=\"column-5\">5 \u00e5r<\/td><td class=\"column-6\">5 \u00e5r<\/td>\n<\/tr>\n<tr class=\"row-16\">\n\t<td class=\"column-1\">Selvrensende<\/td><td class=\"column-2\">Ja<\/td><td class=\"column-3\">Ja<\/td><td class=\"column-4\">Ja<\/td><td class=\"column-5\">Ja<\/td><td class=\"column-6\">Ja<\/td>\n<\/tr>\n<tr class=\"row-17\">\n\t<td class=\"column-1\">Vedlikeholdsfri<\/td><td class=\"column-2\">Ja<\/td><td class=\"column-3\">Ja<\/td><td class=\"column-4\">Ja<\/td><td class=\"column-5\">Ja<\/td><td class=\"column-6\">Ja<\/td>\n<\/tr>\n<tr class=\"row-18\">\n\t<td class=\"column-1\">Estimert levetid<\/td><td class=\"column-2\">15-20 \u00e5r<\/td><td class=\"column-3\">15-20 \u00e5r<\/td><td class=\"column-4\">15-20 \u00e5r<\/td><td class=\"column-5\">15-20 \u00e5r<\/td><td class=\"column-6\">15-20 \u00e5r<\/td>\n<\/tr>\n<\/tbody>\n<\/table>\n<!-- #tablepress-1 from cache -->\n","protected":false},"excerpt":{"rendered":"<p>SV3 luftsolfangeren dekker normalt opp til 25 m\u00b2.<\/p>\n<p>SV3 luftsolfangeren er den minste modellen. SV3 leveres med komplett tilbeh\u00f8r og\u00a0monteringssett\u00a0klar til vegg.<\/p>\n<p>SV3 luftsolfangeren leveres som standard med avbryter i svart.<\/p>\n<p>Panelets filter er vedlikeholdsfritt.<\/p>\n","protected":false},"featured_media":5453,"template":"","meta":[],"product_brand":[],"product_cat":[74,64],"product_tag":[],"class_list":{"0":"post-5444","1":"product","2":"type-product","3":"status-publish","4":"has-post-thumbnail","6":"product_cat-kolonihage","7":"product_cat-bod-anneks","8":"product_shipping_class-kt2","9":"grve-entry-item","11":"first","12":"instock","13":"taxable","14":"shipping-taxable","15":"purchasable","16":"product-type-simple"},"yoast_head":"<!-- This site is optimized with the Yoast SEO Premium plugin v25.1 (Yoast SEO v25.1) - https:\/\/yoast.com\/wordpress\/plugins\/seo\/ -->\n<title>Op til 25 m\u00b2, SV3 | Shop hos SolarVenti.dk<\/title>\n<meta name=\"description\" content=\"SV3 d\u00e6kker op til 25 m\u00b2 | Soldrevet ventilation til dit kolonihavehus | L\u00e6s mere om produktet og se resten af vores produktudvalg lige her\" \/>\n<meta name=\"robots\" content=\"index, follow, max-snippet:-1, max-image-preview:large, max-video-preview:-1\" \/>\n<link rel=\"canonical\" href=\"https:\/\/solarventi.dk\/no\/vare\/solarventi-sv3-inntil-25-m\u00b2\/\" \/>\n<meta property=\"og:locale\" content=\"nb_NO\" \/>\n<meta property=\"og:type\" content=\"article\" \/>\n<meta property=\"og:title\" content=\"SolarVenti SV3, inntil 25 m\u00b2\" \/>\n<meta property=\"og:description\" content=\"SV3 d\u00e6kker op til 25 m\u00b2 | Soldrevet ventilation til dit kolonihavehus | L\u00e6s mere om produktet og se resten af vores produktudvalg lige her\" \/>\n<meta property=\"og:url\" content=\"https:\/\/solarventi.dk\/no\/vare\/solarventi-sv3-inntil-25-m\u00b2\/\" \/>\n<meta property=\"og:site_name\" content=\"SolarVenti NORGE\" \/>\n<meta property=\"article:modified_time\" content=\"2026-01-06T10:17:11+00:00\" \/>\n<meta property=\"og:image\" content=\"https:\/\/solarventi.dk\/no\/wp-content\/uploads\/sites\/8\/2022\/04\/SV3-solcelle-alu-front-1080.jpg\" \/>\n\t<meta property=\"og:image:width\" content=\"771\" \/>\n\t<meta property=\"og:image:height\" content=\"1079\" \/>\n\t<meta property=\"og:image:type\" content=\"image\/jpeg\" \/>\n<meta name=\"twitter:card\" content=\"summary_large_image\" \/>\n<meta name=\"twitter:label1\" content=\"Ansl. lesetid\" \/>\n\t<meta name=\"twitter:data1\" content=\"1 minutt\" \/>\n<script type=\"application\/ld+json\" class=\"yoast-schema-graph\">{\"@context\":\"https:\/\/schema.org\",\"@graph\":[{\"@type\":\"WebPage\",\"@id\":\"https:\/\/solarventi.dk\/no\/vare\/solarventi-sv3-inntil-25-m%c2%b2\/\",\"url\":\"https:\/\/solarventi.dk\/no\/vare\/solarventi-sv3-inntil-25-m%c2%b2\/\",\"name\":\"Op til 25 m\u00b2, SV3 | Shop hos SolarVenti.dk\",\"isPartOf\":{\"@id\":\"https:\/\/solarventi.dk\/no\/#website\"},\"primaryImageOfPage\":{\"@id\":\"https:\/\/solarventi.dk\/no\/vare\/solarventi-sv3-inntil-25-m%c2%b2\/#primaryimage\"},\"image\":{\"@id\":\"https:\/\/solarventi.dk\/no\/vare\/solarventi-sv3-inntil-25-m%c2%b2\/#primaryimage\"},\"thumbnailUrl\":\"https:\/\/solarventi.dk\/no\/wp-content\/uploads\/sites\/8\/2022\/04\/SV3-solcelle-alu-front-1080.jpg\",\"datePublished\":\"2023-08-07T12:00:31+00:00\",\"dateModified\":\"2026-01-06T10:17:11+00:00\",\"description\":\"SV3 d\u00e6kker op til 25 m\u00b2 | Soldrevet ventilation til dit kolonihavehus | L\u00e6s mere om produktet og se resten af vores produktudvalg lige her\",\"breadcrumb\":{\"@id\":\"https:\/\/solarventi.dk\/no\/vare\/solarventi-sv3-inntil-25-m%c2%b2\/#breadcrumb\"},\"inLanguage\":\"nb-NO\",\"potentialAction\":[{\"@type\":\"ReadAction\",\"target\":[\"https:\/\/solarventi.dk\/no\/vare\/solarventi-sv3-inntil-25-m%c2%b2\/\"]}]},{\"@type\":\"ImageObject\",\"inLanguage\":\"nb-NO\",\"@id\":\"https:\/\/solarventi.dk\/no\/vare\/solarventi-sv3-inntil-25-m%c2%b2\/#primaryimage\",\"url\":\"https:\/\/solarventi.dk\/no\/wp-content\/uploads\/sites\/8\/2022\/04\/SV3-solcelle-alu-front-1080.jpg\",\"contentUrl\":\"https:\/\/solarventi.dk\/no\/wp-content\/uploads\/sites\/8\/2022\/04\/SV3-solcelle-alu-front-1080.jpg\",\"width\":771,\"height\":1079,\"caption\":\"SV3 med solcelle og i aluminiums ramme\"},{\"@type\":\"BreadcrumbList\",\"@id\":\"https:\/\/solarventi.dk\/no\/vare\/solarventi-sv3-inntil-25-m%c2%b2\/#breadcrumb\",\"itemListElement\":[{\"@type\":\"ListItem\",\"position\":1,\"name\":\"Forside\",\"item\":\"https:\/\/solarventi.dk\/no\/\"},{\"@type\":\"ListItem\",\"position\":2,\"name\":\"Shop\",\"item\":\"https:\/\/solarventi.dk\/no\/shop\/\"},{\"@type\":\"ListItem\",\"position\":3,\"name\":\"SolarVenti SV3, inntil 25 m\u00b2\"}]},{\"@type\":\"WebSite\",\"@id\":\"https:\/\/solarventi.dk\/no\/#website\",\"url\":\"https:\/\/solarventi.dk\/no\/\",\"name\":\"SolarVenti NORGE\",\"description\":\"Salg av SolarVenti\",\"potentialAction\":[{\"@type\":\"SearchAction\",\"target\":{\"@type\":\"EntryPoint\",\"urlTemplate\":\"https:\/\/solarventi.dk\/no\/?s={search_term_string}\"},\"query-input\":{\"@type\":\"PropertyValueSpecification\",\"valueRequired\":true,\"valueName\":\"search_term_string\"}}],\"inLanguage\":\"nb-NO\"}]}<\/script>\n<!-- \/ Yoast SEO Premium plugin. -->","yoast_head_json":{"title":"Op til 25 m\u00b2, SV3 | Shop hos SolarVenti.dk","description":"SV3 d\u00e6kker op til 25 m\u00b2 | Soldrevet ventilation til dit kolonihavehus | L\u00e6s mere om produktet og se resten af vores produktudvalg lige her","robots":{"index":"index","follow":"follow","max-snippet":"max-snippet:-1","max-image-preview":"max-image-preview:large","max-video-preview":"max-video-preview:-1"},"canonical":"https:\/\/solarventi.dk\/no\/vare\/solarventi-sv3-inntil-25-m\u00b2\/","og_locale":"nb_NO","og_type":"article","og_title":"SolarVenti SV3, inntil 25 m\u00b2","og_description":"SV3 d\u00e6kker op til 25 m\u00b2 | Soldrevet ventilation til dit kolonihavehus | L\u00e6s mere om produktet og se resten af vores produktudvalg lige her","og_url":"https:\/\/solarventi.dk\/no\/vare\/solarventi-sv3-inntil-25-m\u00b2\/","og_site_name":"SolarVenti NORGE","article_modified_time":"2026-01-06T10:17:11+00:00","og_image":[{"width":771,"height":1079,"url":"https:\/\/solarventi.dk\/no\/wp-content\/uploads\/sites\/8\/2022\/04\/SV3-solcelle-alu-front-1080.jpg","type":"image\/jpeg"}],"twitter_card":"summary_large_image","twitter_misc":{"Ansl. lesetid":"1 minutt"},"schema":{"@context":"https:\/\/schema.org","@graph":[{"@type":"WebPage","@id":"https:\/\/solarventi.dk\/no\/vare\/solarventi-sv3-inntil-25-m%c2%b2\/","url":"https:\/\/solarventi.dk\/no\/vare\/solarventi-sv3-inntil-25-m%c2%b2\/","name":"Op til 25 m\u00b2, SV3 | Shop hos SolarVenti.dk","isPartOf":{"@id":"https:\/\/solarventi.dk\/no\/#website"},"primaryImageOfPage":{"@id":"https:\/\/solarventi.dk\/no\/vare\/solarventi-sv3-inntil-25-m%c2%b2\/#primaryimage"},"image":{"@id":"https:\/\/solarventi.dk\/no\/vare\/solarventi-sv3-inntil-25-m%c2%b2\/#primaryimage"},"thumbnailUrl":"https:\/\/solarventi.dk\/no\/wp-content\/uploads\/sites\/8\/2022\/04\/SV3-solcelle-alu-front-1080.jpg","datePublished":"2023-08-07T12:00:31+00:00","dateModified":"2026-01-06T10:17:11+00:00","description":"SV3 d\u00e6kker op til 25 m\u00b2 | Soldrevet ventilation til dit kolonihavehus | L\u00e6s mere om produktet og se resten af vores produktudvalg lige her","breadcrumb":{"@id":"https:\/\/solarventi.dk\/no\/vare\/solarventi-sv3-inntil-25-m%c2%b2\/#breadcrumb"},"inLanguage":"nb-NO","potentialAction":[{"@type":"ReadAction","target":["https:\/\/solarventi.dk\/no\/vare\/solarventi-sv3-inntil-25-m%c2%b2\/"]}]},{"@type":"ImageObject","inLanguage":"nb-NO","@id":"https:\/\/solarventi.dk\/no\/vare\/solarventi-sv3-inntil-25-m%c2%b2\/#primaryimage","url":"https:\/\/solarventi.dk\/no\/wp-content\/uploads\/sites\/8\/2022\/04\/SV3-solcelle-alu-front-1080.jpg","contentUrl":"https:\/\/solarventi.dk\/no\/wp-content\/uploads\/sites\/8\/2022\/04\/SV3-solcelle-alu-front-1080.jpg","width":771,"height":1079,"caption":"SV3 med solcelle og i aluminiums ramme"},{"@type":"BreadcrumbList","@id":"https:\/\/solarventi.dk\/no\/vare\/solarventi-sv3-inntil-25-m%c2%b2\/#breadcrumb","itemListElement":[{"@type":"ListItem","position":1,"name":"Forside","item":"https:\/\/solarventi.dk\/no\/"},{"@type":"ListItem","position":2,"name":"Shop","item":"https:\/\/solarventi.dk\/no\/shop\/"},{"@type":"ListItem","position":3,"name":"SolarVenti SV3, inntil 25 m\u00b2"}]},{"@type":"WebSite","@id":"https:\/\/solarventi.dk\/no\/#website","url":"https:\/\/solarventi.dk\/no\/","name":"SolarVenti NORGE","description":"Salg av SolarVenti","potentialAction":[{"@type":"SearchAction","target":{"@type":"EntryPoint","urlTemplate":"https:\/\/solarventi.dk\/no\/?s={search_term_string}"},"query-input":{"@type":"PropertyValueSpecification","valueRequired":true,"valueName":"search_term_string"}}],"inLanguage":"nb-NO"}]}},"_links":{"self":[{"href":"https:\/\/solarventi.dk\/no\/wp-json\/wp\/v2\/product\/5444","targetHints":{"allow":["GET"]}}],"collection":[{"href":"https:\/\/solarventi.dk\/no\/wp-json\/wp\/v2\/product"}],"about":[{"href":"https:\/\/solarventi.dk\/no\/wp-json\/wp\/v2\/types\/product"}],"wp:featuredmedia":[{"embeddable":true,"href":"https:\/\/solarventi.dk\/no\/wp-json\/wp\/v2\/media\/5453"}],"wp:attachment":[{"href":"https:\/\/solarventi.dk\/no\/wp-json\/wp\/v2\/media?parent=5444"}],"wp:term":[{"taxonomy":"product_brand","embeddable":true,"href":"https:\/\/solarventi.dk\/no\/wp-json\/wp\/v2\/product_brand?post=5444"},{"taxonomy":"product_cat","embeddable":true,"href":"https:\/\/solarventi.dk\/no\/wp-json\/wp\/v2\/product_cat?post=5444"},{"taxonomy":"product_tag","embeddable":true,"href":"https:\/\/solarventi.dk\/no\/wp-json\/wp\/v2\/product_tag?post=5444"}],"curies":[{"name":"wp","href":"https:\/\/api.w.org\/{rel}","templated":true}]}}