{"id":4510,"date":"2021-11-17T12:40:58","date_gmt":"2021-11-17T11:40:58","guid":{"rendered":"https:\/\/solarventi.dk\/no\/?post_type=product&#038;p=4510"},"modified":"2024-05-03T15:08:53","modified_gmt":"2024-05-03T13:08:53","slug":"ventilasjonssett-passiv","status":"publish","type":"product","link":"https:\/\/solarventi.dk\/no\/vare\/ventilasjonssett-passiv\/","title":{"rendered":"Ventilasjonssett (passiv)"},"content":{"rendered":"","protected":false},"excerpt":{"rendered":"<p>Dette settet er perfekt for hus som trenger ventilasjon, men som ikke er p\u00e5lagt \u00e5 ha et ventilasjonssett som aktivt trekker luften ut.<\/p>\n<p>Spesifikasjon<br \/>\n&#8211; Ventil<br \/>\n&#8211; Aluflex r\u00f8r \u00d8125<br \/>\n&#8211; Alurist<br \/>\n&#8211; Innl\u00f8psstuds<\/p>\n","protected":false},"featured_media":7055,"template":"","meta":[],"product_brand":[],"product_cat":[22],"product_tag":[],"class_list":{"0":"post-4510","1":"product","2":"type-product","3":"status-publish","4":"has-post-thumbnail","6":"product_cat-tilbehoer","7":"product_shipping_class-tilbehoer-under-1000","8":"grve-entry-item","10":"first","11":"onbackorder","12":"taxable","13":"shipping-taxable","14":"purchasable","15":"product-type-simple"},"yoast_head":"<!-- This site is optimized with the Yoast SEO Premium plugin v25.1 (Yoast SEO v25.1) - https:\/\/yoast.com\/wordpress\/plugins\/seo\/ -->\n<title>Ventilasjonssett (passiv) | Finn den p\u00e5 SolarVenti.no<\/title>\n<meta name=\"description\" content=\"Ventilasjonssett gir deg mulighet for passiv ventilasjon i bygningen din | Les om alle l\u00f8sningsalternativene v\u00e5re p\u00e5 SolarVenti.no n\u00e5\" \/>\n<meta name=\"robots\" content=\"index, follow, max-snippet:-1, max-image-preview:large, max-video-preview:-1\" \/>\n<link rel=\"canonical\" href=\"https:\/\/solarventi.dk\/no\/vare\/ventilasjonssett-passiv\/\" \/>\n<meta property=\"og:locale\" content=\"nb_NO\" \/>\n<meta property=\"og:type\" content=\"article\" \/>\n<meta property=\"og:title\" content=\"Ventilasjonssett (passiv)\" \/>\n<meta property=\"og:description\" content=\"Ventilasjonssett gir deg mulighet for passiv ventilasjon i bygningen din | Les om alle l\u00f8sningsalternativene v\u00e5re p\u00e5 SolarVenti.no n\u00e5\" \/>\n<meta property=\"og:url\" content=\"https:\/\/solarventi.dk\/no\/vare\/ventilasjonssett-passiv\/\" \/>\n<meta property=\"og:site_name\" content=\"SolarVenti NORGE\" \/>\n<meta property=\"article:modified_time\" content=\"2024-05-03T13:08:53+00:00\" \/>\n<meta property=\"og:image\" content=\"https:\/\/solarventi.dk\/no\/wp-content\/uploads\/sites\/8\/2021\/11\/Saet1-1500x1500-1.png\" \/>\n\t<meta property=\"og:image:width\" content=\"1500\" \/>\n\t<meta property=\"og:image:height\" content=\"1500\" \/>\n\t<meta property=\"og:image:type\" content=\"image\/png\" \/>\n<meta name=\"twitter:card\" content=\"summary_large_image\" \/>\n<meta name=\"twitter:label1\" content=\"Ansl. lesetid\" \/>\n\t<meta name=\"twitter:data1\" content=\"1 minutt\" \/>\n<script type=\"application\/ld+json\" class=\"yoast-schema-graph\">{\"@context\":\"https:\/\/schema.org\",\"@graph\":[{\"@type\":\"WebPage\",\"@id\":\"https:\/\/solarventi.dk\/no\/vare\/ventilasjonssett-passiv\/\",\"url\":\"https:\/\/solarventi.dk\/no\/vare\/ventilasjonssett-passiv\/\",\"name\":\"Ventilasjonssett (passiv) | Finn den p\u00e5 SolarVenti.no\",\"isPartOf\":{\"@id\":\"https:\/\/solarventi.dk\/no\/#website\"},\"primaryImageOfPage\":{\"@id\":\"https:\/\/solarventi.dk\/no\/vare\/ventilasjonssett-passiv\/#primaryimage\"},\"image\":{\"@id\":\"https:\/\/solarventi.dk\/no\/vare\/ventilasjonssett-passiv\/#primaryimage\"},\"thumbnailUrl\":\"https:\/\/solarventi.dk\/no\/wp-content\/uploads\/sites\/8\/2021\/11\/Saet1-1500x1500-1.png\",\"datePublished\":\"2021-11-17T11:40:58+00:00\",\"dateModified\":\"2024-05-03T13:08:53+00:00\",\"description\":\"Ventilasjonssett gir deg mulighet for passiv ventilasjon i bygningen din | Les om alle l\u00f8sningsalternativene v\u00e5re p\u00e5 SolarVenti.no n\u00e5\",\"breadcrumb\":{\"@id\":\"https:\/\/solarventi.dk\/no\/vare\/ventilasjonssett-passiv\/#breadcrumb\"},\"inLanguage\":\"nb-NO\",\"potentialAction\":[{\"@type\":\"ReadAction\",\"target\":[\"https:\/\/solarventi.dk\/no\/vare\/ventilasjonssett-passiv\/\"]}]},{\"@type\":\"ImageObject\",\"inLanguage\":\"nb-NO\",\"@id\":\"https:\/\/solarventi.dk\/no\/vare\/ventilasjonssett-passiv\/#primaryimage\",\"url\":\"https:\/\/solarventi.dk\/no\/wp-content\/uploads\/sites\/8\/2021\/11\/Saet1-1500x1500-1.png\",\"contentUrl\":\"https:\/\/solarventi.dk\/no\/wp-content\/uploads\/sites\/8\/2021\/11\/Saet1-1500x1500-1.png\",\"width\":1500,\"height\":1500,\"caption\":\"Indeholder rist, udluftningskapsel, skruer, net\"},{\"@type\":\"BreadcrumbList\",\"@id\":\"https:\/\/solarventi.dk\/no\/vare\/ventilasjonssett-passiv\/#breadcrumb\",\"itemListElement\":[{\"@type\":\"ListItem\",\"position\":1,\"name\":\"Forside\",\"item\":\"https:\/\/solarventi.dk\/no\/\"},{\"@type\":\"ListItem\",\"position\":2,\"name\":\"Shop\",\"item\":\"https:\/\/solarventi.dk\/no\/shop\/\"},{\"@type\":\"ListItem\",\"position\":3,\"name\":\"Ventilasjonssett (passiv)\"}]},{\"@type\":\"WebSite\",\"@id\":\"https:\/\/solarventi.dk\/no\/#website\",\"url\":\"https:\/\/solarventi.dk\/no\/\",\"name\":\"SolarVenti NORGE\",\"description\":\"Salg av SolarVenti\",\"potentialAction\":[{\"@type\":\"SearchAction\",\"target\":{\"@type\":\"EntryPoint\",\"urlTemplate\":\"https:\/\/solarventi.dk\/no\/?s={search_term_string}\"},\"query-input\":{\"@type\":\"PropertyValueSpecification\",\"valueRequired\":true,\"valueName\":\"search_term_string\"}}],\"inLanguage\":\"nb-NO\"}]}<\/script>\n<!-- \/ Yoast SEO Premium plugin. -->","yoast_head_json":{"title":"Ventilasjonssett (passiv) | Finn den p\u00e5 SolarVenti.no","description":"Ventilasjonssett gir deg mulighet for passiv ventilasjon i bygningen din | Les om alle l\u00f8sningsalternativene v\u00e5re p\u00e5 SolarVenti.no n\u00e5","robots":{"index":"index","follow":"follow","max-snippet":"max-snippet:-1","max-image-preview":"max-image-preview:large","max-video-preview":"max-video-preview:-1"},"canonical":"https:\/\/solarventi.dk\/no\/vare\/ventilasjonssett-passiv\/","og_locale":"nb_NO","og_type":"article","og_title":"Ventilasjonssett (passiv)","og_description":"Ventilasjonssett gir deg mulighet for passiv ventilasjon i bygningen din | Les om alle l\u00f8sningsalternativene v\u00e5re p\u00e5 SolarVenti.no n\u00e5","og_url":"https:\/\/solarventi.dk\/no\/vare\/ventilasjonssett-passiv\/","og_site_name":"SolarVenti NORGE","article_modified_time":"2024-05-03T13:08:53+00:00","og_image":[{"width":1500,"height":1500,"url":"https:\/\/solarventi.dk\/no\/wp-content\/uploads\/sites\/8\/2021\/11\/Saet1-1500x1500-1.png","type":"image\/png"}],"twitter_card":"summary_large_image","twitter_misc":{"Ansl. lesetid":"1 minutt"},"schema":{"@context":"https:\/\/schema.org","@graph":[{"@type":"WebPage","@id":"https:\/\/solarventi.dk\/no\/vare\/ventilasjonssett-passiv\/","url":"https:\/\/solarventi.dk\/no\/vare\/ventilasjonssett-passiv\/","name":"Ventilasjonssett (passiv) | Finn den p\u00e5 SolarVenti.no","isPartOf":{"@id":"https:\/\/solarventi.dk\/no\/#website"},"primaryImageOfPage":{"@id":"https:\/\/solarventi.dk\/no\/vare\/ventilasjonssett-passiv\/#primaryimage"},"image":{"@id":"https:\/\/solarventi.dk\/no\/vare\/ventilasjonssett-passiv\/#primaryimage"},"thumbnailUrl":"https:\/\/solarventi.dk\/no\/wp-content\/uploads\/sites\/8\/2021\/11\/Saet1-1500x1500-1.png","datePublished":"2021-11-17T11:40:58+00:00","dateModified":"2024-05-03T13:08:53+00:00","description":"Ventilasjonssett gir deg mulighet for passiv ventilasjon i bygningen din | Les om alle l\u00f8sningsalternativene v\u00e5re p\u00e5 SolarVenti.no n\u00e5","breadcrumb":{"@id":"https:\/\/solarventi.dk\/no\/vare\/ventilasjonssett-passiv\/#breadcrumb"},"inLanguage":"nb-NO","potentialAction":[{"@type":"ReadAction","target":["https:\/\/solarventi.dk\/no\/vare\/ventilasjonssett-passiv\/"]}]},{"@type":"ImageObject","inLanguage":"nb-NO","@id":"https:\/\/solarventi.dk\/no\/vare\/ventilasjonssett-passiv\/#primaryimage","url":"https:\/\/solarventi.dk\/no\/wp-content\/uploads\/sites\/8\/2021\/11\/Saet1-1500x1500-1.png","contentUrl":"https:\/\/solarventi.dk\/no\/wp-content\/uploads\/sites\/8\/2021\/11\/Saet1-1500x1500-1.png","width":1500,"height":1500,"caption":"Indeholder rist, udluftningskapsel, skruer, net"},{"@type":"BreadcrumbList","@id":"https:\/\/solarventi.dk\/no\/vare\/ventilasjonssett-passiv\/#breadcrumb","itemListElement":[{"@type":"ListItem","position":1,"name":"Forside","item":"https:\/\/solarventi.dk\/no\/"},{"@type":"ListItem","position":2,"name":"Shop","item":"https:\/\/solarventi.dk\/no\/shop\/"},{"@type":"ListItem","position":3,"name":"Ventilasjonssett (passiv)"}]},{"@type":"WebSite","@id":"https:\/\/solarventi.dk\/no\/#website","url":"https:\/\/solarventi.dk\/no\/","name":"SolarVenti NORGE","description":"Salg av SolarVenti","potentialAction":[{"@type":"SearchAction","target":{"@type":"EntryPoint","urlTemplate":"https:\/\/solarventi.dk\/no\/?s={search_term_string}"},"query-input":{"@type":"PropertyValueSpecification","valueRequired":true,"valueName":"search_term_string"}}],"inLanguage":"nb-NO"}]}},"_links":{"self":[{"href":"https:\/\/solarventi.dk\/no\/wp-json\/wp\/v2\/product\/4510","targetHints":{"allow":["GET"]}}],"collection":[{"href":"https:\/\/solarventi.dk\/no\/wp-json\/wp\/v2\/product"}],"about":[{"href":"https:\/\/solarventi.dk\/no\/wp-json\/wp\/v2\/types\/product"}],"wp:featuredmedia":[{"embeddable":true,"href":"https:\/\/solarventi.dk\/no\/wp-json\/wp\/v2\/media\/7055"}],"wp:attachment":[{"href":"https:\/\/solarventi.dk\/no\/wp-json\/wp\/v2\/media?parent=4510"}],"wp:term":[{"taxonomy":"product_brand","embeddable":true,"href":"https:\/\/solarventi.dk\/no\/wp-json\/wp\/v2\/product_brand?post=4510"},{"taxonomy":"product_cat","embeddable":true,"href":"https:\/\/solarventi.dk\/no\/wp-json\/wp\/v2\/product_cat?post=4510"},{"taxonomy":"product_tag","embeddable":true,"href":"https:\/\/solarventi.dk\/no\/wp-json\/wp\/v2\/product_tag?post=4510"}],"curies":[{"name":"wp","href":"https:\/\/api.w.org\/{rel}","templated":true}]}}