{"id":4509,"date":"2021-11-17T13:00:46","date_gmt":"2021-11-17T12:00:46","guid":{"rendered":"https:\/\/solarventi.dk\/no\/?post_type=product&#038;p=4509"},"modified":"2024-05-03T15:00:26","modified_gmt":"2024-05-03T13:00:26","slug":"fuktstopp","status":"publish","type":"product","link":"https:\/\/solarventi.dk\/no\/vare\/fuktstopp\/","title":{"rendered":"Fuktstopper"},"content":{"rendered":"","protected":false},"excerpt":{"rendered":"<p>Fuktstoppere fra SolarVenti er laget av materialer av h\u00f8y kvalitet som sikrer lang levetid og p\u00e5litelig ytelse. Den er designet for \u00e5 t\u00e5le de mest krevende v\u00e6rforholdene og sikre at hjemmet eller arbeidsplassen forblir t\u00f8rr og sunn.<\/p>\n<p>V\u00e5r fuktstopper er milj\u00f8vennlig og bruker ingen kjemikalier eller andre skadelige stoffer og er designet for \u00e5 ha minimal p\u00e5virkning p\u00e5 milj\u00f8et. S\u00e5 du kan v\u00e6re sikker p\u00e5 at du bidrar til en gr\u00f8nn fremtid ved \u00e5 velge v\u00e5r fuktstopper.<\/p>\n","protected":false},"featured_media":7042,"template":"","meta":[],"product_brand":[],"product_cat":[22],"product_tag":[],"class_list":{"0":"post-4509","1":"product","2":"type-product","3":"status-publish","4":"has-post-thumbnail","6":"product_cat-tilbehoer","7":"product_shipping_class-tilbehoer-under-1000","8":"grve-entry-item","10":"first","11":"instock","12":"taxable","13":"shipping-taxable","14":"purchasable","15":"product-type-simple"},"yoast_head":"<!-- This site is optimized with the Yoast SEO Premium plugin v25.1 (Yoast SEO v25.1) - https:\/\/yoast.com\/wordpress\/plugins\/seo\/ -->\n<title>Fuktstopper | Slik sikrer du varm og t\u00f8rr luft tilf\u00f8res boligen din!<\/title>\n<meta name=\"description\" content=\"Fuktsperren beskytter deg mot trekk og varmetap | Fuktstopperen settes inn i tilf\u00f8rselsventilen slik at den ikke er synlig verken fra utsiden eller fra innsiden.\" \/>\n<meta name=\"robots\" content=\"index, follow, max-snippet:-1, max-image-preview:large, max-video-preview:-1\" \/>\n<link rel=\"canonical\" href=\"https:\/\/solarventi.dk\/no\/vare\/fuktstopp\/\" \/>\n<meta property=\"og:locale\" content=\"nb_NO\" \/>\n<meta property=\"og:type\" content=\"article\" \/>\n<meta property=\"og:title\" content=\"Fuktstopper\" \/>\n<meta property=\"og:description\" content=\"Fuktsperren beskytter deg mot trekk og varmetap | Fuktstopperen settes inn i tilf\u00f8rselsventilen slik at den ikke er synlig verken fra utsiden eller fra innsiden.\" \/>\n<meta property=\"og:url\" content=\"https:\/\/solarventi.dk\/no\/vare\/fuktstopp\/\" \/>\n<meta property=\"og:site_name\" content=\"SolarVenti NORGE\" \/>\n<meta property=\"article:modified_time\" content=\"2024-05-03T13:00:26+00:00\" \/>\n<meta property=\"og:image\" content=\"https:\/\/solarventi.dk\/no\/wp-content\/uploads\/sites\/8\/2021\/11\/Fugtstop-1500x1500-1.png\" \/>\n\t<meta property=\"og:image:width\" content=\"1500\" \/>\n\t<meta property=\"og:image:height\" content=\"1500\" \/>\n\t<meta property=\"og:image:type\" content=\"image\/png\" \/>\n<meta name=\"twitter:card\" content=\"summary_large_image\" \/>\n<meta name=\"twitter:label1\" content=\"Ansl. lesetid\" \/>\n\t<meta name=\"twitter:data1\" content=\"1 minutt\" \/>\n<script type=\"application\/ld+json\" class=\"yoast-schema-graph\">{\"@context\":\"https:\/\/schema.org\",\"@graph\":[{\"@type\":\"WebPage\",\"@id\":\"https:\/\/solarventi.dk\/no\/vare\/fuktstopp\/\",\"url\":\"https:\/\/solarventi.dk\/no\/vare\/fuktstopp\/\",\"name\":\"Fuktstopper | Slik sikrer du varm og t\u00f8rr luft tilf\u00f8res boligen din!\",\"isPartOf\":{\"@id\":\"https:\/\/solarventi.dk\/no\/#website\"},\"primaryImageOfPage\":{\"@id\":\"https:\/\/solarventi.dk\/no\/vare\/fuktstopp\/#primaryimage\"},\"image\":{\"@id\":\"https:\/\/solarventi.dk\/no\/vare\/fuktstopp\/#primaryimage\"},\"thumbnailUrl\":\"https:\/\/solarventi.dk\/no\/wp-content\/uploads\/sites\/8\/2021\/11\/Fugtstop-1500x1500-1.png\",\"datePublished\":\"2021-11-17T12:00:46+00:00\",\"dateModified\":\"2024-05-03T13:00:26+00:00\",\"description\":\"Fuktsperren beskytter deg mot trekk og varmetap | Fuktstopperen settes inn i tilf\u00f8rselsventilen slik at den ikke er synlig verken fra utsiden eller fra innsiden.\",\"breadcrumb\":{\"@id\":\"https:\/\/solarventi.dk\/no\/vare\/fuktstopp\/#breadcrumb\"},\"inLanguage\":\"nb-NO\",\"potentialAction\":[{\"@type\":\"ReadAction\",\"target\":[\"https:\/\/solarventi.dk\/no\/vare\/fuktstopp\/\"]}]},{\"@type\":\"ImageObject\",\"inLanguage\":\"nb-NO\",\"@id\":\"https:\/\/solarventi.dk\/no\/vare\/fuktstopp\/#primaryimage\",\"url\":\"https:\/\/solarventi.dk\/no\/wp-content\/uploads\/sites\/8\/2021\/11\/Fugtstop-1500x1500-1.png\",\"contentUrl\":\"https:\/\/solarventi.dk\/no\/wp-content\/uploads\/sites\/8\/2021\/11\/Fugtstop-1500x1500-1.png\",\"width\":1500,\"height\":1500,\"caption\":\"Fugtstop, solarventi\"},{\"@type\":\"BreadcrumbList\",\"@id\":\"https:\/\/solarventi.dk\/no\/vare\/fuktstopp\/#breadcrumb\",\"itemListElement\":[{\"@type\":\"ListItem\",\"position\":1,\"name\":\"Forside\",\"item\":\"https:\/\/solarventi.dk\/no\/\"},{\"@type\":\"ListItem\",\"position\":2,\"name\":\"Shop\",\"item\":\"https:\/\/solarventi.dk\/no\/shop\/\"},{\"@type\":\"ListItem\",\"position\":3,\"name\":\"Fuktstopper\"}]},{\"@type\":\"WebSite\",\"@id\":\"https:\/\/solarventi.dk\/no\/#website\",\"url\":\"https:\/\/solarventi.dk\/no\/\",\"name\":\"SolarVenti NORGE\",\"description\":\"Salg av SolarVenti\",\"potentialAction\":[{\"@type\":\"SearchAction\",\"target\":{\"@type\":\"EntryPoint\",\"urlTemplate\":\"https:\/\/solarventi.dk\/no\/?s={search_term_string}\"},\"query-input\":{\"@type\":\"PropertyValueSpecification\",\"valueRequired\":true,\"valueName\":\"search_term_string\"}}],\"inLanguage\":\"nb-NO\"}]}<\/script>\n<!-- \/ Yoast SEO Premium plugin. -->","yoast_head_json":{"title":"Fuktstopper | Slik sikrer du varm og t\u00f8rr luft tilf\u00f8res boligen din!","description":"Fuktsperren beskytter deg mot trekk og varmetap | Fuktstopperen settes inn i tilf\u00f8rselsventilen slik at den ikke er synlig verken fra utsiden eller fra innsiden.","robots":{"index":"index","follow":"follow","max-snippet":"max-snippet:-1","max-image-preview":"max-image-preview:large","max-video-preview":"max-video-preview:-1"},"canonical":"https:\/\/solarventi.dk\/no\/vare\/fuktstopp\/","og_locale":"nb_NO","og_type":"article","og_title":"Fuktstopper","og_description":"Fuktsperren beskytter deg mot trekk og varmetap | Fuktstopperen settes inn i tilf\u00f8rselsventilen slik at den ikke er synlig verken fra utsiden eller fra innsiden.","og_url":"https:\/\/solarventi.dk\/no\/vare\/fuktstopp\/","og_site_name":"SolarVenti NORGE","article_modified_time":"2024-05-03T13:00:26+00:00","og_image":[{"width":1500,"height":1500,"url":"https:\/\/solarventi.dk\/no\/wp-content\/uploads\/sites\/8\/2021\/11\/Fugtstop-1500x1500-1.png","type":"image\/png"}],"twitter_card":"summary_large_image","twitter_misc":{"Ansl. lesetid":"1 minutt"},"schema":{"@context":"https:\/\/schema.org","@graph":[{"@type":"WebPage","@id":"https:\/\/solarventi.dk\/no\/vare\/fuktstopp\/","url":"https:\/\/solarventi.dk\/no\/vare\/fuktstopp\/","name":"Fuktstopper | Slik sikrer du varm og t\u00f8rr luft tilf\u00f8res boligen din!","isPartOf":{"@id":"https:\/\/solarventi.dk\/no\/#website"},"primaryImageOfPage":{"@id":"https:\/\/solarventi.dk\/no\/vare\/fuktstopp\/#primaryimage"},"image":{"@id":"https:\/\/solarventi.dk\/no\/vare\/fuktstopp\/#primaryimage"},"thumbnailUrl":"https:\/\/solarventi.dk\/no\/wp-content\/uploads\/sites\/8\/2021\/11\/Fugtstop-1500x1500-1.png","datePublished":"2021-11-17T12:00:46+00:00","dateModified":"2024-05-03T13:00:26+00:00","description":"Fuktsperren beskytter deg mot trekk og varmetap | Fuktstopperen settes inn i tilf\u00f8rselsventilen slik at den ikke er synlig verken fra utsiden eller fra innsiden.","breadcrumb":{"@id":"https:\/\/solarventi.dk\/no\/vare\/fuktstopp\/#breadcrumb"},"inLanguage":"nb-NO","potentialAction":[{"@type":"ReadAction","target":["https:\/\/solarventi.dk\/no\/vare\/fuktstopp\/"]}]},{"@type":"ImageObject","inLanguage":"nb-NO","@id":"https:\/\/solarventi.dk\/no\/vare\/fuktstopp\/#primaryimage","url":"https:\/\/solarventi.dk\/no\/wp-content\/uploads\/sites\/8\/2021\/11\/Fugtstop-1500x1500-1.png","contentUrl":"https:\/\/solarventi.dk\/no\/wp-content\/uploads\/sites\/8\/2021\/11\/Fugtstop-1500x1500-1.png","width":1500,"height":1500,"caption":"Fugtstop, solarventi"},{"@type":"BreadcrumbList","@id":"https:\/\/solarventi.dk\/no\/vare\/fuktstopp\/#breadcrumb","itemListElement":[{"@type":"ListItem","position":1,"name":"Forside","item":"https:\/\/solarventi.dk\/no\/"},{"@type":"ListItem","position":2,"name":"Shop","item":"https:\/\/solarventi.dk\/no\/shop\/"},{"@type":"ListItem","position":3,"name":"Fuktstopper"}]},{"@type":"WebSite","@id":"https:\/\/solarventi.dk\/no\/#website","url":"https:\/\/solarventi.dk\/no\/","name":"SolarVenti NORGE","description":"Salg av SolarVenti","potentialAction":[{"@type":"SearchAction","target":{"@type":"EntryPoint","urlTemplate":"https:\/\/solarventi.dk\/no\/?s={search_term_string}"},"query-input":{"@type":"PropertyValueSpecification","valueRequired":true,"valueName":"search_term_string"}}],"inLanguage":"nb-NO"}]}},"_links":{"self":[{"href":"https:\/\/solarventi.dk\/no\/wp-json\/wp\/v2\/product\/4509","targetHints":{"allow":["GET"]}}],"collection":[{"href":"https:\/\/solarventi.dk\/no\/wp-json\/wp\/v2\/product"}],"about":[{"href":"https:\/\/solarventi.dk\/no\/wp-json\/wp\/v2\/types\/product"}],"wp:featuredmedia":[{"embeddable":true,"href":"https:\/\/solarventi.dk\/no\/wp-json\/wp\/v2\/media\/7042"}],"wp:attachment":[{"href":"https:\/\/solarventi.dk\/no\/wp-json\/wp\/v2\/media?parent=4509"}],"wp:term":[{"taxonomy":"product_brand","embeddable":true,"href":"https:\/\/solarventi.dk\/no\/wp-json\/wp\/v2\/product_brand?post=4509"},{"taxonomy":"product_cat","embeddable":true,"href":"https:\/\/solarventi.dk\/no\/wp-json\/wp\/v2\/product_cat?post=4509"},{"taxonomy":"product_tag","embeddable":true,"href":"https:\/\/solarventi.dk\/no\/wp-json\/wp\/v2\/product_tag?post=4509"}],"curies":[{"name":"wp","href":"https:\/\/api.w.org\/{rel}","templated":true}]}}