{"id":4507,"date":"2021-11-17T13:30:20","date_gmt":"2021-11-17T12:30:20","guid":{"rendered":"https:\/\/solarventi.dk\/no\/?post_type=product&#038;p=4507"},"modified":"2024-05-03T14:50:53","modified_gmt":"2024-05-03T12:50:53","slug":"regulator","status":"publish","type":"product","link":"https:\/\/solarventi.dk\/no\/vare\/regulator\/","title":{"rendered":"Regulator"},"content":{"rendered":"","protected":false},"excerpt":{"rendered":"<p>Regulatoren brukes til \u00e5 regulere tilf\u00f8rselsvolum og hastighet i et gitt rom. En romtermostat er integrert i regulatoren, som sl\u00e5r av systemet dersom det blir for varmt inne. Den er designet for \u00e5 opprettholde en presis og konstant parameter. Regulatoren er ogs\u00e5 enkel \u00e5 installere, og siden den kun g\u00e5r p\u00e5 kraften fra solcellen, er det ogs\u00e5 noe alle kan og m\u00e5 installere.<\/p>\n<p>Hvis du \u00f8nsker \u00e5 kontrollere din SolarVenti og ha kontroll over turledningstemperaturen, s\u00e5 er denne regulatoren det perfekte valget for deg. Med denne regulatoren kan du enkelt og raskt justere temperaturen og luftstr\u00f8mmen i din SolarVenti. Med det intuitive brukergrensesnittet kan du enkelt tilpasse ventilasjonen til dine behov.<\/p>\n<p>Kontrolleren inneholder 3 funksjoner:<\/p>\n<p>P\u00e5 av<br \/>\nHastighetsregulering for vifte<br \/>\nRomtermostat som sl\u00e5r av anlegget dersom det blir for varmt i rommet<\/p>\n<p>Bestill den n\u00e5 og opplev fordelene med dets intuitive brukergrensesnitt, holdbare konstruksjon og stilige design. Med denne regulatoren vil du f\u00e5 den beste kontrollen over din SolarVenti og s\u00f8rge for at ventilasjonen din alltid fungerer optimalt.<\/p>\n","protected":false},"featured_media":7044,"template":"","meta":[],"product_brand":[],"product_cat":[22],"product_tag":[],"class_list":{"0":"post-4507","1":"product","2":"type-product","3":"status-publish","4":"has-post-thumbnail","6":"product_cat-tilbehoer","7":"product_shipping_class-kt1","8":"grve-entry-item","10":"first","11":"instock","12":"taxable","13":"shipping-taxable","14":"purchasable","15":"product-type-simple"},"yoast_head":"<!-- This site is optimized with the Yoast SEO Premium plugin v25.1 (Yoast SEO v25.1) - https:\/\/yoast.com\/wordpress\/plugins\/seo\/ -->\n<title>Regulator | Slik f\u00e5r du kontroll p\u00e5 luftflow og romtemperatur<\/title>\n<meta name=\"description\" content=\"Regulator giver dig gode foruds\u00e6tninger at kunne bestemme dit eget luftflow | Med styringen f\u00f8lger en t\u00e6nd\/sluk, hastighedsregulering og rumtermostat.\" \/>\n<meta name=\"robots\" content=\"index, follow, max-snippet:-1, max-image-preview:large, max-video-preview:-1\" \/>\n<link rel=\"canonical\" href=\"https:\/\/solarventi.dk\/no\/vare\/regulator\/\" \/>\n<meta property=\"og:locale\" content=\"nb_NO\" \/>\n<meta property=\"og:type\" content=\"article\" \/>\n<meta property=\"og:title\" content=\"Regulator\" \/>\n<meta property=\"og:description\" content=\"Regulator giver dig gode foruds\u00e6tninger at kunne bestemme dit eget luftflow | Med styringen f\u00f8lger en t\u00e6nd\/sluk, hastighedsregulering og rumtermostat.\" \/>\n<meta property=\"og:url\" content=\"https:\/\/solarventi.dk\/no\/vare\/regulator\/\" \/>\n<meta property=\"og:site_name\" content=\"SolarVenti NORGE\" \/>\n<meta property=\"article:modified_time\" content=\"2024-05-03T12:50:53+00:00\" \/>\n<meta property=\"og:image\" content=\"https:\/\/solarventi.dk\/no\/wp-content\/uploads\/sites\/8\/2021\/11\/Regulator-1500x1500-1.png\" \/>\n\t<meta property=\"og:image:width\" content=\"1500\" \/>\n\t<meta property=\"og:image:height\" content=\"1500\" \/>\n\t<meta property=\"og:image:type\" content=\"image\/png\" \/>\n<meta name=\"twitter:card\" content=\"summary_large_image\" \/>\n<meta name=\"twitter:label1\" content=\"Ansl. lesetid\" \/>\n\t<meta name=\"twitter:data1\" content=\"1 minutt\" \/>\n<script type=\"application\/ld+json\" class=\"yoast-schema-graph\">{\"@context\":\"https:\/\/schema.org\",\"@graph\":[{\"@type\":\"WebPage\",\"@id\":\"https:\/\/solarventi.dk\/no\/vare\/regulator\/\",\"url\":\"https:\/\/solarventi.dk\/no\/vare\/regulator\/\",\"name\":\"Regulator | Slik f\u00e5r du kontroll p\u00e5 luftflow og romtemperatur\",\"isPartOf\":{\"@id\":\"https:\/\/solarventi.dk\/no\/#website\"},\"primaryImageOfPage\":{\"@id\":\"https:\/\/solarventi.dk\/no\/vare\/regulator\/#primaryimage\"},\"image\":{\"@id\":\"https:\/\/solarventi.dk\/no\/vare\/regulator\/#primaryimage\"},\"thumbnailUrl\":\"https:\/\/solarventi.dk\/no\/wp-content\/uploads\/sites\/8\/2021\/11\/Regulator-1500x1500-1.png\",\"datePublished\":\"2021-11-17T12:30:20+00:00\",\"dateModified\":\"2024-05-03T12:50:53+00:00\",\"description\":\"Regulator giver dig gode foruds\u00e6tninger at kunne bestemme dit eget luftflow | Med styringen f\u00f8lger en t\u00e6nd\/sluk, hastighedsregulering og rumtermostat.\",\"breadcrumb\":{\"@id\":\"https:\/\/solarventi.dk\/no\/vare\/regulator\/#breadcrumb\"},\"inLanguage\":\"nb-NO\",\"potentialAction\":[{\"@type\":\"ReadAction\",\"target\":[\"https:\/\/solarventi.dk\/no\/vare\/regulator\/\"]}]},{\"@type\":\"ImageObject\",\"inLanguage\":\"nb-NO\",\"@id\":\"https:\/\/solarventi.dk\/no\/vare\/regulator\/#primaryimage\",\"url\":\"https:\/\/solarventi.dk\/no\/wp-content\/uploads\/sites\/8\/2021\/11\/Regulator-1500x1500-1.png\",\"contentUrl\":\"https:\/\/solarventi.dk\/no\/wp-content\/uploads\/sites\/8\/2021\/11\/Regulator-1500x1500-1.png\",\"width\":1500,\"height\":1500,\"caption\":\"bruges til at regulere varmen\"},{\"@type\":\"BreadcrumbList\",\"@id\":\"https:\/\/solarventi.dk\/no\/vare\/regulator\/#breadcrumb\",\"itemListElement\":[{\"@type\":\"ListItem\",\"position\":1,\"name\":\"Forside\",\"item\":\"https:\/\/solarventi.dk\/no\/\"},{\"@type\":\"ListItem\",\"position\":2,\"name\":\"Shop\",\"item\":\"https:\/\/solarventi.dk\/no\/shop\/\"},{\"@type\":\"ListItem\",\"position\":3,\"name\":\"Regulator\"}]},{\"@type\":\"WebSite\",\"@id\":\"https:\/\/solarventi.dk\/no\/#website\",\"url\":\"https:\/\/solarventi.dk\/no\/\",\"name\":\"SolarVenti NORGE\",\"description\":\"Salg av SolarVenti\",\"potentialAction\":[{\"@type\":\"SearchAction\",\"target\":{\"@type\":\"EntryPoint\",\"urlTemplate\":\"https:\/\/solarventi.dk\/no\/?s={search_term_string}\"},\"query-input\":{\"@type\":\"PropertyValueSpecification\",\"valueRequired\":true,\"valueName\":\"search_term_string\"}}],\"inLanguage\":\"nb-NO\"}]}<\/script>\n<!-- \/ Yoast SEO Premium plugin. -->","yoast_head_json":{"title":"Regulator | Slik f\u00e5r du kontroll p\u00e5 luftflow og romtemperatur","description":"Regulator giver dig gode foruds\u00e6tninger at kunne bestemme dit eget luftflow | Med styringen f\u00f8lger en t\u00e6nd\/sluk, hastighedsregulering og rumtermostat.","robots":{"index":"index","follow":"follow","max-snippet":"max-snippet:-1","max-image-preview":"max-image-preview:large","max-video-preview":"max-video-preview:-1"},"canonical":"https:\/\/solarventi.dk\/no\/vare\/regulator\/","og_locale":"nb_NO","og_type":"article","og_title":"Regulator","og_description":"Regulator giver dig gode foruds\u00e6tninger at kunne bestemme dit eget luftflow | Med styringen f\u00f8lger en t\u00e6nd\/sluk, hastighedsregulering og rumtermostat.","og_url":"https:\/\/solarventi.dk\/no\/vare\/regulator\/","og_site_name":"SolarVenti NORGE","article_modified_time":"2024-05-03T12:50:53+00:00","og_image":[{"width":1500,"height":1500,"url":"https:\/\/solarventi.dk\/no\/wp-content\/uploads\/sites\/8\/2021\/11\/Regulator-1500x1500-1.png","type":"image\/png"}],"twitter_card":"summary_large_image","twitter_misc":{"Ansl. lesetid":"1 minutt"},"schema":{"@context":"https:\/\/schema.org","@graph":[{"@type":"WebPage","@id":"https:\/\/solarventi.dk\/no\/vare\/regulator\/","url":"https:\/\/solarventi.dk\/no\/vare\/regulator\/","name":"Regulator | Slik f\u00e5r du kontroll p\u00e5 luftflow og romtemperatur","isPartOf":{"@id":"https:\/\/solarventi.dk\/no\/#website"},"primaryImageOfPage":{"@id":"https:\/\/solarventi.dk\/no\/vare\/regulator\/#primaryimage"},"image":{"@id":"https:\/\/solarventi.dk\/no\/vare\/regulator\/#primaryimage"},"thumbnailUrl":"https:\/\/solarventi.dk\/no\/wp-content\/uploads\/sites\/8\/2021\/11\/Regulator-1500x1500-1.png","datePublished":"2021-11-17T12:30:20+00:00","dateModified":"2024-05-03T12:50:53+00:00","description":"Regulator giver dig gode foruds\u00e6tninger at kunne bestemme dit eget luftflow | Med styringen f\u00f8lger en t\u00e6nd\/sluk, hastighedsregulering og rumtermostat.","breadcrumb":{"@id":"https:\/\/solarventi.dk\/no\/vare\/regulator\/#breadcrumb"},"inLanguage":"nb-NO","potentialAction":[{"@type":"ReadAction","target":["https:\/\/solarventi.dk\/no\/vare\/regulator\/"]}]},{"@type":"ImageObject","inLanguage":"nb-NO","@id":"https:\/\/solarventi.dk\/no\/vare\/regulator\/#primaryimage","url":"https:\/\/solarventi.dk\/no\/wp-content\/uploads\/sites\/8\/2021\/11\/Regulator-1500x1500-1.png","contentUrl":"https:\/\/solarventi.dk\/no\/wp-content\/uploads\/sites\/8\/2021\/11\/Regulator-1500x1500-1.png","width":1500,"height":1500,"caption":"bruges til at regulere varmen"},{"@type":"BreadcrumbList","@id":"https:\/\/solarventi.dk\/no\/vare\/regulator\/#breadcrumb","itemListElement":[{"@type":"ListItem","position":1,"name":"Forside","item":"https:\/\/solarventi.dk\/no\/"},{"@type":"ListItem","position":2,"name":"Shop","item":"https:\/\/solarventi.dk\/no\/shop\/"},{"@type":"ListItem","position":3,"name":"Regulator"}]},{"@type":"WebSite","@id":"https:\/\/solarventi.dk\/no\/#website","url":"https:\/\/solarventi.dk\/no\/","name":"SolarVenti NORGE","description":"Salg av SolarVenti","potentialAction":[{"@type":"SearchAction","target":{"@type":"EntryPoint","urlTemplate":"https:\/\/solarventi.dk\/no\/?s={search_term_string}"},"query-input":{"@type":"PropertyValueSpecification","valueRequired":true,"valueName":"search_term_string"}}],"inLanguage":"nb-NO"}]}},"_links":{"self":[{"href":"https:\/\/solarventi.dk\/no\/wp-json\/wp\/v2\/product\/4507","targetHints":{"allow":["GET"]}}],"collection":[{"href":"https:\/\/solarventi.dk\/no\/wp-json\/wp\/v2\/product"}],"about":[{"href":"https:\/\/solarventi.dk\/no\/wp-json\/wp\/v2\/types\/product"}],"wp:featuredmedia":[{"embeddable":true,"href":"https:\/\/solarventi.dk\/no\/wp-json\/wp\/v2\/media\/7044"}],"wp:attachment":[{"href":"https:\/\/solarventi.dk\/no\/wp-json\/wp\/v2\/media?parent=4507"}],"wp:term":[{"taxonomy":"product_brand","embeddable":true,"href":"https:\/\/solarventi.dk\/no\/wp-json\/wp\/v2\/product_brand?post=4507"},{"taxonomy":"product_cat","embeddable":true,"href":"https:\/\/solarventi.dk\/no\/wp-json\/wp\/v2\/product_cat?post=4507"},{"taxonomy":"product_tag","embeddable":true,"href":"https:\/\/solarventi.dk\/no\/wp-json\/wp\/v2\/product_tag?post=4507"}],"curies":[{"name":"wp","href":"https:\/\/api.w.org\/{rel}","templated":true}]}}