{"id":4506,"date":"2021-11-17T13:20:05","date_gmt":"2021-11-17T12:20:05","guid":{"rendered":"https:\/\/solarventi.dk\/no\/?post_type=product&#038;p=4506"},"modified":"2024-05-03T14:53:47","modified_gmt":"2024-05-03T12:53:47","slug":"scontrol","status":"publish","type":"product","link":"https:\/\/solarventi.dk\/no\/vare\/scontrol\/","title":{"rendered":"SControl"},"content":{"rendered":"","protected":false},"excerpt":{"rendered":"<p>Leter du etter den beste og mest effektive m\u00e5ten \u00e5 kontrollere din SolarVenti p\u00e5? Da er SControl det ultimate valget for deg! Dette intelligente kontrollsystemet er spesielt utviklet for \u00e5 fungere sammen med SolarVenti, og det gir deg problemfri og p\u00e5litelig kontroll av ventilasjonsaggregatet ditt.<\/p>\n<p>SControl er en avansert kontrollenhet \u2013 egnet for temperatur-, fuktighets- og tidskontroll. N\u00e5r den er koblet til str\u00f8mnettet, kan den gi regelmessig\/fuktighetskontrollert ventilasjon selv n\u00e5r solen ikke skinner. Det er ogs\u00e5 mulig \u00e5 programmere SControl slik at den automatisk tilpasser seg dine behov og \u00f8nsker. Med dette avanserte kontrollsystemet er det mulig \u00e5 spare energi og penger p\u00e5 str\u00f8mregningen.<\/p>\n<p>Samtidig gir SControl mulighet for kj\u00f8ling, slik at du kan oppn\u00e5 frikj\u00f8ling om natten. Datalogging og Wi-Fi-overf\u00f8ring av data er ogs\u00e5 mulig (krever tilleggskj\u00f8p &#8211; ring for \u00e5 finne ut mer).<\/p>\n<p>F\u00f8lger opp med kj\u00f8p av Garasje og Kjellerl\u00f8sning (kjellerl\u00f8sning kan ikke kj\u00f8pes i nettbutikken).<\/p>\n<p>Som standard passer den ikke til luftsolfangere med solcelle, men kan tilpasses \u2013 ring for \u00e5 f\u00e5 vite mer.<\/p>\n","protected":false},"featured_media":7040,"template":"","meta":[],"product_brand":[],"product_cat":[22],"product_tag":[],"class_list":{"0":"post-4506","1":"product","2":"type-product","3":"status-publish","4":"has-post-thumbnail","6":"product_cat-tilbehoer","7":"product_shipping_class-kt1","8":"grve-entry-item","10":"first","11":"instock","12":"taxable","13":"shipping-taxable","14":"purchasable","15":"product-type-simple"},"yoast_head":"<!-- This site is optimized with the Yoast SEO Premium plugin v25.1 (Yoast SEO v25.1) - https:\/\/yoast.com\/wordpress\/plugins\/seo\/ -->\n<title>SControl | Temperatur-, fukt- og tids styring til din luft solfanger<\/title>\n<meta name=\"description\" content=\"SControl giver dig fuld kontrol over din SolarVenti | F\u00e5 en avanceret styring som tager udgangspunkt i temperatur- og fugtforhold inde og ude.\" \/>\n<meta name=\"robots\" content=\"index, follow, max-snippet:-1, max-image-preview:large, max-video-preview:-1\" \/>\n<link rel=\"canonical\" href=\"https:\/\/solarventi.dk\/no\/vare\/scontrol\/\" \/>\n<meta property=\"og:locale\" content=\"nb_NO\" \/>\n<meta property=\"og:type\" content=\"article\" \/>\n<meta property=\"og:title\" content=\"SControl\" \/>\n<meta property=\"og:description\" content=\"SControl giver dig fuld kontrol over din SolarVenti | F\u00e5 en avanceret styring som tager udgangspunkt i temperatur- og fugtforhold inde og ude.\" \/>\n<meta property=\"og:url\" content=\"https:\/\/solarventi.dk\/no\/vare\/scontrol\/\" \/>\n<meta property=\"og:site_name\" content=\"SolarVenti NORGE\" \/>\n<meta property=\"article:modified_time\" content=\"2024-05-03T12:53:47+00:00\" \/>\n<meta property=\"og:image\" content=\"https:\/\/solarventi.dk\/no\/wp-content\/uploads\/sites\/8\/2021\/11\/SControl-1500x1500-1.png\" \/>\n\t<meta property=\"og:image:width\" content=\"1500\" \/>\n\t<meta property=\"og:image:height\" content=\"1500\" \/>\n\t<meta property=\"og:image:type\" content=\"image\/png\" \/>\n<meta name=\"twitter:card\" content=\"summary_large_image\" \/>\n<meta name=\"twitter:label1\" content=\"Ansl. lesetid\" \/>\n\t<meta name=\"twitter:data1\" content=\"1 minutt\" \/>\n<script type=\"application\/ld+json\" class=\"yoast-schema-graph\">{\"@context\":\"https:\/\/schema.org\",\"@graph\":[{\"@type\":\"WebPage\",\"@id\":\"https:\/\/solarventi.dk\/no\/vare\/scontrol\/\",\"url\":\"https:\/\/solarventi.dk\/no\/vare\/scontrol\/\",\"name\":\"SControl | Temperatur-, fukt- og tids styring til din luft solfanger\",\"isPartOf\":{\"@id\":\"https:\/\/solarventi.dk\/no\/#website\"},\"primaryImageOfPage\":{\"@id\":\"https:\/\/solarventi.dk\/no\/vare\/scontrol\/#primaryimage\"},\"image\":{\"@id\":\"https:\/\/solarventi.dk\/no\/vare\/scontrol\/#primaryimage\"},\"thumbnailUrl\":\"https:\/\/solarventi.dk\/no\/wp-content\/uploads\/sites\/8\/2021\/11\/SControl-1500x1500-1.png\",\"datePublished\":\"2021-11-17T12:20:05+00:00\",\"dateModified\":\"2024-05-03T12:53:47+00:00\",\"description\":\"SControl giver dig fuld kontrol over din SolarVenti | F\u00e5 en avanceret styring som tager udgangspunkt i temperatur- og fugtforhold inde og ude.\",\"breadcrumb\":{\"@id\":\"https:\/\/solarventi.dk\/no\/vare\/scontrol\/#breadcrumb\"},\"inLanguage\":\"nb-NO\",\"potentialAction\":[{\"@type\":\"ReadAction\",\"target\":[\"https:\/\/solarventi.dk\/no\/vare\/scontrol\/\"]}]},{\"@type\":\"ImageObject\",\"inLanguage\":\"nb-NO\",\"@id\":\"https:\/\/solarventi.dk\/no\/vare\/scontrol\/#primaryimage\",\"url\":\"https:\/\/solarventi.dk\/no\/wp-content\/uploads\/sites\/8\/2021\/11\/SControl-1500x1500-1.png\",\"contentUrl\":\"https:\/\/solarventi.dk\/no\/wp-content\/uploads\/sites\/8\/2021\/11\/SControl-1500x1500-1.png\",\"width\":1500,\"height\":1500,\"caption\":\"Scontrol SolarVenti\"},{\"@type\":\"BreadcrumbList\",\"@id\":\"https:\/\/solarventi.dk\/no\/vare\/scontrol\/#breadcrumb\",\"itemListElement\":[{\"@type\":\"ListItem\",\"position\":1,\"name\":\"Forside\",\"item\":\"https:\/\/solarventi.dk\/no\/\"},{\"@type\":\"ListItem\",\"position\":2,\"name\":\"Shop\",\"item\":\"https:\/\/solarventi.dk\/no\/shop\/\"},{\"@type\":\"ListItem\",\"position\":3,\"name\":\"SControl\"}]},{\"@type\":\"WebSite\",\"@id\":\"https:\/\/solarventi.dk\/no\/#website\",\"url\":\"https:\/\/solarventi.dk\/no\/\",\"name\":\"SolarVenti NORGE\",\"description\":\"Salg av SolarVenti\",\"potentialAction\":[{\"@type\":\"SearchAction\",\"target\":{\"@type\":\"EntryPoint\",\"urlTemplate\":\"https:\/\/solarventi.dk\/no\/?s={search_term_string}\"},\"query-input\":{\"@type\":\"PropertyValueSpecification\",\"valueRequired\":true,\"valueName\":\"search_term_string\"}}],\"inLanguage\":\"nb-NO\"}]}<\/script>\n<!-- \/ Yoast SEO Premium plugin. -->","yoast_head_json":{"title":"SControl | Temperatur-, fukt- og tids styring til din luft solfanger","description":"SControl giver dig fuld kontrol over din SolarVenti | F\u00e5 en avanceret styring som tager udgangspunkt i temperatur- og fugtforhold inde og ude.","robots":{"index":"index","follow":"follow","max-snippet":"max-snippet:-1","max-image-preview":"max-image-preview:large","max-video-preview":"max-video-preview:-1"},"canonical":"https:\/\/solarventi.dk\/no\/vare\/scontrol\/","og_locale":"nb_NO","og_type":"article","og_title":"SControl","og_description":"SControl giver dig fuld kontrol over din SolarVenti | F\u00e5 en avanceret styring som tager udgangspunkt i temperatur- og fugtforhold inde og ude.","og_url":"https:\/\/solarventi.dk\/no\/vare\/scontrol\/","og_site_name":"SolarVenti NORGE","article_modified_time":"2024-05-03T12:53:47+00:00","og_image":[{"width":1500,"height":1500,"url":"https:\/\/solarventi.dk\/no\/wp-content\/uploads\/sites\/8\/2021\/11\/SControl-1500x1500-1.png","type":"image\/png"}],"twitter_card":"summary_large_image","twitter_misc":{"Ansl. lesetid":"1 minutt"},"schema":{"@context":"https:\/\/schema.org","@graph":[{"@type":"WebPage","@id":"https:\/\/solarventi.dk\/no\/vare\/scontrol\/","url":"https:\/\/solarventi.dk\/no\/vare\/scontrol\/","name":"SControl | Temperatur-, fukt- og tids styring til din luft solfanger","isPartOf":{"@id":"https:\/\/solarventi.dk\/no\/#website"},"primaryImageOfPage":{"@id":"https:\/\/solarventi.dk\/no\/vare\/scontrol\/#primaryimage"},"image":{"@id":"https:\/\/solarventi.dk\/no\/vare\/scontrol\/#primaryimage"},"thumbnailUrl":"https:\/\/solarventi.dk\/no\/wp-content\/uploads\/sites\/8\/2021\/11\/SControl-1500x1500-1.png","datePublished":"2021-11-17T12:20:05+00:00","dateModified":"2024-05-03T12:53:47+00:00","description":"SControl giver dig fuld kontrol over din SolarVenti | F\u00e5 en avanceret styring som tager udgangspunkt i temperatur- og fugtforhold inde og ude.","breadcrumb":{"@id":"https:\/\/solarventi.dk\/no\/vare\/scontrol\/#breadcrumb"},"inLanguage":"nb-NO","potentialAction":[{"@type":"ReadAction","target":["https:\/\/solarventi.dk\/no\/vare\/scontrol\/"]}]},{"@type":"ImageObject","inLanguage":"nb-NO","@id":"https:\/\/solarventi.dk\/no\/vare\/scontrol\/#primaryimage","url":"https:\/\/solarventi.dk\/no\/wp-content\/uploads\/sites\/8\/2021\/11\/SControl-1500x1500-1.png","contentUrl":"https:\/\/solarventi.dk\/no\/wp-content\/uploads\/sites\/8\/2021\/11\/SControl-1500x1500-1.png","width":1500,"height":1500,"caption":"Scontrol SolarVenti"},{"@type":"BreadcrumbList","@id":"https:\/\/solarventi.dk\/no\/vare\/scontrol\/#breadcrumb","itemListElement":[{"@type":"ListItem","position":1,"name":"Forside","item":"https:\/\/solarventi.dk\/no\/"},{"@type":"ListItem","position":2,"name":"Shop","item":"https:\/\/solarventi.dk\/no\/shop\/"},{"@type":"ListItem","position":3,"name":"SControl"}]},{"@type":"WebSite","@id":"https:\/\/solarventi.dk\/no\/#website","url":"https:\/\/solarventi.dk\/no\/","name":"SolarVenti NORGE","description":"Salg av SolarVenti","potentialAction":[{"@type":"SearchAction","target":{"@type":"EntryPoint","urlTemplate":"https:\/\/solarventi.dk\/no\/?s={search_term_string}"},"query-input":{"@type":"PropertyValueSpecification","valueRequired":true,"valueName":"search_term_string"}}],"inLanguage":"nb-NO"}]}},"_links":{"self":[{"href":"https:\/\/solarventi.dk\/no\/wp-json\/wp\/v2\/product\/4506","targetHints":{"allow":["GET"]}}],"collection":[{"href":"https:\/\/solarventi.dk\/no\/wp-json\/wp\/v2\/product"}],"about":[{"href":"https:\/\/solarventi.dk\/no\/wp-json\/wp\/v2\/types\/product"}],"wp:featuredmedia":[{"embeddable":true,"href":"https:\/\/solarventi.dk\/no\/wp-json\/wp\/v2\/media\/7040"}],"wp:attachment":[{"href":"https:\/\/solarventi.dk\/no\/wp-json\/wp\/v2\/media?parent=4506"}],"wp:term":[{"taxonomy":"product_brand","embeddable":true,"href":"https:\/\/solarventi.dk\/no\/wp-json\/wp\/v2\/product_brand?post=4506"},{"taxonomy":"product_cat","embeddable":true,"href":"https:\/\/solarventi.dk\/no\/wp-json\/wp\/v2\/product_cat?post=4506"},{"taxonomy":"product_tag","embeddable":true,"href":"https:\/\/solarventi.dk\/no\/wp-json\/wp\/v2\/product_tag?post=4506"}],"curies":[{"name":"wp","href":"https:\/\/api.w.org\/{rel}","templated":true}]}}