{"id":13080,"date":"2024-05-03T15:23:33","date_gmt":"2024-05-03T13:23:33","guid":{"rendered":"https:\/\/solarventi.dk\/no\/?post_type=product&#038;p=13080"},"modified":"2024-05-03T15:24:27","modified_gmt":"2024-05-03T13:24:27","slug":"vinkelmonteringssett-for-vegg-sv7-og-sv14","status":"publish","type":"product","link":"https:\/\/solarventi.dk\/no\/vare\/vinkelmonteringssett-for-vegg-sv7-og-sv14\/","title":{"rendered":"Vinkelmonteringssett for vegg SV7 og SV14."},"content":{"rendered":"","protected":false},"excerpt":{"rendered":"<p>Dette settet vinkler SolarVenti ut fra veggen opp til 40 grader &#8211; enten horisontalt eller vertikalt. Det er spesielt nyttig dersom det ikke er sydvendt vegg, hvor vinkelbeslagene da kan brukes for \u00e5 oppn\u00e5 en bedre plassering i forhold til solinnstr\u00e5lingen (S, SE, SW).<\/p>\n<p>Monteringsh\u00e5ndboken finner du <a href=\"https:\/\/solarventi.dk\/wp-content\/uploads\/sites\/8\/2021\/11\/angle_wall-installation-manual.pdf\">her<\/a><\/p>\n<p>Spesifikasjon<br \/>\n&#8211; Vinkelbrakett<br \/>\n&#8211; Aluflex r\u00f8r 175 cm i \u00d8125<br \/>\n&#8211; Fleksislange 75 cm i \u00d8160 og tilbeh\u00f8r<\/p>\n","protected":false},"featured_media":7059,"template":"","meta":[],"product_brand":[],"product_cat":[22],"product_tag":[],"class_list":{"0":"post-13080","1":"product","2":"type-product","3":"status-publish","4":"has-post-thumbnail","6":"product_cat-tilbehoer","7":"product_shipping_class-kt1","8":"grve-entry-item","10":"first","11":"onbackorder","12":"taxable","13":"shipping-taxable","14":"purchasable","15":"product-type-simple"},"yoast_head":"<!-- This site is optimized with the Yoast SEO Premium plugin v25.1 (Yoast SEO v25.1) - https:\/\/yoast.com\/wordpress\/plugins\/seo\/ -->\n<title>Vinkelmonteringssett for vegg | Kj\u00f8\u00e5 n\u00e5<\/title>\n<meta name=\"robots\" content=\"noindex, nofollow\" \/>\n<meta property=\"og:locale\" content=\"nb_NO\" \/>\n<meta property=\"og:type\" content=\"article\" \/>\n<meta property=\"og:title\" content=\"Vinkelmonteringssett for vegg SV7 og SV14.\" \/>\n<meta property=\"og:description\" content=\"Dette settet vinkler SolarVenti ut fra veggen opp til 40 grader - enten horisontalt eller vertikalt. Det er spesielt nyttig dersom det ikke er sydvendt vegg, hvor vinkelbeslagene da kan brukes for \u00e5 oppn\u00e5 en bedre plassering i forhold til solinnstr\u00e5lingen (S, SE, SW).  Monteringsh\u00e5ndboken finner du her  Spesifikasjon - Vinkelbrakett - Aluflex r\u00f8r 175 cm i \u00d8125 - Fleksislange 75 cm i \u00d8160 og tilbeh\u00f8r\" \/>\n<meta property=\"og:url\" content=\"https:\/\/solarventi.dk\/no\/vare\/vinkelmonteringssett-for-vegg-sv7-og-sv14\/\" \/>\n<meta property=\"og:site_name\" content=\"SolarVenti NORGE\" \/>\n<meta property=\"article:modified_time\" content=\"2024-05-03T13:24:27+00:00\" \/>\n<meta property=\"og:image\" content=\"https:\/\/solarventi.dk\/no\/wp-content\/uploads\/sites\/8\/2021\/11\/Saet2-1500x1500-1.png\" \/>\n\t<meta property=\"og:image:width\" content=\"1500\" \/>\n\t<meta property=\"og:image:height\" content=\"1500\" \/>\n\t<meta property=\"og:image:type\" content=\"image\/png\" \/>\n<meta name=\"twitter:card\" content=\"summary_large_image\" \/>\n<meta name=\"twitter:label1\" content=\"Ansl. lesetid\" \/>\n\t<meta name=\"twitter:data1\" content=\"1 minutt\" \/>\n<script type=\"application\/ld+json\" class=\"yoast-schema-graph\">{\"@context\":\"https:\/\/schema.org\",\"@graph\":[{\"@type\":\"WebPage\",\"@id\":\"https:\/\/solarventi.dk\/no\/vare\/vinkelmonteringssett-for-vegg-sv7-og-sv14\/\",\"url\":\"https:\/\/solarventi.dk\/no\/vare\/vinkelmonteringssett-for-vegg-sv7-og-sv14\/\",\"name\":\"Vinkelmonteringssett for vegg | Kj\u00f8\u00e5 n\u00e5\",\"isPartOf\":{\"@id\":\"https:\/\/solarventi.dk\/no\/#website\"},\"primaryImageOfPage\":{\"@id\":\"https:\/\/solarventi.dk\/no\/vare\/vinkelmonteringssett-for-vegg-sv7-og-sv14\/#primaryimage\"},\"image\":{\"@id\":\"https:\/\/solarventi.dk\/no\/vare\/vinkelmonteringssett-for-vegg-sv7-og-sv14\/#primaryimage\"},\"thumbnailUrl\":\"https:\/\/solarventi.dk\/no\/wp-content\/uploads\/sites\/8\/2021\/11\/Saet2-1500x1500-1.png\",\"datePublished\":\"2024-05-03T13:23:33+00:00\",\"dateModified\":\"2024-05-03T13:24:27+00:00\",\"breadcrumb\":{\"@id\":\"https:\/\/solarventi.dk\/no\/vare\/vinkelmonteringssett-for-vegg-sv7-og-sv14\/#breadcrumb\"},\"inLanguage\":\"nb-NO\",\"potentialAction\":[{\"@type\":\"ReadAction\",\"target\":[\"https:\/\/solarventi.dk\/no\/vare\/vinkelmonteringssett-for-vegg-sv7-og-sv14\/\"]}]},{\"@type\":\"ImageObject\",\"inLanguage\":\"nb-NO\",\"@id\":\"https:\/\/solarventi.dk\/no\/vare\/vinkelmonteringssett-for-vegg-sv7-og-sv14\/#primaryimage\",\"url\":\"https:\/\/solarventi.dk\/no\/wp-content\/uploads\/sites\/8\/2021\/11\/Saet2-1500x1500-1.png\",\"contentUrl\":\"https:\/\/solarventi.dk\/no\/wp-content\/uploads\/sites\/8\/2021\/11\/Saet2-1500x1500-1.png\",\"width\":1500,\"height\":1500,\"caption\":\"\u2013 Beslag \u2013 Aluflexr\u00f8r 175 cm i \u00d8125 \u2013 Gennemf\u00f8ring, 75 cm flexslange \u00d8=160 mm \u2013 Sm\u00e5komponenter \u2013 Til tag i tegl indeholder desuden tagankre og undertagsgennemf\u00f8rring\"},{\"@type\":\"BreadcrumbList\",\"@id\":\"https:\/\/solarventi.dk\/no\/vare\/vinkelmonteringssett-for-vegg-sv7-og-sv14\/#breadcrumb\",\"itemListElement\":[{\"@type\":\"ListItem\",\"position\":1,\"name\":\"Forside\",\"item\":\"https:\/\/solarventi.dk\/no\/\"},{\"@type\":\"ListItem\",\"position\":2,\"name\":\"Shop\",\"item\":\"https:\/\/solarventi.dk\/no\/shop\/\"},{\"@type\":\"ListItem\",\"position\":3,\"name\":\"Vinkelmonteringssett for vegg SV7 og SV14.\"}]},{\"@type\":\"WebSite\",\"@id\":\"https:\/\/solarventi.dk\/no\/#website\",\"url\":\"https:\/\/solarventi.dk\/no\/\",\"name\":\"SolarVenti NORGE\",\"description\":\"Salg av SolarVenti\",\"potentialAction\":[{\"@type\":\"SearchAction\",\"target\":{\"@type\":\"EntryPoint\",\"urlTemplate\":\"https:\/\/solarventi.dk\/no\/?s={search_term_string}\"},\"query-input\":{\"@type\":\"PropertyValueSpecification\",\"valueRequired\":true,\"valueName\":\"search_term_string\"}}],\"inLanguage\":\"nb-NO\"}]}<\/script>\n<!-- \/ Yoast SEO Premium plugin. -->","yoast_head_json":{"title":"Vinkelmonteringssett for vegg | Kj\u00f8\u00e5 n\u00e5","robots":{"index":"noindex","follow":"nofollow"},"og_locale":"nb_NO","og_type":"article","og_title":"Vinkelmonteringssett for vegg SV7 og SV14.","og_description":"Dette settet vinkler SolarVenti ut fra veggen opp til 40 grader - enten horisontalt eller vertikalt. Det er spesielt nyttig dersom det ikke er sydvendt vegg, hvor vinkelbeslagene da kan brukes for \u00e5 oppn\u00e5 en bedre plassering i forhold til solinnstr\u00e5lingen (S, SE, SW).  Monteringsh\u00e5ndboken finner du her  Spesifikasjon - Vinkelbrakett - Aluflex r\u00f8r 175 cm i \u00d8125 - Fleksislange 75 cm i \u00d8160 og tilbeh\u00f8r","og_url":"https:\/\/solarventi.dk\/no\/vare\/vinkelmonteringssett-for-vegg-sv7-og-sv14\/","og_site_name":"SolarVenti NORGE","article_modified_time":"2024-05-03T13:24:27+00:00","og_image":[{"width":1500,"height":1500,"url":"https:\/\/solarventi.dk\/no\/wp-content\/uploads\/sites\/8\/2021\/11\/Saet2-1500x1500-1.png","type":"image\/png"}],"twitter_card":"summary_large_image","twitter_misc":{"Ansl. lesetid":"1 minutt"},"schema":{"@context":"https:\/\/schema.org","@graph":[{"@type":"WebPage","@id":"https:\/\/solarventi.dk\/no\/vare\/vinkelmonteringssett-for-vegg-sv7-og-sv14\/","url":"https:\/\/solarventi.dk\/no\/vare\/vinkelmonteringssett-for-vegg-sv7-og-sv14\/","name":"Vinkelmonteringssett for vegg | Kj\u00f8\u00e5 n\u00e5","isPartOf":{"@id":"https:\/\/solarventi.dk\/no\/#website"},"primaryImageOfPage":{"@id":"https:\/\/solarventi.dk\/no\/vare\/vinkelmonteringssett-for-vegg-sv7-og-sv14\/#primaryimage"},"image":{"@id":"https:\/\/solarventi.dk\/no\/vare\/vinkelmonteringssett-for-vegg-sv7-og-sv14\/#primaryimage"},"thumbnailUrl":"https:\/\/solarventi.dk\/no\/wp-content\/uploads\/sites\/8\/2021\/11\/Saet2-1500x1500-1.png","datePublished":"2024-05-03T13:23:33+00:00","dateModified":"2024-05-03T13:24:27+00:00","breadcrumb":{"@id":"https:\/\/solarventi.dk\/no\/vare\/vinkelmonteringssett-for-vegg-sv7-og-sv14\/#breadcrumb"},"inLanguage":"nb-NO","potentialAction":[{"@type":"ReadAction","target":["https:\/\/solarventi.dk\/no\/vare\/vinkelmonteringssett-for-vegg-sv7-og-sv14\/"]}]},{"@type":"ImageObject","inLanguage":"nb-NO","@id":"https:\/\/solarventi.dk\/no\/vare\/vinkelmonteringssett-for-vegg-sv7-og-sv14\/#primaryimage","url":"https:\/\/solarventi.dk\/no\/wp-content\/uploads\/sites\/8\/2021\/11\/Saet2-1500x1500-1.png","contentUrl":"https:\/\/solarventi.dk\/no\/wp-content\/uploads\/sites\/8\/2021\/11\/Saet2-1500x1500-1.png","width":1500,"height":1500,"caption":"\u2013 Beslag \u2013 Aluflexr\u00f8r 175 cm i \u00d8125 \u2013 Gennemf\u00f8ring, 75 cm flexslange \u00d8=160 mm \u2013 Sm\u00e5komponenter \u2013 Til tag i tegl indeholder desuden tagankre og undertagsgennemf\u00f8rring"},{"@type":"BreadcrumbList","@id":"https:\/\/solarventi.dk\/no\/vare\/vinkelmonteringssett-for-vegg-sv7-og-sv14\/#breadcrumb","itemListElement":[{"@type":"ListItem","position":1,"name":"Forside","item":"https:\/\/solarventi.dk\/no\/"},{"@type":"ListItem","position":2,"name":"Shop","item":"https:\/\/solarventi.dk\/no\/shop\/"},{"@type":"ListItem","position":3,"name":"Vinkelmonteringssett for vegg SV7 og SV14."}]},{"@type":"WebSite","@id":"https:\/\/solarventi.dk\/no\/#website","url":"https:\/\/solarventi.dk\/no\/","name":"SolarVenti NORGE","description":"Salg av SolarVenti","potentialAction":[{"@type":"SearchAction","target":{"@type":"EntryPoint","urlTemplate":"https:\/\/solarventi.dk\/no\/?s={search_term_string}"},"query-input":{"@type":"PropertyValueSpecification","valueRequired":true,"valueName":"search_term_string"}}],"inLanguage":"nb-NO"}]}},"_links":{"self":[{"href":"https:\/\/solarventi.dk\/no\/wp-json\/wp\/v2\/product\/13080","targetHints":{"allow":["GET"]}}],"collection":[{"href":"https:\/\/solarventi.dk\/no\/wp-json\/wp\/v2\/product"}],"about":[{"href":"https:\/\/solarventi.dk\/no\/wp-json\/wp\/v2\/types\/product"}],"wp:featuredmedia":[{"embeddable":true,"href":"https:\/\/solarventi.dk\/no\/wp-json\/wp\/v2\/media\/7059"}],"wp:attachment":[{"href":"https:\/\/solarventi.dk\/no\/wp-json\/wp\/v2\/media?parent=13080"}],"wp:term":[{"taxonomy":"product_brand","embeddable":true,"href":"https:\/\/solarventi.dk\/no\/wp-json\/wp\/v2\/product_brand?post=13080"},{"taxonomy":"product_cat","embeddable":true,"href":"https:\/\/solarventi.dk\/no\/wp-json\/wp\/v2\/product_cat?post=13080"},{"taxonomy":"product_tag","embeddable":true,"href":"https:\/\/solarventi.dk\/no\/wp-json\/wp\/v2\/product_tag?post=13080"}],"curies":[{"name":"wp","href":"https:\/\/api.w.org\/{rel}","templated":true}]}}