{"id":10324,"date":"2023-08-08T11:00:12","date_gmt":"2023-08-08T09:00:12","guid":{"rendered":"https:\/\/solarventi.dk\/no\/?post_type=product&#038;p=10324"},"modified":"2026-01-05T15:39:57","modified_gmt":"2026-01-05T14:39:57","slug":"solarventi-sv20-g-inntil-80-m%c2%b2","status":"publish","type":"product","link":"https:\/\/solarventi.dk\/no\/vare\/solarventi-sv20-g-inntil-80-m%c2%b2\/","title":{"rendered":"SolarVenti SV20 G, inntil 80 m\u00b2"},"content":{"rendered":"<h2 id=\"tablepress-2-name\" class=\"tablepress-table-name tablepress-table-name-id-2\">Montering og alle st\u00f8rrelser for garasjer<\/h2>\n<span id=\"tablepress-2-description\" class=\"tablepress-table-description tablepress-table-description-id-2\">For \u00e5 oppn\u00e5 st\u00f8rst effekt b\u00f8r systemet installeres p\u00e5 et solrikt sted. St\u00f8rrelsen p\u00e5 innend\u00f8rsarealet (i kvadratmeter) avgj\u00f8r hvor stort anlegg du trenger. Er du i tvil om hvilken st\u00f8rrelse du skal velge, er du hjertelig velkommen til \u00e5 kontakte oss. V\u00e6r oppmerksom p\u00e5 at det kan v\u00e6re skadelig for et fuktig rom \u00e5 installere et system som gir for lite luftstr\u00f8m, da det kan skape kondens.<\/span>\n\n<table id=\"tablepress-2\" class=\"tablepress tablepress-id-2 vd-tabel-scroll\" aria-labelledby=\"tablepress-2-name\" aria-describedby=\"tablepress-2-description\">\n<thead>\n<tr class=\"row-1\">\n\t<th class=\"column-1\">SolarVenti<\/th><th class=\"column-2\">Inntil 40 m<sup>2<\/sup><\/th><th class=\"column-3\">Inntil 60 m<sup>2<\/sup><\/th><th class=\"column-4\">Inntil 80 m<sup>2<\/sup><\/th><th class=\"column-5\">Inntil 150 m<sup>2<\/sup><\/th>\n<\/tr>\n<\/thead>\n<tbody class=\"row-striping row-hover\">\n<tr class=\"row-2\">\n\t<td class=\"column-1\">Modell<\/td><td class=\"column-2\">SV7 G<\/td><td class=\"column-3\">SV14 G<\/td><td class=\"column-4\">SV20 G<\/td><td class=\"column-5\">SV30 G<\/td>\n<\/tr>\n<tr class=\"row-3\">\n\t<td class=\"column-1\">Pris<\/td><td class=\"column-2\">Fra kr. 14.685,-<\/td><td class=\"column-3\">Fra kr. 24.390,-<\/td><td class=\"column-4\">Fra kr. 27.660,-<\/td><td class=\"column-5\">Fra kr. 35.025,-<\/td>\n<\/tr>\n<tr class=\"row-4\">\n\t<td class=\"column-1\">Montering<\/td><td class=\"column-2\">Pris etter avtale<\/td><td class=\"column-3\">Pris etter avtale<\/td><td class=\"column-4\">Pris etter avtale<\/td><td class=\"column-5\">Pris etter avtale<\/td>\n<\/tr>\n<tr class=\"row-5\">\n\t<td class=\"column-1\">Dimensjoner (L x B x D)<\/td><td class=\"column-2\">102 x 70 x 5,5 cm<\/td><td class=\"column-3\">201 x 70 x 5,5 cm<\/td><td class=\"column-4\">201 x 102 x 5,5 cm<\/td><td class=\"column-5\">300 x 102 x 7,5 cm<\/td>\n<\/tr>\n<tr class=\"row-6\">\n\t<td class=\"column-1\">Vekt<\/td><td class=\"column-2\">8,8 kg<\/td><td class=\"column-3\">12,5 kg<\/td><td class=\"column-4\">16,5 kg<\/td><td class=\"column-5\">25,5 kg<\/td>\n<\/tr>\n<tr class=\"row-7\">\n\t<td class=\"column-1\">Solcelle<\/td><td class=\"column-2\">Nej<\/td><td class=\"column-3\">Nej<\/td><td class=\"column-4\">Nej<\/td><td class=\"column-5\">Nej<\/td>\n<\/tr>\n<tr class=\"row-8\">\n\t<td class=\"column-1\">Ventilator<\/td><td class=\"column-2\">Ja<\/td><td class=\"column-3\">Ja<\/td><td class=\"column-4\">Ja<\/td><td class=\"column-5\">Ja<\/td>\n<\/tr>\n<tr class=\"row-9\">\n\t<td class=\"column-1\">Kontrollenhet<\/td><td class=\"column-2\">SControl<\/td><td class=\"column-3\">SControl<\/td><td class=\"column-4\">SControl<\/td><td class=\"column-5\">SControl<\/td>\n<\/tr>\n<tr class=\"row-10\">\n\t<td class=\"column-1\">Utesensor<\/td><td class=\"column-2\">Ja<\/td><td class=\"column-3\">Ja<\/td><td class=\"column-4\">Ja<\/td><td class=\"column-5\">Ja<\/td>\n<\/tr>\n<tr class=\"row-11\">\n\t<td class=\"column-1\">Montagekit<\/td><td class=\"column-2\">Ja<\/td><td class=\"column-3\">Ja<\/td><td class=\"column-4\">Ja<\/td><td class=\"column-5\">Ja<\/td>\n<\/tr>\n<tr class=\"row-12\">\n\t<td class=\"column-1\">Monteringssett<\/td><td class=\"column-2\">Polykarbonat<\/td><td class=\"column-3\">Polykarbonat<\/td><td class=\"column-4\">Polykarbonat<\/td><td class=\"column-5\">Polykarbonat<\/td>\n<\/tr>\n<tr class=\"row-13\">\n\t<td class=\"column-1\">Rammemateriale<\/td><td class=\"column-2\">Aluminium<\/td><td class=\"column-3\">Aluminium<\/td><td class=\"column-4\">Aluminium<\/td><td class=\"column-5\">Aluminium<\/td>\n<\/tr>\n<tr class=\"row-14\">\n\t<td class=\"column-1\">Rammefarve<\/td><td class=\"column-2\">Svart<\/td><td class=\"column-3\">Svart<\/td><td class=\"column-4\">Svart<\/td><td class=\"column-5\">Svart<\/td>\n<\/tr>\n<tr class=\"row-15\">\n\t<td class=\"column-1\">Estimert energiforsyning pr \u00e5r\t<\/td><td class=\"column-2\">434 kWh<\/td><td class=\"column-3\">924 kWh<\/td><td class=\"column-4\">1.340 kWh<\/td><td class=\"column-5\">2.100 kWh<\/td>\n<\/tr>\n<tr class=\"row-16\">\n\t<td class=\"column-1\">Garanti<\/td><td class=\"column-2\">5 \u00e5r<\/td><td class=\"column-3\">5 \u00e5r<\/td><td class=\"column-4\">5 \u00e5r<\/td><td class=\"column-5\">5 \u00e5r<\/td>\n<\/tr>\n<tr class=\"row-17\">\n\t<td class=\"column-1\">Selvrensende<\/td><td class=\"column-2\">Ja<\/td><td class=\"column-3\">Ja<\/td><td class=\"column-4\">Ja<\/td><td class=\"column-5\">Ja<\/td>\n<\/tr>\n<tr class=\"row-18\">\n\t<td class=\"column-1\">Vedlikeholdsfri<\/td><td class=\"column-2\">Ja<\/td><td class=\"column-3\">Ja<\/td><td class=\"column-4\">Ja<\/td><td class=\"column-5\">Ja<\/td>\n<\/tr>\n<tr class=\"row-19\">\n\t<td class=\"column-1\">Estimert levetid\t<\/td><td class=\"column-2\">15-20 \u00e5r<\/td><td class=\"column-3\">15-20 \u00e5r<\/td><td class=\"column-4\">15-20 \u00e5r<\/td><td class=\"column-5\">15-20 \u00e5r<\/td>\n<\/tr>\n<\/tbody>\n<\/table>\n<!-- #tablepress-2 from cache -->\n","protected":false},"excerpt":{"rendered":"<p>SolarVenti SV20 G er inntil 80 m2 og leveres som utgangspunkt med SControl, rammefarge i sort og komplett tilbeh\u00f8r for veggmontering. Produsert i Danmark. Forventet leveringstid p\u00e5 3 til 4 uker.<\/p>\n","protected":false},"featured_media":2929,"template":"","meta":[],"product_brand":[],"product_cat":[21],"product_tag":[],"class_list":{"0":"post-10324","1":"product","2":"type-product","3":"status-publish","4":"has-post-thumbnail","6":"product_cat-garasje","7":"product_shipping_class-kt4","8":"grve-entry-item","10":"first","11":"onbackorder","12":"taxable","13":"shipping-taxable","14":"purchasable","15":"product-type-simple"},"yoast_head":"<!-- This site is optimized with the Yoast SEO Premium plugin v25.1 (Yoast SEO v25.1) - https:\/\/yoast.com\/wordpress\/plugins\/seo\/ -->\n<title>Inntil 80 m\u00b2 garasje, SV20 | Kj\u00f8p p\u00e5 SolarVenti.no<\/title>\n<meta name=\"description\" content=\"Inntil 80 m\u00b2 garasje kan f\u00e5 gratis og solopvarmet venilation fra SolarVenti med en SV14\" \/>\n<meta name=\"robots\" content=\"index, follow, max-snippet:-1, max-image-preview:large, max-video-preview:-1\" \/>\n<link rel=\"canonical\" href=\"https:\/\/solarventi.dk\/no\/vare\/solarventi-sv20-g-inntil-80-m\u00b2\/\" \/>\n<meta property=\"og:locale\" content=\"nb_NO\" \/>\n<meta property=\"og:type\" content=\"article\" \/>\n<meta property=\"og:title\" content=\"SolarVenti SV20 G, inntil 80 m\u00b2\" \/>\n<meta property=\"og:description\" content=\"Inntil 80 m\u00b2 garasje kan f\u00e5 gratis og solopvarmet venilation fra SolarVenti med en SV14\" \/>\n<meta property=\"og:url\" content=\"https:\/\/solarventi.dk\/no\/vare\/solarventi-sv20-g-inntil-80-m\u00b2\/\" \/>\n<meta property=\"og:site_name\" content=\"SolarVenti NORGE\" \/>\n<meta property=\"article:modified_time\" content=\"2026-01-05T14:39:57+00:00\" \/>\n<meta property=\"og:image\" content=\"https:\/\/solarventi.dk\/no\/wp-content\/uploads\/sites\/8\/2021\/10\/SV20-alu-front-1080.jpg\" \/>\n\t<meta property=\"og:image:width\" content=\"771\" \/>\n\t<meta property=\"og:image:height\" content=\"1079\" \/>\n\t<meta property=\"og:image:type\" content=\"image\/jpeg\" \/>\n<meta name=\"twitter:card\" content=\"summary_large_image\" \/>\n<meta name=\"twitter:label1\" content=\"Ansl. lesetid\" \/>\n\t<meta name=\"twitter:data1\" content=\"1 minutt\" \/>\n<script type=\"application\/ld+json\" class=\"yoast-schema-graph\">{\"@context\":\"https:\/\/schema.org\",\"@graph\":[{\"@type\":\"WebPage\",\"@id\":\"https:\/\/solarventi.dk\/no\/vare\/solarventi-sv20-g-inntil-80-m%c2%b2\/\",\"url\":\"https:\/\/solarventi.dk\/no\/vare\/solarventi-sv20-g-inntil-80-m%c2%b2\/\",\"name\":\"Inntil 80 m\u00b2 garasje, SV20 | Kj\u00f8p p\u00e5 SolarVenti.no\",\"isPartOf\":{\"@id\":\"https:\/\/solarventi.dk\/no\/#website\"},\"primaryImageOfPage\":{\"@id\":\"https:\/\/solarventi.dk\/no\/vare\/solarventi-sv20-g-inntil-80-m%c2%b2\/#primaryimage\"},\"image\":{\"@id\":\"https:\/\/solarventi.dk\/no\/vare\/solarventi-sv20-g-inntil-80-m%c2%b2\/#primaryimage\"},\"thumbnailUrl\":\"https:\/\/solarventi.dk\/no\/wp-content\/uploads\/sites\/8\/2021\/10\/SV20-alu-front-1080.jpg\",\"datePublished\":\"2023-08-08T09:00:12+00:00\",\"dateModified\":\"2026-01-05T14:39:57+00:00\",\"description\":\"Inntil 80 m\u00b2 garasje kan f\u00e5 gratis og solopvarmet venilation fra SolarVenti med en SV14\",\"breadcrumb\":{\"@id\":\"https:\/\/solarventi.dk\/no\/vare\/solarventi-sv20-g-inntil-80-m%c2%b2\/#breadcrumb\"},\"inLanguage\":\"nb-NO\",\"potentialAction\":[{\"@type\":\"ReadAction\",\"target\":[\"https:\/\/solarventi.dk\/no\/vare\/solarventi-sv20-g-inntil-80-m%c2%b2\/\"]}]},{\"@type\":\"ImageObject\",\"inLanguage\":\"nb-NO\",\"@id\":\"https:\/\/solarventi.dk\/no\/vare\/solarventi-sv20-g-inntil-80-m%c2%b2\/#primaryimage\",\"url\":\"https:\/\/solarventi.dk\/no\/wp-content\/uploads\/sites\/8\/2021\/10\/SV20-alu-front-1080.jpg\",\"contentUrl\":\"https:\/\/solarventi.dk\/no\/wp-content\/uploads\/sites\/8\/2021\/10\/SV20-alu-front-1080.jpg\",\"width\":771,\"height\":1079,\"caption\":\"SV20 i aluminiums ramme\"},{\"@type\":\"BreadcrumbList\",\"@id\":\"https:\/\/solarventi.dk\/no\/vare\/solarventi-sv20-g-inntil-80-m%c2%b2\/#breadcrumb\",\"itemListElement\":[{\"@type\":\"ListItem\",\"position\":1,\"name\":\"Forside\",\"item\":\"https:\/\/solarventi.dk\/no\/\"},{\"@type\":\"ListItem\",\"position\":2,\"name\":\"Shop\",\"item\":\"https:\/\/solarventi.dk\/no\/shop\/\"},{\"@type\":\"ListItem\",\"position\":3,\"name\":\"SolarVenti SV20 G, inntil 80 m\u00b2\"}]},{\"@type\":\"WebSite\",\"@id\":\"https:\/\/solarventi.dk\/no\/#website\",\"url\":\"https:\/\/solarventi.dk\/no\/\",\"name\":\"SolarVenti NORGE\",\"description\":\"Salg av SolarVenti\",\"potentialAction\":[{\"@type\":\"SearchAction\",\"target\":{\"@type\":\"EntryPoint\",\"urlTemplate\":\"https:\/\/solarventi.dk\/no\/?s={search_term_string}\"},\"query-input\":{\"@type\":\"PropertyValueSpecification\",\"valueRequired\":true,\"valueName\":\"search_term_string\"}}],\"inLanguage\":\"nb-NO\"}]}<\/script>\n<!-- \/ Yoast SEO Premium plugin. -->","yoast_head_json":{"title":"Inntil 80 m\u00b2 garasje, SV20 | Kj\u00f8p p\u00e5 SolarVenti.no","description":"Inntil 80 m\u00b2 garasje kan f\u00e5 gratis og solopvarmet venilation fra SolarVenti med en SV14","robots":{"index":"index","follow":"follow","max-snippet":"max-snippet:-1","max-image-preview":"max-image-preview:large","max-video-preview":"max-video-preview:-1"},"canonical":"https:\/\/solarventi.dk\/no\/vare\/solarventi-sv20-g-inntil-80-m\u00b2\/","og_locale":"nb_NO","og_type":"article","og_title":"SolarVenti SV20 G, inntil 80 m\u00b2","og_description":"Inntil 80 m\u00b2 garasje kan f\u00e5 gratis og solopvarmet venilation fra SolarVenti med en SV14","og_url":"https:\/\/solarventi.dk\/no\/vare\/solarventi-sv20-g-inntil-80-m\u00b2\/","og_site_name":"SolarVenti NORGE","article_modified_time":"2026-01-05T14:39:57+00:00","og_image":[{"width":771,"height":1079,"url":"https:\/\/solarventi.dk\/no\/wp-content\/uploads\/sites\/8\/2021\/10\/SV20-alu-front-1080.jpg","type":"image\/jpeg"}],"twitter_card":"summary_large_image","twitter_misc":{"Ansl. lesetid":"1 minutt"},"schema":{"@context":"https:\/\/schema.org","@graph":[{"@type":"WebPage","@id":"https:\/\/solarventi.dk\/no\/vare\/solarventi-sv20-g-inntil-80-m%c2%b2\/","url":"https:\/\/solarventi.dk\/no\/vare\/solarventi-sv20-g-inntil-80-m%c2%b2\/","name":"Inntil 80 m\u00b2 garasje, SV20 | Kj\u00f8p p\u00e5 SolarVenti.no","isPartOf":{"@id":"https:\/\/solarventi.dk\/no\/#website"},"primaryImageOfPage":{"@id":"https:\/\/solarventi.dk\/no\/vare\/solarventi-sv20-g-inntil-80-m%c2%b2\/#primaryimage"},"image":{"@id":"https:\/\/solarventi.dk\/no\/vare\/solarventi-sv20-g-inntil-80-m%c2%b2\/#primaryimage"},"thumbnailUrl":"https:\/\/solarventi.dk\/no\/wp-content\/uploads\/sites\/8\/2021\/10\/SV20-alu-front-1080.jpg","datePublished":"2023-08-08T09:00:12+00:00","dateModified":"2026-01-05T14:39:57+00:00","description":"Inntil 80 m\u00b2 garasje kan f\u00e5 gratis og solopvarmet venilation fra SolarVenti med en SV14","breadcrumb":{"@id":"https:\/\/solarventi.dk\/no\/vare\/solarventi-sv20-g-inntil-80-m%c2%b2\/#breadcrumb"},"inLanguage":"nb-NO","potentialAction":[{"@type":"ReadAction","target":["https:\/\/solarventi.dk\/no\/vare\/solarventi-sv20-g-inntil-80-m%c2%b2\/"]}]},{"@type":"ImageObject","inLanguage":"nb-NO","@id":"https:\/\/solarventi.dk\/no\/vare\/solarventi-sv20-g-inntil-80-m%c2%b2\/#primaryimage","url":"https:\/\/solarventi.dk\/no\/wp-content\/uploads\/sites\/8\/2021\/10\/SV20-alu-front-1080.jpg","contentUrl":"https:\/\/solarventi.dk\/no\/wp-content\/uploads\/sites\/8\/2021\/10\/SV20-alu-front-1080.jpg","width":771,"height":1079,"caption":"SV20 i aluminiums ramme"},{"@type":"BreadcrumbList","@id":"https:\/\/solarventi.dk\/no\/vare\/solarventi-sv20-g-inntil-80-m%c2%b2\/#breadcrumb","itemListElement":[{"@type":"ListItem","position":1,"name":"Forside","item":"https:\/\/solarventi.dk\/no\/"},{"@type":"ListItem","position":2,"name":"Shop","item":"https:\/\/solarventi.dk\/no\/shop\/"},{"@type":"ListItem","position":3,"name":"SolarVenti SV20 G, inntil 80 m\u00b2"}]},{"@type":"WebSite","@id":"https:\/\/solarventi.dk\/no\/#website","url":"https:\/\/solarventi.dk\/no\/","name":"SolarVenti NORGE","description":"Salg av SolarVenti","potentialAction":[{"@type":"SearchAction","target":{"@type":"EntryPoint","urlTemplate":"https:\/\/solarventi.dk\/no\/?s={search_term_string}"},"query-input":{"@type":"PropertyValueSpecification","valueRequired":true,"valueName":"search_term_string"}}],"inLanguage":"nb-NO"}]}},"_links":{"self":[{"href":"https:\/\/solarventi.dk\/no\/wp-json\/wp\/v2\/product\/10324","targetHints":{"allow":["GET"]}}],"collection":[{"href":"https:\/\/solarventi.dk\/no\/wp-json\/wp\/v2\/product"}],"about":[{"href":"https:\/\/solarventi.dk\/no\/wp-json\/wp\/v2\/types\/product"}],"wp:featuredmedia":[{"embeddable":true,"href":"https:\/\/solarventi.dk\/no\/wp-json\/wp\/v2\/media\/2929"}],"wp:attachment":[{"href":"https:\/\/solarventi.dk\/no\/wp-json\/wp\/v2\/media?parent=10324"}],"wp:term":[{"taxonomy":"product_brand","embeddable":true,"href":"https:\/\/solarventi.dk\/no\/wp-json\/wp\/v2\/product_brand?post=10324"},{"taxonomy":"product_cat","embeddable":true,"href":"https:\/\/solarventi.dk\/no\/wp-json\/wp\/v2\/product_cat?post=10324"},{"taxonomy":"product_tag","embeddable":true,"href":"https:\/\/solarventi.dk\/no\/wp-json\/wp\/v2\/product_tag?post=10324"}],"curies":[{"name":"wp","href":"https:\/\/api.w.org\/{rel}","templated":true}]}}