{"id":8464,"date":"2023-05-30T17:11:07","date_gmt":"2023-05-30T15:11:07","guid":{"rendered":"https:\/\/solarventi.dk\/no\/?page_id=8464"},"modified":"2024-04-20T14:50:14","modified_gmt":"2024-04-20T12:50:14","slug":"fejlfinding","status":"publish","type":"page","link":"https:\/\/solarventi.dk\/no\/info\/fejlfinding\/","title":{"rendered":"Feils\u00f8king"},"content":{"rendered":"<div class=\"wpb-content-wrapper\"><p>[vc_row][vc_column][vc_column_text]<\/p>\n<h3>Hva er galt hvis din SolarVenti ikke kj\u00f8rer?<\/h3>\n<p>Solskinn gjennom skyer er ikke nok til \u00e5 f\u00e5 en SolarVenti til \u00e5 l\u00f8pe. Det m\u00e5 v\u00e6re bl\u00e5 himmel rundt solen. I tillegg skal SolarVentien peke mot solen, og det m\u00e5 ikke v\u00e6re den minste skygge p\u00e5 solcellen i SolarVentien fra tr\u00e6r, bygninger o.l.<\/p>\n<p>&nbsp;<\/p>\n<p><strong>Hvis solen skinner direkte og uten hindringer p\u00e5 din SolarVenti og den fortsatt ikke g\u00e5r, kan det v\u00e6re noe galt med:<\/strong><\/p>\n<ul>\n<li>Ledningsforbindelsen<\/li>\n<li>Regulatoren eller bryteren<\/li>\n<li>Ventilatoren<\/li>\n<li>Solcellen<\/li>\n<\/ul>\n<p>[\/vc_column_text][\/vc_column][\/vc_row][vc_row][vc_column][vc_column_text]<\/p>\n<h3>Kontroller f\u00f8rst det grunnleggende:<\/h3>\n<p>Pr\u00f8v f\u00f8lgende, steg for steg, mens solen hele tiden skinner p\u00e5 hele overflaten av SolarVentien:[\/vc_column_text][\/vc_column][\/vc_row][vc_row][vc_column width=&raquo;2\/3&#8243;][vc_column_text]<strong>A: Sjekk ledningene.<br \/>\n. <\/strong><\/p>\n<p>De skal v\u00e6re koblet til regulatoren (eller bryteren) i henhold til koblingsskjemaet i monteringsanvisningen. Sjekk ogs\u00e5 at de ikke er revet\/gnaget et sted eller revet ut av koblingshullet\/rekkeklemmen.<\/p>\n<p><strong>NB: V\u00e6r forsiktig s\u00e5 du ikke strammer skruene i rekkeklemmen for mye.<\/strong>[\/vc_column_text][\/vc_column][vc_column width=&raquo;1\/3&#8243;]<div class=\"grve-element grve-image grve-align-center\">\r\n\t<div class=\"grve-image-item\">\r\n\t\t\r\n\r\n<div class=\"grve-image-wrapper grve-no-effect\">\r\n\t\t<div class=\"grve-thumbnail-wrapper\"  style=\"width: 397px;\"><div class=\"grve-thumbnail\"  style=\"padding-top: 45.844%;\"><img loading=\"lazy\" decoding=\"async\" width=\"397\" height=\"182\" src=\"https:\/\/solarventi.dk\/no\/wp-content\/uploads\/sites\/8\/2023\/02\/Ledning-til-regulator.png\" class=\"attachment-full size-full grve-lazy-load lazyload\" alt=\"\" srcset=\"https:\/\/solarventi.dk\/no\/wp-content\/themes\/impeka\/images\/empty\/empty.png\" data-column-space=\"auto\" data-lazyload=\"\" data-grve-filter=\"yes\" data-src=\"https:\/\/solarventi.dk\/no\/wp-content\/uploads\/sites\/8\/2023\/02\/Ledning-til-regulator.png\" data-sizes=\"auto\" data-srcset=\"https:\/\/solarventi.dk\/no\/wp-content\/uploads\/sites\/8\/2023\/02\/Ledning-til-regulator.png 1x,https:\/\/solarventi.dk\/no\/wp-content\/uploads\/sites\/8\/2023\/02\/Ledning-til-regulator.png 2x\" data-expand=\"1\" \/><\/div><\/div>\t<\/div>\r\n\t<\/div>\r\n<\/div>\r\n[\/vc_column][\/vc_row][vc_row][vc_column width=&raquo;1\/2&#8243;][vc_column_text]<strong>B: Kontroller bryter\/regulatorinnstilling<\/strong><\/p>\n<p>Hvis din SolarVenti bare har en p\u00e5\/av-bryter, s\u00f8rg for at den er satt til &laquo;p\u00e5&raquo;.<\/p>\n<ul>\n<li>Vri hastighetsfunksjonen og termostatfunksjonen, f\u00f8rst helt ned og s\u00e5 opp igjen slik at knappene st\u00e5r p\u00e5 maks. hastighet og maks. temperatur.<\/li>\n<\/ul>\n<p>[\/vc_column_text][\/vc_column][vc_column width=&raquo;1\/2&#8243;]<div class=\"grve-element grve-image grve-align-center\">\r\n\t<div class=\"grve-image-item\">\r\n\t\t\r\n\r\n<div class=\"grve-image-wrapper grve-no-effect\">\r\n\t\t<div class=\"grve-thumbnail-wrapper\"  style=\"width: 451px;\"><div class=\"grve-thumbnail\"  style=\"padding-top: 45.455%;\"><img loading=\"lazy\" decoding=\"async\" width=\"451\" height=\"205\" src=\"https:\/\/solarventi.dk\/no\/wp-content\/uploads\/sites\/8\/2023\/02\/Termostat-funktion.png\" class=\"attachment-impeka-grve-small-rect-horizontal size-impeka-grve-small-rect-horizontal grve-lazy-load lazyload\" alt=\"\" data-column-space=\"auto\" data-lazyload=\"\" data-grve-filter=\"yes\" srcset=\"https:\/\/solarventi.dk\/no\/wp-content\/themes\/impeka\/images\/empty\/empty.png\" data-src=\"https:\/\/solarventi.dk\/no\/wp-content\/uploads\/sites\/8\/2023\/02\/Termostat-funktion.png\" data-sizes=\"auto\" data-srcset=\"https:\/\/solarventi.dk\/no\/wp-content\/uploads\/sites\/8\/2023\/02\/Termostat-funktion.png 451w, https:\/\/solarventi.dk\/no\/wp-content\/uploads\/sites\/8\/2023\/02\/Termostat-funktion-300x136.png 300w\" data-expand=\"1\" \/><\/div><\/div>\t<\/div>\r\n\t<\/div>\r\n<\/div>\r\n<div class=\"grve-element grve-image grve-align-center\">\r\n\t<div class=\"grve-image-item\">\r\n\t\t\r\n\r\n<div class=\"grve-image-wrapper grve-no-effect\">\r\n\t\t<div class=\"grve-thumbnail-wrapper\"  style=\"width: 560px;\"><div class=\"grve-thumbnail\"  style=\"padding-top: 75%;\"><img loading=\"lazy\" decoding=\"async\" width=\"560\" height=\"420\" src=\"https:\/\/solarventi.dk\/no\/wp-content\/uploads\/sites\/8\/2021\/11\/Regulator-1500x1500-1-560x420.png\" class=\"attachment-impeka-grve-small-rect-horizontal size-impeka-grve-small-rect-horizontal grve-lazy-load lazyload\" alt=\"Regulator\" data-column-space=\"auto\" data-lazyload=\"lazyload\" data-grve-filter=\"yes\" srcset=\"https:\/\/solarventi.dk\/no\/wp-content\/themes\/impeka\/images\/empty\/empty.png\" data-src=\"https:\/\/solarventi.dk\/no\/wp-content\/uploads\/sites\/8\/2021\/11\/Regulator-1500x1500-1-560x420.png\" data-sizes=\"auto\" data-srcset=\"https:\/\/solarventi.dk\/no\/wp-content\/uploads\/sites\/8\/2021\/11\/Regulator-1500x1500-1-560x420.png 560w, https:\/\/solarventi.dk\/no\/wp-content\/uploads\/sites\/8\/2021\/11\/Regulator-1500x1500-1-900x675.png 900w\" data-expand=\"1\" \/><\/div><\/div>\t<\/div>\r\n\t<\/div>\r\n<\/div>\r\n[\/vc_column][\/vc_row][vc_row][vc_column][vc_column_text]<\/p>\n<h3>Hvis SolarVenti fortsatt ikke kj\u00f8rer, fortsett med \u00e5 teste regulatoren\/bryteren:<\/h3>\n<p>Fjern ledningene i regulatoren eller bryteren.[\/vc_column_text][\/vc_column][\/vc_row][vc_row][vc_column width=&raquo;2\/3&#8243;][vc_column_text]<strong>Vri n\u00e5 den brune ledningen fra SolarVentien sammen med den svarte.<\/strong><\/p>\n<p>La den bl\u00e5 ledningen v\u00e6re ukoblet.<\/p>\n<p><strong>Hvis SolarVentien starter n\u00e5<\/strong>, da kan det v\u00e6re noe galt med regulatoren\/bryteren eller at solcellen ikke leverer tilstrekkelig spenning til \u00e5 drive regulatoren. Dette krever en spenning i solcellen p\u00e5 over 15 volt. Det kan m\u00e5les med et voltmeter mens regulator og vifte er tilkoblet.<\/p>\n<p><strong>Hvis SolarVentien ikke starter<\/strong>, da er det noe galt med enten viften eller solcellen(e) i solfangeren. Fortsett feils\u00f8kingen:[\/vc_column_text][\/vc_column][vc_column width=&raquo;1\/3&#8243;]<div class=\"grve-element grve-image grve-align-center\">\r\n\t<div class=\"grve-image-item\">\r\n\t\t\r\n\r\n<div class=\"grve-image-wrapper grve-no-effect\">\r\n\t\t<div class=\"grve-thumbnail-wrapper\"  style=\"width: 194px;\"><div class=\"grve-thumbnail\"  style=\"padding-top: 71.134%;\"><img loading=\"lazy\" decoding=\"async\" width=\"194\" height=\"138\" src=\"https:\/\/solarventi.dk\/no\/wp-content\/uploads\/sites\/8\/2023\/02\/fejlfinding-2.png\" class=\"attachment-full size-full grve-lazy-load lazyload\" alt=\"\" srcset=\"https:\/\/solarventi.dk\/no\/wp-content\/themes\/impeka\/images\/empty\/empty.png\" data-column-space=\"auto\" data-lazyload=\"\" data-grve-filter=\"yes\" data-src=\"https:\/\/solarventi.dk\/no\/wp-content\/uploads\/sites\/8\/2023\/02\/fejlfinding-2.png\" data-sizes=\"auto\" data-srcset=\"https:\/\/solarventi.dk\/no\/wp-content\/uploads\/sites\/8\/2023\/02\/fejlfinding-2.png 1x,https:\/\/solarventi.dk\/no\/wp-content\/uploads\/sites\/8\/2023\/02\/fejlfinding-2.png 2x\" data-expand=\"1\" \/><\/div><\/div>\t<\/div>\r\n\t<\/div>\r\n<\/div>\r\n[\/vc_column][\/vc_row][vc_row][vc_column width=&raquo;2\/3&#8243;][vc_column_text]<\/p>\n<h3>Hvis din SolarVenti fortsatt ikke g\u00e5r, fortsett med \u00e5 teste den str\u00f8mproduserende solcellen:<\/h3>\n<p>Stram til koblingene i koblingsboksen bak solcellen. Hvis dette ikke l\u00f8ser problemet, skaff deg et 12-15 volts batteri (som du vet fungerer!), f.eks. et batteri fra en drill. Skille de brune og svarte ledningene igjen og koble den svarte ledningen til +(pluss)-polen p\u00e5 batteriet og den bl\u00e5 ledningen til \u2013(minus)-polen p\u00e5 batteriet.<\/p>\n<p>La den brune ledningen v\u00e6re ukoblet. Dette skal gi str\u00f8m direkte til viften.[\/vc_column_text][\/vc_column][vc_column width=&raquo;1\/3&#8243;]<div class=\"grve-element grve-image grve-align-center\">\r\n\t<div class=\"grve-image-item\">\r\n\t\t\r\n\r\n<div class=\"grve-image-wrapper grve-no-effect\">\r\n\t\t<div class=\"grve-thumbnail-wrapper\"  style=\"width: 307px;\"><div class=\"grve-thumbnail\"  style=\"padding-top: 60.586%;\"><img loading=\"lazy\" decoding=\"async\" width=\"307\" height=\"186\" src=\"https:\/\/solarventi.dk\/no\/wp-content\/uploads\/sites\/8\/2023\/02\/fejlfinding-4.png\" class=\"attachment-full size-full grve-lazy-load lazyload\" alt=\"\" srcset=\"https:\/\/solarventi.dk\/no\/wp-content\/themes\/impeka\/images\/empty\/empty.png\" data-column-space=\"auto\" data-lazyload=\"\" data-grve-filter=\"yes\" data-src=\"https:\/\/solarventi.dk\/no\/wp-content\/uploads\/sites\/8\/2023\/02\/fejlfinding-4.png\" data-sizes=\"auto\" data-srcset=\"https:\/\/solarventi.dk\/no\/wp-content\/uploads\/sites\/8\/2023\/02\/fejlfinding-4.png 1x,https:\/\/solarventi.dk\/no\/wp-content\/uploads\/sites\/8\/2023\/02\/fejlfinding-4.png 2x\" data-expand=\"1\" \/><\/div><\/div>\t<\/div>\r\n\t<\/div>\r\n<\/div>\r\n[\/vc_column][\/vc_row][vc_row][vc_column][vc_column_text]<strong>Hvis SolarVentien starter n\u00e5<\/strong>, da er det noe galt med solcellen i solfangeren, og derfor m\u00e5 du erstatte eksisterende solcelle med en ny. Finn instruksjonene <a href=\"https:\/\/solarventi.dk\/wp-content\/uploads\/sites\/8\/2021\/11\/udskiftning-af-solcelle.pdf\">her<\/a>![\/vc_column_text][\/vc_column][\/vc_row][vc_row][vc_column][vc_column_text]<strong>Hvis SolarVentien starter ikke<\/strong>, da er det noe galt med viften og viften m\u00e5 byttes ut med en ny.[\/vc_column_text][\/vc_column][\/vc_row][vc_row][vc_column][vc_column_text]Du kan lese om v\u00e5r produktgaranti i v\u00e5re handelsbetingelser:<br \/>\n<a href=\"https:\/\/solarventi.dk\/no\/handelsbetingelser\/\">https:\/\/solarventi.dk\/no\/handelsbetingelser\/<\/a>[\/vc_column_text][\/vc_column][\/vc_row]<\/p>\n<\/div>","protected":false},"excerpt":{"rendered":"<p>[vc_row][vc_column][vc_column_text] Hva er galt hvis din SolarVenti ikke kj\u00f8rer? Solskinn gjennom skyer er ikke nok til \u00e5 f\u00e5 en SolarVenti til \u00e5 l\u00f8pe. Det m\u00e5 v\u00e6re bl\u00e5 himmel rundt solen. I tillegg skal SolarVentien peke mot solen, og det m\u00e5 ikke v\u00e6re den minste skygge p\u00e5 solcellen i SolarVentien fra tr\u00e6r, bygninger o.l. &nbsp; Hvis [&hellip;]<\/p>\n","protected":false},"author":1,"featured_media":0,"parent":5194,"menu_order":0,"comment_status":"closed","ping_status":"closed","template":"","meta":{"footnotes":""},"class_list":["post-8464","page","type-page","status-publish","hentry","grve-entry-item"],"yoast_head":"<!-- This site is optimized with the Yoast SEO Premium plugin v25.1 (Yoast SEO v25.1) - https:\/\/yoast.com\/wordpress\/plugins\/seo\/ -->\n<title>Feils\u00f8king - SolarVenti NORGE<\/title>\n<meta name=\"description\" content=\"S\u00e5dan l\u00f8ser du fejl, som man ser i gamle luftsolfangere |\" \/>\n<meta name=\"robots\" content=\"index, follow, max-snippet:-1, max-image-preview:large, max-video-preview:-1\" \/>\n<link rel=\"canonical\" href=\"https:\/\/solarventi.dk\/no\/info\/fejlfinding\/\" \/>\n<meta property=\"og:locale\" content=\"nb_NO\" \/>\n<meta property=\"og:type\" content=\"article\" \/>\n<meta property=\"og:title\" content=\"Feils\u00f8king\" \/>\n<meta property=\"og:description\" content=\"S\u00e5dan l\u00f8ser du fejl, som man ser i gamle luftsolfangere |\" \/>\n<meta property=\"og:url\" content=\"https:\/\/solarventi.dk\/no\/info\/fejlfinding\/\" \/>\n<meta property=\"og:site_name\" content=\"SolarVenti NORGE\" \/>\n<meta property=\"article:modified_time\" content=\"2024-04-20T12:50:14+00:00\" \/>\n<meta name=\"twitter:card\" content=\"summary_large_image\" \/>\n<meta name=\"twitter:label1\" content=\"Ansl. lesetid\" \/>\n\t<meta name=\"twitter:data1\" content=\"3 minutter\" \/>\n<script type=\"application\/ld+json\" class=\"yoast-schema-graph\">{\"@context\":\"https:\/\/schema.org\",\"@graph\":[{\"@type\":\"WebPage\",\"@id\":\"https:\/\/solarventi.dk\/no\/info\/fejlfinding\/\",\"url\":\"https:\/\/solarventi.dk\/no\/info\/fejlfinding\/\",\"name\":\"Feils\u00f8king - SolarVenti NORGE\",\"isPartOf\":{\"@id\":\"https:\/\/solarventi.dk\/no\/#website\"},\"datePublished\":\"2023-05-30T15:11:07+00:00\",\"dateModified\":\"2024-04-20T12:50:14+00:00\",\"description\":\"S\u00e5dan l\u00f8ser du fejl, som man ser i gamle luftsolfangere |\",\"breadcrumb\":{\"@id\":\"https:\/\/solarventi.dk\/no\/info\/fejlfinding\/#breadcrumb\"},\"inLanguage\":\"nb-NO\",\"potentialAction\":[{\"@type\":\"ReadAction\",\"target\":[\"https:\/\/solarventi.dk\/no\/info\/fejlfinding\/\"]}]},{\"@type\":\"BreadcrumbList\",\"@id\":\"https:\/\/solarventi.dk\/no\/info\/fejlfinding\/#breadcrumb\",\"itemListElement\":[{\"@type\":\"ListItem\",\"position\":1,\"name\":\"Forside\",\"item\":\"https:\/\/solarventi.dk\/no\/\"},{\"@type\":\"ListItem\",\"position\":2,\"name\":\"Info\",\"item\":\"https:\/\/solarventi.dk\/no\/info\/\"},{\"@type\":\"ListItem\",\"position\":3,\"name\":\"Feils\u00f8king\"}]},{\"@type\":\"WebSite\",\"@id\":\"https:\/\/solarventi.dk\/no\/#website\",\"url\":\"https:\/\/solarventi.dk\/no\/\",\"name\":\"SolarVenti NORGE\",\"description\":\"Salg av SolarVenti\",\"potentialAction\":[{\"@type\":\"SearchAction\",\"target\":{\"@type\":\"EntryPoint\",\"urlTemplate\":\"https:\/\/solarventi.dk\/no\/?s={search_term_string}\"},\"query-input\":{\"@type\":\"PropertyValueSpecification\",\"valueRequired\":true,\"valueName\":\"search_term_string\"}}],\"inLanguage\":\"nb-NO\"}]}<\/script>\n<!-- \/ Yoast SEO Premium plugin. -->","yoast_head_json":{"title":"Feils\u00f8king - SolarVenti NORGE","description":"S\u00e5dan l\u00f8ser du fejl, som man ser i gamle luftsolfangere |","robots":{"index":"index","follow":"follow","max-snippet":"max-snippet:-1","max-image-preview":"max-image-preview:large","max-video-preview":"max-video-preview:-1"},"canonical":"https:\/\/solarventi.dk\/no\/info\/fejlfinding\/","og_locale":"nb_NO","og_type":"article","og_title":"Feils\u00f8king","og_description":"S\u00e5dan l\u00f8ser du fejl, som man ser i gamle luftsolfangere |","og_url":"https:\/\/solarventi.dk\/no\/info\/fejlfinding\/","og_site_name":"SolarVenti NORGE","article_modified_time":"2024-04-20T12:50:14+00:00","twitter_card":"summary_large_image","twitter_misc":{"Ansl. lesetid":"3 minutter"},"schema":{"@context":"https:\/\/schema.org","@graph":[{"@type":"WebPage","@id":"https:\/\/solarventi.dk\/no\/info\/fejlfinding\/","url":"https:\/\/solarventi.dk\/no\/info\/fejlfinding\/","name":"Feils\u00f8king - SolarVenti NORGE","isPartOf":{"@id":"https:\/\/solarventi.dk\/no\/#website"},"datePublished":"2023-05-30T15:11:07+00:00","dateModified":"2024-04-20T12:50:14+00:00","description":"S\u00e5dan l\u00f8ser du fejl, som man ser i gamle luftsolfangere |","breadcrumb":{"@id":"https:\/\/solarventi.dk\/no\/info\/fejlfinding\/#breadcrumb"},"inLanguage":"nb-NO","potentialAction":[{"@type":"ReadAction","target":["https:\/\/solarventi.dk\/no\/info\/fejlfinding\/"]}]},{"@type":"BreadcrumbList","@id":"https:\/\/solarventi.dk\/no\/info\/fejlfinding\/#breadcrumb","itemListElement":[{"@type":"ListItem","position":1,"name":"Forside","item":"https:\/\/solarventi.dk\/no\/"},{"@type":"ListItem","position":2,"name":"Info","item":"https:\/\/solarventi.dk\/no\/info\/"},{"@type":"ListItem","position":3,"name":"Feils\u00f8king"}]},{"@type":"WebSite","@id":"https:\/\/solarventi.dk\/no\/#website","url":"https:\/\/solarventi.dk\/no\/","name":"SolarVenti NORGE","description":"Salg av SolarVenti","potentialAction":[{"@type":"SearchAction","target":{"@type":"EntryPoint","urlTemplate":"https:\/\/solarventi.dk\/no\/?s={search_term_string}"},"query-input":{"@type":"PropertyValueSpecification","valueRequired":true,"valueName":"search_term_string"}}],"inLanguage":"nb-NO"}]}},"_links":{"self":[{"href":"https:\/\/solarventi.dk\/no\/wp-json\/wp\/v2\/pages\/8464","targetHints":{"allow":["GET"]}}],"collection":[{"href":"https:\/\/solarventi.dk\/no\/wp-json\/wp\/v2\/pages"}],"about":[{"href":"https:\/\/solarventi.dk\/no\/wp-json\/wp\/v2\/types\/page"}],"author":[{"embeddable":true,"href":"https:\/\/solarventi.dk\/no\/wp-json\/wp\/v2\/users\/1"}],"replies":[{"embeddable":true,"href":"https:\/\/solarventi.dk\/no\/wp-json\/wp\/v2\/comments?post=8464"}],"version-history":[{"count":0,"href":"https:\/\/solarventi.dk\/no\/wp-json\/wp\/v2\/pages\/8464\/revisions"}],"up":[{"embeddable":true,"href":"https:\/\/solarventi.dk\/no\/wp-json\/wp\/v2\/pages\/5194"}],"wp:attachment":[{"href":"https:\/\/solarventi.dk\/no\/wp-json\/wp\/v2\/media?parent=8464"}],"curies":[{"name":"wp","href":"https:\/\/api.w.org\/{rel}","templated":true}]}}