{"id":5890,"date":"2022-06-10T08:34:55","date_gmt":"2022-06-10T06:34:55","guid":{"rendered":"https:\/\/solarventi.dk\/no\/?page_id=5890"},"modified":"2024-04-16T15:10:18","modified_gmt":"2024-04-16T13:10:18","slug":"luftsolfanger-eller-solcelle-ventilator","status":"publish","type":"page","link":"https:\/\/solarventi.dk\/no\/luftsolfanger-eller-solcelle-ventilator\/","title":{"rendered":"Luftsolfanger eller solcelle ventilator?"},"content":{"rendered":"<div class=\"wpb-content-wrapper\"><p>[vc_row padding_top_multiplier=&raquo;2x&raquo; padding_bottom_multiplier=&raquo;2x&raquo;][vc_column width=&raquo;4\/12&#8243;]<div class=\"grve-element grve-title grve-align-inherit grve-subtitle-text\"><span>I mer enn 20 \u00e5r har vi hatt et produkt som b\u00e5de kalles luftsolfanger, solfanger eller noe helt tredje.<\/span><\/div>[\/vc_column][vc_column width=&raquo;8\/12&#8243;][vc_column_text]Hans J\u00f8rgen Christensen utviklet den aller f\u00f8rste luftsolfangeren p\u00e5 markedet for fritidsboliger tidlig p\u00e5 00-tallet. Siden den gang har produktets utseende, produksjonsprosess og solvarmeluft samt bruksm\u00e5te endret seg mye. I tidens l\u00f8p har vi \u00f8kt turledningstemperaturen, sikret mot kondensering av fuktighet og utviklet en slank modell. Kj\u00e6rt barn har mange navn og det har ogs\u00e5 SolarVentis solfanger, luftsolfanger, solvarmere m.m.<\/p>\n<p>I 2021 bestemte vi oss for \u00e5 bruke et nytt fellesnavn for v\u00e5re ventilasjonsprodukter, nemlig solcelledrevet ventilasjon.<\/p>\n<p>P\u00e5 begynnelsen av 00-tallet var luftsolfangere det \u00e5penbare navnet p\u00e5 produktene v\u00e5re. Men over tid har vi sett behovet for \u00e5 fornye oss. Vi har valgt \u00e5 gj\u00f8re dette fordi vi \u00f8nsker \u00e5 skille oss fra konkurrerende produkter p\u00e5 markedet. V\u00e5re konkurrenter hevder at produktene deres er luftsolfangere.<\/p>\n<p>Noen av produktene v\u00e5re kan sees p\u00e5 som en solcelle ventilator. Men vi har ogs\u00e5 produkter uten solceller i det hele tatt, og siden vi \u00f8nsker et felles navn, kan det ikke v\u00e6re dette.[\/vc_column_text]<div class=\"grve-empty-space grve-height-1x\"><\/div>[vc_column_text]<\/p>\n<h4>En fellesnevner for alle SolarVentis produkter er at all varme kommer fra solen!<\/h4>\n<p>[\/vc_column_text]<div class=\"grve-empty-space grve-height-1x\"><\/div>[vc_column_text]For \u00e5 unders\u00f8ke ytelsen til v\u00e5r egen solventilasjon kontra andre luftsolfangere, valgte vi \u00e5 sammenligne dem. Se v\u00e5r luftsolfangertest nedenfor![\/vc_column_text]<div class=\"grve-empty-space grve-height-1x\"><\/div><div class=\"grve-element grve-video\"><iframe loading=\"lazy\" title=\"SolarVenti SV7 vs. GS20 (kinesisk produkt)\" width=\"1080\" height=\"608\" src=\"https:\/\/www.youtube.com\/embed\/VotcRcqA6tI?feature=oembed\" frameborder=\"0\" allow=\"accelerometer; autoplay; clipboard-write; encrypted-media; gyroscope; picture-in-picture\" allowfullscreen><\/iframe><\/div>[\/vc_column][\/vc_row][vc_row section_type=&raquo;fullwidth&raquo; padding_top_multiplier=&raquo;&raquo; padding_bottom_multiplier=&raquo;&raquo; rc_bg_type=&raquo;color&raquo; rc_bg_color=&raquo;#e9f2fc&raquo;][vc_column width=&raquo;1\/2&#8243; vertical_content_position=&raquo;middle&raquo; full_height=&raquo;yes&raquo; text_align=&raquo;center&raquo; rc_bg_type=&raquo;image&raquo; rc_bg_image=&raquo;3870&#8243;]<div style=\"height: 300px;\" class=\"grve-empty-space\"><\/div>[\/vc_column][vc_column width=&raquo;1\/2&#8243; content_width=&raquo;custom&raquo; vertical_content_position=&raquo;middle&raquo; grve_css=&raquo;{&laquo;desktop&laquo;:{&laquo;padding-top&laquo;:&laquo;10%&laquo;,&laquo;padding-right&laquo;:&laquo;15%&laquo;,&laquo;padding-bottom&laquo;:&laquo;10%&laquo;,&laquo;padding-left&laquo;:&laquo;15%&laquo;,&laquo;class&laquo;:&laquo;grve-wpb-1632132194296&laquo;}}&raquo; el_class=&raquo;no-column-gap&raquo; custom_content_width=&raquo;400px&raquo;]<h3 class=\"grve-element grve-title grve-align-inherit grve-h3\"><span>Hvis du har sp\u00f8rsm\u00e5l om produktene v\u00e5re, hjelper vi deg gjerne!<\/span><\/h3><div class=\"grve-element grve-align-left\"><a href=\"https:\/\/solarventi.dk\/no\/kontakt\/kontakt-solarventi\/\" title=\"Kontakt SolarVenti\" class=\"grve-btn-text grve-btn-only-text grve-text-primary-1 grve-text-hover-black grve-btn-medium grve-with-icon\">\r\n\t\t<div class=\"grve-btn-inner\">\r\n\t\t<span>Kontakt oss<\/span>\r\n\t\t\t\t\t\t\t<div class=\"grve-btn-icon\">\r\n\t\t\t<span class=\"grve-icon fas fa-chevron-circle-right\"><\/span>\r\n\t\t<\/div>\r\n\t\t\t\t\t<\/div>\r\n\t<\/a><\/div>[\/vc_column][\/vc_row][vc_row padding_top_multiplier=&raquo;2x&raquo; padding_bottom_multiplier=&raquo;2x&raquo; section_id=&raquo;ingen-vedligeholdelse&raquo;][vc_column tablet_sm_width=&raquo;1&#8243; mobile_width=&raquo;1&#8243;][vc_column_text]SolarVenti har ogs\u00e5 f\u00e5tt utf\u00f8rt noen tester ved det anerkjente Delta Center of Test Excellence. Her er noen av markedets mest solgte solfanger vifter testet p\u00e5 blant annet deres ytelse. I denne spesifikke testen har Delta-senteret tatt utgangspunkt i disse produktene:[\/vc_column_text]<div class=\"grve-empty-space grve-height-1x\"><\/div>[vc_column_text]<\/p>\n<ul>\n<li>SolarVenti: <strong>SV7 <\/strong>og<strong> SV3<\/strong><\/li>\n<li>Gr\u00f8nn Sol: <strong>GS30 \/ Air Max 75 \/ SPAH 3 <\/strong>og<strong> GS20 \/ Air Max 50 \/ Solfresh 30,\u00a0<\/strong>importeret fra Kina<\/li>\n<li>Scan Heat: <strong>Scan Heat Model 400<\/strong><\/li>\n<\/ul>\n<p>Tester er designet av Christian Lausen, tekniker ved Delta Center of Excellence. Hos SolarVenti \u00f8nsker vi alltid \u00e5 vite hvordan produktene v\u00e5re klarer seg sammenlignet med luftsolfangere p\u00e5 markedet.[\/vc_column_text]<div class=\"grve-empty-space grve-height-1x\"><\/div><div class=\"grve-element grve-align-inherit\"><a href=\"https:\/\/solarventi.dk\/wp-content\/uploads\/sites\/8\/2021\/11\/test-of-air-heating-solar-panels-02-en.pdf\" title=\"Test of Air Heating Solar Panels 2\" class=\"grve-btn-text grve-btn-only-text grve-text-primary-1 grve-text-hover-black grve-btn-medium grve-with-icon\">\r\n\t\t<div class=\"grve-btn-inner\">\r\n\t\t<span>Se testresultatene her<\/span>\r\n\t\t\t\t\t\t\t<div class=\"grve-btn-icon\">\r\n\t\t\t<span class=\"grve-icon fas fa-chevron-circle-right\"><\/span>\r\n\t\t<\/div>\r\n\t\t\t\t\t<\/div>\r\n\t<\/a><\/div>[\/vc_column][\/vc_row][vc_row section_type=&raquo;container-width&raquo; padding_top_multiplier=&raquo;custom&raquo; padding_bottom_multiplier=&raquo;custom&raquo; rc_bg_type=&raquo;color&raquo; padding_top=&raquo;40&#8243; padding_bottom=&raquo;40&#8243; el_class=&raquo;full-blue-bg&raquo; rc_bg_color=&raquo;#e9f2fc&raquo;][vc_column width=&raquo;1\/6&#8243;][\/vc_column][vc_column width=&raquo;2\/3&#8243;]<div class=\"grve-element grve-image grve-align-center front-img-padding\" style=\"margin-bottom: 30px;\">\r\n\t<div class=\"grve-image-item\">\r\n\t\t\r\n\r\n<div class=\"grve-image-wrapper grve-no-effect\">\r\n\t\t<div class=\"grve-thumbnail-wrapper\"  style=\"width: 350px;\"><div class=\"grve-thumbnail\"  style=\"padding-top: 44.857%;\"><img loading=\"lazy\" decoding=\"async\" width=\"350\" height=\"157\" src=\"https:\/\/solarventi.dk\/no\/wp-content\/uploads\/sites\/8\/2021\/09\/solarventi-grafik-front-02.png\" class=\"attachment-full size-full grve-lazy-load lazyload\" alt=\"S\u00e5dan virker SolarVenti ikon\" srcset=\"https:\/\/solarventi.dk\/no\/wp-content\/themes\/impeka\/images\/empty\/empty.png\" data-column-space=\"auto\" data-lazyload=\"\" data-grve-filter=\"yes\" data-src=\"https:\/\/solarventi.dk\/no\/wp-content\/uploads\/sites\/8\/2021\/09\/solarventi-grafik-front-02.png\" data-sizes=\"auto\" data-srcset=\"https:\/\/solarventi.dk\/no\/wp-content\/uploads\/sites\/8\/2021\/09\/solarventi-grafik-front-02.png 1x,https:\/\/solarventi.dk\/no\/wp-content\/uploads\/sites\/8\/2021\/09\/solarventi-grafik-front-retina-01.png 2x\" data-expand=\"1\" \/><\/div><\/div>\t<\/div>\r\n\t<\/div>\r\n<\/div>\r\n<h3 class=\"grve-element grve-title grve-align-inherit grve-h3\"><span><br>\n<h2 class=\"grve-element grve-title grve-align-inherit grve-h2\" style=\"text-align: center;\">SolarVenti trekker til seg fuktighet og bl\u00e5ser den ut igjen &#8211; som et naturlig pust.<\/h2>\n<\/span><\/h3><div class=\"grve-element grve-align-center\"><a href=\"https:\/\/solarventi.dk\/no\/om-solarventi\/hvorfor-solarventi\/\" title=\"Hvorfor SolarVenti\" class=\"grve-btn-text grve-btn-only-text grve-text-primary-1 grve-text-hover-black grve-btn-medium grve-with-icon\">\r\n\t\t<div class=\"grve-btn-inner\">\r\n\t\t<span>Les mer<\/span>\r\n\t\t\t\t\t\t\t<div class=\"grve-btn-icon\">\r\n\t\t\t<span class=\"grve-icon fas fa-chevron-circle-right\"><\/span>\r\n\t\t<\/div>\r\n\t\t\t\t\t<\/div>\r\n\t<\/a><\/div>[\/vc_column][vc_column width=&raquo;1\/6&#8243;][\/vc_column][\/vc_row]<\/p>\n<\/div>","protected":false},"excerpt":{"rendered":"<p>[vc_row padding_top_multiplier=&raquo;2x&raquo; padding_bottom_multiplier=&raquo;2x&raquo;][vc_column width=&raquo;4\/12&#8243;][\/vc_column][vc_column width=&raquo;8\/12&#8243;][vc_column_text]Hans J\u00f8rgen Christensen utviklet den aller f\u00f8rste luftsolfangeren p\u00e5 markedet for fritidsboliger tidlig p\u00e5 00-tallet. Siden den gang har produktets utseende, produksjonsprosess og solvarmeluft samt bruksm\u00e5te endret seg mye. I tidens l\u00f8p har vi \u00f8kt turledningstemperaturen, sikret mot kondensering av fuktighet og utviklet en slank modell. Kj\u00e6rt barn har mange navn [&hellip;]<\/p>\n","protected":false},"author":1,"featured_media":5959,"parent":0,"menu_order":0,"comment_status":"closed","ping_status":"closed","template":"","meta":{"footnotes":""},"class_list":["post-5890","page","type-page","status-publish","has-post-thumbnail","hentry","grve-entry-item"],"yoast_head":"<!-- This site is optimized with the Yoast SEO Premium plugin v25.1 (Yoast SEO v25.1) - https:\/\/yoast.com\/wordpress\/plugins\/seo\/ -->\n<title>En luftsolfanger eller en solcelle ventilator? | SolarVenti<\/title>\n<meta name=\"description\" content=\"Luftsolfanger eller solcelle ventilator? Vi kalder det soldrevet ventilation | Se hvordan vi tester vores produkter med vores konkurrenters.\" \/>\n<meta name=\"robots\" content=\"index, follow, max-snippet:-1, max-image-preview:large, max-video-preview:-1\" \/>\n<link rel=\"canonical\" href=\"https:\/\/solarventi.dk\/no\/luftsolfanger-eller-solcelle-ventilator\/\" \/>\n<meta property=\"og:locale\" content=\"nb_NO\" \/>\n<meta property=\"og:type\" content=\"article\" \/>\n<meta property=\"og:title\" content=\"Luftsolfanger eller solcelle ventilator?\" \/>\n<meta property=\"og:description\" content=\"Luftsolfanger eller solcelle ventilator? Vi kalder det soldrevet ventilation | Se hvordan vi tester vores produkter med vores konkurrenters.\" \/>\n<meta property=\"og:url\" content=\"https:\/\/solarventi.dk\/no\/luftsolfanger-eller-solcelle-ventilator\/\" \/>\n<meta property=\"og:site_name\" content=\"SolarVenti NORGE\" \/>\n<meta property=\"article:modified_time\" content=\"2024-04-16T13:10:18+00:00\" \/>\n<meta property=\"og:image\" content=\"https:\/\/solarventi.dk\/no\/wp-content\/uploads\/sites\/8\/2022\/06\/Untitled-design-7.jpg\" \/>\n\t<meta property=\"og:image:width\" content=\"1400\" \/>\n\t<meta property=\"og:image:height\" content=\"934\" \/>\n\t<meta property=\"og:image:type\" content=\"image\/jpeg\" \/>\n<meta name=\"twitter:card\" content=\"summary_large_image\" \/>\n<meta name=\"twitter:label1\" content=\"Ansl. lesetid\" \/>\n\t<meta name=\"twitter:data1\" content=\"3 minutter\" \/>\n<script type=\"application\/ld+json\" class=\"yoast-schema-graph\">{\"@context\":\"https:\/\/schema.org\",\"@graph\":[{\"@type\":\"WebPage\",\"@id\":\"https:\/\/solarventi.dk\/no\/luftsolfanger-eller-solcelle-ventilator\/\",\"url\":\"https:\/\/solarventi.dk\/no\/luftsolfanger-eller-solcelle-ventilator\/\",\"name\":\"En luftsolfanger eller en solcelle ventilator? | SolarVenti\",\"isPartOf\":{\"@id\":\"https:\/\/solarventi.dk\/no\/#website\"},\"primaryImageOfPage\":{\"@id\":\"https:\/\/solarventi.dk\/no\/luftsolfanger-eller-solcelle-ventilator\/#primaryimage\"},\"image\":{\"@id\":\"https:\/\/solarventi.dk\/no\/luftsolfanger-eller-solcelle-ventilator\/#primaryimage\"},\"thumbnailUrl\":\"https:\/\/solarventi.dk\/no\/wp-content\/uploads\/sites\/8\/2022\/06\/Untitled-design-7.jpg\",\"datePublished\":\"2022-06-10T06:34:55+00:00\",\"dateModified\":\"2024-04-16T13:10:18+00:00\",\"description\":\"Luftsolfanger eller solcelle ventilator? Vi kalder det soldrevet ventilation | Se hvordan vi tester vores produkter med vores konkurrenters.\",\"breadcrumb\":{\"@id\":\"https:\/\/solarventi.dk\/no\/luftsolfanger-eller-solcelle-ventilator\/#breadcrumb\"},\"inLanguage\":\"nb-NO\",\"potentialAction\":[{\"@type\":\"ReadAction\",\"target\":[\"https:\/\/solarventi.dk\/no\/luftsolfanger-eller-solcelle-ventilator\/\"]}]},{\"@type\":\"ImageObject\",\"inLanguage\":\"nb-NO\",\"@id\":\"https:\/\/solarventi.dk\/no\/luftsolfanger-eller-solcelle-ventilator\/#primaryimage\",\"url\":\"https:\/\/solarventi.dk\/no\/wp-content\/uploads\/sites\/8\/2022\/06\/Untitled-design-7.jpg\",\"contentUrl\":\"https:\/\/solarventi.dk\/no\/wp-content\/uploads\/sites\/8\/2022\/06\/Untitled-design-7.jpg\",\"width\":1400,\"height\":934,\"caption\":\"Blomst og solcelle modtager solstr\u00e5ler\"},{\"@type\":\"BreadcrumbList\",\"@id\":\"https:\/\/solarventi.dk\/no\/luftsolfanger-eller-solcelle-ventilator\/#breadcrumb\",\"itemListElement\":[{\"@type\":\"ListItem\",\"position\":1,\"name\":\"Forside\",\"item\":\"https:\/\/solarventi.dk\/no\/\"},{\"@type\":\"ListItem\",\"position\":2,\"name\":\"Luftsolfanger eller solcelle ventilator?\"}]},{\"@type\":\"WebSite\",\"@id\":\"https:\/\/solarventi.dk\/no\/#website\",\"url\":\"https:\/\/solarventi.dk\/no\/\",\"name\":\"SolarVenti NORGE\",\"description\":\"Salg av SolarVenti\",\"potentialAction\":[{\"@type\":\"SearchAction\",\"target\":{\"@type\":\"EntryPoint\",\"urlTemplate\":\"https:\/\/solarventi.dk\/no\/?s={search_term_string}\"},\"query-input\":{\"@type\":\"PropertyValueSpecification\",\"valueRequired\":true,\"valueName\":\"search_term_string\"}}],\"inLanguage\":\"nb-NO\"}]}<\/script>\n<!-- \/ Yoast SEO Premium plugin. -->","yoast_head_json":{"title":"En luftsolfanger eller en solcelle ventilator? | SolarVenti","description":"Luftsolfanger eller solcelle ventilator? Vi kalder det soldrevet ventilation | Se hvordan vi tester vores produkter med vores konkurrenters.","robots":{"index":"index","follow":"follow","max-snippet":"max-snippet:-1","max-image-preview":"max-image-preview:large","max-video-preview":"max-video-preview:-1"},"canonical":"https:\/\/solarventi.dk\/no\/luftsolfanger-eller-solcelle-ventilator\/","og_locale":"nb_NO","og_type":"article","og_title":"Luftsolfanger eller solcelle ventilator?","og_description":"Luftsolfanger eller solcelle ventilator? Vi kalder det soldrevet ventilation | Se hvordan vi tester vores produkter med vores konkurrenters.","og_url":"https:\/\/solarventi.dk\/no\/luftsolfanger-eller-solcelle-ventilator\/","og_site_name":"SolarVenti NORGE","article_modified_time":"2024-04-16T13:10:18+00:00","og_image":[{"width":1400,"height":934,"url":"https:\/\/solarventi.dk\/no\/wp-content\/uploads\/sites\/8\/2022\/06\/Untitled-design-7.jpg","type":"image\/jpeg"}],"twitter_card":"summary_large_image","twitter_misc":{"Ansl. lesetid":"3 minutter"},"schema":{"@context":"https:\/\/schema.org","@graph":[{"@type":"WebPage","@id":"https:\/\/solarventi.dk\/no\/luftsolfanger-eller-solcelle-ventilator\/","url":"https:\/\/solarventi.dk\/no\/luftsolfanger-eller-solcelle-ventilator\/","name":"En luftsolfanger eller en solcelle ventilator? | SolarVenti","isPartOf":{"@id":"https:\/\/solarventi.dk\/no\/#website"},"primaryImageOfPage":{"@id":"https:\/\/solarventi.dk\/no\/luftsolfanger-eller-solcelle-ventilator\/#primaryimage"},"image":{"@id":"https:\/\/solarventi.dk\/no\/luftsolfanger-eller-solcelle-ventilator\/#primaryimage"},"thumbnailUrl":"https:\/\/solarventi.dk\/no\/wp-content\/uploads\/sites\/8\/2022\/06\/Untitled-design-7.jpg","datePublished":"2022-06-10T06:34:55+00:00","dateModified":"2024-04-16T13:10:18+00:00","description":"Luftsolfanger eller solcelle ventilator? Vi kalder det soldrevet ventilation | Se hvordan vi tester vores produkter med vores konkurrenters.","breadcrumb":{"@id":"https:\/\/solarventi.dk\/no\/luftsolfanger-eller-solcelle-ventilator\/#breadcrumb"},"inLanguage":"nb-NO","potentialAction":[{"@type":"ReadAction","target":["https:\/\/solarventi.dk\/no\/luftsolfanger-eller-solcelle-ventilator\/"]}]},{"@type":"ImageObject","inLanguage":"nb-NO","@id":"https:\/\/solarventi.dk\/no\/luftsolfanger-eller-solcelle-ventilator\/#primaryimage","url":"https:\/\/solarventi.dk\/no\/wp-content\/uploads\/sites\/8\/2022\/06\/Untitled-design-7.jpg","contentUrl":"https:\/\/solarventi.dk\/no\/wp-content\/uploads\/sites\/8\/2022\/06\/Untitled-design-7.jpg","width":1400,"height":934,"caption":"Blomst og solcelle modtager solstr\u00e5ler"},{"@type":"BreadcrumbList","@id":"https:\/\/solarventi.dk\/no\/luftsolfanger-eller-solcelle-ventilator\/#breadcrumb","itemListElement":[{"@type":"ListItem","position":1,"name":"Forside","item":"https:\/\/solarventi.dk\/no\/"},{"@type":"ListItem","position":2,"name":"Luftsolfanger eller solcelle ventilator?"}]},{"@type":"WebSite","@id":"https:\/\/solarventi.dk\/no\/#website","url":"https:\/\/solarventi.dk\/no\/","name":"SolarVenti NORGE","description":"Salg av SolarVenti","potentialAction":[{"@type":"SearchAction","target":{"@type":"EntryPoint","urlTemplate":"https:\/\/solarventi.dk\/no\/?s={search_term_string}"},"query-input":{"@type":"PropertyValueSpecification","valueRequired":true,"valueName":"search_term_string"}}],"inLanguage":"nb-NO"}]}},"_links":{"self":[{"href":"https:\/\/solarventi.dk\/no\/wp-json\/wp\/v2\/pages\/5890","targetHints":{"allow":["GET"]}}],"collection":[{"href":"https:\/\/solarventi.dk\/no\/wp-json\/wp\/v2\/pages"}],"about":[{"href":"https:\/\/solarventi.dk\/no\/wp-json\/wp\/v2\/types\/page"}],"author":[{"embeddable":true,"href":"https:\/\/solarventi.dk\/no\/wp-json\/wp\/v2\/users\/1"}],"replies":[{"embeddable":true,"href":"https:\/\/solarventi.dk\/no\/wp-json\/wp\/v2\/comments?post=5890"}],"version-history":[{"count":0,"href":"https:\/\/solarventi.dk\/no\/wp-json\/wp\/v2\/pages\/5890\/revisions"}],"wp:featuredmedia":[{"embeddable":true,"href":"https:\/\/solarventi.dk\/no\/wp-json\/wp\/v2\/media\/5959"}],"wp:attachment":[{"href":"https:\/\/solarventi.dk\/no\/wp-json\/wp\/v2\/media?parent=5890"}],"curies":[{"name":"wp","href":"https:\/\/api.w.org\/{rel}","templated":true}]}}