{"id":5503,"date":"2022-06-01T15:15:09","date_gmt":"2022-06-01T13:15:09","guid":{"rendered":"https:\/\/solarventi.dk\/no\/?page_id=5503"},"modified":"2024-04-18T16:59:05","modified_gmt":"2024-04-18T14:59:05","slug":"box-to-box","status":"publish","type":"page","link":"https:\/\/solarventi.dk\/no\/om-solarventi\/cases\/box-to-box\/","title":{"rendered":"BOX to BOX"},"content":{"rendered":"<div class=\"wpb-content-wrapper\"><p>[vc_row padding_top_multiplier=&raquo;2x&raquo; padding_bottom_multiplier=&raquo;2x&raquo;][vc_column width=&raquo;4\/12&#8243;]<h2 class=\"grve-element grve-title grve-align-inherit grve-subtitle-text\"><span>BOX to BOX valgte SolarVenti frem for varmepumper<\/span><\/h2>[\/vc_column][vc_column width=&raquo;8\/12&#8243;][vc_column_text]Flere eiere av veteranbiler, campingvogner og leiebiler velger \u00e5 lagre i garasjer rundt om i landet. Felles for alle eiere er \u00f8nsket om at deres eiendeler skal oppbevares under gode forhold. BOX to BOX er svaret for mange kunder i Midtjylland, da de har ikke mindre enn 9 haller for oppbevaring av nettopp disse.[\/vc_column_text]<div class=\"grve-empty-space grve-height-1x\"><\/div><div class=\"grve-element grve-video\"><iframe loading=\"lazy\" title=\"Testimonial af Karsten Horup fra Box to Box\" width=\"1080\" height=\"608\" src=\"https:\/\/www.youtube.com\/embed\/CvtHpa-Zd2I?feature=oembed\" frameborder=\"0\" allow=\"accelerometer; autoplay; clipboard-write; encrypted-media; gyroscope; picture-in-picture\" allowfullscreen><\/iframe><\/div><div class=\"grve-empty-space grve-height-1x\"><\/div>[vc_column_text]For \u00e5 sikre at luftfuktigheten er lav, skrur mange haleeiere opp varmen. Med de stigende energiprisene synes Karsten Horup absolutt ikke at det var \u00e5 foretrekke. Da Karsten Horup bestemte seg for \u00e5 bygge to nye haller i 2021, valgte han derfor \u00e5 unders\u00f8ke mulighetene for \u00e5 gj\u00f8re disse uoppvarmet. Det absolutt viktigste for BOX to BOX var imidlertid fortsatt \u00e5 holde fuktighetsniv\u00e5et nede, slik at kundene skulle forbli forn\u00f8yde med t\u00f8rt inneklima p\u00e5 eiendelene sine, og bygget holder lang levetid.[\/vc_column_text]<div class=\"grve-empty-space grve-height-1x\"><\/div>[vc_column_text]&raquo;De som har biler st\u00e5ende, vet godt at fukt og biler &#8211; det er ikke noen kombinasjon.&raquo;[\/vc_column_text][vc_column_text]<span style=\"font-size: 8pt\"><em>Direkt\u00f8r Karsten Horup, BOX to BOX<\/em><\/span>[\/vc_column_text]<div class=\"grve-empty-space grve-height-1x\"><\/div><h3 class=\"grve-element grve-title grve-align-inherit grve-h3\"><span>Bruker 0 kr p\u00e5 oppvarming av de to hallene<\/span><\/h3>[vc_column_text]N\u00e5 har BOX to BOX f\u00e5tt en t\u00f8rrhall med gratis varme ved hjelp av solcelledrevet ventilasjon. SolarVenti Industri og Bedrift har allerede produsert en stor avkastning for selskapet, som fortsatt kan rettferdiggj\u00f8re \u00e5 ha uoppvarmede haller, da de holder fuktighetsniv\u00e5et nede. Selskapet har i stor grad avskaffet energiforbruket deres for disse to hallene, samtidig som de ikke lenger trenger \u00e5 bekymre seg for d\u00e5rlig inneklima og h\u00f8y luftfuktighet.[\/vc_column_text][vc_row_inner padding_top_multiplier=&raquo;custom&raquo; padding_top=&raquo;40px&raquo;][vc_column_inner width=&raquo;1\/3&#8243; text_align=&raquo;center&raquo;]<h3 class=\"grve-element grve-title grve-align-inherit grve-h3\"><span>ROI &lt; 5 \u00e5r<\/span><\/h3>[vc_column_text]etter optimalisering av energiforbruket med SolarVenti Industri og Bedrift \u2013 fordi effektivitet og pris henger sammen.[\/vc_column_text][\/vc_column_inner][vc_column_inner width=&raquo;1\/3&#8243; text_align=&raquo;center&raquo;]<h3 class=\"grve-element grve-title grve-align-inherit grve-h3\"><span>Utnytter solenergi<\/span><\/h3>[vc_column_text]betyr et energiforbruk til oppvarming p\u00e5 0 kr som kan merkes p\u00e5 regnskapet.[\/vc_column_text][\/vc_column_inner][vc_column_inner width=&raquo;1\/3&#8243; text_align=&raquo;center&raquo;]<h3 class=\"grve-element grve-title grve-align-inherit grve-h3\"><span>\u00d8kt ettersp\u00f8rsel<\/span><\/h3>[vc_column_text]BOX to BOX har oppn\u00e5dd \u00f8kt ettersp\u00f8rsel med b\u00e6rekraftig ventilasjon som reduserer CO2-belastningen betraktelig.[\/vc_column_text][\/vc_column_inner][\/vc_row_inner][\/vc_column][\/vc_row][vc_row padding_top_multiplier=&raquo;2x&raquo; padding_bottom_multiplier=&raquo;2x&raquo; rc_bg_type=&raquo;color&raquo; columns_gap=&raquo;50&#8243; rc_bg_color=&raquo;#e9f2fc&raquo;][vc_column width=&raquo;1\/3&#8243;]<div class=\"grve-element grve-image grve-align-center\">\r\n\t<div class=\"grve-image-item\">\r\n\t\t\r\n\r\n<div class=\"grve-image-wrapper grve-no-effect\">\r\n\t\t<div class=\"grve-thumbnail-wrapper\"  style=\"width: 1920px;\"><div class=\"grve-thumbnail\"  style=\"padding-top: 55.781%;\"><img loading=\"lazy\" decoding=\"async\" width=\"1920\" height=\"1071\" src=\"https:\/\/solarventi.dk\/no\/wp-content\/uploads\/sites\/8\/2022\/06\/Karsten-smiler.jpg\" class=\"attachment-full size-full grve-lazy-load lazyload\" alt=\"Direkt\u00f8r Karsten Horup, BOX to BOX, i sin hal\" data-column-space=\"auto\" data-lazyload=\"\" data-grve-filter=\"yes\" srcset=\"https:\/\/solarventi.dk\/no\/wp-content\/themes\/impeka\/images\/empty\/empty.png\" data-src=\"https:\/\/solarventi.dk\/no\/wp-content\/uploads\/sites\/8\/2022\/06\/Karsten-smiler.jpg\" data-sizes=\"auto\" data-srcset=\"https:\/\/solarventi.dk\/no\/wp-content\/uploads\/sites\/8\/2022\/06\/Karsten-smiler.jpg 1920w, https:\/\/solarventi.dk\/no\/wp-content\/uploads\/sites\/8\/2022\/06\/Karsten-smiler-300x167.jpg 300w, https:\/\/solarventi.dk\/no\/wp-content\/uploads\/sites\/8\/2022\/06\/Karsten-smiler-1024x571.jpg 1024w, https:\/\/solarventi.dk\/no\/wp-content\/uploads\/sites\/8\/2022\/06\/Karsten-smiler-768x428.jpg 768w, https:\/\/solarventi.dk\/no\/wp-content\/uploads\/sites\/8\/2022\/06\/Karsten-smiler-1536x857.jpg 1536w, https:\/\/solarventi.dk\/no\/wp-content\/uploads\/sites\/8\/2022\/06\/Karsten-smiler-600x335.jpg 600w\" data-expand=\"1\" \/><\/div><\/div>\t<\/div>\r\n\t<\/div>\r\n<\/div>\r\n[\/vc_column][vc_column width=&raquo;1\/3&#8243; vertical_content_position=&raquo;bottom&raquo;]<div class=\"grve-element grve-image grve-align-center\">\r\n\t<div class=\"grve-image-item\">\r\n\t\t\r\n\r\n<div class=\"grve-image-wrapper grve-no-effect\">\r\n\t\t<div class=\"grve-thumbnail-wrapper\"  style=\"width: 1920px;\"><div class=\"grve-thumbnail\"  style=\"padding-top: 56.042%;\"><img loading=\"lazy\" decoding=\"async\" width=\"1920\" height=\"1076\" src=\"https:\/\/solarventi.dk\/no\/wp-content\/uploads\/sites\/8\/2022\/06\/Komp-Close-up.jpg\" class=\"attachment-full size-full grve-lazy-load lazyload\" alt=\"Close up af BOX to BOX med SolarVenti\" srcset=\"https:\/\/solarventi.dk\/no\/wp-content\/themes\/impeka\/images\/empty\/empty.png\" data-column-space=\"auto\" data-lazyload=\"\" data-grve-filter=\"yes\" data-src=\"https:\/\/solarventi.dk\/no\/wp-content\/uploads\/sites\/8\/2022\/06\/Komp-Close-up.jpg\" data-sizes=\"auto\" data-srcset=\"https:\/\/solarventi.dk\/no\/wp-content\/uploads\/sites\/8\/2022\/06\/Komp-Close-up.jpg 1x,https:\/\/solarventi.dk\/no\/wp-content\/uploads\/sites\/8\/2022\/06\/Komp-Close-up.jpg 2x\" data-expand=\"1\" \/><\/div><\/div>\t<\/div>\r\n\t<\/div>\r\n<\/div>\r\n[\/vc_column][vc_column width=&raquo;1\/3&#8243;]<div class=\"grve-element grve-image grve-align-center\">\r\n\t<div class=\"grve-image-item\">\r\n\t\t\r\n\r\n<div class=\"grve-image-wrapper grve-no-effect\">\r\n\t\t<div class=\"grve-thumbnail-wrapper\"  style=\"width: 1920px;\"><div class=\"grve-thumbnail\"  style=\"padding-top: 55.99%;\"><img loading=\"lazy\" decoding=\"async\" width=\"1920\" height=\"1075\" src=\"https:\/\/solarventi.dk\/no\/wp-content\/uploads\/sites\/8\/2022\/06\/Komp-Karsten-ga\u030ar.jpg\" class=\"attachment-full size-full grve-lazy-load lazyload\" alt=\"SolarVenti p\u00e5 opbevaringshal hos BOX to BOX\" srcset=\"https:\/\/solarventi.dk\/no\/wp-content\/themes\/impeka\/images\/empty\/empty.png\" data-column-space=\"auto\" data-lazyload=\"\" data-grve-filter=\"yes\" data-src=\"https:\/\/solarventi.dk\/no\/wp-content\/uploads\/sites\/8\/2022\/06\/Komp-Karsten-ga\u030ar.jpg\" data-sizes=\"auto\" data-srcset=\"https:\/\/solarventi.dk\/no\/wp-content\/uploads\/sites\/8\/2022\/06\/Komp-Karsten-ga\u030ar.jpg 1x,https:\/\/solarventi.dk\/no\/wp-content\/uploads\/sites\/8\/2022\/06\/Komp-Karsten-ga\u030ar.jpg 2x\" data-expand=\"1\" \/><\/div><\/div>\t<\/div>\r\n\t<\/div>\r\n<\/div>\r\n[\/vc_column][\/vc_row][vc_row padding_top_multiplier=&raquo;2x&raquo; padding_bottom_multiplier=&raquo;2x&raquo; columns_gap=&raquo;60&#8243;][vc_column width=&raquo;8\/12&#8243; tablet_sm_width=&raquo;1&#8243; mobile_width=&raquo;1&#8243;][vc_column_text]&raquo;Vi \u00f8nsket egentlig \u00e5 kj\u00f8pe varmepumper, men det har ikke v\u00e6rt n\u00f8dvendig i det hele tatt etter at vi installerte SolarVenti-systemet. For med den solvarmede t\u00f8rrluften og varmetilskuddet vi f\u00e5r fra SolarVenti-systemet samtidig. Da kan vi holde en rimelig lav temperatur og holde bilene t\u00f8rre samtidig&raquo;[\/vc_column_text][vc_column_text]<span style=\"font-size: 8pt\"><em>Direkt\u00f8r Karsten Horup, BOX to BOX<\/em><\/span>[\/vc_column_text]<div class=\"grve-empty-space grve-height-1x\"><\/div>[vc_column_text]<\/p>\n<p class=\"p1\">SolarVenti er en p\u00e5litelig forretningspartner. Vi har over +30 \u00e5rs erfaring i feltet. Din bedrift kan v\u00e6re trygg p\u00e5 at vi har n\u00f8dvendig eksperterfaring for \u00e5 skape gode og holdbare l\u00f8sninger. Vi bidrar til at bedrifter f\u00e5r en gr\u00f8nnere profil!<\/p>\n<p>[\/vc_column_text][\/vc_column][vc_column width=&raquo;4\/12&#8243; text_align=&raquo;center&raquo; tablet_sm_width=&raquo;hide&raquo; mobile_width=&raquo;hide&raquo; rc_font_color=&raquo;#0e376d&raquo; el_class=&raquo;vd-custom-quote&raquo;]<div class=\"grve-element grve-image grve-align-center front-img-padding\">\r\n\t<div class=\"grve-image-item\">\r\n\t\t\r\n\r\n<div class=\"grve-image-wrapper grve-no-effect\">\r\n\t\t<div class=\"grve-thumbnail-wrapper\"  style=\"width: 350px;\"><div class=\"grve-thumbnail\"  style=\"padding-top: 44.857%;\"><img loading=\"lazy\" decoding=\"async\" width=\"350\" height=\"157\" src=\"https:\/\/solarventi.dk\/no\/wp-content\/uploads\/sites\/8\/2021\/09\/solarventi-grafik-front-02.png\" class=\"attachment-full size-full grve-lazy-load lazyload\" alt=\"S\u00e5dan virker SolarVenti ikon\" srcset=\"https:\/\/solarventi.dk\/no\/wp-content\/themes\/impeka\/images\/empty\/empty.png\" data-column-space=\"auto\" data-lazyload=\"\" data-grve-filter=\"yes\" data-src=\"https:\/\/solarventi.dk\/no\/wp-content\/uploads\/sites\/8\/2021\/09\/solarventi-grafik-front-02.png\" data-sizes=\"auto\" data-srcset=\"https:\/\/solarventi.dk\/no\/wp-content\/uploads\/sites\/8\/2021\/09\/solarventi-grafik-front-02.png 1x,https:\/\/solarventi.dk\/no\/wp-content\/uploads\/sites\/8\/2021\/09\/solarventi-grafik-front-retina-01.png 2x\" data-expand=\"1\" \/><\/div><\/div>\t<\/div>\r\n\t<\/div>\r\n<\/div>\r\n<h3 class=\"grve-element grve-title grve-align-inherit grve-h3\"><span><br>\n<h2 class=\"grve-element grve-title grve-align-inherit grve-h2\">SolarVenti\u2019n trekker til seg fuktigheten og bl\u00e5ser den ut igjen \u2013 som et naturlig pust.<\/h2>\n<div class=\"grve-element grve-align-inherit\">\n<div class=\"grve-btn-inner\"><\/div>\n<\/div>\n<\/span><\/h3><div class=\"grve-element grve-align-inherit\"><a href=\"https:\/\/solarventi.dk\/no\/om-solarventi\/hvorfor-solarventi\/\" title=\"Hvorfor SolarVenti\" class=\"grve-btn-text grve-btn-only-text grve-text-primary-1 grve-text-hover-black grve-btn-medium grve-with-icon\">\r\n\t\t<div class=\"grve-btn-inner\">\r\n\t\t<span>Les mer<\/span>\r\n\t\t\t\t\t\t\t<div class=\"grve-btn-icon\">\r\n\t\t\t<span class=\"grve-icon fas fa-chevron-circle-right\"><\/span>\r\n\t\t<\/div>\r\n\t\t\t\t\t<\/div>\r\n\t<\/a><\/div>[\/vc_column][\/vc_row]<\/p>\n<\/div>","protected":false},"excerpt":{"rendered":"<p>[vc_row padding_top_multiplier=&raquo;2x&raquo; padding_bottom_multiplier=&raquo;2x&raquo;][vc_column width=&raquo;4\/12&#8243;][\/vc_column][vc_column width=&raquo;8\/12&#8243;][vc_column_text]Flere eiere av veteranbiler, campingvogner og leiebiler velger \u00e5 lagre i garasjer rundt om i landet. Felles for alle eiere er \u00f8nsket om at deres eiendeler skal oppbevares under gode forhold. BOX to BOX er svaret for mange kunder i Midtjylland, da de har ikke mindre enn 9 haller for oppbevaring [&hellip;]<\/p>\n","protected":false},"author":1,"featured_media":5843,"parent":4734,"menu_order":0,"comment_status":"closed","ping_status":"closed","template":"","meta":{"footnotes":""},"class_list":["post-5503","page","type-page","status-publish","has-post-thumbnail","hentry","grve-entry-item"],"yoast_head":"<!-- This site is optimized with the Yoast SEO Premium plugin v25.1 (Yoast SEO v25.1) - https:\/\/yoast.com\/wordpress\/plugins\/seo\/ -->\n<title>BOX to BOX case | 0 kr i varme og \u00f8kt ettersp\u00f8rsel | CO2-reduksjon<\/title>\n<meta name=\"description\" content=\"BOX to BOX holder fuktigheten nede ved \u00e5 bl\u00e5se inn frisk og t\u00f8rr luft som tilf\u00f8rer varme og ventilasjon \u2013 byggets naturlige pust\" \/>\n<meta name=\"robots\" content=\"index, follow, max-snippet:-1, max-image-preview:large, max-video-preview:-1\" \/>\n<link rel=\"canonical\" href=\"https:\/\/solarventi.dk\/no\/om-solarventi\/cases\/box-to-box\/\" \/>\n<meta property=\"og:locale\" content=\"nb_NO\" \/>\n<meta property=\"og:type\" content=\"article\" \/>\n<meta property=\"og:title\" content=\"BOX to BOX\" \/>\n<meta property=\"og:description\" content=\"BOX to BOX holder fuktigheten nede ved \u00e5 bl\u00e5se inn frisk og t\u00f8rr luft som tilf\u00f8rer varme og ventilasjon \u2013 byggets naturlige pust\" \/>\n<meta property=\"og:url\" content=\"https:\/\/solarventi.dk\/no\/om-solarventi\/cases\/box-to-box\/\" \/>\n<meta property=\"og:site_name\" content=\"SolarVenti NORGE\" \/>\n<meta property=\"article:modified_time\" content=\"2024-04-18T14:59:05+00:00\" \/>\n<meta property=\"og:image\" content=\"https:\/\/solarventi.dk\/no\/wp-content\/uploads\/sites\/8\/2022\/06\/Overbliksbillede-e1654160370116.jpg\" \/>\n\t<meta property=\"og:image:width\" content=\"1920\" \/>\n\t<meta property=\"og:image:height\" content=\"830\" \/>\n\t<meta property=\"og:image:type\" content=\"image\/jpeg\" \/>\n<meta name=\"twitter:card\" content=\"summary_large_image\" \/>\n<meta name=\"twitter:label1\" content=\"Ansl. lesetid\" \/>\n\t<meta name=\"twitter:data1\" content=\"2 minutter\" \/>\n<script type=\"application\/ld+json\" class=\"yoast-schema-graph\">{\"@context\":\"https:\/\/schema.org\",\"@graph\":[{\"@type\":\"WebPage\",\"@id\":\"https:\/\/solarventi.dk\/no\/om-solarventi\/cases\/box-to-box\/\",\"url\":\"https:\/\/solarventi.dk\/no\/om-solarventi\/cases\/box-to-box\/\",\"name\":\"BOX to BOX case | 0 kr i varme og \u00f8kt ettersp\u00f8rsel | CO2-reduksjon\",\"isPartOf\":{\"@id\":\"https:\/\/solarventi.dk\/no\/#website\"},\"primaryImageOfPage\":{\"@id\":\"https:\/\/solarventi.dk\/no\/om-solarventi\/cases\/box-to-box\/#primaryimage\"},\"image\":{\"@id\":\"https:\/\/solarventi.dk\/no\/om-solarventi\/cases\/box-to-box\/#primaryimage\"},\"thumbnailUrl\":\"https:\/\/solarventi.dk\/no\/wp-content\/uploads\/sites\/8\/2022\/06\/Overbliksbillede-e1654160370116.jpg\",\"datePublished\":\"2022-06-01T13:15:09+00:00\",\"dateModified\":\"2024-04-18T14:59:05+00:00\",\"description\":\"BOX to BOX holder fuktigheten nede ved \u00e5 bl\u00e5se inn frisk og t\u00f8rr luft som tilf\u00f8rer varme og ventilasjon \u2013 byggets naturlige pust\",\"breadcrumb\":{\"@id\":\"https:\/\/solarventi.dk\/no\/om-solarventi\/cases\/box-to-box\/#breadcrumb\"},\"inLanguage\":\"nb-NO\",\"potentialAction\":[{\"@type\":\"ReadAction\",\"target\":[\"https:\/\/solarventi.dk\/no\/om-solarventi\/cases\/box-to-box\/\"]}]},{\"@type\":\"ImageObject\",\"inLanguage\":\"nb-NO\",\"@id\":\"https:\/\/solarventi.dk\/no\/om-solarventi\/cases\/box-to-box\/#primaryimage\",\"url\":\"https:\/\/solarventi.dk\/no\/wp-content\/uploads\/sites\/8\/2022\/06\/Overbliksbillede-e1654160370116.jpg\",\"contentUrl\":\"https:\/\/solarventi.dk\/no\/wp-content\/uploads\/sites\/8\/2022\/06\/Overbliksbillede-e1654160370116.jpg\",\"width\":1920,\"height\":830,\"caption\":\"BOX to BOX med to installationer af SolarVenti Erhverv\"},{\"@type\":\"BreadcrumbList\",\"@id\":\"https:\/\/solarventi.dk\/no\/om-solarventi\/cases\/box-to-box\/#breadcrumb\",\"itemListElement\":[{\"@type\":\"ListItem\",\"position\":1,\"name\":\"Forside\",\"item\":\"https:\/\/solarventi.dk\/no\/\"},{\"@type\":\"ListItem\",\"position\":2,\"name\":\"Om SolarVenti\",\"item\":\"https:\/\/solarventi.dk\/no\/om-solarventi\/\"},{\"@type\":\"ListItem\",\"position\":3,\"name\":\"Cases\",\"item\":\"https:\/\/solarventi.dk\/no\/om-solarventi\/cases\/\"},{\"@type\":\"ListItem\",\"position\":4,\"name\":\"BOX to BOX\"}]},{\"@type\":\"WebSite\",\"@id\":\"https:\/\/solarventi.dk\/no\/#website\",\"url\":\"https:\/\/solarventi.dk\/no\/\",\"name\":\"SolarVenti NORGE\",\"description\":\"Salg av SolarVenti\",\"potentialAction\":[{\"@type\":\"SearchAction\",\"target\":{\"@type\":\"EntryPoint\",\"urlTemplate\":\"https:\/\/solarventi.dk\/no\/?s={search_term_string}\"},\"query-input\":{\"@type\":\"PropertyValueSpecification\",\"valueRequired\":true,\"valueName\":\"search_term_string\"}}],\"inLanguage\":\"nb-NO\"}]}<\/script>\n<!-- \/ Yoast SEO Premium plugin. -->","yoast_head_json":{"title":"BOX to BOX case | 0 kr i varme og \u00f8kt ettersp\u00f8rsel | CO2-reduksjon","description":"BOX to BOX holder fuktigheten nede ved \u00e5 bl\u00e5se inn frisk og t\u00f8rr luft som tilf\u00f8rer varme og ventilasjon \u2013 byggets naturlige pust","robots":{"index":"index","follow":"follow","max-snippet":"max-snippet:-1","max-image-preview":"max-image-preview:large","max-video-preview":"max-video-preview:-1"},"canonical":"https:\/\/solarventi.dk\/no\/om-solarventi\/cases\/box-to-box\/","og_locale":"nb_NO","og_type":"article","og_title":"BOX to BOX","og_description":"BOX to BOX holder fuktigheten nede ved \u00e5 bl\u00e5se inn frisk og t\u00f8rr luft som tilf\u00f8rer varme og ventilasjon \u2013 byggets naturlige pust","og_url":"https:\/\/solarventi.dk\/no\/om-solarventi\/cases\/box-to-box\/","og_site_name":"SolarVenti NORGE","article_modified_time":"2024-04-18T14:59:05+00:00","og_image":[{"width":1920,"height":830,"url":"https:\/\/solarventi.dk\/no\/wp-content\/uploads\/sites\/8\/2022\/06\/Overbliksbillede-e1654160370116.jpg","type":"image\/jpeg"}],"twitter_card":"summary_large_image","twitter_misc":{"Ansl. lesetid":"2 minutter"},"schema":{"@context":"https:\/\/schema.org","@graph":[{"@type":"WebPage","@id":"https:\/\/solarventi.dk\/no\/om-solarventi\/cases\/box-to-box\/","url":"https:\/\/solarventi.dk\/no\/om-solarventi\/cases\/box-to-box\/","name":"BOX to BOX case | 0 kr i varme og \u00f8kt ettersp\u00f8rsel | CO2-reduksjon","isPartOf":{"@id":"https:\/\/solarventi.dk\/no\/#website"},"primaryImageOfPage":{"@id":"https:\/\/solarventi.dk\/no\/om-solarventi\/cases\/box-to-box\/#primaryimage"},"image":{"@id":"https:\/\/solarventi.dk\/no\/om-solarventi\/cases\/box-to-box\/#primaryimage"},"thumbnailUrl":"https:\/\/solarventi.dk\/no\/wp-content\/uploads\/sites\/8\/2022\/06\/Overbliksbillede-e1654160370116.jpg","datePublished":"2022-06-01T13:15:09+00:00","dateModified":"2024-04-18T14:59:05+00:00","description":"BOX to BOX holder fuktigheten nede ved \u00e5 bl\u00e5se inn frisk og t\u00f8rr luft som tilf\u00f8rer varme og ventilasjon \u2013 byggets naturlige pust","breadcrumb":{"@id":"https:\/\/solarventi.dk\/no\/om-solarventi\/cases\/box-to-box\/#breadcrumb"},"inLanguage":"nb-NO","potentialAction":[{"@type":"ReadAction","target":["https:\/\/solarventi.dk\/no\/om-solarventi\/cases\/box-to-box\/"]}]},{"@type":"ImageObject","inLanguage":"nb-NO","@id":"https:\/\/solarventi.dk\/no\/om-solarventi\/cases\/box-to-box\/#primaryimage","url":"https:\/\/solarventi.dk\/no\/wp-content\/uploads\/sites\/8\/2022\/06\/Overbliksbillede-e1654160370116.jpg","contentUrl":"https:\/\/solarventi.dk\/no\/wp-content\/uploads\/sites\/8\/2022\/06\/Overbliksbillede-e1654160370116.jpg","width":1920,"height":830,"caption":"BOX to BOX med to installationer af SolarVenti Erhverv"},{"@type":"BreadcrumbList","@id":"https:\/\/solarventi.dk\/no\/om-solarventi\/cases\/box-to-box\/#breadcrumb","itemListElement":[{"@type":"ListItem","position":1,"name":"Forside","item":"https:\/\/solarventi.dk\/no\/"},{"@type":"ListItem","position":2,"name":"Om SolarVenti","item":"https:\/\/solarventi.dk\/no\/om-solarventi\/"},{"@type":"ListItem","position":3,"name":"Cases","item":"https:\/\/solarventi.dk\/no\/om-solarventi\/cases\/"},{"@type":"ListItem","position":4,"name":"BOX to BOX"}]},{"@type":"WebSite","@id":"https:\/\/solarventi.dk\/no\/#website","url":"https:\/\/solarventi.dk\/no\/","name":"SolarVenti NORGE","description":"Salg av SolarVenti","potentialAction":[{"@type":"SearchAction","target":{"@type":"EntryPoint","urlTemplate":"https:\/\/solarventi.dk\/no\/?s={search_term_string}"},"query-input":{"@type":"PropertyValueSpecification","valueRequired":true,"valueName":"search_term_string"}}],"inLanguage":"nb-NO"}]}},"_links":{"self":[{"href":"https:\/\/solarventi.dk\/no\/wp-json\/wp\/v2\/pages\/5503","targetHints":{"allow":["GET"]}}],"collection":[{"href":"https:\/\/solarventi.dk\/no\/wp-json\/wp\/v2\/pages"}],"about":[{"href":"https:\/\/solarventi.dk\/no\/wp-json\/wp\/v2\/types\/page"}],"author":[{"embeddable":true,"href":"https:\/\/solarventi.dk\/no\/wp-json\/wp\/v2\/users\/1"}],"replies":[{"embeddable":true,"href":"https:\/\/solarventi.dk\/no\/wp-json\/wp\/v2\/comments?post=5503"}],"version-history":[{"count":0,"href":"https:\/\/solarventi.dk\/no\/wp-json\/wp\/v2\/pages\/5503\/revisions"}],"up":[{"embeddable":true,"href":"https:\/\/solarventi.dk\/no\/wp-json\/wp\/v2\/pages\/4734"}],"wp:featuredmedia":[{"embeddable":true,"href":"https:\/\/solarventi.dk\/no\/wp-json\/wp\/v2\/media\/5843"}],"wp:attachment":[{"href":"https:\/\/solarventi.dk\/no\/wp-json\/wp\/v2\/media?parent=5503"}],"curies":[{"name":"wp","href":"https:\/\/api.w.org\/{rel}","templated":true}]}}