{"id":5218,"date":"2022-03-17T14:08:49","date_gmt":"2022-03-17T13:08:49","guid":{"rendered":"https:\/\/solarventi.dk\/no\/?page_id=5218"},"modified":"2024-08-13T12:44:33","modified_gmt":"2024-08-13T10:44:33","slug":"dokumentasjon","status":"publish","type":"page","link":"https:\/\/solarventi.dk\/no\/info\/dokumentasjon\/","title":{"rendered":"Dokumentasjon"},"content":{"rendered":"<div class=\"wpb-content-wrapper\"><p>[vc_row padding_top_multiplier=&raquo;&raquo;][vc_column][vc_column_text]<\/p>\n<p><table id=\"dlp_7f923c8a66d7791d_1\" class=\"posts-data-table\" width=\"100%\" data-config=\"{&quot;pageLength&quot;:15,&quot;pagingType&quot;:&quot;numbers&quot;,&quot;serverSide&quot;:false,&quot;autoWidth&quot;:true,&quot;clickFilter&quot;:true,&quot;scrollOffset&quot;:15,&quot;resetButton&quot;:false,&quot;lengthMenu&quot;:[[10,15,25,50,100,-1],[10,15,25,50,100,&quot;All&quot;]],&quot;columnDefs&quot;:[{&quot;className&quot;:&quot;col-title&quot;,&quot;targets&quot;:0},{&quot;className&quot;:&quot;col-doc_categories&quot;,&quot;targets&quot;:1},{&quot;className&quot;:&quot;col-link&quot;,&quot;targets&quot;:2}],&quot;responsive&quot;:{&quot;details&quot;:{&quot;display&quot;:&quot;child_row&quot;}},&quot;language&quot;:{&quot;info&quot;:&quot;_TOTAL_ documents&quot;,&quot;infoEmpty&quot;:&quot;0 documents&quot;,&quot;emptyTable&quot;:&quot;No matching documents.&quot;,&quot;zeroRecords&quot;:&quot;No matching documents.&quot;,&quot;totalsSingle&quot;:&quot;document&quot;,&quot;totalsPlural&quot;:&quot;documents&quot;},&quot;dom&quot;:&quot;&lt;\\&quot;posts-table-wrapper impeka\\&quot;&lt;\\&quot;posts-table-above posts-table-controls\\&quot;f&gt;t&lt;\\&quot;posts-table-below posts-table-controls\\&quot;lip&gt;&gt;&quot;,&quot;multiDownloadButton&quot;:false,&quot;multiDownloadPosition&quot;:&quot;above&quot;,&quot;multiDownloadText&quot;:&quot;Download Dokumenter&quot;}\" data-filters=\"{&quot;doc_categories&quot;:{&quot;taxonomy&quot;:&quot;doc_categories&quot;,&quot;heading&quot;:&quot;Category&quot;,&quot;terms&quot;:[{&quot;name&quot;:&quot;Andre produkter&quot;,&quot;slug&quot;:&quot;andre-produkter&quot;},{&quot;name&quot;:&quot;Brosjyrer&quot;,&quot;slug&quot;:&quot;brochurer-og-prisliste&quot;},{&quot;name&quot;:&quot;Brukermanualer&quot;,&quot;slug&quot;:&quot;brugervejledninger&quot;},{&quot;name&quot;:&quot;Datablade&quot;,&quot;slug&quot;:&quot;datablade&quot;},{&quot;name&quot;:&quot;Dokumentasjon&quot;,&quot;slug&quot;:&quot;dokumentation&quot;},{&quot;name&quot;:&quot;Monteringsanvisning&quot;,&quot;slug&quot;:&quot;montagevejledninger&quot;},{&quot;name&quot;:&quot;Referanser&quot;,&quot;slug&quot;:&quot;referencer&quot;},{&quot;name&quot;:&quot;Tests&quot;,&quot;slug&quot;:&quot;tests&quot;}],&quot;searchColumn&quot;:&quot;hf_doc_categories&quot;}}\" data-order='[[0, \"desc\"]]'><thead><tr><th class=\"all\" data-name=\"title\" data-orderable=\"true\" data-searchable=\"true\" data-priority=\"1\">Titel<\/th><th data-name=\"doc_categories\" data-orderable=\"true\" data-searchable=\"true\" data-priority=\"6\">Kategorier<\/th><th data-name=\"link\" data-orderable=\"false\" data-searchable=\"false\" data-priority=\"10\">Link<\/th><th data-name=\"hf_doc_categories\" data-tax=\"doc_categories\" data-searchable=\"true\" data-visible=\"false\">hf:doc_categories<\/th><\/tr><\/thead><tbody><tr id=\"post-row-4410\" class=\"post-row post-type-dlp_document dlp_document-4410 publish\"><td>Verification Report SV14<\/td><td><span data-slug=\"dokumentation\">Dokumentasjon<\/span><\/td><td><div class=\"dlp-table-document-link-wrap\"><a href=\"https:\/\/solarventi.dk\/no\/wp-content\/uploads\/sites\/8\/2021\/11\/verification-report-en.pdf\" class=\"dlp-download-link \" data-download-id=\"4410\" target=\"_blank\" >Se dokument<\/a><\/div><\/td><td>dokumentation<\/td><\/tr><tr id=\"post-row-4376\" class=\"post-row post-type-dlp_document dlp_document-4376 publish\"><td>Stikkontakten &#8211; El regningen halvert<\/td><td><span data-slug=\"dokumentation\">Dokumentasjon<\/span><\/td><td><div class=\"dlp-table-document-link-wrap\"><a href=\"https:\/\/solarventi.dk\/no\/wp-content\/uploads\/sites\/8\/2021\/11\/stikkontakten-elregningen_halveret.pdf\" class=\"dlp-download-link \" data-download-id=\"4376\" target=\"_blank\" >Se dokument<\/a><\/div><\/td><td>dokumentation<\/td><\/tr><tr id=\"post-row-4398\" class=\"post-row post-type-dlp_document dlp_document-4398 publish\"><td>SolarVenti ABC<\/td><td><span data-slug=\"brochurer-og-prisliste\">Brosjyrer<\/span>, <span data-slug=\"dokumentation\">Dokumentasjon<\/span><\/td><td><div class=\"dlp-table-document-link-wrap\"><a href=\"https:\/\/solarventi.dk\/no\/wp-content\/uploads\/sites\/8\/2021\/11\/solarventi-abc.pdf\" class=\"dlp-download-link \" data-download-id=\"4398\" target=\"_blank\" >Se dokument<\/a><\/div><\/td><td>brochurer-og-prisliste dokumentation<\/td><\/tr><tr id=\"post-row-4416\" class=\"post-row post-type-dlp_document dlp_document-4416 publish\"><td>Solar panel SV3 and Competitor S<\/td><td><span data-slug=\"dokumentation\">Dokumentasjon<\/span><\/td><td><div class=\"dlp-table-document-link-wrap\"><a href=\"https:\/\/solarventi.dk\/no\/wp-content\/uploads\/sites\/8\/2021\/11\/solpanel-sv3-and-competitor-s-en.pdf\" class=\"dlp-download-link \" data-download-id=\"4416\" target=\"_blank\" >Se dokument<\/a><\/div><\/td><td>dokumentation<\/td><\/tr><tr id=\"post-row-4421\" class=\"post-row post-type-dlp_document dlp_document-4421 publish\"><td>Korn t\u00f8rring og tilbake kondensering<\/td><td><span data-slug=\"dokumentation\">Dokumentasjon<\/span><\/td><td><div class=\"dlp-table-document-link-wrap\"><a href=\"https:\/\/solarventi.dk\/no\/wp-content\/uploads\/sites\/8\/2021\/11\/korntoerring-og-tilbagekondensering.pdf\" class=\"dlp-download-link \" data-download-id=\"4421\" target=\"_blank\" >Se dokument<\/a><\/div><\/td><td>dokumentation<\/td><\/tr><tr id=\"post-row-4402\" class=\"post-row post-type-dlp_document dlp_document-4402 publish\"><td>Innvirkning p\u00e5 radon<\/td><td><span data-slug=\"dokumentation\">Dokumentasjon<\/span><\/td><td><div class=\"dlp-table-document-link-wrap\"><a href=\"https:\/\/solarventi.dk\/no\/wp-content\/uploads\/sites\/8\/2021\/11\/indvirkning-paa-radon.pdf\" class=\"dlp-download-link \" data-download-id=\"4402\" target=\"_blank\" >Se dokument<\/a><\/div><\/td><td>dokumentation<\/td><\/tr><tr id=\"post-row-4543\" class=\"post-row post-type-dlp_document dlp_document-4543 publish\"><td>Hvordan SolarVenti supplerer varmepumpen<\/td><td><span data-slug=\"dokumentation\">Dokumentasjon<\/span><\/td><td><div class=\"dlp-table-document-link-wrap\"><a href=\"https:\/\/solarventi.dk\/no\/wp-content\/uploads\/sites\/8\/2021\/11\/Hvordan-SolarVenti-supplerer-varmepumpen.pdf\" class=\"dlp-download-link \" data-download-id=\"4543\" target=\"_blank\" >Se dokument<\/a><\/div><\/td><td>dokumentation<\/td><\/tr><tr id=\"post-row-4409\" class=\"post-row post-type-dlp_document dlp_document-4409 publish\"><td>ETV Verification Statement SV14<\/td><td><span data-slug=\"dokumentation\">Dokumentasjon<\/span><\/td><td><div class=\"dlp-table-document-link-wrap\"><a href=\"https:\/\/solarventi.dk\/no\/wp-content\/uploads\/sites\/8\/2021\/11\/verification-statement-en.pdf\" class=\"dlp-download-link \" data-download-id=\"4409\" target=\"_blank\" >Se dokument<\/a><\/div><\/td><td>dokumentation<\/td><\/tr><tr id=\"post-row-4423\" class=\"post-row post-type-dlp_document dlp_document-4423 publish\"><td>Etterligninger gir muggsopp<\/td><td><span data-slug=\"dokumentation\">Dokumentasjon<\/span><\/td><td><div class=\"dlp-table-document-link-wrap\"><a href=\"https:\/\/solarventi.dk\/no\/wp-content\/uploads\/sites\/8\/2021\/11\/efterligninger-giver-skimmelsvamp.pdf\" class=\"dlp-download-link \" data-download-id=\"4423\" target=\"_blank\" >Se dokument<\/a><\/div><\/td><td>dokumentation<\/td><\/tr><tr id=\"post-row-4383\" class=\"post-row post-type-dlp_document dlp_document-4383 publish\"><td>Ekolab &#8211; viktighet av luftflow<\/td><td><span data-slug=\"dokumentation\">Dokumentasjon<\/span><\/td><td><div class=\"dlp-table-document-link-wrap\"><a href=\"https:\/\/solarventi.dk\/no\/wp-content\/uploads\/sites\/8\/2021\/11\/ekolab-vigtighed_af_luftflow.pdf\" class=\"dlp-download-link \" data-download-id=\"4383\" target=\"_blank\" >Se dokument<\/a><\/div><\/td><td>dokumentation<\/td><\/tr><tr id=\"post-row-4384\" class=\"post-row post-type-dlp_document dlp_document-4384 publish\"><td>DTU &#8211; risiko ved lavt luftflow<\/td><td><span data-slug=\"dokumentation\">Dokumentasjon<\/span><\/td><td><div class=\"dlp-table-document-link-wrap\"><a href=\"https:\/\/solarventi.dk\/no\/wp-content\/uploads\/sites\/8\/2021\/11\/dtu-risiko_ved_lavt_luftflow.pdf\" class=\"dlp-download-link \" data-download-id=\"4384\" target=\"_blank\" >Se dokument<\/a><\/div><\/td><td>dokumentation<\/td><\/tr><tr id=\"post-row-4408\" class=\"post-row post-type-dlp_document dlp_document-4408 publish\"><td>Dancenter Sommerhusejere brosjyre<\/td><td><span data-slug=\"dokumentation\">Dokumentasjon<\/span><\/td><td><div class=\"dlp-table-document-link-wrap\"><a href=\"https:\/\/solarventi.dk\/no\/wp-content\/uploads\/sites\/8\/2021\/11\/brochure-dancenters-sommerhusejere.pdf\" class=\"dlp-download-link \" data-download-id=\"4408\" target=\"_blank\" >Se dokument<\/a><\/div><\/td><td>dokumentation<\/td><\/tr><tr id=\"post-row-4424\" class=\"post-row post-type-dlp_document dlp_document-4424 publish\"><td>Anbefalinger til energiforbedringer<\/td><td><span data-slug=\"dokumentation\">Dokumentasjon<\/span><\/td><td><div class=\"dlp-table-document-link-wrap\"><a href=\"https:\/\/solarventi.dk\/no\/wp-content\/uploads\/sites\/8\/2021\/11\/anbefalinger-til-energiforbedringer.pdf\" class=\"dlp-download-link \" data-download-id=\"4424\" target=\"_blank\" >Se dokument<\/a><\/div><\/td><td>dokumentation<\/td><\/tr><tr id=\"post-row-4425\" class=\"post-row post-type-dlp_document dlp_document-4425 publish\"><td>Agrotech &#8211; Uttalelse om risiko for kondensering<\/td><td><span data-slug=\"dokumentation\">Dokumentasjon<\/span><\/td><td><div class=\"dlp-table-document-link-wrap\"><a href=\"https:\/\/solarventi.dk\/no\/wp-content\/uploads\/sites\/8\/2021\/11\/agrotech-udtalelse-om-risiko-for-kondensering.pdf\" class=\"dlp-download-link \" data-download-id=\"4425\" target=\"_blank\" >Se dokument<\/a><\/div><\/td><td>dokumentation<\/td><\/tr><\/tbody><\/table>[\/vc_column_text][\/vc_column][\/vc_row]<\/p>\n<\/div>","protected":false},"excerpt":{"rendered":"<p>[vc_row padding_top_multiplier=&raquo;&raquo;][vc_column][vc_column_text] [\/vc_column_text][\/vc_column][\/vc_row]<\/p>\n","protected":false},"author":1,"featured_media":0,"parent":5194,"menu_order":0,"comment_status":"closed","ping_status":"closed","template":"","meta":{"footnotes":""},"class_list":["post-5218","page","type-page","status-publish","hentry","grve-entry-item"],"yoast_head":"<!-- This site is optimized with the Yoast SEO Premium plugin v25.1 (Yoast SEO v25.1) - https:\/\/yoast.com\/wordpress\/plugins\/seo\/ -->\n<title>Dokumentasjon| Bevis f\u00f8rte l\u00f8sninger av SolarVenti<\/title>\n<meta name=\"description\" content=\"Dokumentation er udarbejdet til hensigt om bevisf\u00f8relse af virkem\u00e5den med soldrevet ventilation | L\u00e6s tests og vores anerkendelser her\" \/>\n<meta name=\"robots\" content=\"index, follow, max-snippet:-1, max-image-preview:large, max-video-preview:-1\" \/>\n<link rel=\"canonical\" href=\"https:\/\/solarventi.dk\/no\/info\/dokumentasjon\/\" \/>\n<meta property=\"og:locale\" content=\"nb_NO\" \/>\n<meta property=\"og:type\" content=\"article\" \/>\n<meta property=\"og:title\" content=\"Dokumentasjon\" \/>\n<meta property=\"og:description\" content=\"Dokumentation er udarbejdet til hensigt om bevisf\u00f8relse af virkem\u00e5den med soldrevet ventilation | L\u00e6s tests og vores anerkendelser her\" \/>\n<meta property=\"og:url\" content=\"https:\/\/solarventi.dk\/no\/info\/dokumentasjon\/\" \/>\n<meta property=\"og:site_name\" content=\"SolarVenti NORGE\" \/>\n<meta property=\"article:modified_time\" content=\"2024-08-13T10:44:33+00:00\" \/>\n<meta name=\"twitter:card\" content=\"summary_large_image\" \/>\n<meta name=\"twitter:label1\" content=\"Ansl. lesetid\" \/>\n\t<meta name=\"twitter:data1\" content=\"1 minutt\" \/>\n<script type=\"application\/ld+json\" class=\"yoast-schema-graph\">{\"@context\":\"https:\/\/schema.org\",\"@graph\":[{\"@type\":\"WebPage\",\"@id\":\"https:\/\/solarventi.dk\/no\/info\/dokumentasjon\/\",\"url\":\"https:\/\/solarventi.dk\/no\/info\/dokumentasjon\/\",\"name\":\"Dokumentasjon| Bevis f\u00f8rte l\u00f8sninger av SolarVenti\",\"isPartOf\":{\"@id\":\"https:\/\/solarventi.dk\/no\/#website\"},\"datePublished\":\"2022-03-17T13:08:49+00:00\",\"dateModified\":\"2024-08-13T10:44:33+00:00\",\"description\":\"Dokumentation er udarbejdet til hensigt om bevisf\u00f8relse af virkem\u00e5den med soldrevet ventilation | L\u00e6s tests og vores anerkendelser her\",\"breadcrumb\":{\"@id\":\"https:\/\/solarventi.dk\/no\/info\/dokumentasjon\/#breadcrumb\"},\"inLanguage\":\"nb-NO\",\"potentialAction\":[{\"@type\":\"ReadAction\",\"target\":[\"https:\/\/solarventi.dk\/no\/info\/dokumentasjon\/\"]}]},{\"@type\":\"BreadcrumbList\",\"@id\":\"https:\/\/solarventi.dk\/no\/info\/dokumentasjon\/#breadcrumb\",\"itemListElement\":[{\"@type\":\"ListItem\",\"position\":1,\"name\":\"Forside\",\"item\":\"https:\/\/solarventi.dk\/no\/\"},{\"@type\":\"ListItem\",\"position\":2,\"name\":\"Info\",\"item\":\"https:\/\/solarventi.dk\/no\/info\/\"},{\"@type\":\"ListItem\",\"position\":3,\"name\":\"Dokumentasjon\"}]},{\"@type\":\"WebSite\",\"@id\":\"https:\/\/solarventi.dk\/no\/#website\",\"url\":\"https:\/\/solarventi.dk\/no\/\",\"name\":\"SolarVenti NORGE\",\"description\":\"Salg av SolarVenti\",\"potentialAction\":[{\"@type\":\"SearchAction\",\"target\":{\"@type\":\"EntryPoint\",\"urlTemplate\":\"https:\/\/solarventi.dk\/no\/?s={search_term_string}\"},\"query-input\":{\"@type\":\"PropertyValueSpecification\",\"valueRequired\":true,\"valueName\":\"search_term_string\"}}],\"inLanguage\":\"nb-NO\"}]}<\/script>\n<!-- \/ Yoast SEO Premium plugin. -->","yoast_head_json":{"title":"Dokumentasjon| Bevis f\u00f8rte l\u00f8sninger av SolarVenti","description":"Dokumentation er udarbejdet til hensigt om bevisf\u00f8relse af virkem\u00e5den med soldrevet ventilation | L\u00e6s tests og vores anerkendelser her","robots":{"index":"index","follow":"follow","max-snippet":"max-snippet:-1","max-image-preview":"max-image-preview:large","max-video-preview":"max-video-preview:-1"},"canonical":"https:\/\/solarventi.dk\/no\/info\/dokumentasjon\/","og_locale":"nb_NO","og_type":"article","og_title":"Dokumentasjon","og_description":"Dokumentation er udarbejdet til hensigt om bevisf\u00f8relse af virkem\u00e5den med soldrevet ventilation | L\u00e6s tests og vores anerkendelser her","og_url":"https:\/\/solarventi.dk\/no\/info\/dokumentasjon\/","og_site_name":"SolarVenti NORGE","article_modified_time":"2024-08-13T10:44:33+00:00","twitter_card":"summary_large_image","twitter_misc":{"Ansl. lesetid":"1 minutt"},"schema":{"@context":"https:\/\/schema.org","@graph":[{"@type":"WebPage","@id":"https:\/\/solarventi.dk\/no\/info\/dokumentasjon\/","url":"https:\/\/solarventi.dk\/no\/info\/dokumentasjon\/","name":"Dokumentasjon| Bevis f\u00f8rte l\u00f8sninger av SolarVenti","isPartOf":{"@id":"https:\/\/solarventi.dk\/no\/#website"},"datePublished":"2022-03-17T13:08:49+00:00","dateModified":"2024-08-13T10:44:33+00:00","description":"Dokumentation er udarbejdet til hensigt om bevisf\u00f8relse af virkem\u00e5den med soldrevet ventilation | L\u00e6s tests og vores anerkendelser her","breadcrumb":{"@id":"https:\/\/solarventi.dk\/no\/info\/dokumentasjon\/#breadcrumb"},"inLanguage":"nb-NO","potentialAction":[{"@type":"ReadAction","target":["https:\/\/solarventi.dk\/no\/info\/dokumentasjon\/"]}]},{"@type":"BreadcrumbList","@id":"https:\/\/solarventi.dk\/no\/info\/dokumentasjon\/#breadcrumb","itemListElement":[{"@type":"ListItem","position":1,"name":"Forside","item":"https:\/\/solarventi.dk\/no\/"},{"@type":"ListItem","position":2,"name":"Info","item":"https:\/\/solarventi.dk\/no\/info\/"},{"@type":"ListItem","position":3,"name":"Dokumentasjon"}]},{"@type":"WebSite","@id":"https:\/\/solarventi.dk\/no\/#website","url":"https:\/\/solarventi.dk\/no\/","name":"SolarVenti NORGE","description":"Salg av SolarVenti","potentialAction":[{"@type":"SearchAction","target":{"@type":"EntryPoint","urlTemplate":"https:\/\/solarventi.dk\/no\/?s={search_term_string}"},"query-input":{"@type":"PropertyValueSpecification","valueRequired":true,"valueName":"search_term_string"}}],"inLanguage":"nb-NO"}]}},"_links":{"self":[{"href":"https:\/\/solarventi.dk\/no\/wp-json\/wp\/v2\/pages\/5218","targetHints":{"allow":["GET"]}}],"collection":[{"href":"https:\/\/solarventi.dk\/no\/wp-json\/wp\/v2\/pages"}],"about":[{"href":"https:\/\/solarventi.dk\/no\/wp-json\/wp\/v2\/types\/page"}],"author":[{"embeddable":true,"href":"https:\/\/solarventi.dk\/no\/wp-json\/wp\/v2\/users\/1"}],"replies":[{"embeddable":true,"href":"https:\/\/solarventi.dk\/no\/wp-json\/wp\/v2\/comments?post=5218"}],"version-history":[{"count":0,"href":"https:\/\/solarventi.dk\/no\/wp-json\/wp\/v2\/pages\/5218\/revisions"}],"up":[{"embeddable":true,"href":"https:\/\/solarventi.dk\/no\/wp-json\/wp\/v2\/pages\/5194"}],"wp:attachment":[{"href":"https:\/\/solarventi.dk\/no\/wp-json\/wp\/v2\/media?parent=5218"}],"curies":[{"name":"wp","href":"https:\/\/api.w.org\/{rel}","templated":true}]}}