{"id":5216,"date":"2022-03-17T14:08:20","date_gmt":"2022-03-17T13:08:20","guid":{"rendered":"https:\/\/solarventi.dk\/no\/?page_id=5216"},"modified":"2024-08-13T16:15:28","modified_gmt":"2024-08-13T14:15:28","slug":"referanser","status":"publish","type":"page","link":"https:\/\/solarventi.dk\/no\/info\/referanser\/","title":{"rendered":"Referanser"},"content":{"rendered":"<div class=\"wpb-content-wrapper\"><p>[vc_row padding_top_multiplier=&raquo;&raquo;][vc_column][vc_column_text]<table id=\"dlp_12f7b383cf8baf0f_1\" class=\"posts-data-table\" width=\"100%\" data-config=\"{&quot;pageLength&quot;:15,&quot;pagingType&quot;:&quot;numbers&quot;,&quot;serverSide&quot;:false,&quot;autoWidth&quot;:true,&quot;clickFilter&quot;:true,&quot;scrollOffset&quot;:15,&quot;resetButton&quot;:false,&quot;lengthMenu&quot;:[[10,15,25,50,100,-1],[10,15,25,50,100,&quot;All&quot;]],&quot;columnDefs&quot;:[{&quot;className&quot;:&quot;col-title&quot;,&quot;targets&quot;:0},{&quot;className&quot;:&quot;col-doc_categories&quot;,&quot;targets&quot;:1},{&quot;className&quot;:&quot;col-link&quot;,&quot;targets&quot;:2}],&quot;responsive&quot;:{&quot;details&quot;:{&quot;display&quot;:&quot;child_row&quot;}},&quot;language&quot;:{&quot;info&quot;:&quot;_TOTAL_ documents&quot;,&quot;infoEmpty&quot;:&quot;0 documents&quot;,&quot;emptyTable&quot;:&quot;No matching documents.&quot;,&quot;zeroRecords&quot;:&quot;No matching documents.&quot;,&quot;totalsSingle&quot;:&quot;document&quot;,&quot;totalsPlural&quot;:&quot;documents&quot;},&quot;dom&quot;:&quot;&lt;\\&quot;posts-table-wrapper impeka\\&quot;&lt;\\&quot;posts-table-above posts-table-controls\\&quot;f&gt;t&lt;\\&quot;posts-table-below posts-table-controls\\&quot;lip&gt;&gt;&quot;,&quot;multiDownloadButton&quot;:false,&quot;multiDownloadPosition&quot;:&quot;above&quot;,&quot;multiDownloadText&quot;:&quot;Download Dokumenter&quot;}\" data-filters=\"{&quot;doc_categories&quot;:{&quot;taxonomy&quot;:&quot;doc_categories&quot;,&quot;heading&quot;:&quot;Category&quot;,&quot;terms&quot;:[{&quot;name&quot;:&quot;Andre produkter&quot;,&quot;slug&quot;:&quot;andre-produkter&quot;},{&quot;name&quot;:&quot;Brosjyrer&quot;,&quot;slug&quot;:&quot;brochurer-og-prisliste&quot;},{&quot;name&quot;:&quot;Brukermanualer&quot;,&quot;slug&quot;:&quot;brugervejledninger&quot;},{&quot;name&quot;:&quot;Datablade&quot;,&quot;slug&quot;:&quot;datablade&quot;},{&quot;name&quot;:&quot;Dokumentasjon&quot;,&quot;slug&quot;:&quot;dokumentation&quot;},{&quot;name&quot;:&quot;Monteringsanvisning&quot;,&quot;slug&quot;:&quot;montagevejledninger&quot;},{&quot;name&quot;:&quot;Referanser&quot;,&quot;slug&quot;:&quot;referencer&quot;},{&quot;name&quot;:&quot;Tests&quot;,&quot;slug&quot;:&quot;tests&quot;}],&quot;searchColumn&quot;:&quot;hf_doc_categories&quot;}}\" data-order='[[0, \"desc\"]]'><thead><tr><th class=\"all\" data-name=\"title\" data-orderable=\"true\" data-searchable=\"true\" data-priority=\"1\">Titel<\/th><th data-name=\"doc_categories\" data-orderable=\"true\" data-searchable=\"true\" data-priority=\"6\">Kategorier<\/th><th data-name=\"link\" data-orderable=\"false\" data-searchable=\"false\" data-priority=\"10\">Link<\/th><th data-name=\"hf_doc_categories\" data-tax=\"doc_categories\" data-searchable=\"true\" data-visible=\"false\">hf:doc_categories<\/th><\/tr><\/thead><tbody><tr id=\"post-row-4397\" class=\"post-row post-type-dlp_document dlp_document-4397 publish\"><td>T\u00f8rr luft med SolarVenti<\/td><td><span data-slug=\"referencer\">Referanser<\/span><\/td><td><div class=\"dlp-table-document-link-wrap\"><a href=\"https:\/\/solarventi.dk\/no\/wp-content\/uploads\/sites\/8\/2021\/11\/toer-luft-med-solarventi.pdf\" class=\"dlp-download-link \" data-download-id=\"4397\" target=\"_blank\" >Se dokument<\/a><\/div><\/td><td>referencer<\/td><\/tr><tr id=\"post-row-4377\" class=\"post-row post-type-dlp_document dlp_document-4377 publish\"><td>SolarVenti Kunde uttalelser<\/td><td><span data-slug=\"referencer\">Referanser<\/span><\/td><td><div class=\"dlp-table-document-link-wrap\"><a href=\"https:\/\/solarventi.dk\/no\/wp-content\/uploads\/sites\/8\/2021\/11\/solarventi-kundeudtalelser-01.pdf\" class=\"dlp-download-link \" data-download-id=\"4377\" target=\"_blank\" >Se dokument<\/a><\/div><\/td><td>referencer<\/td><\/tr><tr id=\"post-row-4379\" class=\"post-row post-type-dlp_document dlp_document-4379 publish\"><td>Randers Bolig forening &#8211; referanse<\/td><td><span data-slug=\"referencer\">Referanser<\/span><\/td><td><div class=\"dlp-table-document-link-wrap\"><a href=\"https:\/\/solarventi.dk\/no\/wp-content\/uploads\/sites\/8\/2021\/11\/reference-randers_boligforening.pdf\" class=\"dlp-download-link \" data-download-id=\"4379\" target=\"_blank\" >Se dokument<\/a><\/div><\/td><td>referencer<\/td><\/tr><tr id=\"post-row-4401\" class=\"post-row post-type-dlp_document dlp_document-4401 publish\"><td>Ny metode mod radon<\/td><td><span data-slug=\"referencer\">Referanser<\/span><\/td><td><div class=\"dlp-table-document-link-wrap\"><a href=\"https:\/\/solarventi.dk\/no\/wp-content\/uploads\/sites\/8\/2021\/11\/ny-metode-mod-radon.pdf\" class=\"dlp-download-link \" data-download-id=\"4401\" target=\"_blank\" >Se dokument<\/a><\/div><\/td><td>referencer<\/td><\/tr><tr id=\"post-row-4380\" class=\"post-row post-type-dlp_document dlp_document-4380 publish\"><td>M\u00f8llev\u00e6nget og Storg\u00e5rden &#8211; referanse<\/td><td><span data-slug=\"referencer\">Referanser<\/span><\/td><td><div class=\"dlp-table-document-link-wrap\"><a href=\"https:\/\/solarventi.dk\/no\/wp-content\/uploads\/sites\/8\/2021\/11\/reference-moellevaenget_og_storgaarden.pdf\" class=\"dlp-download-link \" data-download-id=\"4380\" target=\"_blank\" >Se dokument<\/a><\/div><\/td><td>referencer<\/td><\/tr><tr id=\"post-row-4381\" class=\"post-row post-type-dlp_document dlp_document-4381 publish\"><td>Gr\u00f8nland Telemuseum &#8211; referanse<\/td><td><span data-slug=\"referencer\">Referanser<\/span><\/td><td><div class=\"dlp-table-document-link-wrap\"><a href=\"https:\/\/solarventi.dk\/no\/wp-content\/uploads\/sites\/8\/2021\/11\/reference-groenland-telemuseum.pdf\" class=\"dlp-download-link \" data-download-id=\"4381\" target=\"_blank\" >Se dokument<\/a><\/div><\/td><td>referencer<\/td><\/tr><tr id=\"post-row-4382\" class=\"post-row post-type-dlp_document dlp_document-4382 publish\"><td>Bruk av pool anlegg &#8211; referanse<\/td><td><span data-slug=\"referencer\">Referanser<\/span><\/td><td><div class=\"dlp-table-document-link-wrap\"><a href=\"https:\/\/solarventi.dk\/no\/wp-content\/uploads\/sites\/8\/2021\/11\/reference-brug_af_poolanlaeg.pdf\" class=\"dlp-download-link \" data-download-id=\"4382\" target=\"_blank\" >Se dokument<\/a><\/div><\/td><td>referencer<\/td><\/tr><tr id=\"post-row-4403\" class=\"post-row post-type-dlp_document dlp_document-4403 publish\"><td>6 gode r\u00e5d mod fukt<\/td><td><span data-slug=\"referencer\">Referanser<\/span><\/td><td><div class=\"dlp-table-document-link-wrap\"><a href=\"https:\/\/solarventi.dk\/no\/wp-content\/uploads\/sites\/8\/2021\/11\/6-gode-raad-mod-fugt.pdf\" class=\"dlp-download-link \" data-download-id=\"4403\" target=\"_blank\" >Se dokument<\/a><\/div><\/td><td>referencer<\/td><\/tr><\/tbody><\/table>[\/vc_column_text][\/vc_column][\/vc_row]<\/p>\n<\/div>","protected":false},"excerpt":{"rendered":"<p>[vc_row padding_top_multiplier=&raquo;&raquo;][vc_column][vc_column_text][\/vc_column_text][\/vc_column][\/vc_row]<\/p>\n","protected":false},"author":1,"featured_media":0,"parent":5194,"menu_order":0,"comment_status":"closed","ping_status":"closed","template":"","meta":{"footnotes":""},"class_list":["post-5216","page","type-page","status-publish","hentry","grve-entry-item"],"yoast_head":"<!-- This site is optimized with the Yoast SEO Premium plugin v25.1 (Yoast SEO v25.1) - https:\/\/yoast.com\/wordpress\/plugins\/seo\/ -->\n<title>Referanser | Se flere dybde g\u00e5ende anmeldelser av SolarVenti<\/title>\n<meta name=\"description\" content=\"SolarVenti har mange referencer fra hele verden | L\u00e6s kundeudtalelser, gode r\u00e5d mod fugt eller metoder mod radon | SolarVenti&#039;s anerkendelser\" \/>\n<meta name=\"robots\" content=\"index, follow, max-snippet:-1, max-image-preview:large, max-video-preview:-1\" \/>\n<link rel=\"canonical\" href=\"https:\/\/solarventi.dk\/no\/info\/referanser\/\" \/>\n<meta property=\"og:locale\" content=\"nb_NO\" \/>\n<meta property=\"og:type\" content=\"article\" \/>\n<meta property=\"og:title\" content=\"Referanser\" \/>\n<meta property=\"og:description\" content=\"SolarVenti har mange referencer fra hele verden | L\u00e6s kundeudtalelser, gode r\u00e5d mod fugt eller metoder mod radon | SolarVenti&#039;s anerkendelser\" \/>\n<meta property=\"og:url\" content=\"https:\/\/solarventi.dk\/no\/info\/referanser\/\" \/>\n<meta property=\"og:site_name\" content=\"SolarVenti NORGE\" \/>\n<meta property=\"article:modified_time\" content=\"2024-08-13T14:15:28+00:00\" \/>\n<meta name=\"twitter:card\" content=\"summary_large_image\" \/>\n<meta name=\"twitter:label1\" content=\"Ansl. lesetid\" \/>\n\t<meta name=\"twitter:data1\" content=\"1 minutt\" \/>\n<script type=\"application\/ld+json\" class=\"yoast-schema-graph\">{\"@context\":\"https:\/\/schema.org\",\"@graph\":[{\"@type\":\"WebPage\",\"@id\":\"https:\/\/solarventi.dk\/no\/info\/referanser\/\",\"url\":\"https:\/\/solarventi.dk\/no\/info\/referanser\/\",\"name\":\"Referanser | Se flere dybde g\u00e5ende anmeldelser av SolarVenti\",\"isPartOf\":{\"@id\":\"https:\/\/solarventi.dk\/no\/#website\"},\"datePublished\":\"2022-03-17T13:08:20+00:00\",\"dateModified\":\"2024-08-13T14:15:28+00:00\",\"description\":\"SolarVenti har mange referencer fra hele verden | L\u00e6s kundeudtalelser, gode r\u00e5d mod fugt eller metoder mod radon | SolarVenti's anerkendelser\",\"breadcrumb\":{\"@id\":\"https:\/\/solarventi.dk\/no\/info\/referanser\/#breadcrumb\"},\"inLanguage\":\"nb-NO\",\"potentialAction\":[{\"@type\":\"ReadAction\",\"target\":[\"https:\/\/solarventi.dk\/no\/info\/referanser\/\"]}]},{\"@type\":\"BreadcrumbList\",\"@id\":\"https:\/\/solarventi.dk\/no\/info\/referanser\/#breadcrumb\",\"itemListElement\":[{\"@type\":\"ListItem\",\"position\":1,\"name\":\"Forside\",\"item\":\"https:\/\/solarventi.dk\/no\/\"},{\"@type\":\"ListItem\",\"position\":2,\"name\":\"Info\",\"item\":\"https:\/\/solarventi.dk\/no\/info\/\"},{\"@type\":\"ListItem\",\"position\":3,\"name\":\"Referanser\"}]},{\"@type\":\"WebSite\",\"@id\":\"https:\/\/solarventi.dk\/no\/#website\",\"url\":\"https:\/\/solarventi.dk\/no\/\",\"name\":\"SolarVenti NORGE\",\"description\":\"Salg av SolarVenti\",\"potentialAction\":[{\"@type\":\"SearchAction\",\"target\":{\"@type\":\"EntryPoint\",\"urlTemplate\":\"https:\/\/solarventi.dk\/no\/?s={search_term_string}\"},\"query-input\":{\"@type\":\"PropertyValueSpecification\",\"valueRequired\":true,\"valueName\":\"search_term_string\"}}],\"inLanguage\":\"nb-NO\"}]}<\/script>\n<!-- \/ Yoast SEO Premium plugin. -->","yoast_head_json":{"title":"Referanser | Se flere dybde g\u00e5ende anmeldelser av SolarVenti","description":"SolarVenti har mange referencer fra hele verden | L\u00e6s kundeudtalelser, gode r\u00e5d mod fugt eller metoder mod radon | SolarVenti's anerkendelser","robots":{"index":"index","follow":"follow","max-snippet":"max-snippet:-1","max-image-preview":"max-image-preview:large","max-video-preview":"max-video-preview:-1"},"canonical":"https:\/\/solarventi.dk\/no\/info\/referanser\/","og_locale":"nb_NO","og_type":"article","og_title":"Referanser","og_description":"SolarVenti har mange referencer fra hele verden | L\u00e6s kundeudtalelser, gode r\u00e5d mod fugt eller metoder mod radon | SolarVenti's anerkendelser","og_url":"https:\/\/solarventi.dk\/no\/info\/referanser\/","og_site_name":"SolarVenti NORGE","article_modified_time":"2024-08-13T14:15:28+00:00","twitter_card":"summary_large_image","twitter_misc":{"Ansl. lesetid":"1 minutt"},"schema":{"@context":"https:\/\/schema.org","@graph":[{"@type":"WebPage","@id":"https:\/\/solarventi.dk\/no\/info\/referanser\/","url":"https:\/\/solarventi.dk\/no\/info\/referanser\/","name":"Referanser | Se flere dybde g\u00e5ende anmeldelser av SolarVenti","isPartOf":{"@id":"https:\/\/solarventi.dk\/no\/#website"},"datePublished":"2022-03-17T13:08:20+00:00","dateModified":"2024-08-13T14:15:28+00:00","description":"SolarVenti har mange referencer fra hele verden | L\u00e6s kundeudtalelser, gode r\u00e5d mod fugt eller metoder mod radon | SolarVenti's anerkendelser","breadcrumb":{"@id":"https:\/\/solarventi.dk\/no\/info\/referanser\/#breadcrumb"},"inLanguage":"nb-NO","potentialAction":[{"@type":"ReadAction","target":["https:\/\/solarventi.dk\/no\/info\/referanser\/"]}]},{"@type":"BreadcrumbList","@id":"https:\/\/solarventi.dk\/no\/info\/referanser\/#breadcrumb","itemListElement":[{"@type":"ListItem","position":1,"name":"Forside","item":"https:\/\/solarventi.dk\/no\/"},{"@type":"ListItem","position":2,"name":"Info","item":"https:\/\/solarventi.dk\/no\/info\/"},{"@type":"ListItem","position":3,"name":"Referanser"}]},{"@type":"WebSite","@id":"https:\/\/solarventi.dk\/no\/#website","url":"https:\/\/solarventi.dk\/no\/","name":"SolarVenti NORGE","description":"Salg av SolarVenti","potentialAction":[{"@type":"SearchAction","target":{"@type":"EntryPoint","urlTemplate":"https:\/\/solarventi.dk\/no\/?s={search_term_string}"},"query-input":{"@type":"PropertyValueSpecification","valueRequired":true,"valueName":"search_term_string"}}],"inLanguage":"nb-NO"}]}},"_links":{"self":[{"href":"https:\/\/solarventi.dk\/no\/wp-json\/wp\/v2\/pages\/5216","targetHints":{"allow":["GET"]}}],"collection":[{"href":"https:\/\/solarventi.dk\/no\/wp-json\/wp\/v2\/pages"}],"about":[{"href":"https:\/\/solarventi.dk\/no\/wp-json\/wp\/v2\/types\/page"}],"author":[{"embeddable":true,"href":"https:\/\/solarventi.dk\/no\/wp-json\/wp\/v2\/users\/1"}],"replies":[{"embeddable":true,"href":"https:\/\/solarventi.dk\/no\/wp-json\/wp\/v2\/comments?post=5216"}],"version-history":[{"count":0,"href":"https:\/\/solarventi.dk\/no\/wp-json\/wp\/v2\/pages\/5216\/revisions"}],"up":[{"embeddable":true,"href":"https:\/\/solarventi.dk\/no\/wp-json\/wp\/v2\/pages\/5194"}],"wp:attachment":[{"href":"https:\/\/solarventi.dk\/no\/wp-json\/wp\/v2\/media?parent=5216"}],"curies":[{"name":"wp","href":"https:\/\/api.w.org\/{rel}","templated":true}]}}