{"id":5212,"date":"2022-03-17T14:06:26","date_gmt":"2022-03-17T13:06:26","guid":{"rendered":"https:\/\/solarventi.dk\/no\/?page_id=5212"},"modified":"2024-08-13T12:21:08","modified_gmt":"2024-08-13T10:21:08","slug":"monteringsanvisning","status":"publish","type":"page","link":"https:\/\/solarventi.dk\/no\/info\/monteringsanvisning\/","title":{"rendered":"Monteringsanvisning"},"content":{"rendered":"<div class=\"wpb-content-wrapper\"><p>[vc_row padding_top_multiplier=&raquo;&raquo;][vc_column][vc_column_text]<table id=\"dlp_9e45e62e62593f09_1\" class=\"posts-data-table\" width=\"100%\" data-config=\"{&quot;pageLength&quot;:15,&quot;pagingType&quot;:&quot;numbers&quot;,&quot;serverSide&quot;:false,&quot;autoWidth&quot;:true,&quot;clickFilter&quot;:true,&quot;scrollOffset&quot;:15,&quot;resetButton&quot;:false,&quot;lengthMenu&quot;:[[10,15,25,50,100,-1],[10,15,25,50,100,&quot;All&quot;]],&quot;columnDefs&quot;:[{&quot;className&quot;:&quot;col-title&quot;,&quot;targets&quot;:0},{&quot;className&quot;:&quot;col-doc_categories&quot;,&quot;targets&quot;:1},{&quot;className&quot;:&quot;col-link&quot;,&quot;targets&quot;:2}],&quot;responsive&quot;:{&quot;details&quot;:{&quot;display&quot;:&quot;child_row&quot;}},&quot;language&quot;:{&quot;info&quot;:&quot;_TOTAL_ documents&quot;,&quot;infoEmpty&quot;:&quot;0 documents&quot;,&quot;emptyTable&quot;:&quot;No matching documents.&quot;,&quot;zeroRecords&quot;:&quot;No matching documents.&quot;,&quot;totalsSingle&quot;:&quot;document&quot;,&quot;totalsPlural&quot;:&quot;documents&quot;},&quot;dom&quot;:&quot;&lt;\\&quot;posts-table-wrapper impeka\\&quot;&lt;\\&quot;posts-table-above posts-table-controls\\&quot;f&gt;t&lt;\\&quot;posts-table-below posts-table-controls\\&quot;lip&gt;&gt;&quot;,&quot;multiDownloadButton&quot;:false,&quot;multiDownloadPosition&quot;:&quot;above&quot;,&quot;multiDownloadText&quot;:&quot;Download Dokumenter&quot;}\" data-filters=\"{&quot;doc_categories&quot;:{&quot;taxonomy&quot;:&quot;doc_categories&quot;,&quot;heading&quot;:&quot;Category&quot;,&quot;terms&quot;:[{&quot;name&quot;:&quot;Andre produkter&quot;,&quot;slug&quot;:&quot;andre-produkter&quot;},{&quot;name&quot;:&quot;Brosjyrer&quot;,&quot;slug&quot;:&quot;brochurer-og-prisliste&quot;},{&quot;name&quot;:&quot;Brukermanualer&quot;,&quot;slug&quot;:&quot;brugervejledninger&quot;},{&quot;name&quot;:&quot;Datablade&quot;,&quot;slug&quot;:&quot;datablade&quot;},{&quot;name&quot;:&quot;Dokumentasjon&quot;,&quot;slug&quot;:&quot;dokumentation&quot;},{&quot;name&quot;:&quot;Monteringsanvisning&quot;,&quot;slug&quot;:&quot;montagevejledninger&quot;},{&quot;name&quot;:&quot;Referanser&quot;,&quot;slug&quot;:&quot;referencer&quot;},{&quot;name&quot;:&quot;Tests&quot;,&quot;slug&quot;:&quot;tests&quot;}],&quot;searchColumn&quot;:&quot;hf_doc_categories&quot;}}\" data-order='[[0, \"desc\"]]'><thead><tr><th class=\"all\" data-name=\"title\" data-orderable=\"true\" data-searchable=\"true\" data-priority=\"1\">Titel<\/th><th data-name=\"doc_categories\" data-orderable=\"true\" data-searchable=\"true\" data-priority=\"6\">Kategorier<\/th><th data-name=\"link\" data-orderable=\"false\" data-searchable=\"false\" data-priority=\"10\">Link<\/th><th data-name=\"hf_doc_categories\" data-tax=\"doc_categories\" data-searchable=\"true\" data-visible=\"false\">hf:doc_categories<\/th><\/tr><\/thead><tbody><tr id=\"post-row-4373\" class=\"post-row post-type-dlp_document dlp_document-4373 publish\"><td>Vinkel monterings sett Installasjon<\/td><td><span data-slug=\"montagevejledninger\">Monteringsanvisning<\/span><\/td><td><div class=\"dlp-table-document-link-wrap\"><a href=\"https:\/\/solarventi.dk\/no\/wp-content\/uploads\/sites\/8\/2021\/11\/angle_wall-installation-manual.pdf\" class=\"dlp-download-link \" data-download-id=\"4373\" target=\"_blank\" >Se dokument<\/a><\/div><\/td><td>montagevejledninger<\/td><\/tr><tr id=\"post-row-4366\" class=\"post-row post-type-dlp_document dlp_document-4366 publish\"><td>Ventilasjon sett Installasjon<\/td><td><span data-slug=\"montagevejledninger\">Monteringsanvisning<\/span><\/td><td><div class=\"dlp-table-document-link-wrap\"><a href=\"https:\/\/solarventi.dk\/no\/wp-content\/uploads\/sites\/8\/2021\/11\/ventilation_kit-installation-manual.pdf\" class=\"dlp-download-link \" data-download-id=\"4366\" target=\"_blank\" >Se dokument<\/a><\/div><\/td><td>montagevejledninger<\/td><\/tr><tr id=\"post-row-4297\" class=\"post-row post-type-dlp_document dlp_document-4297 publish\"><td>Veggmontering manual til garasje<\/td><td><span data-slug=\"montagevejledninger\">Monteringsanvisning<\/span><\/td><td><div class=\"dlp-table-document-link-wrap\"><a href=\"https:\/\/solarventi.dk\/no\/wp-content\/uploads\/sites\/8\/2021\/11\/wall-installation-manual-garage.pdf\" class=\"dlp-download-link \" data-download-id=\"4297\" target=\"_blank\" >Se dokument<\/a><\/div><\/td><td>montagevejledninger<\/td><\/tr><tr id=\"post-row-4296\" class=\"post-row post-type-dlp_document dlp_document-4296 publish\"><td>Veggmontering manual<\/td><td><span data-slug=\"montagevejledninger\">Monteringsanvisning<\/span><\/td><td><div class=\"dlp-table-document-link-wrap\"><a href=\"https:\/\/solarventi.dk\/no\/wp-content\/uploads\/sites\/8\/2023\/05\/SV-Standard_Wall-2021.pdf\" class=\"dlp-download-link \" data-download-id=\"4296\" target=\"_blank\" >Se dokument<\/a><\/div><\/td><td>montagevejledninger<\/td><\/tr><tr id=\"post-row-5928\" class=\"post-row post-type-dlp_document dlp_document-5928 publish\"><td>Veggmontering bildeserie<\/td><td><span data-slug=\"montagevejledninger\">Monteringsanvisning<\/span><\/td><td><div class=\"dlp-table-document-link-wrap\"><a href=\"https:\/\/solarventi.dk\/no\/wp-content\/uploads\/sites\/8\/2022\/06\/Vaegmontering-billedserie-komprimeret.pdf\" class=\"dlp-download-link \" data-download-id=\"5928\" target=\"_blank\" >Se dokument<\/a><\/div><\/td><td>montagevejledninger<\/td><\/tr><tr id=\"post-row-4367\" class=\"post-row post-type-dlp_document dlp_document-4367 publish\"><td>Utskiftning av solcelle og ventilator<\/td><td><span data-slug=\"montagevejledninger\">Monteringsanvisning<\/span><\/td><td><div class=\"dlp-table-document-link-wrap\"><a href=\"https:\/\/solarventi.dk\/no\/wp-content\/uploads\/sites\/8\/2021\/11\/udskiftning-af-solcelle.pdf\" class=\"dlp-download-link \" data-download-id=\"4367\" target=\"_blank\" >Se dokument<\/a><\/div><\/td><td>montagevejledninger<\/td><\/tr><tr id=\"post-row-4368\" class=\"post-row post-type-dlp_document dlp_document-4368 publish\"><td>Takmontering manual<\/td><td><span data-slug=\"montagevejledninger\">Monteringsanvisning<\/span><\/td><td><div class=\"dlp-table-document-link-wrap\"><a href=\"https:\/\/solarventi.dk\/no\/wp-content\/uploads\/sites\/8\/2021\/11\/roof-installation-manual.pdf\" class=\"dlp-download-link \" data-download-id=\"4368\" target=\"_blank\" >Se dokument<\/a><\/div><\/td><td>montagevejledninger<\/td><\/tr><tr id=\"post-row-4389\" class=\"post-row post-type-dlp_document dlp_document-4389 publish\"><td>SolarVenti Pool &#8211; Monteringsanvisning<\/td><td><span data-slug=\"andre-produkter\">Andre produkter<\/span>, <span data-slug=\"montagevejledninger\">Monteringsanvisning<\/span><\/td><td><div class=\"dlp-table-document-link-wrap\"><a href=\"https:\/\/solarventi.dk\/no\/wp-content\/uploads\/sites\/8\/2021\/11\/solarventi-pool_monteringsvejledning-dk.pdf\" class=\"dlp-download-link \" data-download-id=\"4389\" target=\"_blank\" >Se dokument<\/a><\/div><\/td><td>andre-produkter montagevejledninger<\/td><\/tr><tr id=\"post-row-4391\" class=\"post-row post-type-dlp_document dlp_document-4391 publish\"><td>SolarVenti Industri monteringsanvisning<\/td><td><span data-slug=\"montagevejledninger\">Monteringsanvisning<\/span><\/td><td><div class=\"dlp-table-document-link-wrap\"><a href=\"https:\/\/solarventi.dk\/no\/wp-content\/uploads\/sites\/8\/2021\/11\/solarventi-industri-dk.pdf\" class=\"dlp-download-link \" data-download-id=\"4391\" target=\"_blank\" >Se dokument<\/a><\/div><\/td><td>montagevejledninger<\/td><\/tr><tr id=\"post-row-4362\" class=\"post-row post-type-dlp_document dlp_document-4362 publish\"><td>SControl &#8211; Komplett veiledning<\/td><td><span data-slug=\"brugervejledninger\">Brukermanualer<\/span>, <span data-slug=\"montagevejledninger\">Monteringsanvisning<\/span><\/td><td><div class=\"dlp-table-document-link-wrap\"><a href=\"https:\/\/solarventi.dk\/no\/wp-content\/uploads\/sites\/8\/2021\/11\/scontrol-komplet_vejledning-dk.pdf\" class=\"dlp-download-link \" data-download-id=\"4362\" target=\"_blank\" >Se dokument<\/a><\/div><\/td><td>brugervejledninger montagevejledninger<\/td><\/tr><tr id=\"post-row-4365\" class=\"post-row post-type-dlp_document dlp_document-4365 publish\"><td>Regulator &#8211; Komplett veiledning<\/td><td><span data-slug=\"brugervejledninger\">Brukermanualer<\/span>, <span data-slug=\"montagevejledninger\">Monteringsanvisning<\/span><\/td><td><div class=\"dlp-table-document-link-wrap\"><a href=\"https:\/\/solarventi.dk\/no\/wp-content\/uploads\/sites\/8\/2021\/11\/regulator-komplet_vejledning-dk.pdf\" class=\"dlp-download-link \" data-download-id=\"4365\" target=\"_blank\" >Se dokument<\/a><\/div><\/td><td>brugervejledninger montagevejledninger<\/td><\/tr><tr id=\"post-row-4400\" class=\"post-row post-type-dlp_document dlp_document-4400 publish\"><td>Plassering av SolarVenti<\/td><td><span data-slug=\"montagevejledninger\">Monteringsanvisning<\/span><\/td><td><div class=\"dlp-table-document-link-wrap\"><a href=\"https:\/\/solarventi.dk\/no\/wp-content\/uploads\/sites\/8\/2021\/11\/placering-af-solarventi.pdf\" class=\"dlp-download-link \" data-download-id=\"4400\" target=\"_blank\" >Se dokument<\/a><\/div><\/td><td>montagevejledninger<\/td><\/tr><tr id=\"post-row-4372\" class=\"post-row post-type-dlp_document dlp_document-4372 publish\"><td>Kjeller utvidelses sett Installasjon<\/td><td><span data-slug=\"montagevejledninger\">Monteringsanvisning<\/span><\/td><td><div class=\"dlp-table-document-link-wrap\"><a href=\"https:\/\/solarventi.dk\/no\/wp-content\/uploads\/sites\/8\/2021\/11\/basement_expansion_kit-installation-manual.pdf\" class=\"dlp-download-link \" data-download-id=\"4372\" target=\"_blank\" >Se dokument<\/a><\/div><\/td><td>montagevejledninger<\/td><\/tr><tr id=\"post-row-4371\" class=\"post-row post-type-dlp_document dlp_document-4371 publish\"><td>Installasjons manual til kjeller<\/td><td><span data-slug=\"montagevejledninger\">Monteringsanvisning<\/span><\/td><td><div class=\"dlp-table-document-link-wrap\"><a href=\"https:\/\/solarventi.dk\/no\/wp-content\/uploads\/sites\/8\/2021\/11\/basement-installation-manual.pdf\" class=\"dlp-download-link \" data-download-id=\"4371\" target=\"_blank\" >Se dokument<\/a><\/div><\/td><td>montagevejledninger<\/td><\/tr><tr id=\"post-row-5328\" class=\"post-row post-type-dlp_document dlp_document-5328 publish\"><td>Industri stativer monteringsanvisning<\/td><td><span data-slug=\"montagevejledninger\">Monteringsanvisning<\/span><\/td><td><div class=\"dlp-table-document-link-wrap\"><a href=\"https:\/\/solarventi.dk\/no\/wp-content\/uploads\/sites\/8\/2022\/03\/Solarventi-Console-System-EN.pdf\" class=\"dlp-download-link \" data-download-id=\"5328\" target=\"_blank\" >Se dokument<\/a><\/div><\/td><td>montagevejledninger<\/td><\/tr><tr id=\"post-row-5372\" class=\"post-row post-type-dlp_document dlp_document-5372 publish\"><td>Industri stativer med ma\u030al monteringsanvisning<\/td><td><span data-slug=\"montagevejledninger\">Monteringsanvisning<\/span><\/td><td><div class=\"dlp-table-document-link-wrap\"><a href=\"https:\/\/solarventi.dk\/no\/wp-content\/uploads\/sites\/8\/2022\/04\/Industri-Stativer-med-Ma\u030al-montagevejledning.pdf\" class=\"dlp-download-link \" data-download-id=\"5372\" target=\"_blank\" >Se dokument<\/a><\/div><\/td><td>montagevejledninger<\/td><\/tr><tr id=\"post-row-5324\" class=\"post-row post-type-dlp_document dlp_document-5324 publish\"><td>Energifanger montering og komponenter<\/td><td><span data-slug=\"montagevejledninger\">Monteringsanvisning<\/span><\/td><td><div class=\"dlp-table-document-link-wrap\"><a href=\"https:\/\/solarventi.dk\/no\/wp-content\/uploads\/sites\/8\/2022\/03\/Energifanger_montage_og_komponenter.pdf\" class=\"dlp-download-link \" data-download-id=\"5324\" target=\"_blank\" >Se dokument<\/a><\/div><\/td><td>montagevejledninger<\/td><\/tr><\/tbody><\/table>[\/vc_column_text][\/vc_column][\/vc_row]<\/p>\n<\/div>","protected":false},"excerpt":{"rendered":"<p>[vc_row padding_top_multiplier=&raquo;&raquo;][vc_column][vc_column_text][\/vc_column_text][\/vc_column][\/vc_row]<\/p>\n","protected":false},"author":1,"featured_media":0,"parent":5194,"menu_order":0,"comment_status":"closed","ping_status":"closed","template":"","meta":{"footnotes":""},"class_list":["post-5212","page","type-page","status-publish","hentry","grve-entry-item"],"yoast_head":"<!-- This site is optimized with the Yoast SEO Premium plugin v25.1 (Yoast SEO v25.1) - https:\/\/yoast.com\/wordpress\/plugins\/seo\/ -->\n<title>Monteringsanvisning | Se hvordan du selv kan montere din SolarVenti<\/title>\n<meta name=\"description\" content=\"SolarVenti&#039;s montagevejledninger for at g\u00f8re det nemt at montere SolarVenti | L\u00e6r og forst\u00e5 hvordan du skal gribe montageopgaven an\" \/>\n<meta name=\"robots\" content=\"index, follow, max-snippet:-1, max-image-preview:large, max-video-preview:-1\" \/>\n<link rel=\"canonical\" href=\"https:\/\/solarventi.dk\/no\/info\/monteringsanvisning\/\" \/>\n<meta property=\"og:locale\" content=\"nb_NO\" \/>\n<meta property=\"og:type\" content=\"article\" \/>\n<meta property=\"og:title\" content=\"Monteringsanvisning\" \/>\n<meta property=\"og:description\" content=\"SolarVenti&#039;s montagevejledninger for at g\u00f8re det nemt at montere SolarVenti | L\u00e6r og forst\u00e5 hvordan du skal gribe montageopgaven an\" \/>\n<meta property=\"og:url\" content=\"https:\/\/solarventi.dk\/no\/info\/monteringsanvisning\/\" \/>\n<meta property=\"og:site_name\" content=\"SolarVenti NORGE\" \/>\n<meta property=\"article:modified_time\" content=\"2024-08-13T10:21:08+00:00\" \/>\n<meta name=\"twitter:card\" content=\"summary_large_image\" \/>\n<meta name=\"twitter:label1\" content=\"Ansl. lesetid\" \/>\n\t<meta name=\"twitter:data1\" content=\"1 minutt\" \/>\n<script type=\"application\/ld+json\" class=\"yoast-schema-graph\">{\"@context\":\"https:\/\/schema.org\",\"@graph\":[{\"@type\":\"WebPage\",\"@id\":\"https:\/\/solarventi.dk\/no\/info\/monteringsanvisning\/\",\"url\":\"https:\/\/solarventi.dk\/no\/info\/monteringsanvisning\/\",\"name\":\"Monteringsanvisning | Se hvordan du selv kan montere din SolarVenti\",\"isPartOf\":{\"@id\":\"https:\/\/solarventi.dk\/no\/#website\"},\"datePublished\":\"2022-03-17T13:06:26+00:00\",\"dateModified\":\"2024-08-13T10:21:08+00:00\",\"description\":\"SolarVenti's montagevejledninger for at g\u00f8re det nemt at montere SolarVenti | L\u00e6r og forst\u00e5 hvordan du skal gribe montageopgaven an\",\"breadcrumb\":{\"@id\":\"https:\/\/solarventi.dk\/no\/info\/monteringsanvisning\/#breadcrumb\"},\"inLanguage\":\"nb-NO\",\"potentialAction\":[{\"@type\":\"ReadAction\",\"target\":[\"https:\/\/solarventi.dk\/no\/info\/monteringsanvisning\/\"]}]},{\"@type\":\"BreadcrumbList\",\"@id\":\"https:\/\/solarventi.dk\/no\/info\/monteringsanvisning\/#breadcrumb\",\"itemListElement\":[{\"@type\":\"ListItem\",\"position\":1,\"name\":\"Forside\",\"item\":\"https:\/\/solarventi.dk\/no\/\"},{\"@type\":\"ListItem\",\"position\":2,\"name\":\"Info\",\"item\":\"https:\/\/solarventi.dk\/no\/info\/\"},{\"@type\":\"ListItem\",\"position\":3,\"name\":\"Monteringsanvisning\"}]},{\"@type\":\"WebSite\",\"@id\":\"https:\/\/solarventi.dk\/no\/#website\",\"url\":\"https:\/\/solarventi.dk\/no\/\",\"name\":\"SolarVenti NORGE\",\"description\":\"Salg av SolarVenti\",\"potentialAction\":[{\"@type\":\"SearchAction\",\"target\":{\"@type\":\"EntryPoint\",\"urlTemplate\":\"https:\/\/solarventi.dk\/no\/?s={search_term_string}\"},\"query-input\":{\"@type\":\"PropertyValueSpecification\",\"valueRequired\":true,\"valueName\":\"search_term_string\"}}],\"inLanguage\":\"nb-NO\"}]}<\/script>\n<!-- \/ Yoast SEO Premium plugin. -->","yoast_head_json":{"title":"Monteringsanvisning | Se hvordan du selv kan montere din SolarVenti","description":"SolarVenti's montagevejledninger for at g\u00f8re det nemt at montere SolarVenti | L\u00e6r og forst\u00e5 hvordan du skal gribe montageopgaven an","robots":{"index":"index","follow":"follow","max-snippet":"max-snippet:-1","max-image-preview":"max-image-preview:large","max-video-preview":"max-video-preview:-1"},"canonical":"https:\/\/solarventi.dk\/no\/info\/monteringsanvisning\/","og_locale":"nb_NO","og_type":"article","og_title":"Monteringsanvisning","og_description":"SolarVenti's montagevejledninger for at g\u00f8re det nemt at montere SolarVenti | L\u00e6r og forst\u00e5 hvordan du skal gribe montageopgaven an","og_url":"https:\/\/solarventi.dk\/no\/info\/monteringsanvisning\/","og_site_name":"SolarVenti NORGE","article_modified_time":"2024-08-13T10:21:08+00:00","twitter_card":"summary_large_image","twitter_misc":{"Ansl. lesetid":"1 minutt"},"schema":{"@context":"https:\/\/schema.org","@graph":[{"@type":"WebPage","@id":"https:\/\/solarventi.dk\/no\/info\/monteringsanvisning\/","url":"https:\/\/solarventi.dk\/no\/info\/monteringsanvisning\/","name":"Monteringsanvisning | Se hvordan du selv kan montere din SolarVenti","isPartOf":{"@id":"https:\/\/solarventi.dk\/no\/#website"},"datePublished":"2022-03-17T13:06:26+00:00","dateModified":"2024-08-13T10:21:08+00:00","description":"SolarVenti's montagevejledninger for at g\u00f8re det nemt at montere SolarVenti | L\u00e6r og forst\u00e5 hvordan du skal gribe montageopgaven an","breadcrumb":{"@id":"https:\/\/solarventi.dk\/no\/info\/monteringsanvisning\/#breadcrumb"},"inLanguage":"nb-NO","potentialAction":[{"@type":"ReadAction","target":["https:\/\/solarventi.dk\/no\/info\/monteringsanvisning\/"]}]},{"@type":"BreadcrumbList","@id":"https:\/\/solarventi.dk\/no\/info\/monteringsanvisning\/#breadcrumb","itemListElement":[{"@type":"ListItem","position":1,"name":"Forside","item":"https:\/\/solarventi.dk\/no\/"},{"@type":"ListItem","position":2,"name":"Info","item":"https:\/\/solarventi.dk\/no\/info\/"},{"@type":"ListItem","position":3,"name":"Monteringsanvisning"}]},{"@type":"WebSite","@id":"https:\/\/solarventi.dk\/no\/#website","url":"https:\/\/solarventi.dk\/no\/","name":"SolarVenti NORGE","description":"Salg av SolarVenti","potentialAction":[{"@type":"SearchAction","target":{"@type":"EntryPoint","urlTemplate":"https:\/\/solarventi.dk\/no\/?s={search_term_string}"},"query-input":{"@type":"PropertyValueSpecification","valueRequired":true,"valueName":"search_term_string"}}],"inLanguage":"nb-NO"}]}},"_links":{"self":[{"href":"https:\/\/solarventi.dk\/no\/wp-json\/wp\/v2\/pages\/5212","targetHints":{"allow":["GET"]}}],"collection":[{"href":"https:\/\/solarventi.dk\/no\/wp-json\/wp\/v2\/pages"}],"about":[{"href":"https:\/\/solarventi.dk\/no\/wp-json\/wp\/v2\/types\/page"}],"author":[{"embeddable":true,"href":"https:\/\/solarventi.dk\/no\/wp-json\/wp\/v2\/users\/1"}],"replies":[{"embeddable":true,"href":"https:\/\/solarventi.dk\/no\/wp-json\/wp\/v2\/comments?post=5212"}],"version-history":[{"count":0,"href":"https:\/\/solarventi.dk\/no\/wp-json\/wp\/v2\/pages\/5212\/revisions"}],"up":[{"embeddable":true,"href":"https:\/\/solarventi.dk\/no\/wp-json\/wp\/v2\/pages\/5194"}],"wp:attachment":[{"href":"https:\/\/solarventi.dk\/no\/wp-json\/wp\/v2\/media?parent=5212"}],"curies":[{"name":"wp","href":"https:\/\/api.w.org\/{rel}","templated":true}]}}