{"id":4780,"date":"2021-12-20T11:44:21","date_gmt":"2021-12-20T10:44:21","guid":{"rendered":"https:\/\/solarventi.dk\/no\/?page_id=4780"},"modified":"2023-05-11T15:10:52","modified_gmt":"2023-05-11T13:10:52","slug":"internationale-partnere","status":"publish","type":"page","link":"https:\/\/solarventi.dk\/no\/kontakt\/partnere\/internationale-partnere\/","title":{"rendered":"Internationale partnere"},"content":{"rendered":"<div class=\"wpb-content-wrapper\"><p>[vc_row padding_top_multiplier=&raquo;2x&raquo; padding_bottom_multiplier=&raquo;3x&raquo; section_id=&raquo;hvordan-er-luften&raquo;][vc_column width=&raquo;4\/12&#8243;]<h2 class=\"grve-element grve-title grve-align-inherit grve-h2\"><span>SolarVenti A\/S<\/span><\/h2>[vc_column_text]Fabriksvej 8<br \/>\nDK-8881 Thors\u00f8<br \/>\nCVR: 44110385<\/p>\n<p>+45 86 96 67 00<br \/>\n<a href=\"mailto:info@solarventi.dk\">info@solarventi.dk<\/a>[\/vc_column_text][\/vc_column][vc_column width=&raquo;8\/12&#8243;][vc_tta_accordion active_section=&raquo;0&#8243; heading=&raquo;h5&#8243;][vc_tta_section title=&raquo;Sweden&raquo; tab_id=&raquo;1635774317859-b7e59dce-521f&raquo;][vc_column_text]<\/p>\n<table style=\"border-collapse: collapse; width: 100%;\">\n<tbody>\n<tr>\n<td style=\"width: 33.5518%; text-align: left;\">\n<h4><strong>Heralex AB<\/strong><\/h4>\n<p>v.\/ Ulf Larsson<\/td>\n<td style=\"width: 41.4482%; text-align: left;\">Liljeforsgatan 42<br \/>\n412 61 G\u00f6teborg<br \/>\nTlf: 0708-20 54 98<br \/>\nMail: <a href=\"mailto:info@heralex.se\">info@heralex.se\u00a0<\/a><br \/>\n<a href=\"http:\/\/www.heralex.se\">www.heralex.se <\/a><br \/>\nFind din svenske samarbejdspartner <a href=\"https:\/\/www.solarventi.se\/kontakta-oss\/aaterfoersaeljare\/\">her<\/a>!<\/td>\n<\/tr>\n<\/tbody>\n<\/table>\n<p>[\/vc_column_text][\/vc_tta_section][vc_tta_section title=&raquo;Norway&raquo; tab_id=&raquo;1635774317780-7a7c06af-0e68&#8243;][vc_column_text]<\/p>\n<table style=\"border-collapse: collapse; width: 100%; height: 652px;\">\n<tbody>\n<tr style=\"height: 157px;\">\n<td style=\"width: 50%; text-align: left; height: 157px;\">\n<h5><strong>ActivNord AS\u00a0<\/strong><\/h5>\n<p>Hedmark \u2013 Hamar<\/td>\n<td style=\"width: 50%; text-align: left; height: 157px;\">Dalstuvegen 19<br \/>\n2340 L\u00f6ten, Hedmark<br \/>\nMobil: +47 997 08 588<br \/>\nFaks: +47 625 47 031<br \/>\nE-post:\u00a0<a href=\"mailto:bb@activnord.no\">bb@activnord.no<\/a><br \/>\n<a href=\"http:\/\/www.activnord.no\/\" target=\"_blank\" rel=\"noopener noreferrer\">www.activnord.no<\/a><\/td>\n<\/tr>\n<tr style=\"height: 173px;\">\n<td style=\"width: 50%; text-align: left; height: 173px;\">\n<h5><\/h5>\n<h5><strong>Byggmester Ivar Espegard AS<\/strong><\/h5>\n<p class=\"p1\">Buskerud &#8211; Drammen<\/p>\n<h5><strong>\u00a0<\/strong><\/h5>\n<\/td>\n<td style=\"width: 50%; text-align: left; height: 173px;\">Liagardsvegen 519<br \/>\n3570 \u00c5l<br \/>\nTlf:\u00a0+47 977 00206 \u2013\u00a0+47 970 83890<br \/>\nE-post:\u00a0<a href=\"mailto:post@solarventi-hallingdal.no\">post@solarventi-hallingdal.no<\/a><br \/>\n<a href=\"http:\/\/www.solarventi-hallingdal.no\/\" target=\"_blank\" rel=\"noopener noreferrer\">www.solarventi-hallingdal.no<\/a><\/td>\n<\/tr>\n<tr style=\"height: 165px;\">\n<td style=\"width: 50%; text-align: left; height: 165px;\">\n<h4><\/h4>\n<h5><strong>Geilo Husholdnings Elektro<\/strong><\/h5>\n<div>\n<p class=\"p1\">Oslo, Viken og Innlandet<\/p>\n<\/div>\n<h5><strong>\u00a0<\/strong><\/h5>\n<\/td>\n<td style=\"width: 50%; text-align: left; height: 165px;\">\n<div><\/div>\n<div>Vestliveien 72<br \/>\n3580 Geilo<\/div>\n<div>Tlf: +47 32091934<br \/>\nE-post:\u00a0<a href=\"mailto:jan@ghelektro.no\" target=\"_blank\" rel=\"noopener\">jan@ghelektro.no<\/a><br \/>\n<a href=\"http:\/\/www.ghelektro.no\/\" target=\"_blank\" rel=\"noopener\" data-saferedirecturl=\"https:\/\/www.google.com\/url?q=http:\/\/www.elektron.no&amp;source=gmail&amp;ust=1614765337482000&amp;usg=AFQjCNFiLMFx0kzc-yBlgf18jfhlVmZ8xw\">www.ghelektro.no<\/a><\/div>\n<\/td>\n<\/tr>\n<tr style=\"height: 157px;\">\n<td style=\"width: 50%; text-align: left; height: 157px;\">\n<h5><strong>Multi Fritid AS<\/strong><\/h5>\n<p>V\/ Hans Sandsdalen<\/td>\n<td style=\"width: 50%; text-align: left; height: 157px;\">Winston Churchills veg 39A<br \/>\n9014 Troms\u00f8<br \/>\nTlf. +47 977 62 632<br \/>\nE-post:\u00a0<a href=\"mailto:post@multifritid.no\">post@multifritid.no<\/a><br \/>\n<a href=\"https:\/\/www.multifritid.no\/\" target=\"_blank\" rel=\"noopener noreferrer\">www.multifritid.no<\/a><\/td>\n<\/tr>\n<tr style=\"height: 157px;\">\n<td style=\"width: 50%; text-align: left; height: 157px;\">\n<h5><strong>Elektron Communications<\/strong><\/h5>\n<p>V\/ Ole Engebretsen<\/td>\n<td style=\"width: 50%; text-align: left; height: 157px;\">\n<div class=\"row\">\n<div class=\"col-md-6 \">\n<div>\n<div>Tyriveien 9<br \/>\n1481 Hagan<\/div>\n<div>Tlf: +47 67069000<br \/>\nE-post:\u00a0<a href=\"mailto:salg@elektron.no\" target=\"_blank\" rel=\"noopener\">salg@elektron.no<\/a><br \/>\nWeb:\u00a0<a href=\"http:\/\/www.solventilator.no\/\" target=\"_blank\" rel=\"noopener\" data-saferedirecturl=\"https:\/\/www.google.com\/url?q=http:\/\/www.elektron.no&amp;source=gmail&amp;ust=1614765337482000&amp;usg=AFQjCNFiLMFx0kzc-yBlgf18jfhlVmZ8xw\">www.solventilator.no<\/a><\/div>\n<\/div>\n<\/div>\n<\/div>\n<\/td>\n<\/tr>\n<\/tbody>\n<\/table>\n<p>[\/vc_column_text][\/vc_tta_section][vc_tta_section title=&raquo;Finland&raquo; tab_id=&raquo;1635774317818-53b982a9-4eb4&#8243;][vc_column_text]<\/p>\n<table style=\"border-collapse: collapse; width: 100%; height: 184px;\">\n<tbody>\n<tr style=\"height: 214px;\">\n<td style=\"width: 50%; text-align: left; height: 184px;\">\n<h5><strong>BIOLAN OY<\/strong><\/h5>\n<p>v.\/ Mikko Leed<\/td>\n<td style=\"width: 50%; text-align: left; height: 184px;\">Lauttakyl\u00e4ntie 570<br \/>\n27510 Eura<br \/>\nTlf: +358 (0) 4074 31702<br \/>\nMobil: +35 8254 91600<br \/>\nMail: <a href=\"mailto:Mikko.Leed@biolan.fi\">Mikko.Leed@biolan.fi<\/a> \/\u00a0<a href=\"mailto:ostoreskontra@biolan.fi\">ostoreskontra@biolan.fi<\/a><br \/>\n<a href=\"https:\/\/www.solarventi.fi\/\">www.solarventi.fi <\/a>\/<a href=\"https:\/\/www.biolan.fi\/\">https:\/\/www.biolan.fi\/<\/a><\/td>\n<\/tr>\n<\/tbody>\n<\/table>\n<p>[\/vc_column_text][\/vc_tta_section][vc_tta_section title=&raquo;Greenland&raquo; tab_id=&raquo;1660644623954-6f260be0-a3f2&#8243;][vc_column_text]<\/p>\n<table style=\"border-collapse: collapse; width: 100%;\">\n<tbody>\n<tr>\n<td style=\"width: 33.5518%; text-align: left;\">\n<h4><strong>SolarVenti Gr\u00f6nland<\/strong><\/h4>\n<p>v.\/ Arne Kyed<\/td>\n<td style=\"width: 41.4482%; text-align: left;\">Postbox 449, Julianeh\u00f6b, Gr\u00f6nland<br \/>\n3920 Qaqortoq<br \/>\nTlf: (+299)220139<br \/>\nMail: <a href=\"mailto:dines2@outlook.dk\">dines2@outlook.dk<\/a><br \/>\nShop open by appointment.<br \/>\nSelling, mounting, servicing SV models.<\/td>\n<\/tr>\n<\/tbody>\n<\/table>\n<p>[\/vc_column_text][\/vc_tta_section][vc_tta_section title=&raquo;Great Britain&raquo; tab_id=&raquo;1635774317762-191ddbba-e07a&raquo;][vc_column_text]<\/p>\n<table style=\"border-collapse: collapse; width: 100%;\">\n<tbody>\n<tr>\n<td style=\"width: 50%; text-align: left;\">\n<h5><strong>SolarVenti UK &#8211; NuVision Energy<\/strong><\/h5>\n<\/td>\n<td style=\"width: 50%; text-align: left;\">Unit 19P &#8211; Flightways Business Park<br \/>\nDunkeswell, Devon EX14 4RD<br \/>\nMobil: +44 (0) 1404 89 1693<br \/>\nMail: <a href=\"mailto:roger.boaden@nuvisionenergy.co.uk\">roger.boaden@nuvisionenergy.co.uk<\/a><br \/>\n<a href=\"https:\/\/www.nuvisionenergy.co.uk\/Postive-Input-Ventilation-Devon\">www.nuvisionenergy.co.uk<\/a><\/td>\n<\/tr>\n<tr>\n<td style=\"width: 50%; text-align: left;\"><\/td>\n<td style=\"width: 50%; text-align: left;\"><\/td>\n<\/tr>\n<\/tbody>\n<\/table>\n<p>[\/vc_column_text][\/vc_tta_section][vc_tta_section title=&raquo;Germany&raquo; tab_id=&raquo;1635774317740-406f06d7-cd2a&raquo;][vc_column_text]<\/p>\n<table style=\"border-collapse: collapse; width: 100%;\">\n<tbody>\n<tr>\n<td style=\"width: 50%; text-align: left;\">\n<h5><strong>SolarVenti Deutschland GmbH<\/strong><\/h5>\n<p>v.\/ Malte Claussen<\/td>\n<td style=\"width: 50%; text-align: left;\">\n<div dir=\"auto\">Heidweg 16<br \/>\n21255 Tostedt<\/div>\n<div dir=\"auto\">Tel: 04182-293799<\/div>\n<div dir=\"auto\">Fax: 04182-293169<br \/>\nService-Hotline: 04182 \/ 293799<br \/>\nMail: <a href=\"mailto:info@solarventi.de\">info@solarventi.de<\/a><br \/>\n<a href=\"http:\/\/www.solarventi.de\">www.solarventi.de<\/a><\/div>\n<\/td>\n<\/tr>\n<\/tbody>\n<\/table>\n<p>[\/vc_column_text][\/vc_tta_section][vc_tta_section title=&raquo;Czech Republic&raquo; tab_id=&raquo;1635776601096-b3bc8457-8687&#8243;][vc_column_text]<\/p>\n<table style=\"border-collapse: collapse; width: 100%;\">\n<tbody>\n<tr>\n<td style=\"width: 50%; text-align: left;\">\n<h5><strong>SolarAir S.R.O.<\/strong><\/h5>\n<p>v.\/ <span class=\"markx69lc7n63\" data-markjs=\"true\" data-ogac=\"\" data-ogab=\"\" data-ogsc=\"\" data-ogsb=\"\">Martin<\/span>\u00a0Fi\u0161er<\/td>\n<td style=\"width: 50%; text-align: left;\">T. G. Masaryka 64\/12<br \/>\nSvitavy 568 02<br \/>\nTlf.: 725 136 051 \/ 601 587 087<br \/>\nMail: <a href=\"mailto:info@solarventi.cz\">info@solarventi.cz<\/a><br \/>\n<a href=\"http:\/\/www.solarventi.cz\">www.solarventi.cz<\/a><\/td>\n<\/tr>\n<\/tbody>\n<\/table>\n<p>[\/vc_column_text][\/vc_tta_section][vc_tta_section title=&raquo;France&raquo; tab_id=&raquo;1635776746197-d1a04705-5fad&raquo;][vc_column_text]<\/p>\n<table style=\"border-collapse: collapse; width: 100%;\">\n<tbody>\n<tr>\n<td style=\"width: 50%; text-align: left;\">\n<h5><strong>Capt&#8217;air Solaire<\/strong><\/h5>\n<p>v.\/Sylvain Bouhot<\/td>\n<td style=\"width: 50%; text-align: left;\">68 rue de Jouvence<br \/>\n21000 Dijon<br \/>\nMobil: 06 33 87 77 95<br \/>\nMail: <a href=\"mailto:solarventifrance@captairsolaire.com\">solarventifrance@captairsolaire.com<\/a><br \/>\n<a href=\"http:\/\/www.captairsolaire.com\">www.captairsolaire.com<\/a><\/td>\n<\/tr>\n<\/tbody>\n<\/table>\n<p>[\/vc_column_text][\/vc_tta_section][vc_tta_section title=&raquo;Spain&raquo; tab_id=&raquo;1651733316891-18c19edf-f059&#8243;][vc_column_text]<\/p>\n<table style=\"border-collapse: collapse; width: 100%;\">\n<tbody>\n<tr>\n<td style=\"width: 50%; text-align: left;\">\n<h5><strong>SolarVenti Espa\u00f1a<\/strong><\/h5>\n<p>v.\/Tom Duebaeck<\/td>\n<td style=\"width: 50%; text-align: left;\">C\/ Santo Tom\u00e1s 20<br \/>\n29631 Arroyo de la Miel, M\u00e1laga<strong><br \/>\n<\/strong>Mobil: +34 952 449 349<br \/>\nMail: <a href=\"mailto:info@solarventi.es\">info@solarventi.es<\/a><br \/>\n<a href=\"http:\/\/www.solarventi.es\">www.solarventi.es<\/a><\/td>\n<\/tr>\n<\/tbody>\n<\/table>\n<p>[\/vc_column_text][\/vc_tta_section][vc_tta_section title=&raquo;Italy&raquo; tab_id=&raquo;1651733331091-2607ad1c-d6b4&#8243;][vc_column_text]<\/p>\n<table style=\"border-collapse: collapse; width: 100%;\">\n<tbody>\n<tr>\n<td style=\"width: 50%; text-align: left;\">\n<h5><strong>EnergiaSolare100\u00a0<\/strong><\/h5>\n<p>v.\/ Diciolla S.R.L. Idroelettromeccanica<\/td>\n<td style=\"width: 50%; text-align: left;\">Viale Donato Saponaro 55<br \/>\n70016 Noicattaro (BA)<br \/>\nTlf.: (+39) 080.4780349<br \/>\nFax: (+39) 080.4786928<br \/>\nMail: <a href=\"mailto:info@energiasolare100.it\">info@energiasolare100.it<\/a><br \/>\n<a href=\"http:\/\/www.energiasolare100.it\/\" target=\"_blank\" rel=\"noopener\">www.energiasolare100.it<\/a><\/td>\n<\/tr>\n<\/tbody>\n<\/table>\n<p>[\/vc_column_text][\/vc_tta_section][vc_tta_section title=&raquo;Hungary&raquo; tab_id=&raquo;1651733346436-0becccd0-b126&#8243;][vc_column_text]<\/p>\n<table style=\"border-collapse: collapse; width: 100%;\">\n<tbody>\n<tr>\n<td style=\"width: 50%; text-align: left;\">\n<h5><strong>Alfagas Kft.<\/strong><\/h5>\n<p>v.\/ Ioannis Moumoulidis<\/td>\n<td style=\"width: 50%; text-align: left;\">Eln\u00f6k u. 1.<br \/>\n1089 Budapest<br \/>\nTlf.:\u00a0+36 1 216 1500<br \/>\nMobil: +36 30 425 8904<br \/>\nFax: +36 1 216 2500<br \/>\nMail: <a href=\"mailto:alfasol@alfagas.hu\">alfasol@alfagas.hu<\/a><br \/>\n<a href=\"http:\/\/www.alfasol.hu\">www.alfasol.hu<\/a><\/td>\n<\/tr>\n<\/tbody>\n<\/table>\n<p>[\/vc_column_text][\/vc_tta_section][vc_tta_section title=&raquo;Slovenia&raquo; tab_id=&raquo;1651733365157-7bcea789-b561&#8243;][vc_column_text]<\/p>\n<table style=\"border-collapse: collapse; width: 100%;\">\n<tbody>\n<tr>\n<td style=\"width: 50%; text-align: left;\">\n<h5><strong>DULC D.O.O. &#8211; Solinterra<\/strong><\/h5>\n<\/td>\n<td style=\"width: 50%; text-align: left;\"><span style=\"font-family: georgia, palatino, serif;\">Stranje pri \u0160kocjanu 7<br \/>\n8275 \u0160kocjan<\/span><br \/>\nTlf.: +386 7 33 747 20<br \/>\nFax: +386 7 33 747 21<br \/>\nMail: <a title=\"\" href=\"mailto:info@dulc.si\">info@dulc.si<\/a><br \/>\n<a href=\"http:\/\/www.solinterra.si\">www.solarventi.si<\/a><\/td>\n<\/tr>\n<\/tbody>\n<\/table>\n<p>[\/vc_column_text][\/vc_tta_section][vc_tta_section title=&raquo;Greece&raquo; tab_id=&raquo;1651733380723-7a43827b-2185&#8243;][vc_column_text]<\/p>\n<table style=\"border-collapse: collapse; width: 100%;\">\n<tbody>\n<tr>\n<td style=\"width: 50%; text-align: left;\">\n<h5><strong>Sieline SA<\/strong><\/h5>\n<\/td>\n<td style=\"width: 50%; text-align: left;\">\u03a3\u03c5\u03b3\u03b3\u03c1\u03bf\u03cd 2 \u03ba\u03b1\u03b9 \u03a0\u03b1\u03bb\u03b1\u03b9\u03bf\u03bb\u03cc\u03b3\u03bf\u03c5<br \/>\n\u03a7\u03b1\u03bb\u03ac\u03bd\u03b4\u03c1\u03b9, \u0391\u03b8\u03ae\u03bd\u03b1 TK 152 32<br \/>\nT\u03b7\u03bb: 210 6830351-2<br \/>\nFax: 210 6839848<br \/>\nMail: <a href=\"mailto:info@sieline.gr\">info@sieline.gr<\/a><br \/>\n<a href=\"http:\/\/www.sieline.gr\">www.sieline.gr<\/a><\/td>\n<\/tr>\n<\/tbody>\n<\/table>\n<p>[\/vc_column_text][\/vc_tta_section][vc_tta_section title=&raquo;South Africa&raquo; tab_id=&raquo;1651733403952-4f5bbbf2-236c&raquo;][vc_column_text]<\/p>\n<table style=\"border-collapse: collapse; width: 100%;\">\n<tbody>\n<tr>\n<td style=\"width: 50%; text-align: left;\">\n<h5><strong>Scandinavian Water Saving Products (PTY) LTD Trade<\/strong><\/h5>\n<p>v.\/ Scandinavian Water &amp; Air<\/td>\n<td style=\"width: 50%; text-align: left;\">30 Soetvlei Avenue<br \/>\n7806 Constantia Western Cape<br \/>\n<span style=\"font-size: 12pt; font-family: georgia, palatino, serif;\">Mail: <span style=\"color: #000066;\"><a href=\"mailto:niklas@swsp.co.za\">niklas@swsp.co.za<\/a><\/span><\/span><br \/>\n<span style=\"font-size: 12pt; font-family: georgia, palatino, serif;\"><span style=\"color: #000066;\"><a href=\"mailto:birger@swsp.co.za\">birger@swsp.co.za<\/a>\/<\/span>\u00a0<a href=\"mailto:info@swsp.co.za\">info@swsp.co.za<\/a><\/span><br \/>\n<span style=\"font-size: 12pt; font-family: georgia, palatino, serif;\"><a href=\"http:\/\/www.swsp.co.za\">www.swsp.co.za<\/a><\/span><\/td>\n<\/tr>\n<\/tbody>\n<\/table>\n<p>[\/vc_column_text][\/vc_tta_section][vc_tta_section title=&raquo;Australia&raquo; tab_id=&raquo;1651733420203-e9409923-b6c8&#8243;][vc_column_text]<\/p>\n<table style=\"border-collapse: collapse; width: 100%;\">\n<tbody>\n<tr>\n<td style=\"width: 50%; text-align: left;\">\n<h5><strong>SolarVenti Australia<\/strong><\/h5>\n<\/td>\n<td style=\"width: 50%; text-align: left;\">1, 2-6 Bonnal Road Erina<br \/>\nNew South Wales NSW 2260<br \/>\nTlf.: (02) 4367 8252<br \/>\nMobile: 0449 247 379<br \/>\nMail: <a title=\"sales\" href=\"mailto:sales@solarventinsw.com.au\">sales<\/a><a title=\"@solarventinsw.com.au\" href=\"mailto:sales@solarventinsw.com.au\">@solarventinsw.com.au<\/a><br \/>\n<a href=\"http:\/\/www.solarventi.com.au\">www.solarventi.com.au<\/a><\/td>\n<\/tr>\n<\/tbody>\n<\/table>\n<p>[\/vc_column_text][\/vc_tta_section][vc_tta_section title=&raquo;Japan&raquo; tab_id=&raquo;1651733433925-5945cf95-5af6&#8243;][vc_column_text]<\/p>\n<table style=\"border-collapse: collapse; width: 100%;\">\n<tbody>\n<tr>\n<td style=\"width: 50%; text-align: left;\">\n<h5><strong>Matsunaga Co., Ltd. &#8211; \u682a\u5f0f\u4f1a\u793e\u30de\u30c4\u30ca\u30ac<\/strong><\/h5>\n<\/td>\n<td style=\"width: 50%; text-align: left;\"><span style=\"font-family: georgia, palatino, serif; font-size: 12pt;\">\u3012178-0064<\/span><br \/>\n<span style=\"font-family: georgia, palatino, serif; font-size: 12pt;\">\u6771\u4eac\u90fd\u7df4\u99ac\u533a\u5357\u5927\u6cc95\u4e01\u76ee18-19<\/span><br \/>\n<span style=\"font-family: georgia, palatino, serif; font-size: 12pt;\">\u96fb\u8a71\u756a\u53f7\u300003-3925-0065<\/span><br \/>\n<span style=\"font-family: georgia, palatino, serif; font-size: 12pt;\">FAX\u756a\u53f7\u300003-3925-0061<\/span><br \/>\nMail: <a href=\"mailto:info@ms-matsunaga.jp\">info@ms-matsunaga.jp<\/a><br \/>\n<a href=\"http:\/\/www.ms-matsunaga.jp\/solorheat\/solorwarmer\/\" target=\"_blank\" rel=\"noopener\">www.ms-matsunaga.jp<\/a><\/td>\n<\/tr>\n<\/tbody>\n<\/table>\n<p>[\/vc_column_text][\/vc_tta_section][\/vc_tta_accordion][\/vc_column][\/vc_row][vc_row section_type=&raquo;fullwidth&raquo; padding_top_multiplier=&raquo;&raquo; padding_bottom_multiplier=&raquo;&raquo; rc_bg_type=&raquo;color&raquo; rc_bg_color=&raquo;#e9f2fc&raquo;][vc_column width=&raquo;1\/2&#8243; vertical_content_position=&raquo;middle&raquo; full_height=&raquo;yes&raquo; text_align=&raquo;center&raquo; rc_bg_type=&raquo;image&raquo; rc_bg_image=&raquo;4116&#8243;]<div style=\"height: 300px;\" class=\"grve-empty-space\"><\/div>[\/vc_column][vc_column width=&raquo;1\/2&#8243; content_width=&raquo;custom&raquo; vertical_content_position=&raquo;middle&raquo; grve_css=&raquo;{&laquo;desktop&laquo;:{&laquo;padding-top&laquo;:&laquo;10%&laquo;,&laquo;padding-right&laquo;:&laquo;15%&laquo;,&laquo;padding-bottom&laquo;:&laquo;10%&laquo;,&laquo;padding-left&laquo;:&laquo;15%&laquo;,&laquo;class&laquo;:&laquo;grve-wpb-1632132049842&laquo;}}&raquo; el_class=&raquo;no-column-gap&raquo; custom_content_width=&raquo;400px&raquo;]<h3 class=\"grve-element grve-title grve-align-inherit grve-h3\"><span>Har du sp\u00f8rgsm\u00e5l hj\u00e6lper vi gerne med at finde den rette l\u00f8sning til dit behov.<\/span><\/h3><div class=\"grve-element grve-align-left\"><a href=\"https:\/\/solarventi.dk\/no\/kontakt\/kontakt-solarventi\/\" title=\"Kontakt SolarVenti\" class=\"grve-btn-text grve-btn-only-text grve-text-primary-1 grve-text-hover-black grve-btn-medium grve-with-icon\">\r\n\t\t<div class=\"grve-btn-inner\">\r\n\t\t<span>Kontakt os<\/span>\r\n\t\t\t\t\t\t\t<div class=\"grve-btn-icon\">\r\n\t\t\t<span class=\"grve-icon fas fa-chevron-circle-right\"><\/span>\r\n\t\t<\/div>\r\n\t\t\t\t\t<\/div>\r\n\t<\/a><\/div>[\/vc_column][\/vc_row]<\/p>\n<\/div>","protected":false},"excerpt":{"rendered":"<p>[vc_row padding_top_multiplier=&raquo;2x&raquo; padding_bottom_multiplier=&raquo;3x&raquo; section_id=&raquo;hvordan-er-luften&raquo;][vc_column width=&raquo;4\/12&#8243;][vc_column_text]Fabriksvej 8 DK-8881 Thors\u00f8 CVR: 44110385 +45 86 96 67 00 info@solarventi.dk[\/vc_column_text][\/vc_column][vc_column width=&raquo;8\/12&#8243;][vc_tta_accordion active_section=&raquo;0&#8243; heading=&raquo;h5&#8243;][vc_tta_section title=&raquo;Sweden&raquo; tab_id=&raquo;1635774317859-b7e59dce-521f&raquo;][vc_column_text] Heralex AB v.\/ Ulf Larsson Liljeforsgatan 42 412 61 G\u00f6teborg Tlf: 0708-20 54 98 Mail: info@heralex.se\u00a0 www.heralex.se Find din svenske samarbejdspartner her! [\/vc_column_text][\/vc_tta_section][vc_tta_section title=&raquo;Norway&raquo; tab_id=&raquo;1635774317780-7a7c06af-0e68&#8243;][vc_column_text] ActivNord AS\u00a0 Hedmark \u2013 Hamar Dalstuvegen 19 2340 L\u00f6ten, [&hellip;]<\/p>\n","protected":false},"author":1,"featured_media":0,"parent":5556,"menu_order":2,"comment_status":"closed","ping_status":"closed","template":"","meta":{"footnotes":""},"class_list":["post-4780","page","type-page","status-publish","hentry","grve-entry-item"],"yoast_head":"<!-- This site is optimized with the Yoast SEO Premium plugin v25.1 (Yoast SEO v25.1) - https:\/\/yoast.com\/wordpress\/plugins\/seo\/ -->\n<title>Internationale partnere: oversigt af vores forhandlere | SolarVenti\u00ae<\/title>\n<meta name=\"description\" content=\"Med internationale partnere rundt i verden har du god mulighed for at f\u00e5 en fingre i en SolarVenti | Find info p\u00e5 en forhandler i dit omr\u00e5de\" \/>\n<meta name=\"robots\" content=\"index, follow, max-snippet:-1, max-image-preview:large, max-video-preview:-1\" \/>\n<link rel=\"canonical\" href=\"https:\/\/solarventi.dk\/no\/kontakt\/partnere\/internationale-partnere\/\" \/>\n<meta property=\"og:locale\" content=\"nb_NO\" \/>\n<meta property=\"og:type\" content=\"article\" \/>\n<meta property=\"og:title\" content=\"Internationale partnere\" \/>\n<meta property=\"og:description\" content=\"Med internationale partnere rundt i verden har du god mulighed for at f\u00e5 en fingre i en SolarVenti | Find info p\u00e5 en forhandler i dit omr\u00e5de\" \/>\n<meta property=\"og:url\" content=\"https:\/\/solarventi.dk\/no\/kontakt\/partnere\/internationale-partnere\/\" \/>\n<meta property=\"og:site_name\" content=\"SolarVenti NORGE\" \/>\n<meta property=\"article:modified_time\" content=\"2023-05-11T13:10:52+00:00\" \/>\n<meta name=\"twitter:card\" content=\"summary_large_image\" \/>\n<meta name=\"twitter:label1\" content=\"Ansl. lesetid\" \/>\n\t<meta name=\"twitter:data1\" content=\"3 minutter\" \/>\n<script type=\"application\/ld+json\" class=\"yoast-schema-graph\">{\"@context\":\"https:\/\/schema.org\",\"@graph\":[{\"@type\":\"WebPage\",\"@id\":\"https:\/\/solarventi.dk\/no\/kontakt\/partnere\/internationale-partnere\/\",\"url\":\"https:\/\/solarventi.dk\/no\/kontakt\/partnere\/internationale-partnere\/\",\"name\":\"Internationale partnere: oversigt af vores forhandlere | SolarVenti\u00ae\",\"isPartOf\":{\"@id\":\"https:\/\/solarventi.dk\/no\/#website\"},\"datePublished\":\"2021-12-20T10:44:21+00:00\",\"dateModified\":\"2023-05-11T13:10:52+00:00\",\"description\":\"Med internationale partnere rundt i verden har du god mulighed for at f\u00e5 en fingre i en SolarVenti | Find info p\u00e5 en forhandler i dit omr\u00e5de\",\"breadcrumb\":{\"@id\":\"https:\/\/solarventi.dk\/no\/kontakt\/partnere\/internationale-partnere\/#breadcrumb\"},\"inLanguage\":\"nb-NO\",\"potentialAction\":[{\"@type\":\"ReadAction\",\"target\":[\"https:\/\/solarventi.dk\/no\/kontakt\/partnere\/internationale-partnere\/\"]}]},{\"@type\":\"BreadcrumbList\",\"@id\":\"https:\/\/solarventi.dk\/no\/kontakt\/partnere\/internationale-partnere\/#breadcrumb\",\"itemListElement\":[{\"@type\":\"ListItem\",\"position\":1,\"name\":\"Forside\",\"item\":\"https:\/\/solarventi.dk\/no\/\"},{\"@type\":\"ListItem\",\"position\":2,\"name\":\"Kontakt\",\"item\":\"https:\/\/solarventi.dk\/no\/kontakt\/\"},{\"@type\":\"ListItem\",\"position\":3,\"name\":\"Partnere\",\"item\":\"https:\/\/solarventi.dk\/no\/kontakt\/partnere\/\"},{\"@type\":\"ListItem\",\"position\":4,\"name\":\"Internationale partnere\"}]},{\"@type\":\"WebSite\",\"@id\":\"https:\/\/solarventi.dk\/no\/#website\",\"url\":\"https:\/\/solarventi.dk\/no\/\",\"name\":\"SolarVenti NORGE\",\"description\":\"Salg av SolarVenti\",\"potentialAction\":[{\"@type\":\"SearchAction\",\"target\":{\"@type\":\"EntryPoint\",\"urlTemplate\":\"https:\/\/solarventi.dk\/no\/?s={search_term_string}\"},\"query-input\":{\"@type\":\"PropertyValueSpecification\",\"valueRequired\":true,\"valueName\":\"search_term_string\"}}],\"inLanguage\":\"nb-NO\"}]}<\/script>\n<!-- \/ Yoast SEO Premium plugin. -->","yoast_head_json":{"title":"Internationale partnere: oversigt af vores forhandlere | SolarVenti\u00ae","description":"Med internationale partnere rundt i verden har du god mulighed for at f\u00e5 en fingre i en SolarVenti | Find info p\u00e5 en forhandler i dit omr\u00e5de","robots":{"index":"index","follow":"follow","max-snippet":"max-snippet:-1","max-image-preview":"max-image-preview:large","max-video-preview":"max-video-preview:-1"},"canonical":"https:\/\/solarventi.dk\/no\/kontakt\/partnere\/internationale-partnere\/","og_locale":"nb_NO","og_type":"article","og_title":"Internationale partnere","og_description":"Med internationale partnere rundt i verden har du god mulighed for at f\u00e5 en fingre i en SolarVenti | Find info p\u00e5 en forhandler i dit omr\u00e5de","og_url":"https:\/\/solarventi.dk\/no\/kontakt\/partnere\/internationale-partnere\/","og_site_name":"SolarVenti NORGE","article_modified_time":"2023-05-11T13:10:52+00:00","twitter_card":"summary_large_image","twitter_misc":{"Ansl. lesetid":"3 minutter"},"schema":{"@context":"https:\/\/schema.org","@graph":[{"@type":"WebPage","@id":"https:\/\/solarventi.dk\/no\/kontakt\/partnere\/internationale-partnere\/","url":"https:\/\/solarventi.dk\/no\/kontakt\/partnere\/internationale-partnere\/","name":"Internationale partnere: oversigt af vores forhandlere | SolarVenti\u00ae","isPartOf":{"@id":"https:\/\/solarventi.dk\/no\/#website"},"datePublished":"2021-12-20T10:44:21+00:00","dateModified":"2023-05-11T13:10:52+00:00","description":"Med internationale partnere rundt i verden har du god mulighed for at f\u00e5 en fingre i en SolarVenti | Find info p\u00e5 en forhandler i dit omr\u00e5de","breadcrumb":{"@id":"https:\/\/solarventi.dk\/no\/kontakt\/partnere\/internationale-partnere\/#breadcrumb"},"inLanguage":"nb-NO","potentialAction":[{"@type":"ReadAction","target":["https:\/\/solarventi.dk\/no\/kontakt\/partnere\/internationale-partnere\/"]}]},{"@type":"BreadcrumbList","@id":"https:\/\/solarventi.dk\/no\/kontakt\/partnere\/internationale-partnere\/#breadcrumb","itemListElement":[{"@type":"ListItem","position":1,"name":"Forside","item":"https:\/\/solarventi.dk\/no\/"},{"@type":"ListItem","position":2,"name":"Kontakt","item":"https:\/\/solarventi.dk\/no\/kontakt\/"},{"@type":"ListItem","position":3,"name":"Partnere","item":"https:\/\/solarventi.dk\/no\/kontakt\/partnere\/"},{"@type":"ListItem","position":4,"name":"Internationale partnere"}]},{"@type":"WebSite","@id":"https:\/\/solarventi.dk\/no\/#website","url":"https:\/\/solarventi.dk\/no\/","name":"SolarVenti NORGE","description":"Salg av SolarVenti","potentialAction":[{"@type":"SearchAction","target":{"@type":"EntryPoint","urlTemplate":"https:\/\/solarventi.dk\/no\/?s={search_term_string}"},"query-input":{"@type":"PropertyValueSpecification","valueRequired":true,"valueName":"search_term_string"}}],"inLanguage":"nb-NO"}]}},"_links":{"self":[{"href":"https:\/\/solarventi.dk\/no\/wp-json\/wp\/v2\/pages\/4780","targetHints":{"allow":["GET"]}}],"collection":[{"href":"https:\/\/solarventi.dk\/no\/wp-json\/wp\/v2\/pages"}],"about":[{"href":"https:\/\/solarventi.dk\/no\/wp-json\/wp\/v2\/types\/page"}],"author":[{"embeddable":true,"href":"https:\/\/solarventi.dk\/no\/wp-json\/wp\/v2\/users\/1"}],"replies":[{"embeddable":true,"href":"https:\/\/solarventi.dk\/no\/wp-json\/wp\/v2\/comments?post=4780"}],"version-history":[{"count":0,"href":"https:\/\/solarventi.dk\/no\/wp-json\/wp\/v2\/pages\/4780\/revisions"}],"up":[{"embeddable":true,"href":"https:\/\/solarventi.dk\/no\/wp-json\/wp\/v2\/pages\/5556"}],"wp:attachment":[{"href":"https:\/\/solarventi.dk\/no\/wp-json\/wp\/v2\/media?parent=4780"}],"curies":[{"name":"wp","href":"https:\/\/api.w.org\/{rel}","templated":true}]}}