{"id":4136,"date":"2021-11-01T14:38:33","date_gmt":"2021-11-01T13:38:33","guid":{"rendered":"https:\/\/solarventi.dk\/no.linux101.curanetserver.dk\/?page_id=4136"},"modified":"2024-04-22T17:20:23","modified_gmt":"2024-04-22T15:20:23","slug":"danske-samarbejdspartnere","status":"publish","type":"page","link":"https:\/\/solarventi.dk\/no\/kontakt\/partnere\/danske-samarbejdspartnere\/","title":{"rendered":"Danske samarbejdspartnere"},"content":{"rendered":"<div class=\"wpb-content-wrapper\"><p>[vc_row padding_top_multiplier=&raquo;2x&raquo; padding_bottom_multiplier=&raquo;3x&raquo; section_id=&raquo;hvordan-er-luften&raquo;][vc_column width=&raquo;4\/12&#8243;]<h2 class=\"grve-element grve-title grve-align-inherit grve-h2\"><span>SolarVenti A\/S<\/span><\/h2>[vc_column_text]Fabriksvej 8<br \/>\nDK-8881 Thors\u00f8<br \/>\nCVR: 44110385<\/p>\n<p>+45 86 96 67 00<br \/>\n<a href=\"mailto:info@solarventi.dk\">info@solarventi.dk<\/a>[\/vc_column_text][\/vc_column][vc_column width=&raquo;8\/12&#8243;][vc_tta_accordion active_section=&raquo;0&#8243; heading=&raquo;h5&#8243;][vc_tta_section title=&raquo;Nordjylland&raquo; tab_id=&raquo;1635774317859-b7e59dce-521f&raquo;][vc_column_text]<\/p>\n<table style=\"border-collapse: collapse;width: 100%;height: 1623px\">\n<tbody>\n<tr style=\"height: 141px\">\n<td style=\"width: 33.5518%;text-align: left;height: 141px\">\n<h5><strong>IGLO-VENT Klima &amp; Maskinteknik<br \/>\n<\/strong><\/h5>\n<p>v.\/ Bent S\u00f8rensen<\/td>\n<td style=\"width: 41.4482%;text-align: left;height: 141px\">Hedevej 27<br \/>\n9640 Fars\u00f8<br \/>\nTlf: (+45) 28 89 35 43<br \/>\nMail: <a href=\"mailto:bs@iglovent.dk\">bs@iglovent.dk<\/a><br \/>\n<a href=\"http:\/\/www.iglo-vent.dk\" target=\"_blank\" rel=\"noopener\">www.iglo-vent.dk<\/a><\/td>\n<\/tr>\n<tr style=\"height: 141px\">\n<td style=\"width: 33.5518%;text-align: left;height: 141px\">\n<h5><strong>Klima Service Nord<\/strong><\/h5>\n<p>v.\/ Thomas Meldgaard<strong><br \/>\n<\/strong><\/td>\n<td style=\"width: 41.4482%;text-align: left;height: 141px\">Snedronningens vej 80<br \/>\n9230 Svenstrup J<br \/>\nTlf: (+45) 61 45 89 10<br \/>\nMail: <a href=\"mailto:kkno@mail.dk\">mail@kkno.dk<\/a><br \/>\n<a href=\"https:\/\/www.kkno.dk\/\" target=\"_blank\" rel=\"noopener\">www.kkno.dk<\/a><\/td>\n<\/tr>\n<tr style=\"height: 141px\">\n<td style=\"width: 33.5518%;text-align: left;height: 165px\">\n<h5><strong>Mariendal Electrics A\/S \u2013 Pandrup<br \/>\n<\/strong><\/h5>\n<p>v.\/ Jan Pr\u00e6stegaard<\/td>\n<td style=\"width: 41.4482%;text-align: left;height: 165px\">Bransagervej 14<br \/>\n9490 Pandrup<br \/>\nTlf: (+45) 98 24 53 35<br \/>\nMobil: (+45) 25 42 77 49<br \/>\nMail: <a href=\"mailto:jpr@mariendal.dk\">jpr@mariendal.dk<\/a><br \/>\n<a href=\"https:\/\/mariendal.dk\/\" target=\"_blank\" rel=\"noopener\">www.mariendal.dk<\/a><\/td>\n<\/tr>\n<tr style=\"height: 165px\">\n<td style=\"width: 33.5518%;text-align: left;height: 165px\">\n<h5><strong>Mariendal Electrics A\/S \u2013 Skagen<br \/>\n<\/strong><\/h5>\n<p>v.\/ Kim Sand Nielsen<\/td>\n<td style=\"width: 41.4482%;text-align: left;height: 165px\">Kirkevej 31<br \/>\n9990 Skagen<br \/>\nTlf: (+45) 98 44 15 44<br \/>\nMobil: (+45) 20 41 57 44<br \/>\nMail: <a href=\"mailto:ksn@mariendal.dk\">ksn@mariendal.dk<\/a><br \/>\n<a href=\"https:\/\/mariendal.dk\/\" target=\"_blank\" rel=\"noopener\">www.mariendal.dk<\/a><\/td>\n<\/tr>\n<tr style=\"height: 165px\">\n<td style=\"width: 33.5518%;text-align: left;height: 165px\">\n<h5><strong>Agesen El ApS<\/strong><\/h5>\n<p>v.\/ Niels Agesen<strong><br \/>\n<\/strong><\/td>\n<td style=\"width: 41.4482%;text-align: left;height: 165px\">\u00d8stergade 33<br \/>\n9690 Fjerritslev<br \/>\nTlf: (+45) 98 22 52 99<br \/>\nMobil: (+45) 40 11 52 99<br \/>\nMail: <a href=\"mailto:niels@agesenel.dk\">niels@agesenel.dk<\/a><br \/>\n<a href=\"http:\/\/www.agesenel.dk\" target=\"_blank\" rel=\"noopener\">www.agesenel.dk<\/a><\/td>\n<\/tr>\n<tr style=\"height: 165px\">\n<td style=\"width: 33.5518%;text-align: left;height: 165px\">\n<h5><strong>Stella Solar<br \/>\n<\/strong><\/h5>\n<p>v.\/ Finn L. Nielsen<\/td>\n<td style=\"width: 41.4482%;text-align: left;height: 165px\">Bl\u00e6revej 2<br \/>\n9600 Aars<br \/>\nMobil: (+45) 22 97 14 14<br \/>\nMail: <a href=\"mailto:finn@luftsolfanger.dk\">finn@luftsolfanger.dk<\/a><br \/>\n<a href=\"http:\/\/www.luftsolfanger.dk\" target=\"_blank\" rel=\"noopener\">www.luftsolfanger.dk<\/a><br \/>\n\u00c5ben efter aftale, ogs\u00e5 weekend<\/td>\n<\/tr>\n<tr style=\"height: 141px\">\n<td style=\"width: 33.5518%;text-align: left;height: 141px\">\n<h5><strong>Strandby El-teknik A\/S<br \/>\n<\/strong><\/h5>\n<p>v.\/ Tonny Johansen<\/td>\n<td style=\"width: 41.4482%;text-align: left;height: 141px\">Munkevej 10-12<br \/>\n9970 Strandby<br \/>\nTlf: (+45) 98 48 19 00<br \/>\nMail: <a href=\"mailto:info@strandbyelteknik.dk\">info@strandbyelteknik.dk<\/a><br \/>\n<a href=\"http:\/\/www.strandbyelteknik.dk\" target=\"_blank\" rel=\"noopener\">www.strandbyelteknik.dk<\/a><\/td>\n<\/tr>\n<tr style=\"height: 165px\">\n<td style=\"width: 33.5518%;text-align: left;height: 165px\">\n<h5><strong>L\u00e6s\u00f8 El teknik og VVS energi<br \/>\n<\/strong><\/h5>\n<p>v.\/ John Christensen<\/td>\n<td style=\"width: 41.4482%;text-align: left;height: 165px\">Gammel Kirkevej 6A<br \/>\n9940 L\u00e6s\u00f8<br \/>\nTlf: (+45) 98 48 19 00<br \/>\nMobil: (+45) 27 10 07 20<br \/>\nMail: <a title=\"mailto:john@laesoeelteknik.dk\" href=\"mailto:john@laesoeelteknik.dk\" data-ogsc=\"\">john@laesoeelteknik.dk<\/a><br \/>\n<a href=\"http:\/\/www.strandbyelteknik.dk\" target=\"_blank\" rel=\"noopener\">www.strandbyelteknik.dk<\/a><\/td>\n<\/tr>\n<tr style=\"height: 189px\">\n<td style=\"width: 33.5518%;text-align: left;height: 189px\">\n<h5><strong>Midtthy el ApS<\/strong><\/h5>\n<p>v.\/ Allan R Jensen<strong><br \/>\n<\/strong><\/td>\n<td style=\"width: 41.4482%;text-align: left;height: 189px\">Ved Parken 21<br \/>\n7752 Snedsted<br \/>\nTlf: (+45) 97 93 60 29<br \/>\nMobil: (+45) 27 84 27 86<br \/>\nMail: <a href=\"mailto:aj@midtthyel.dk\">aj@midtthyel.dk<\/a><br \/>\n<a href=\"https:\/\/midtthyel.dk\/\" target=\"_blank\" rel=\"noopener\">www.midtthyel.dk<\/a><br \/>\nVi h\u00f8rer til midt i Thy og servicer hele Nord Vestjylland.<\/td>\n<\/tr>\n<\/tbody>\n<\/table>\n<p>[\/vc_column_text][\/vc_tta_section][vc_tta_section title=&raquo;Midtjylland \u00d8st&raquo; tab_id=&raquo;1635774317780-7a7c06af-0e68&#8243;][vc_column_text]<\/p>\n<table style=\"border-collapse: collapse;width: 100%\">\n<tbody>\n<tr>\n<td style=\"width: 50%;text-align: left\">\n<h5><strong>SolarVenti A\/S<\/strong><\/h5>\n<p>Hovedfirma<\/td>\n<td style=\"width: 50%;text-align: left\">Fabriksvej 8<br \/>\n8881 Thors\u00f8<br \/>\nTlf: (+45) 86 96 67 00<br \/>\nMail: <a href=\"mailto:info@solarventi.dk\">info@solarventi.dk<\/a><br \/>\n<a href=\"https:\/\/solarventi.dk\/no\/\">www.solarventi.dk<\/a><br \/>\n\u00c5bningstider: Man.-tor. 9-16, Fre. 9-14<\/td>\n<\/tr>\n<tr>\n<td style=\"width: 50%;text-align: left\">\n<h5><strong>Brdr. Stjerne K.S.<\/strong><\/h5>\n<p>v.\/ Ole Klejs Hemmingsen<strong><br \/>\n<\/strong><\/td>\n<td style=\"width: 50%;text-align: left\">Besser Smedegade 7<br \/>\n8305 Sams\u00f8<br \/>\nTlf: (+45) 86 59 17 00<br \/>\nMail: <a href=\"mailto:info@brdrstjerne.dk\">info@brdrstjerne.dk<\/a><br \/>\n<a href=\"https:\/\/www.brdrstjerne.dk\/\" target=\"_blank\" rel=\"noopener\">www.brdrstjerne.dk<\/a><br \/>\nButik med udstilling: Man.\u2013 tor. 8-16, Fre. 8-12<br \/>\nL\u00f8rdag efter aftale.<br \/>\nUdf\u00f8rer ikke opgaver uden\u00f8s.<\/td>\n<\/tr>\n<\/tbody>\n<\/table>\n<p>[\/vc_column_text][\/vc_tta_section][vc_tta_section title=&raquo;Midtjylland Vest&raquo; tab_id=&raquo;1635774317818-53b982a9-4eb4&#8243;][vc_column_text]<\/p>\n<table style=\"border-collapse: collapse;width: 100%;height: 1077px\">\n<tbody>\n<tr>\n<td style=\"width: 50%;text-align: left\">\n<h5><strong>Birk TeQ A\/S<br \/>\n<\/strong><\/h5>\n<p>v.\/ Sten Engsig Madsen<\/td>\n<td style=\"width: 50%;text-align: left\">Hedelandsvej 7<br \/>\n7400 Herning<br \/>\nTlf: (+45) 97 12 66 35<br \/>\nMobil: (+45) 22 22 42 00<br \/>\nMail: <a href=\"mailto:sem@birk-teq.dk\">sem@birk-teq.dk<\/a><br \/>\n<a href=\"https:\/\/www.birkteq.dk\/\" target=\"_blank\" rel=\"noopener\">www.birkteq.dk<\/a><br \/>\nVi kommer gerne ud og giver gode r\u00e5de r\u00e5d og vejledning. Hos os koster et uforpligtende tilbud ingen ting.<\/td>\n<\/tr>\n<tr>\n<td style=\"width: 50%;text-align: left\">\n<h5><strong>Salling Sol Affugtning<\/strong><\/h5>\n<p>v.\/ Per Riisgaard<strong><br \/>\n<\/strong><\/td>\n<td style=\"width: 50%;text-align: left\">Mogensstrupvej 10<br \/>\n7870 Roslev<br \/>\nTlf: (+45) 28 87 62 10<br \/>\nMobil: (+45) 28 87 62 10<br \/>\nMail: <a href=\"mailto:pr@prel.dk\">pr@prel.dk<\/a><br \/>\nVi har udstilling og er altid klar til et godt tilbud. Ring til os.<\/td>\n<\/tr>\n<tr>\n<td style=\"width: 50%;text-align: left\">\n<h5><strong>T\u00f8mrermester Ebbe Thisted A\/S<br \/>\n<\/strong><\/h5>\n<p>v.\/ Ebbe Thisted<\/td>\n<td style=\"width: 50%;text-align: left\">M\u00f8llev\u00e6nget 13<br \/>\n7800 Skive<br \/>\nTlf: (+45) 97 53 59 14<br \/>\nMobil: (+45) 40 27 40 28<br \/>\nMail: <a href=\"mailto:ebbe@ebbethisted.dk\">ebbe@ebbethisted.dk<\/a><br \/>\n<a href=\"http:\/\/www.ebbethisted.dk\" target=\"_blank\" rel=\"noopener\">www.ebbethisted.dk<\/a><\/td>\n<\/tr>\n<tr>\n<td style=\"width: 50%;text-align: left\">\n<h5><strong>Snejbjerg El ApS<br \/>\n<\/strong><\/h5>\n<p>v.\/ Aksel Sixh\u00f8j<\/td>\n<td style=\"width: 50%;text-align: left\">Cypresvej 4<br \/>\n7400 Herning<br \/>\nTlf: (+45) 97 16 10 60<br \/>\nMobil: (+45) 40 26 41 60<br \/>\nMail: <a href=\"mailto:aksel@snejbjerg-el.dk\">aksel@snejbjerg-el.dk<\/a><br \/>\n<a href=\"https:\/\/snejbjerg-el.dk\/\" target=\"_blank\" rel=\"noopener\">www.snejbjerg-el.dk<\/a><\/td>\n<\/tr>\n<\/tbody>\n<\/table>\n<p>[\/vc_column_text][\/vc_tta_section][vc_tta_section title=&raquo;Sydvestjylland&raquo; tab_id=&raquo;1635774317762-191ddbba-e07a&raquo;][vc_column_text]<\/p>\n<table style=\"border-collapse: collapse;width: 100%\">\n<tbody>\n<tr>\n<td style=\"width: 50%;text-align: left\">\n<h5><strong>SolarVenti Sydvestjylland<br \/>\n<\/strong><\/h5>\n<p>v.\/ Thomas Riis<\/td>\n<td style=\"width: 50%;text-align: left\">6855 Outrup<br \/>\nMobil: (+45) 22 64 58 08<br \/>\nMail: <a href=\"mailto:tr@solarventi.dk\">tr@solarventi.dk<\/a><\/td>\n<\/tr>\n<tr>\n<td style=\"width: 50%;text-align: left\">\n<h5 style=\"font-weight: 400\"><strong>XL-BYG, Outrup T\u00f8mmerhandel<\/strong><\/h5>\n<p style=\"font-weight: 400\">v.\/ Niels H Salling<\/p>\n<\/td>\n<td style=\"width: 50%;text-align: left\">\n<p style=\"font-weight: 400\">S\u00f8ndergade 18<br \/>\n6855 Outrup<br \/>\nTlf.: 75 25 12 22<br \/>\nDir: 29 36 56 64<br \/>\nE-mail: <a href=\"mailto:ns@xl-outrup.dk\">ns@xl-outrup.dk<\/a><\/p>\n<\/td>\n<\/tr>\n<tr>\n<td style=\"width: 50%;text-align: left\">\n<h5><strong>Bygma Fan\u00f8<\/strong><\/h5>\n<p>v.\/ Bygma A\/S<strong><br \/>\n<\/strong><\/td>\n<td style=\"width: 50%;text-align: left\">Strandvejen 10 B<br \/>\n6720 Fan\u00f8<br \/>\nTlf: (+45) 75 16 37 00<br \/>\nMobil: (+45) 21 27 21 76<br \/>\nMail: <a href=\"mailto:tag@bygma.dk\">tag@bygma.dk<\/a><br \/>\n<a href=\"https:\/\/www.bygma.dk\/\" target=\"_blank\" rel=\"noopener\">www.bygma.dk<\/a><\/td>\n<\/tr>\n<\/tbody>\n<\/table>\n<p>[\/vc_column_text][\/vc_tta_section][vc_tta_section title=&raquo;Syd\u00f8stjylland&raquo; tab_id=&raquo;1635774317740-406f06d7-cd2a&raquo;][vc_column_text]<\/p>\n<table style=\"border-collapse: collapse;width: 100%\">\n<tbody>\n<tr>\n<td style=\"width: 50%;text-align: left\">\n<h5><strong>Trekantens T\u00f8mrer &amp; Bygningssnedker<\/strong><\/h5>\n<\/td>\n<td style=\"width: 50%;text-align: left\">Tingvejen 21<br \/>\n7000 Fredericia<br \/>\nTlf: (+45) 75 95 43 14<br \/>\nMail: <a href=\"mailto:asl@ttob.dk\">asl@ttob.dk<\/a><br \/>\n<a href=\"http:\/\/www.ttob.dk\" target=\"_blank\" rel=\"noopener\">www.ttob.dk<\/a><\/td>\n<\/tr>\n<tr>\n<td style=\"width: 50%;text-align: left\">\n<h5><strong>Aabenraa VVS A\/S<\/strong><\/h5>\n<p>v.\/ Claus Lund<\/td>\n<td style=\"width: 50%;text-align: left\">Dimen 49<br \/>\n6200 Aabenraa<br \/>\nTlf: (+45) 74 62 47 46<br \/>\nMobil: (+45) 20 27 37 39<br \/>\nMail: <a href=\"mailto:vvs@aabenraa-vvs.dk\">vvs@aabenraa-vvs.dk<\/a><br \/>\n<a href=\"https:\/\/www.vvsmester.dk\/installatorer\/aabenraa-vvs-a-s-lojt-vvs-blik\" target=\"_blank\" rel=\"noopener\">www.aabenraa-vvs.dk<\/a><\/td>\n<\/tr>\n<\/tbody>\n<\/table>\n<p>[\/vc_column_text][\/vc_tta_section][vc_tta_section title=&raquo;Fyn med omliggende \u00f8er&raquo; tab_id=&raquo;1635776832647-e516e7ff-225d&raquo;][vc_column_text]<\/p>\n<table style=\"border-collapse: collapse;width: 100%;height: 351px\">\n<tbody>\n<tr style=\"height: 165px\">\n<td style=\"width: 50%;text-align: left;height: 165px\">\n<h5><strong>NITO-TEK A\/S<\/strong><\/h5>\n<p>v.\/ Ebbe Jespersen<strong><br \/>\n<\/strong><\/td>\n<td style=\"width: 50%;text-align: left;height: 165px\">Gl Byvej 10<br \/>\n5540 Ullerslev<br \/>\nTlf: (+45) 65 98 12 30<br \/>\nMobil: (+45) 20 92 02 30<br \/>\nMail: <a href=\"mailto:ej@ellingesmedie.dk\">ej@ellingesmedie.dk<\/a><br \/>\n<a href=\"https:\/\/ellingesmedie.dk\/\" target=\"_blank\" rel=\"noopener\">www.ellingesmedie.dk<\/a><\/td>\n<\/tr>\n<tr style=\"height: 141px\">\n<td style=\"width: 50%;text-align: left;height: 141px\">\n<h5><strong>Vantinge Klimainstallation ApS<\/strong><\/h5>\n<p>v.\/ Peder Frederiksen<strong><br \/>\n<\/strong><\/td>\n<td style=\"width: 50%;text-align: left;height: 141px\">Nordskovvej 34<br \/>\n5750 Ringe<br \/>\nTlf: (+45) 97 14 27 00<br \/>\nMail: <a href=\"mailto:klima@vteknik.dk\">klima@vteknik.dk<\/a><br \/>\n<a href=\"http:\/\/www.vteknik.dk\" target=\"_blank\" rel=\"noopener\">www.vteknik.dk<\/a><\/td>\n<\/tr>\n<\/tbody>\n<\/table>\n<p>[\/vc_column_text][\/vc_tta_section][vc_tta_section title=&raquo;Sj\u00e6lland med omliggende \u00f8er&raquo; tab_id=&raquo;1635776601096-b3bc8457-8687&#8243;][vc_column_text]<\/p>\n<table style=\"border-collapse: collapse;width: 100%;height: 942px\">\n<tbody>\n<tr style=\"height: 189px\">\n<td style=\"width: 50%;text-align: left;height: 189px\">\n<h5><strong>Solar Varme<br \/>\n<\/strong><\/h5>\n<p>v.\/ Erling Hansen<\/td>\n<td style=\"width: 50%;text-align: left;height: 189px\">Herlev Hovedgade 200, 2730 Herlev<br \/>\nMobil: (+45) 22 55 47 22<br \/>\nMail: <a href=\"mailto:sol@solarvarme.dk\">sol@solarvarme.dk<\/a><br \/>\n<a href=\"https:\/\/solarventicenter-koebenhavn.dk\/\" target=\"_blank\" rel=\"noopener\">www.solarventicenter-k\u00f8benhavn.dk<\/a><\/td>\n<\/tr>\n<tr style=\"height: 189px\">\n<td style=\"width: 50%;text-align: left;height: 189px\">\n<h5><strong>Vridsl\u00f8se Solvarme<\/strong><\/h5>\n<p>v.\/ Ole Jul Pedersen<strong><br \/>\n<\/strong><\/td>\n<td style=\"width: 50%;text-align: left;height: 189px\">Vridsl\u00f8sevej 18<br \/>\n4700 N\u00e6stved<br \/>\nTlf: (+45) 55 77 70 35<br \/>\nMobil: (+45) 40 11 70 35<br \/>\nMail: <a href=\"mailto:ole@solvarme-vvs.dk\">ole@solvarme-vvs.dk<\/a><br \/>\nUdf\u00f8rer service p\u00e5 v\u00e6skeb\u00e5ret anl\u00e6g p\u00e5 sj\u00e6lland og \u00f8erne<\/td>\n<\/tr>\n<tr style=\"height: 141px\">\n<td style=\"width: 50%;text-align: left;height: 141px\">\n<h5><strong>Klimazonen IVS<\/strong><\/h5>\n<p>v.\/ Peter Eis\u00f8<strong><br \/>\n<\/strong><\/td>\n<td style=\"width: 50%;text-align: left;height: 141px\">K\u00f8benhavnsvej 126<br \/>\n4600 K\u00f8ge<br \/>\nMobil: (+45) 40 52 63 83<br \/>\nMail: <a href=\"mailto:peter.eisoe@gmail.com\">peter.eisoe@gmail.com<\/a><br \/>\n<a href=\"https:\/\/klimazonen.dk\/\" target=\"_blank\" rel=\"noopener\">www.klimazonen.dk<\/a><\/td>\n<\/tr>\n<tr style=\"height: 213px\">\n<td style=\"width: 50%;text-align: left;height: 213px\">\n<h5><strong>R\u00f8rvig-Hestehave VVS &amp; Kloak<\/strong><\/h5>\n<p>v.\/ Martin Olsen<strong><br \/>\n<\/strong><\/td>\n<td style=\"width: 50%;text-align: left;height: 213px\">N\u00f8rrevangsvej 23<br \/>\n4581 R\u00f8rvig<br \/>\nTlf: (+45) 59 91 94 74<br \/>\nMobil: (+45) 21 71 58 41<br \/>\nMail: <a href=\"mailto:post@rorvigvvs.dk\">post@rorvigvvs.dk<\/a><br \/>\n<a href=\"https:\/\/www.rorvigvvs.dk\/\" target=\"_blank\" rel=\"noopener\">www.rorvigvvs.dk<\/a><br \/>\nVi udf\u00f8rer ovenn\u00e6vnte i Odsherred kommune.<\/td>\n<\/tr>\n<tr style=\"height: 165px\">\n<td style=\"width: 50%;text-align: left;height: 165px\">\n<h5><strong>Ove Oddermose\u2019s Eftf ApS<\/strong><\/h5>\n<p>v.\/ Morten H\u00f8yer<strong><br \/>\n<\/strong><\/td>\n<td style=\"width: 50%;text-align: left;height: 165px\">Frederiksensvej 13<br \/>\n4780 Stege<br \/>\nMob: (+45) 40 11 41 94<br \/>\nMail: <a href=\"mailto:kontakt@mortenhoyer.dk\">kontakt@mortenhoyer.dk<\/a><br \/>\n<a href=\"http:\/\/www.mortenhoyer.dk\">www.mortenhoyer.dk<\/a><\/td>\n<\/tr>\n<\/tbody>\n<\/table>\n<p>[\/vc_column_text][\/vc_tta_section][vc_tta_section title=&raquo;Bornholm&raquo; tab_id=&raquo;1635776746197-d1a04705-5fad&raquo;][vc_column_text]<\/p>\n<table style=\"border-collapse: collapse;width: 100%\">\n<tbody>\n<tr>\n<td style=\"width: 50%;text-align: left\">\n<h5><strong>Byg-Gr\u00f8nt<\/strong><\/h5>\n<p>v.\/ Peter Kongskov<\/td>\n<td style=\"width: 50%;text-align: left\">Snellemark 30, 2. sal<br \/>\n3700 R\u00f8nne<br \/>\nMobil: (+45) 60 80 97 92<br \/>\nMail: <a href=\"mailto:peter@byg-groent.dk\">peter@byg-groent.dk<\/a><br \/>\n<a href=\"https:\/\/byg-groent.dk\/\" target=\"_blank\" rel=\"noopener\">www.byg-groent.dk<\/a><br \/>\nSpecialister i b\u00e6redygtigt byggeri<\/td>\n<\/tr>\n<\/tbody>\n<\/table>\n<p>[\/vc_column_text][\/vc_tta_section][\/vc_tta_accordion][\/vc_column][\/vc_row][vc_row section_type=&raquo;fullwidth&raquo; padding_top_multiplier=&raquo;&raquo; padding_bottom_multiplier=&raquo;&raquo; rc_bg_type=&raquo;color&raquo; rc_bg_color=&raquo;#e9f2fc&raquo;][vc_column width=&raquo;1\/2&#8243; vertical_content_position=&raquo;middle&raquo; full_height=&raquo;yes&raquo; text_align=&raquo;center&raquo; rc_bg_type=&raquo;image&raquo; rc_bg_image=&raquo;4116&#8243;]<div style=\"height: 300px;\" class=\"grve-empty-space\"><\/div>[\/vc_column][vc_column width=&raquo;1\/2&#8243; content_width=&raquo;custom&raquo; vertical_content_position=&raquo;middle&raquo; grve_css=&raquo;{&laquo;desktop&laquo;:{&laquo;padding-top&laquo;:&laquo;10%&laquo;,&laquo;padding-right&laquo;:&laquo;15%&laquo;,&laquo;padding-bottom&laquo;:&laquo;10%&laquo;,&laquo;padding-left&laquo;:&laquo;15%&laquo;,&laquo;class&laquo;:&laquo;grve-wpb-1632132049842&laquo;}}&raquo; el_class=&raquo;no-column-gap&raquo; custom_content_width=&raquo;400px&raquo;]<h3 class=\"grve-element grve-title grve-align-inherit grve-h3\"><span>Har du sp\u00f8rgsm\u00e5l hj\u00e6lper vi gerne med at finde den rette l\u00f8sning til dit behov.<\/span><\/h3><div class=\"grve-element grve-align-left\"><a href=\"https:\/\/solarventi.dk\/no\/kontakt\/kontakt-solarventi\/\" title=\"Kontakt SolarVenti\" class=\"grve-btn-text grve-btn-only-text grve-text-primary-1 grve-text-hover-black grve-btn-medium grve-with-icon\">\r\n\t\t<div class=\"grve-btn-inner\">\r\n\t\t<span>Kontakt os<\/span>\r\n\t\t\t\t\t\t\t<div class=\"grve-btn-icon\">\r\n\t\t\t<span class=\"grve-icon fas fa-chevron-circle-right\"><\/span>\r\n\t\t<\/div>\r\n\t\t\t\t\t<\/div>\r\n\t<\/a><\/div>[\/vc_column][\/vc_row]<\/p>\n<\/div>","protected":false},"excerpt":{"rendered":"<p>[vc_row padding_top_multiplier=&raquo;2x&raquo; padding_bottom_multiplier=&raquo;3x&raquo; section_id=&raquo;hvordan-er-luften&raquo;][vc_column width=&raquo;4\/12&#8243;][vc_column_text]Fabriksvej 8 DK-8881 Thors\u00f8 CVR: 44110385 +45 86 96 67 00 info@solarventi.dk[\/vc_column_text][\/vc_column][vc_column width=&raquo;8\/12&#8243;][vc_tta_accordion active_section=&raquo;0&#8243; heading=&raquo;h5&#8243;][vc_tta_section title=&raquo;Nordjylland&raquo; tab_id=&raquo;1635774317859-b7e59dce-521f&raquo;][vc_column_text] IGLO-VENT Klima &amp; Maskinteknik v.\/ Bent S\u00f8rensen Hedevej 27 9640 Fars\u00f8 Tlf: (+45) 28 89 35 43 Mail: bs@iglovent.dk www.iglo-vent.dk Klima Service Nord v.\/ Thomas Meldgaard Snedronningens vej 80 9230 Svenstrup J Tlf: (+45) [&hellip;]<\/p>\n","protected":false},"author":1,"featured_media":0,"parent":5556,"menu_order":1,"comment_status":"closed","ping_status":"closed","template":"","meta":{"footnotes":""},"class_list":["post-4136","page","type-page","status-publish","hentry","grve-entry-item"],"yoast_head":"<!-- This site is optimized with the Yoast SEO Premium plugin v25.1 (Yoast SEO v25.1) - https:\/\/yoast.com\/wordpress\/plugins\/seo\/ -->\n<title>Samarbejdspartnere i Danmark | Mont\u00f8rer af SolarVenti\u00ae<\/title>\n<meta name=\"description\" content=\"Med certificerede samarbejdspartnere i hele landet sikrer vi, at man kan f\u00e5 monteret sin SolarVenti af en fagperson. Find din mont\u00f8r her\" \/>\n<meta name=\"robots\" content=\"index, follow, max-snippet:-1, max-image-preview:large, max-video-preview:-1\" \/>\n<link rel=\"canonical\" href=\"https:\/\/solarventi.dk\/no\/kontakt\/partnere\/danske-samarbejdspartnere\/\" \/>\n<meta property=\"og:locale\" content=\"nb_NO\" \/>\n<meta property=\"og:type\" content=\"article\" \/>\n<meta property=\"og:title\" content=\"Danske samarbejdspartnere\" \/>\n<meta property=\"og:description\" content=\"Med certificerede samarbejdspartnere i hele landet sikrer vi, at man kan f\u00e5 monteret sin SolarVenti af en fagperson. Find din mont\u00f8r her\" \/>\n<meta property=\"og:url\" content=\"https:\/\/solarventi.dk\/no\/kontakt\/partnere\/danske-samarbejdspartnere\/\" \/>\n<meta property=\"og:site_name\" content=\"SolarVenti NORGE\" \/>\n<meta property=\"article:modified_time\" content=\"2024-04-22T15:20:23+00:00\" \/>\n<meta name=\"twitter:card\" content=\"summary_large_image\" \/>\n<meta name=\"twitter:label1\" content=\"Ansl. lesetid\" \/>\n\t<meta name=\"twitter:data1\" content=\"5 minutter\" \/>\n<script type=\"application\/ld+json\" class=\"yoast-schema-graph\">{\"@context\":\"https:\/\/schema.org\",\"@graph\":[{\"@type\":\"WebPage\",\"@id\":\"https:\/\/solarventi.dk\/no\/kontakt\/partnere\/danske-samarbejdspartnere\/\",\"url\":\"https:\/\/solarventi.dk\/no\/kontakt\/partnere\/danske-samarbejdspartnere\/\",\"name\":\"Samarbejdspartnere i Danmark | Mont\u00f8rer af SolarVenti\u00ae\",\"isPartOf\":{\"@id\":\"https:\/\/solarventi.dk\/no\/#website\"},\"datePublished\":\"2021-11-01T13:38:33+00:00\",\"dateModified\":\"2024-04-22T15:20:23+00:00\",\"description\":\"Med certificerede samarbejdspartnere i hele landet sikrer vi, at man kan f\u00e5 monteret sin SolarVenti af en fagperson. Find din mont\u00f8r her\",\"breadcrumb\":{\"@id\":\"https:\/\/solarventi.dk\/no\/kontakt\/partnere\/danske-samarbejdspartnere\/#breadcrumb\"},\"inLanguage\":\"nb-NO\",\"potentialAction\":[{\"@type\":\"ReadAction\",\"target\":[\"https:\/\/solarventi.dk\/no\/kontakt\/partnere\/danske-samarbejdspartnere\/\"]}]},{\"@type\":\"BreadcrumbList\",\"@id\":\"https:\/\/solarventi.dk\/no\/kontakt\/partnere\/danske-samarbejdspartnere\/#breadcrumb\",\"itemListElement\":[{\"@type\":\"ListItem\",\"position\":1,\"name\":\"Forside\",\"item\":\"https:\/\/solarventi.dk\/no\/\"},{\"@type\":\"ListItem\",\"position\":2,\"name\":\"Kontakt\",\"item\":\"https:\/\/solarventi.dk\/no\/kontakt\/\"},{\"@type\":\"ListItem\",\"position\":3,\"name\":\"Partnere\",\"item\":\"https:\/\/solarventi.dk\/no\/kontakt\/partnere\/\"},{\"@type\":\"ListItem\",\"position\":4,\"name\":\"Danske samarbejdspartnere\"}]},{\"@type\":\"WebSite\",\"@id\":\"https:\/\/solarventi.dk\/no\/#website\",\"url\":\"https:\/\/solarventi.dk\/no\/\",\"name\":\"SolarVenti NORGE\",\"description\":\"Salg av SolarVenti\",\"potentialAction\":[{\"@type\":\"SearchAction\",\"target\":{\"@type\":\"EntryPoint\",\"urlTemplate\":\"https:\/\/solarventi.dk\/no\/?s={search_term_string}\"},\"query-input\":{\"@type\":\"PropertyValueSpecification\",\"valueRequired\":true,\"valueName\":\"search_term_string\"}}],\"inLanguage\":\"nb-NO\"}]}<\/script>\n<!-- \/ Yoast SEO Premium plugin. -->","yoast_head_json":{"title":"Samarbejdspartnere i Danmark | Mont\u00f8rer af SolarVenti\u00ae","description":"Med certificerede samarbejdspartnere i hele landet sikrer vi, at man kan f\u00e5 monteret sin SolarVenti af en fagperson. Find din mont\u00f8r her","robots":{"index":"index","follow":"follow","max-snippet":"max-snippet:-1","max-image-preview":"max-image-preview:large","max-video-preview":"max-video-preview:-1"},"canonical":"https:\/\/solarventi.dk\/no\/kontakt\/partnere\/danske-samarbejdspartnere\/","og_locale":"nb_NO","og_type":"article","og_title":"Danske samarbejdspartnere","og_description":"Med certificerede samarbejdspartnere i hele landet sikrer vi, at man kan f\u00e5 monteret sin SolarVenti af en fagperson. Find din mont\u00f8r her","og_url":"https:\/\/solarventi.dk\/no\/kontakt\/partnere\/danske-samarbejdspartnere\/","og_site_name":"SolarVenti NORGE","article_modified_time":"2024-04-22T15:20:23+00:00","twitter_card":"summary_large_image","twitter_misc":{"Ansl. lesetid":"5 minutter"},"schema":{"@context":"https:\/\/schema.org","@graph":[{"@type":"WebPage","@id":"https:\/\/solarventi.dk\/no\/kontakt\/partnere\/danske-samarbejdspartnere\/","url":"https:\/\/solarventi.dk\/no\/kontakt\/partnere\/danske-samarbejdspartnere\/","name":"Samarbejdspartnere i Danmark | Mont\u00f8rer af SolarVenti\u00ae","isPartOf":{"@id":"https:\/\/solarventi.dk\/no\/#website"},"datePublished":"2021-11-01T13:38:33+00:00","dateModified":"2024-04-22T15:20:23+00:00","description":"Med certificerede samarbejdspartnere i hele landet sikrer vi, at man kan f\u00e5 monteret sin SolarVenti af en fagperson. Find din mont\u00f8r her","breadcrumb":{"@id":"https:\/\/solarventi.dk\/no\/kontakt\/partnere\/danske-samarbejdspartnere\/#breadcrumb"},"inLanguage":"nb-NO","potentialAction":[{"@type":"ReadAction","target":["https:\/\/solarventi.dk\/no\/kontakt\/partnere\/danske-samarbejdspartnere\/"]}]},{"@type":"BreadcrumbList","@id":"https:\/\/solarventi.dk\/no\/kontakt\/partnere\/danske-samarbejdspartnere\/#breadcrumb","itemListElement":[{"@type":"ListItem","position":1,"name":"Forside","item":"https:\/\/solarventi.dk\/no\/"},{"@type":"ListItem","position":2,"name":"Kontakt","item":"https:\/\/solarventi.dk\/no\/kontakt\/"},{"@type":"ListItem","position":3,"name":"Partnere","item":"https:\/\/solarventi.dk\/no\/kontakt\/partnere\/"},{"@type":"ListItem","position":4,"name":"Danske samarbejdspartnere"}]},{"@type":"WebSite","@id":"https:\/\/solarventi.dk\/no\/#website","url":"https:\/\/solarventi.dk\/no\/","name":"SolarVenti NORGE","description":"Salg av SolarVenti","potentialAction":[{"@type":"SearchAction","target":{"@type":"EntryPoint","urlTemplate":"https:\/\/solarventi.dk\/no\/?s={search_term_string}"},"query-input":{"@type":"PropertyValueSpecification","valueRequired":true,"valueName":"search_term_string"}}],"inLanguage":"nb-NO"}]}},"_links":{"self":[{"href":"https:\/\/solarventi.dk\/no\/wp-json\/wp\/v2\/pages\/4136","targetHints":{"allow":["GET"]}}],"collection":[{"href":"https:\/\/solarventi.dk\/no\/wp-json\/wp\/v2\/pages"}],"about":[{"href":"https:\/\/solarventi.dk\/no\/wp-json\/wp\/v2\/types\/page"}],"author":[{"embeddable":true,"href":"https:\/\/solarventi.dk\/no\/wp-json\/wp\/v2\/users\/1"}],"replies":[{"embeddable":true,"href":"https:\/\/solarventi.dk\/no\/wp-json\/wp\/v2\/comments?post=4136"}],"version-history":[{"count":0,"href":"https:\/\/solarventi.dk\/no\/wp-json\/wp\/v2\/pages\/4136\/revisions"}],"up":[{"embeddable":true,"href":"https:\/\/solarventi.dk\/no\/wp-json\/wp\/v2\/pages\/5556"}],"wp:attachment":[{"href":"https:\/\/solarventi.dk\/no\/wp-json\/wp\/v2\/media?parent=4136"}],"curies":[{"name":"wp","href":"https:\/\/api.w.org\/{rel}","templated":true}]}}