{"id":3305,"date":"2021-10-09T11:36:21","date_gmt":"2021-10-09T09:36:21","guid":{"rendered":"https:\/\/solarventi.dk\/no.linux101.curanetserver.dk\/?page_id=3305"},"modified":"2024-04-16T13:10:02","modified_gmt":"2024-04-16T11:10:02","slug":"hva-er-solventilasjon","status":"publish","type":"page","link":"https:\/\/solarventi.dk\/no\/om-solarventi\/hva-er-solventilasjon\/","title":{"rendered":"Hva er sol ventilasjon"},"content":{"rendered":"<div class=\"wpb-content-wrapper\"><p>[vc_row padding_top_multiplier=&raquo;2x&raquo; padding_bottom_multiplier=&raquo;2x&raquo;][vc_column width=&raquo;4\/12&#8243;]<div class=\"grve-element grve-title grve-align-inherit grve-subtitle-text\"><span>Mange \u00e5rs forskning og testing har gitt oss en omfattende innsikt i og forst\u00e5else for hvordan man kan skape et naturlig sunt inneklima gjennom solcelledrevet ventilasjon.<\/span><\/div>[\/vc_column][vc_column width=&raquo;8\/12&#8243;][vc_column_text]En SolarVenti er en b\u00e6rekraftig ventilasjonsl\u00f8sning som skaper et naturlig sunt inneklima. Solens str\u00e5ler og et patentert system s\u00f8rger for at frisk uteluft bl\u00e5ses inn i bygningen og fungerer som en t\u00f8rr svamp som absorberer fuktigheten og bl\u00e5ser den ut igjen \u2013 som et naturlig pust. Alt fra skoler til sommerhus og fra kjellere til lager nyter godt av inneklimaet en SolarVenti skaper. Og det skjer i alle klimasoner fra Gr\u00f8nland til New Zealand.<\/p>\n<p>Mange \u00e5rs forskning og testing har gitt oss en omfattende innsikt i og forst\u00e5else for hvordan man kan skape et naturlig sunt inneklima gjennom solcelledrevet ventilasjon.<\/p>\n<p>Kort fortalt handler det om fuktighet. Det er luftens evne til \u00e5 inneholde vann (vanndamp) ved forskjellige temperaturer. Jo h\u00f8yere lufttemperatur, jo mer vann kan den holde \u2013 faktisk er tommelfingerregelen at for hver gang du \u00f8ker temperaturen med ca. 11\u00b0C dobler luftens evne til \u00e5 absorbere vann.<\/p>\n<p>En sentral faktor i SolarVentiens avfukting er solens str\u00e5ling. Ved ventilering og avfukting av f.eks. Tiny Houses og hytter utnytter kraften fra solens varierende str\u00e5ling til \u00e5 bygge et slags &laquo;t\u00f8rrhetslager&raquo; i vegger, gulv, tak osv. som kan absorbere fuktigheten som oppst\u00e5r n\u00e5r temperaturen stiger og synker, f.eks. n\u00e5r solen ikke skinner. Dette sikrer et naturlig samspill mellom avfukting og fuktighet \u2013 en slags naturlig pust \u2013 og at balansen opprettholdes hele \u00e5ret. I denne typen bygg betyr det at SolarVentien kan n\u00f8ye seg med \u00e5 la solen styre avfuktingen via en solcelle.[\/vc_column_text][\/vc_column][\/vc_row][vc_row section_type=&raquo;fullwidth&raquo; padding_top_multiplier=&raquo;&raquo; padding_bottom_multiplier=&raquo;&raquo; rc_bg_type=&raquo;color&raquo; rc_bg_color=&raquo;#e9f2fc&raquo;][vc_column width=&raquo;1\/2&#8243; vertical_content_position=&raquo;middle&raquo; full_height=&raquo;yes&raquo; text_align=&raquo;center&raquo; rc_bg_type=&raquo;image&raquo; rc_bg_image=&raquo;3870&#8243;]<div style=\"height: 300px;\" class=\"grve-empty-space\"><\/div>[\/vc_column][vc_column width=&raquo;1\/2&#8243; content_width=&raquo;custom&raquo; vertical_content_position=&raquo;middle&raquo; grve_css=&raquo;{&laquo;desktop&laquo;:{&laquo;padding-top&laquo;:&laquo;10%&laquo;,&laquo;padding-right&laquo;:&laquo;15%&laquo;,&laquo;padding-bottom&laquo;:&laquo;10%&laquo;,&laquo;padding-left&laquo;:&laquo;15%&laquo;,&laquo;class&laquo;:&laquo;grve-wpb-1632132194296&laquo;}}&raquo; el_class=&raquo;no-column-gap&raquo; custom_content_width=&raquo;400px&raquo;]<h3 class=\"grve-element grve-title grve-align-inherit grve-h3\"><span>Hvis du har sp\u00f8rsm\u00e5l, hjelper vi deg gjerne med \u00e5 finne den rette l\u00f8sningen for deg<\/span><\/h3><div class=\"grve-element grve-align-left\"><a href=\"https:\/\/solarventi.dk\/no\/kontakt\/kontakt-solarventi\/\" title=\"Kontakt SolarVenti\" class=\"grve-btn-text grve-btn-only-text grve-text-primary-1 grve-text-hover-black grve-btn-medium grve-with-icon\">\r\n\t\t<div class=\"grve-btn-inner\">\r\n\t\t<span>Kontakt oss<\/span>\r\n\t\t\t\t\t\t\t<div class=\"grve-btn-icon\">\r\n\t\t\t<span class=\"grve-icon fas fa-chevron-circle-right\"><\/span>\r\n\t\t<\/div>\r\n\t\t\t\t\t<\/div>\r\n\t<\/a><\/div>[\/vc_column][\/vc_row][vc_row padding_top_multiplier=&raquo;2x&raquo; padding_bottom_multiplier=&raquo;2x&raquo; section_id=&raquo;ingen-vedligeholdelse&raquo;][vc_column width=&raquo;8\/12&#8243; tablet_sm_width=&raquo;1&#8243; mobile_width=&raquo;1&#8243;][vc_column_text]I fuktf\u00f8lsomme milj\u00f8er som f.eks uoppvarmede kjellere eller i haller kan styringen imidlertid ikke overlates til en solcelle. Derfor har SolarVenti utviklet en intelligent styring som hele tiden m\u00e5ler og justerer de aktuelle fuktighetsniv\u00e5ene inne og ute. P\u00e5 denne m\u00e5ten sikres et naturlig samspill mellom avfukting og fukt og at balansen kan opprettholdes hele \u00e5ret. Samtidig s\u00f8rger et balansert forhold mellom luften som bl\u00e5ses inn og trekkes ut at det ikke oppst\u00e5r under- eller overtrykk som kan skape fukt- eller radonproblemer. Til slutt s\u00f8rger hastigheten p\u00e5 luftstr\u00f8mmen for at det ikke oppst\u00e5r kondens.<\/p>\n<p>Alt i alt er det m\u00e5ten en SolarVenti utnytter solens str\u00e5ling, de fysiske prinsippene og verdiene i forhold til luftfuktighet og lufthastigheten til ventilasjonen som er avgj\u00f8rende for at luften skal fungere som en avfuktende t\u00f8rr svamp \u00e5ret rundt. &#8211; selv under sv\u00e6rt vanskelige forhold, som de som finnes for eksempel i fuktf\u00f8lsomme milj\u00f8er.<\/p>\n<p>Det er med denne kunnskapen vi har laget v\u00e5re b\u00e6rekraftige ventilasjonsl\u00f8sninger som vi kaller SolarVenti og som bl.a. oppn\u00e5r disse tre tingene samtidig.<\/p>\n<ul>\n<li>Det skaper et naturlig sunt inneklima.<\/li>\n<li>Det reduserer energiforbruket i en bygning.<\/li>\n<li>Det reduserer CO2-avtrykket.<\/li>\n<\/ul>\n<p>[\/vc_column_text][vc_column_text]Hva het solcelledrevet ventilasjon f\u00f8r? Faktisk brukte vi i SolarVenti navnene blant annet luftsolfanger og solfanger. Du kan lese mer om hvordan solcelledrevet ventilasjon fikk navnet sitt i SolarVenti nedenfor.[\/vc_column_text]<div class=\"grve-empty-space grve-height-1x\"><\/div><div class=\"grve-element grve-align-left\"><a href=\"https:\/\/solarventi.dk\/no\/luftsolfanger-eller-solcelle-ventilator\/\" title=\"Luftsolfanger eller solcelle ventilator?\" class=\"grve-btn-text grve-btn-only-text grve-text-primary-1 grve-text-hover-black grve-btn-medium grve-with-icon\">\r\n\t\t<div class=\"grve-btn-inner\">\r\n\t\t<span>Les mer<\/span>\r\n\t\t\t\t\t\t\t<div class=\"grve-btn-icon\">\r\n\t\t\t<span class=\"grve-icon fas fa-chevron-circle-right\"><\/span>\r\n\t\t<\/div>\r\n\t\t\t\t\t<\/div>\r\n\t<\/a><\/div>[\/vc_column][vc_column width=&raquo;4\/12&#8243; tablet_sm_width=&raquo;hide&raquo; mobile_width=&raquo;hide&raquo;]<div class=\"grve-element grve-title grve-align-inherit grve-subtitle-text\"><span><\/span><\/div>[\/vc_column][\/vc_row]<\/p>\n<\/div>","protected":false},"excerpt":{"rendered":"<p>[vc_row padding_top_multiplier=&raquo;2x&raquo; padding_bottom_multiplier=&raquo;2x&raquo;][vc_column width=&raquo;4\/12&#8243;][\/vc_column][vc_column width=&raquo;8\/12&#8243;][vc_column_text]En SolarVenti er en b\u00e6rekraftig ventilasjonsl\u00f8sning som skaper et naturlig sunt inneklima. Solens str\u00e5ler og et patentert system s\u00f8rger for at frisk uteluft bl\u00e5ses inn i bygningen og fungerer som en t\u00f8rr svamp som absorberer fuktigheten og bl\u00e5ser den ut igjen \u2013 som et naturlig pust. Alt fra skoler til sommerhus [&hellip;]<\/p>\n","protected":false},"author":1,"featured_media":3882,"parent":909,"menu_order":0,"comment_status":"closed","ping_status":"closed","template":"","meta":{"footnotes":""},"class_list":["post-3305","page","type-page","status-publish","has-post-thumbnail","hentry","grve-entry-item"],"yoast_head":"<!-- This site is optimized with the Yoast SEO Premium plugin v25.1 (Yoast SEO v25.1) - https:\/\/yoast.com\/wordpress\/plugins\/seo\/ -->\n<title>Solcelledrevet ventilasjon = b\u00e6rekraftig inneklima | SolarVenti<\/title>\n<meta name=\"description\" content=\"Slik brukes solcelledrevet ventilasjon for \u00e5 oppn\u00e5 en b\u00e6rekraftig bolig. Hos SolarVenti r\u00e5der vi deg til \u00e5 huske p\u00e5 et sunt inneklima. Les mer her\" \/>\n<meta name=\"robots\" content=\"index, follow, max-snippet:-1, max-image-preview:large, max-video-preview:-1\" \/>\n<link rel=\"canonical\" href=\"https:\/\/solarventi.dk\/no\/om-solarventi\/hva-er-solventilasjon\/\" \/>\n<meta property=\"og:locale\" content=\"nb_NO\" \/>\n<meta property=\"og:type\" content=\"article\" \/>\n<meta property=\"og:title\" content=\"Hva er sol ventilasjon\" \/>\n<meta property=\"og:description\" content=\"Slik brukes solcelledrevet ventilasjon for \u00e5 oppn\u00e5 en b\u00e6rekraftig bolig. Hos SolarVenti r\u00e5der vi deg til \u00e5 huske p\u00e5 et sunt inneklima. Les mer her\" \/>\n<meta property=\"og:url\" content=\"https:\/\/solarventi.dk\/no\/om-solarventi\/hva-er-solventilasjon\/\" \/>\n<meta property=\"og:site_name\" content=\"SolarVenti NORGE\" \/>\n<meta property=\"article:modified_time\" content=\"2024-04-16T11:10:02+00:00\" \/>\n<meta property=\"og:image\" content=\"https:\/\/solarventi.dk\/no\/wp-content\/uploads\/sites\/8\/2021\/10\/solarventi-top-soldrevet-ventilation-02.jpg\" \/>\n\t<meta property=\"og:image:width\" content=\"1400\" \/>\n\t<meta property=\"og:image:height\" content=\"700\" \/>\n\t<meta property=\"og:image:type\" content=\"image\/jpeg\" \/>\n<meta name=\"twitter:card\" content=\"summary_large_image\" \/>\n<meta name=\"twitter:label1\" content=\"Ansl. lesetid\" \/>\n\t<meta name=\"twitter:data1\" content=\"4 minutter\" \/>\n<script type=\"application\/ld+json\" class=\"yoast-schema-graph\">{\"@context\":\"https:\/\/schema.org\",\"@graph\":[{\"@type\":\"WebPage\",\"@id\":\"https:\/\/solarventi.dk\/no\/om-solarventi\/hva-er-solventilasjon\/\",\"url\":\"https:\/\/solarventi.dk\/no\/om-solarventi\/hva-er-solventilasjon\/\",\"name\":\"Solcelledrevet ventilasjon = b\u00e6rekraftig inneklima | SolarVenti\",\"isPartOf\":{\"@id\":\"https:\/\/solarventi.dk\/no\/#website\"},\"primaryImageOfPage\":{\"@id\":\"https:\/\/solarventi.dk\/no\/om-solarventi\/hva-er-solventilasjon\/#primaryimage\"},\"image\":{\"@id\":\"https:\/\/solarventi.dk\/no\/om-solarventi\/hva-er-solventilasjon\/#primaryimage\"},\"thumbnailUrl\":\"https:\/\/solarventi.dk\/no\/wp-content\/uploads\/sites\/8\/2021\/10\/solarventi-top-soldrevet-ventilation-02.jpg\",\"datePublished\":\"2021-10-09T09:36:21+00:00\",\"dateModified\":\"2024-04-16T11:10:02+00:00\",\"description\":\"Slik brukes solcelledrevet ventilasjon for \u00e5 oppn\u00e5 en b\u00e6rekraftig bolig. Hos SolarVenti r\u00e5der vi deg til \u00e5 huske p\u00e5 et sunt inneklima. Les mer her\",\"breadcrumb\":{\"@id\":\"https:\/\/solarventi.dk\/no\/om-solarventi\/hva-er-solventilasjon\/#breadcrumb\"},\"inLanguage\":\"nb-NO\",\"potentialAction\":[{\"@type\":\"ReadAction\",\"target\":[\"https:\/\/solarventi.dk\/no\/om-solarventi\/hva-er-solventilasjon\/\"]}]},{\"@type\":\"ImageObject\",\"inLanguage\":\"nb-NO\",\"@id\":\"https:\/\/solarventi.dk\/no\/om-solarventi\/hva-er-solventilasjon\/#primaryimage\",\"url\":\"https:\/\/solarventi.dk\/no\/wp-content\/uploads\/sites\/8\/2021\/10\/solarventi-top-soldrevet-ventilation-02.jpg\",\"contentUrl\":\"https:\/\/solarventi.dk\/no\/wp-content\/uploads\/sites\/8\/2021\/10\/solarventi-top-soldrevet-ventilation-02.jpg\",\"width\":1400,\"height\":700,\"caption\":\"Sundhed med solens indstr\u00e5ling\"},{\"@type\":\"BreadcrumbList\",\"@id\":\"https:\/\/solarventi.dk\/no\/om-solarventi\/hva-er-solventilasjon\/#breadcrumb\",\"itemListElement\":[{\"@type\":\"ListItem\",\"position\":1,\"name\":\"Forside\",\"item\":\"https:\/\/solarventi.dk\/no\/\"},{\"@type\":\"ListItem\",\"position\":2,\"name\":\"Om SolarVenti\",\"item\":\"https:\/\/solarventi.dk\/no\/om-solarventi\/\"},{\"@type\":\"ListItem\",\"position\":3,\"name\":\"Hva er sol ventilasjon\"}]},{\"@type\":\"WebSite\",\"@id\":\"https:\/\/solarventi.dk\/no\/#website\",\"url\":\"https:\/\/solarventi.dk\/no\/\",\"name\":\"SolarVenti NORGE\",\"description\":\"Salg av SolarVenti\",\"potentialAction\":[{\"@type\":\"SearchAction\",\"target\":{\"@type\":\"EntryPoint\",\"urlTemplate\":\"https:\/\/solarventi.dk\/no\/?s={search_term_string}\"},\"query-input\":{\"@type\":\"PropertyValueSpecification\",\"valueRequired\":true,\"valueName\":\"search_term_string\"}}],\"inLanguage\":\"nb-NO\"}]}<\/script>\n<!-- \/ Yoast SEO Premium plugin. -->","yoast_head_json":{"title":"Solcelledrevet ventilasjon = b\u00e6rekraftig inneklima | SolarVenti","description":"Slik brukes solcelledrevet ventilasjon for \u00e5 oppn\u00e5 en b\u00e6rekraftig bolig. Hos SolarVenti r\u00e5der vi deg til \u00e5 huske p\u00e5 et sunt inneklima. Les mer her","robots":{"index":"index","follow":"follow","max-snippet":"max-snippet:-1","max-image-preview":"max-image-preview:large","max-video-preview":"max-video-preview:-1"},"canonical":"https:\/\/solarventi.dk\/no\/om-solarventi\/hva-er-solventilasjon\/","og_locale":"nb_NO","og_type":"article","og_title":"Hva er sol ventilasjon","og_description":"Slik brukes solcelledrevet ventilasjon for \u00e5 oppn\u00e5 en b\u00e6rekraftig bolig. Hos SolarVenti r\u00e5der vi deg til \u00e5 huske p\u00e5 et sunt inneklima. Les mer her","og_url":"https:\/\/solarventi.dk\/no\/om-solarventi\/hva-er-solventilasjon\/","og_site_name":"SolarVenti NORGE","article_modified_time":"2024-04-16T11:10:02+00:00","og_image":[{"width":1400,"height":700,"url":"https:\/\/solarventi.dk\/no\/wp-content\/uploads\/sites\/8\/2021\/10\/solarventi-top-soldrevet-ventilation-02.jpg","type":"image\/jpeg"}],"twitter_card":"summary_large_image","twitter_misc":{"Ansl. lesetid":"4 minutter"},"schema":{"@context":"https:\/\/schema.org","@graph":[{"@type":"WebPage","@id":"https:\/\/solarventi.dk\/no\/om-solarventi\/hva-er-solventilasjon\/","url":"https:\/\/solarventi.dk\/no\/om-solarventi\/hva-er-solventilasjon\/","name":"Solcelledrevet ventilasjon = b\u00e6rekraftig inneklima | SolarVenti","isPartOf":{"@id":"https:\/\/solarventi.dk\/no\/#website"},"primaryImageOfPage":{"@id":"https:\/\/solarventi.dk\/no\/om-solarventi\/hva-er-solventilasjon\/#primaryimage"},"image":{"@id":"https:\/\/solarventi.dk\/no\/om-solarventi\/hva-er-solventilasjon\/#primaryimage"},"thumbnailUrl":"https:\/\/solarventi.dk\/no\/wp-content\/uploads\/sites\/8\/2021\/10\/solarventi-top-soldrevet-ventilation-02.jpg","datePublished":"2021-10-09T09:36:21+00:00","dateModified":"2024-04-16T11:10:02+00:00","description":"Slik brukes solcelledrevet ventilasjon for \u00e5 oppn\u00e5 en b\u00e6rekraftig bolig. Hos SolarVenti r\u00e5der vi deg til \u00e5 huske p\u00e5 et sunt inneklima. Les mer her","breadcrumb":{"@id":"https:\/\/solarventi.dk\/no\/om-solarventi\/hva-er-solventilasjon\/#breadcrumb"},"inLanguage":"nb-NO","potentialAction":[{"@type":"ReadAction","target":["https:\/\/solarventi.dk\/no\/om-solarventi\/hva-er-solventilasjon\/"]}]},{"@type":"ImageObject","inLanguage":"nb-NO","@id":"https:\/\/solarventi.dk\/no\/om-solarventi\/hva-er-solventilasjon\/#primaryimage","url":"https:\/\/solarventi.dk\/no\/wp-content\/uploads\/sites\/8\/2021\/10\/solarventi-top-soldrevet-ventilation-02.jpg","contentUrl":"https:\/\/solarventi.dk\/no\/wp-content\/uploads\/sites\/8\/2021\/10\/solarventi-top-soldrevet-ventilation-02.jpg","width":1400,"height":700,"caption":"Sundhed med solens indstr\u00e5ling"},{"@type":"BreadcrumbList","@id":"https:\/\/solarventi.dk\/no\/om-solarventi\/hva-er-solventilasjon\/#breadcrumb","itemListElement":[{"@type":"ListItem","position":1,"name":"Forside","item":"https:\/\/solarventi.dk\/no\/"},{"@type":"ListItem","position":2,"name":"Om SolarVenti","item":"https:\/\/solarventi.dk\/no\/om-solarventi\/"},{"@type":"ListItem","position":3,"name":"Hva er sol ventilasjon"}]},{"@type":"WebSite","@id":"https:\/\/solarventi.dk\/no\/#website","url":"https:\/\/solarventi.dk\/no\/","name":"SolarVenti NORGE","description":"Salg av SolarVenti","potentialAction":[{"@type":"SearchAction","target":{"@type":"EntryPoint","urlTemplate":"https:\/\/solarventi.dk\/no\/?s={search_term_string}"},"query-input":{"@type":"PropertyValueSpecification","valueRequired":true,"valueName":"search_term_string"}}],"inLanguage":"nb-NO"}]}},"_links":{"self":[{"href":"https:\/\/solarventi.dk\/no\/wp-json\/wp\/v2\/pages\/3305","targetHints":{"allow":["GET"]}}],"collection":[{"href":"https:\/\/solarventi.dk\/no\/wp-json\/wp\/v2\/pages"}],"about":[{"href":"https:\/\/solarventi.dk\/no\/wp-json\/wp\/v2\/types\/page"}],"author":[{"embeddable":true,"href":"https:\/\/solarventi.dk\/no\/wp-json\/wp\/v2\/users\/1"}],"replies":[{"embeddable":true,"href":"https:\/\/solarventi.dk\/no\/wp-json\/wp\/v2\/comments?post=3305"}],"version-history":[{"count":0,"href":"https:\/\/solarventi.dk\/no\/wp-json\/wp\/v2\/pages\/3305\/revisions"}],"up":[{"embeddable":true,"href":"https:\/\/solarventi.dk\/no\/wp-json\/wp\/v2\/pages\/909"}],"wp:featuredmedia":[{"embeddable":true,"href":"https:\/\/solarventi.dk\/no\/wp-json\/wp\/v2\/media\/3882"}],"wp:attachment":[{"href":"https:\/\/solarventi.dk\/no\/wp-json\/wp\/v2\/media?parent=3305"}],"curies":[{"name":"wp","href":"https:\/\/api.w.org\/{rel}","templated":true}]}}