{"id":3256,"date":"2021-10-09T10:51:31","date_gmt":"2021-10-09T08:51:31","guid":{"rendered":"https:\/\/solarventi.dk\/no.linux101.curanetserver.dk\/?page_id=3256"},"modified":"2024-04-18T13:59:22","modified_gmt":"2024-04-18T11:59:22","slug":"industri","status":"publish","type":"page","link":"https:\/\/solarventi.dk\/no\/loesninger\/industri\/","title":{"rendered":"Erhverv"},"content":{"rendered":"<div class=\"wpb-content-wrapper\"><p>[vc_row padding_top_multiplier=&raquo;2x&raquo; padding_bottom_multiplier=&raquo;2x&raquo;][vc_column width=&raquo;4\/12&#8243;]<div class=\"grve-element grve-title grve-align-inherit grve-subtitle-text\"><span>Solarventi Industri og Bedrift er en ventilasjons l\u00f8sning der typisk har en ROI p\u00e5 under 5 \u00e5r, og er samtidig en gr\u00f8nn l\u00f8sning!<\/span><\/div>[\/vc_column][vc_column width=&raquo;8\/12&#8243;][vc_column_text]<\/p>\n<p id=\"tw-target-text\" class=\"tw-data-text tw-text-large tw-ta\" dir=\"ltr\" data-placeholder=\"Oversettelse\" aria-label=\"Oversatt tekst\" data-ved=\"2ahUKEwjJoaqH-4CFAxXmIBAIHW9iDmEQ3ewLegQIBRAU\"><span class=\"Y2IQFc\" lang=\"no\">I mer enn 30 \u00e5r har SolarVenti fokusert p\u00e5 \u00e5 utvikle og produsere effektive solcelledrevne ventilasjonssystemer for bl.a. fritidsboliger, villaer og sensitive milj\u00f8er som f.eks kjellere. Gjennom alle \u00e5r har det v\u00e6rt viktig for oss at vi s\u00f8rger for et godt inneklima. Samtidig som vi skaper et pluss p\u00e5 den \u00f8konomiske og milj\u00f8messige bunnlinjen. Dette har vi lykkes med, og forn\u00f8yde kunder i alle klimasoner fra Gr\u00f8nland til New Zealand vitner om dette.<\/span><\/p>\n<p id=\"tw-target-text\" class=\"tw-data-text tw-text-large tw-ta\" dir=\"ltr\" data-placeholder=\"Oversettelse\" aria-label=\"Oversatt tekst\" data-ved=\"2ahUKEwjJoaqH-4CFAxXmIBAIHW9iDmEQ3ewLegQIBRAU\"><span class=\"Y2IQFc\" lang=\"no\">Erfaringen og kunnskapen og resultatene vi har oppn\u00e5dd har gjort at det har v\u00e6rt et naturlig neste steg for oss \u00e5 utvikle denne SolarVenti-l\u00f8sningen rettet mot det profesjonelle markedet \u2013 fordi prinsippene bak avfukting er de samme. L\u00f8sningen m\u00e5tte ogs\u00e5 leve opp til en ambisjon om b\u00e5de \u00e5 sikre et sunt inneklima med kort tilbakebetalingstid og bidra til den milj\u00f8messige bunnlinjen og dermed styrke den gr\u00f8nne profilen.<\/span><\/p>\n<p id=\"tw-target-text\" class=\"tw-data-text tw-text-large tw-ta\" dir=\"ltr\" data-placeholder=\"Oversettelse\" aria-label=\"Oversatt tekst\" data-ved=\"2ahUKEwjJoaqH-4CFAxXmIBAIHW9iDmEQ3ewLegQIBRAU\"><span class=\"Y2IQFc\" lang=\"no\">Vi kaller l\u00f8sningen SolarVenti Industri og Bedrift og fokuspunktet er reduksjon og stabilisering av fuktigheten. Det oppn\u00e5s ved at SolarVenti\u2019n, via solens str\u00e5ling, s\u00f8rger for frisk og t\u00f8rr luft utenfra for \u00e5 erstatte inneluften.<\/span><\/p>\n<p>[\/vc_column_text][\/vc_column][\/vc_row][vc_row section_type=&raquo;fullwidth&raquo; padding_top_multiplier=&raquo;&raquo; padding_bottom_multiplier=&raquo;&raquo; rc_bg_type=&raquo;color&raquo; rc_bg_color=&raquo;#e9f2fc&raquo;][vc_column width=&raquo;1\/2&#8243; vertical_content_position=&raquo;middle&raquo; full_height=&raquo;yes&raquo; text_align=&raquo;center&raquo; rc_bg_type=&raquo;image&raquo; rc_bg_image=&raquo;3864&#8243;]<div style=\"height: 300px;\" class=\"grve-empty-space\"><\/div>[\/vc_column][vc_column width=&raquo;1\/2&#8243; content_width=&raquo;custom&raquo; vertical_content_position=&raquo;middle&raquo; grve_css=&raquo;{&laquo;desktop&laquo;:{&laquo;padding-top&laquo;:&laquo;10%&laquo;,&laquo;padding-right&laquo;:&laquo;15%&laquo;,&laquo;padding-bottom&laquo;:&laquo;10%&laquo;,&laquo;padding-left&laquo;:&laquo;15%&laquo;,&laquo;class&laquo;:&laquo;grve-wpb-1632132194296&laquo;}}&raquo; el_class=&raquo;no-column-gap&raquo; custom_content_width=&raquo;400px&raquo;]<h3 class=\"grve-element grve-title grve-align-inherit grve-h3\"><span>Hvis du har sp\u00f8rsm\u00e5l, hjelper vi deg gjerne med \u00e5 finne den rette l\u00f8sningen for dine behov.<\/span><\/h3><div class=\"grve-element grve-align-left\"><a href=\"https:\/\/solarventi.dk\/no\/kontakt\/kontakt-solarventi\/\" title=\"Kontakt SolarVenti\" class=\"grve-btn-text grve-btn-only-text grve-text-primary-1 grve-text-hover-black grve-btn-medium grve-with-icon\">\r\n\t\t<div class=\"grve-btn-inner\">\r\n\t\t<span>Kontakt oss<\/span>\r\n\t\t\t\t\t\t\t<div class=\"grve-btn-icon\">\r\n\t\t\t<span class=\"grve-icon fas fa-chevron-circle-right\"><\/span>\r\n\t\t<\/div>\r\n\t\t\t\t\t<\/div>\r\n\t<\/a><\/div>[\/vc_column][\/vc_row][vc_row padding_top_multiplier=&raquo;2x&raquo; padding_bottom_multiplier=&raquo;2x&raquo; section_id=&raquo;ingen-vedligeholdelse&raquo;][vc_column width=&raquo;8\/12&#8243; tablet_sm_width=&raquo;1&#8243; mobile_width=&raquo;1&#8243;]<h2 class=\"grve-element grve-title grve-align-inherit grve-h2\" style=\"margin-bottom: 25px;\"><span><br>\n<h3 id=\"tw-target-text\" class=\"tw-data-text tw-text-large tw-ta\" dir=\"ltr\" data-placeholder=\"Oversettelse\" aria-label=\"Oversatt tekst\" data-ved=\"2ahUKEwjJoaqH-4CFAxXmIBAIHW9iDmEQ3ewLegQIBRAU\"><span class=\"Y2IQFc\" lang=\"no\">Hva betyr dette for deg som har et oppvarmet lokale?<\/span><\/h3>\n<\/span><\/h2>[vc_column_text]<\/p>\n<p id=\"tw-target-text\" class=\"tw-data-text tw-text-large tw-ta\" dir=\"ltr\" data-placeholder=\"Oversettelse\" aria-label=\"Oversatt tekst\" data-ved=\"2ahUKEwjJoaqH-4CFAxXmIBAIHW9iDmEQ3ewLegQIBRAU\"><span class=\"Y2IQFc\" lang=\"no\">Hos SolarVenti har vi funnet en metode for \u00e5 redusere energikostnadene til varmehaller. L\u00f8sningen er s\u00e5 effektiv at i tilfeller hvor man kun varmer opp hallen for \u00e5 holde den t\u00f8rr, kan vi faktisk sl\u00e5 av varmen. I andre oppvarmede haller kan vi typisk spare mellom 50 % og 70 % av de \u00e5rlige energikostnadene, som vanligvis betyr en ROI p\u00e5 under 5 \u00e5r.<\/span><\/p>\n<p id=\"tw-target-text\" class=\"tw-data-text tw-text-large tw-ta\" dir=\"ltr\" data-placeholder=\"Oversettelse\" aria-label=\"Oversatt tekst\" data-ved=\"2ahUKEwjJoaqH-4CFAxXmIBAIHW9iDmEQ3ewLegQIBRAU\"><span class=\"Y2IQFc\" lang=\"no\">Ved \u00e5 hele tiden m\u00e5le temperaturer og fuktighet inne og ute, kontrolleres luftutvekslingen. Dette reduserer og stabiliserer fuktigheten i hele hallen \u2013 ogs\u00e5 til det ytterste hj\u00f8rnet.<\/span><\/p>\n<p id=\"tw-target-text\" class=\"tw-data-text tw-text-large tw-ta\" dir=\"ltr\" data-placeholder=\"Oversettelse\" aria-label=\"Oversatt tekst\" data-ved=\"2ahUKEwjJoaqH-4CFAxXmIBAIHW9iDmEQ3ewLegQIBRAU\"><span class=\"Y2IQFc\" lang=\"no\">Dette bygger opp et slags \u00abt\u00f8rrhetslager\u00bb i vegger, gulv, tak osv. som tar opp fuktigheten som naturlig oppst\u00e5r ved daglig bruk eller ved temperatursvingninger. Det sikrer et naturlig samspill mellom avfukting og fuktighet \u2013 en slags naturlig \u00e5ndedrett \u2013 og at balansen opprettholdes hele \u00e5ret.<\/span><\/p>\n<p id=\"tw-target-text\" class=\"tw-data-text tw-text-large tw-ta\" dir=\"ltr\" data-placeholder=\"Oversettelse\" aria-label=\"Oversatt tekst\" data-ved=\"2ahUKEwjJoaqH-4CFAxXmIBAIHW9iDmEQ3ewLegQIBRAU\"><span class=\"Y2IQFc\" lang=\"no\">SolarVenti Industri og Bedrift skaper derfor en stabil og lav luftfuktighet og dette betyr tre viktige ting samtidig<\/span><\/p>\n<ul>\n<li id=\"tw-target-text\" class=\"tw-data-text tw-text-large tw-ta\" dir=\"ltr\" data-placeholder=\"Oversettelse\" aria-label=\"Oversatt tekst\" data-ved=\"2ahUKEwjJoaqH-4CFAxXmIBAIHW9iDmEQ3ewLegQIBRAU\"><span class=\"Y2IQFc\" lang=\"no\">Et naturlig sunt inneklima til beste for brukere og eiendeler.<\/span><\/li>\n<li class=\"tw-data-text tw-text-large tw-ta\" dir=\"ltr\" data-placeholder=\"Oversettelse\" aria-label=\"Oversatt tekst\" data-ved=\"2ahUKEwjJoaqH-4CFAxXmIBAIHW9iDmEQ3ewLegQIBRAU\"><span class=\"Y2IQFc\" lang=\"no\">En reduksjon i energiforbruk og dermed energikostnader. ROI er vanligvis under 5 \u00e5r.<\/span><\/li>\n<li class=\"tw-data-text tw-text-large tw-ta\" dir=\"ltr\" data-placeholder=\"Oversettelse\" aria-label=\"Oversatt tekst\" data-ved=\"2ahUKEwjJoaqH-4CFAxXmIBAIHW9iDmEQ3ewLegQIBRAU\"><span class=\"Y2IQFc\" lang=\"no\">En reduksjon av CO2-avtrykket og bidrar til en gr\u00f8nn profil.<\/span><\/li>\n<\/ul>\n<p id=\"tw-target-text\" class=\"tw-data-text tw-text-large tw-ta\" dir=\"ltr\" data-placeholder=\"Oversettelse\" aria-label=\"Oversatt tekst\" data-ved=\"2ahUKEwjJoaqH-4CFAxXmIBAIHW9iDmEQ3ewLegQIBRAU\"><span class=\"Y2IQFc\" lang=\"no\">Et godt eksempel p\u00e5 hvordan vi har bidratt til \u00e5 sikre pluss b\u00e5de p\u00e5 \u00f8konomisk og milj\u00f8messig bunnlinje er lagerhotellet Dit Pulterkammer i Randers Danmark.\u00a0<\/span><\/p>\n<p>[\/vc_column_text]<div class=\"grve-empty-space grve-height-1x\"><\/div><div class=\"grve-element grve-align-left\"><a href=\"https:\/\/solarventi.dk\/no\/om-solarventi\/case-dit-pulterkammer\/\" title=\"Case: Dit Pulterkammer\" class=\"grve-btn-text grve-btn-only-text grve-text-primary-1 grve-text-hover-black grve-btn-medium grve-with-icon\">\r\n\t\t<div class=\"grve-btn-inner\">\r\n\t\t<span>Les mer<\/span>\r\n\t\t\t\t\t\t\t<div class=\"grve-btn-icon\">\r\n\t\t\t<span class=\"grve-icon fas fa-chevron-circle-right\"><\/span>\r\n\t\t<\/div>\r\n\t\t\t\t\t<\/div>\r\n\t<\/a><\/div>[\/vc_column][vc_column width=&raquo;4\/12&#8243; tablet_sm_width=&raquo;hide&raquo; mobile_width=&raquo;hide&raquo;]<div class=\"grve-element grve-title grve-align-inherit grve-subtitle-text\"><span><\/span><\/div>[\/vc_column][\/vc_row][vc_row padding_top_multiplier=&raquo;&raquo; padding_bottom_multiplier=&raquo;2x&raquo; section_id=&raquo;ingen-vedligeholdelse&raquo;][vc_column width=&raquo;8\/12&#8243; tablet_sm_width=&raquo;1&#8243; mobile_width=&raquo;1&#8243;]<h2 class=\"grve-element grve-title grve-align-inherit grve-h2\" style=\"margin-bottom: 25px;\"><span><br>\n<h3 id=\"tw-target-text\" class=\"tw-data-text tw-text-large tw-ta\" dir=\"ltr\" data-placeholder=\"Oversettelse\" aria-label=\"Oversatt tekst\" data-ved=\"2ahUKEwjJoaqH-4CFAxXmIBAIHW9iDmEQ3ewLegQIBRAU\"><span class=\"Y2IQFc\" lang=\"no\">Hva betyr dette for deg som har et uoppvarmet lokale?<\/span><\/h3>\n<\/span><\/h2>[vc_column_text]<\/p>\n<p id=\"tw-target-text\" class=\"tw-data-text tw-text-large tw-ta\" dir=\"ltr\" data-placeholder=\"Oversettelse\" aria-label=\"Oversatt tekst\" data-ved=\"2ahUKEwjJoaqH-4CFAxXmIBAIHW9iDmEQ3ewLegQIBRAU\"><span class=\"Y2IQFc\" lang=\"no\">Inneklimaet i et uoppvarmet lokale er naturlig nok mer utsatt for kondens p\u00e5 grunn av svingninger i temperaturen ute og inne. Det skaper grobunn for mugg- og muggangrep og rust ved oppbevaring av maskiner, verkt\u00f8y o.l.<\/span><\/p>\n<p id=\"tw-target-text\" class=\"tw-data-text tw-text-large tw-ta\" dir=\"ltr\" data-placeholder=\"Oversettelse\" aria-label=\"Oversatt tekst\" data-ved=\"2ahUKEwjJoaqH-4CFAxXmIBAIHW9iDmEQ3ewLegQIBRAU\"><span class=\"Y2IQFc\" lang=\"no\">Med SolarVenti Industri og Bedrift kan du skape et t\u00f8rt og sunt inneklima som passer til hallens konstruksjon og\/eller kledning pluss eventuelle lagrede gjenstander. Dette vil spare vedlikeholdskostnader.<\/span><\/p>\n<p>[\/vc_column_text][\/vc_column][vc_column width=&raquo;4\/12&#8243; tablet_sm_width=&raquo;hide&raquo; mobile_width=&raquo;hide&raquo;]<div class=\"grve-element grve-title grve-align-inherit grve-subtitle-text\"><span><\/span><\/div>[\/vc_column][\/vc_row]<\/p>\n<\/div>","protected":false},"excerpt":{"rendered":"<p>[vc_row padding_top_multiplier=&raquo;2x&raquo; padding_bottom_multiplier=&raquo;2x&raquo;][vc_column width=&raquo;4\/12&#8243;][\/vc_column][vc_column width=&raquo;8\/12&#8243;][vc_column_text] I mer enn 30 \u00e5r har SolarVenti fokusert p\u00e5 \u00e5 utvikle og produsere effektive solcelledrevne ventilasjonssystemer for bl.a. fritidsboliger, villaer og sensitive milj\u00f8er som f.eks kjellere. Gjennom alle \u00e5r har det v\u00e6rt viktig for oss at vi s\u00f8rger for et godt inneklima. Samtidig som vi skaper et pluss p\u00e5 den [&hellip;]<\/p>\n","protected":false},"author":1,"featured_media":3874,"parent":209,"menu_order":0,"comment_status":"closed","ping_status":"closed","template":"","meta":{"footnotes":""},"class_list":["post-3256","page","type-page","status-publish","has-post-thumbnail","hentry","grve-entry-item"],"yoast_head":"<!-- This site is optimized with the Yoast SEO Premium plugin v25.1 (Yoast SEO v25.1) - https:\/\/yoast.com\/wordpress\/plugins\/seo\/ -->\n<title>Optimal investering med gr\u00f8nn ventilasjon fra SolarVenti<\/title>\n<meta name=\"description\" content=\"Gr\u00f8nn ventilasjon med en ROI p\u00e5 mindre enn 5 \u00e5r. SolarVenti halverer selskapets energiforbruk til oppvarming. Les mer om produktet her!\" \/>\n<meta name=\"robots\" content=\"index, follow, max-snippet:-1, max-image-preview:large, max-video-preview:-1\" \/>\n<link rel=\"canonical\" href=\"https:\/\/solarventi.dk\/no\/loesninger\/industri\/\" \/>\n<meta property=\"og:locale\" content=\"nb_NO\" \/>\n<meta property=\"og:type\" content=\"article\" \/>\n<meta property=\"og:title\" content=\"Erhverv\" \/>\n<meta property=\"og:description\" content=\"Gr\u00f8nn ventilasjon med en ROI p\u00e5 mindre enn 5 \u00e5r. SolarVenti halverer selskapets energiforbruk til oppvarming. Les mer om produktet her!\" \/>\n<meta property=\"og:url\" content=\"https:\/\/solarventi.dk\/no\/loesninger\/industri\/\" \/>\n<meta property=\"og:site_name\" content=\"SolarVenti NORGE\" \/>\n<meta property=\"article:modified_time\" content=\"2024-04-18T11:59:22+00:00\" \/>\n<meta property=\"og:image\" content=\"https:\/\/solarventi.dk\/no\/wp-content\/uploads\/sites\/8\/2021\/10\/solarventi-top-erhverv-02.jpg\" \/>\n\t<meta property=\"og:image:width\" content=\"1400\" \/>\n\t<meta property=\"og:image:height\" content=\"700\" \/>\n\t<meta property=\"og:image:type\" content=\"image\/jpeg\" \/>\n<meta name=\"twitter:card\" content=\"summary_large_image\" \/>\n<meta name=\"twitter:label1\" content=\"Ansl. lesetid\" \/>\n\t<meta name=\"twitter:data1\" content=\"4 minutter\" \/>\n<script type=\"application\/ld+json\" class=\"yoast-schema-graph\">{\"@context\":\"https:\/\/schema.org\",\"@graph\":[{\"@type\":\"WebPage\",\"@id\":\"https:\/\/solarventi.dk\/no\/loesninger\/industri\/\",\"url\":\"https:\/\/solarventi.dk\/no\/loesninger\/industri\/\",\"name\":\"Optimal investering med gr\u00f8nn ventilasjon fra SolarVenti\",\"isPartOf\":{\"@id\":\"https:\/\/solarventi.dk\/no\/#website\"},\"primaryImageOfPage\":{\"@id\":\"https:\/\/solarventi.dk\/no\/loesninger\/industri\/#primaryimage\"},\"image\":{\"@id\":\"https:\/\/solarventi.dk\/no\/loesninger\/industri\/#primaryimage\"},\"thumbnailUrl\":\"https:\/\/solarventi.dk\/no\/wp-content\/uploads\/sites\/8\/2021\/10\/solarventi-top-erhverv-02.jpg\",\"datePublished\":\"2021-10-09T08:51:31+00:00\",\"dateModified\":\"2024-04-18T11:59:22+00:00\",\"description\":\"Gr\u00f8nn ventilasjon med en ROI p\u00e5 mindre enn 5 \u00e5r. SolarVenti halverer selskapets energiforbruk til oppvarming. Les mer om produktet her!\",\"breadcrumb\":{\"@id\":\"https:\/\/solarventi.dk\/no\/loesninger\/industri\/#breadcrumb\"},\"inLanguage\":\"nb-NO\",\"potentialAction\":[{\"@type\":\"ReadAction\",\"target\":[\"https:\/\/solarventi.dk\/no\/loesninger\/industri\/\"]}]},{\"@type\":\"ImageObject\",\"inLanguage\":\"nb-NO\",\"@id\":\"https:\/\/solarventi.dk\/no\/loesninger\/industri\/#primaryimage\",\"url\":\"https:\/\/solarventi.dk\/no\/wp-content\/uploads\/sites\/8\/2021\/10\/solarventi-top-erhverv-02.jpg\",\"contentUrl\":\"https:\/\/solarventi.dk\/no\/wp-content\/uploads\/sites\/8\/2021\/10\/solarventi-top-erhverv-02.jpg\",\"width\":1400,\"height\":700,\"caption\":\"SolarVenti Erhverv - en god investering for din virksomhed\"},{\"@type\":\"BreadcrumbList\",\"@id\":\"https:\/\/solarventi.dk\/no\/loesninger\/industri\/#breadcrumb\",\"itemListElement\":[{\"@type\":\"ListItem\",\"position\":1,\"name\":\"Forside\",\"item\":\"https:\/\/solarventi.dk\/no\/\"},{\"@type\":\"ListItem\",\"position\":2,\"name\":\"L\u00f8sninger\",\"item\":\"https:\/\/solarventi.dk\/no\/loesninger\/\"},{\"@type\":\"ListItem\",\"position\":3,\"name\":\"Erhverv\"}]},{\"@type\":\"WebSite\",\"@id\":\"https:\/\/solarventi.dk\/no\/#website\",\"url\":\"https:\/\/solarventi.dk\/no\/\",\"name\":\"SolarVenti NORGE\",\"description\":\"Salg av SolarVenti\",\"potentialAction\":[{\"@type\":\"SearchAction\",\"target\":{\"@type\":\"EntryPoint\",\"urlTemplate\":\"https:\/\/solarventi.dk\/no\/?s={search_term_string}\"},\"query-input\":{\"@type\":\"PropertyValueSpecification\",\"valueRequired\":true,\"valueName\":\"search_term_string\"}}],\"inLanguage\":\"nb-NO\"}]}<\/script>\n<!-- \/ Yoast SEO Premium plugin. -->","yoast_head_json":{"title":"Optimal investering med gr\u00f8nn ventilasjon fra SolarVenti","description":"Gr\u00f8nn ventilasjon med en ROI p\u00e5 mindre enn 5 \u00e5r. SolarVenti halverer selskapets energiforbruk til oppvarming. Les mer om produktet her!","robots":{"index":"index","follow":"follow","max-snippet":"max-snippet:-1","max-image-preview":"max-image-preview:large","max-video-preview":"max-video-preview:-1"},"canonical":"https:\/\/solarventi.dk\/no\/loesninger\/industri\/","og_locale":"nb_NO","og_type":"article","og_title":"Erhverv","og_description":"Gr\u00f8nn ventilasjon med en ROI p\u00e5 mindre enn 5 \u00e5r. SolarVenti halverer selskapets energiforbruk til oppvarming. Les mer om produktet her!","og_url":"https:\/\/solarventi.dk\/no\/loesninger\/industri\/","og_site_name":"SolarVenti NORGE","article_modified_time":"2024-04-18T11:59:22+00:00","og_image":[{"width":1400,"height":700,"url":"https:\/\/solarventi.dk\/no\/wp-content\/uploads\/sites\/8\/2021\/10\/solarventi-top-erhverv-02.jpg","type":"image\/jpeg"}],"twitter_card":"summary_large_image","twitter_misc":{"Ansl. lesetid":"4 minutter"},"schema":{"@context":"https:\/\/schema.org","@graph":[{"@type":"WebPage","@id":"https:\/\/solarventi.dk\/no\/loesninger\/industri\/","url":"https:\/\/solarventi.dk\/no\/loesninger\/industri\/","name":"Optimal investering med gr\u00f8nn ventilasjon fra SolarVenti","isPartOf":{"@id":"https:\/\/solarventi.dk\/no\/#website"},"primaryImageOfPage":{"@id":"https:\/\/solarventi.dk\/no\/loesninger\/industri\/#primaryimage"},"image":{"@id":"https:\/\/solarventi.dk\/no\/loesninger\/industri\/#primaryimage"},"thumbnailUrl":"https:\/\/solarventi.dk\/no\/wp-content\/uploads\/sites\/8\/2021\/10\/solarventi-top-erhverv-02.jpg","datePublished":"2021-10-09T08:51:31+00:00","dateModified":"2024-04-18T11:59:22+00:00","description":"Gr\u00f8nn ventilasjon med en ROI p\u00e5 mindre enn 5 \u00e5r. SolarVenti halverer selskapets energiforbruk til oppvarming. Les mer om produktet her!","breadcrumb":{"@id":"https:\/\/solarventi.dk\/no\/loesninger\/industri\/#breadcrumb"},"inLanguage":"nb-NO","potentialAction":[{"@type":"ReadAction","target":["https:\/\/solarventi.dk\/no\/loesninger\/industri\/"]}]},{"@type":"ImageObject","inLanguage":"nb-NO","@id":"https:\/\/solarventi.dk\/no\/loesninger\/industri\/#primaryimage","url":"https:\/\/solarventi.dk\/no\/wp-content\/uploads\/sites\/8\/2021\/10\/solarventi-top-erhverv-02.jpg","contentUrl":"https:\/\/solarventi.dk\/no\/wp-content\/uploads\/sites\/8\/2021\/10\/solarventi-top-erhverv-02.jpg","width":1400,"height":700,"caption":"SolarVenti Erhverv - en god investering for din virksomhed"},{"@type":"BreadcrumbList","@id":"https:\/\/solarventi.dk\/no\/loesninger\/industri\/#breadcrumb","itemListElement":[{"@type":"ListItem","position":1,"name":"Forside","item":"https:\/\/solarventi.dk\/no\/"},{"@type":"ListItem","position":2,"name":"L\u00f8sninger","item":"https:\/\/solarventi.dk\/no\/loesninger\/"},{"@type":"ListItem","position":3,"name":"Erhverv"}]},{"@type":"WebSite","@id":"https:\/\/solarventi.dk\/no\/#website","url":"https:\/\/solarventi.dk\/no\/","name":"SolarVenti NORGE","description":"Salg av SolarVenti","potentialAction":[{"@type":"SearchAction","target":{"@type":"EntryPoint","urlTemplate":"https:\/\/solarventi.dk\/no\/?s={search_term_string}"},"query-input":{"@type":"PropertyValueSpecification","valueRequired":true,"valueName":"search_term_string"}}],"inLanguage":"nb-NO"}]}},"_links":{"self":[{"href":"https:\/\/solarventi.dk\/no\/wp-json\/wp\/v2\/pages\/3256","targetHints":{"allow":["GET"]}}],"collection":[{"href":"https:\/\/solarventi.dk\/no\/wp-json\/wp\/v2\/pages"}],"about":[{"href":"https:\/\/solarventi.dk\/no\/wp-json\/wp\/v2\/types\/page"}],"author":[{"embeddable":true,"href":"https:\/\/solarventi.dk\/no\/wp-json\/wp\/v2\/users\/1"}],"replies":[{"embeddable":true,"href":"https:\/\/solarventi.dk\/no\/wp-json\/wp\/v2\/comments?post=3256"}],"version-history":[{"count":0,"href":"https:\/\/solarventi.dk\/no\/wp-json\/wp\/v2\/pages\/3256\/revisions"}],"up":[{"embeddable":true,"href":"https:\/\/solarventi.dk\/no\/wp-json\/wp\/v2\/pages\/209"}],"wp:featuredmedia":[{"embeddable":true,"href":"https:\/\/solarventi.dk\/no\/wp-json\/wp\/v2\/media\/3874"}],"wp:attachment":[{"href":"https:\/\/solarventi.dk\/no\/wp-json\/wp\/v2\/media?parent=3256"}],"curies":[{"name":"wp","href":"https:\/\/api.w.org\/{rel}","templated":true}]}}