{"id":13103,"date":"2024-05-27T21:07:13","date_gmt":"2024-05-27T19:07:13","guid":{"rendered":"https:\/\/solarventi.dk\/no\/?page_id=13103"},"modified":"2024-05-27T21:36:44","modified_gmt":"2024-05-27T19:36:44","slug":"klarna-betaling","status":"publish","type":"page","link":"https:\/\/solarventi.dk\/no\/klarna-betaling\/","title":{"rendered":"Klarna"},"content":{"rendered":"<div class=\"wpb-content-wrapper\"><p>[vc_row][vc_column][vc_column_text css=&raquo;&raquo;]<strong>Handle med Klarna.<\/strong><\/p>\n<p><em>Velg et av Klarnas betalingsalternativer n\u00e5r du handler hos oss. Betal for varene f\u00f8rst etter at du har mottatt dem, eller del opp kj\u00f8pet i h\u00e5ndterbare avdrag.<\/em>[\/vc_column_text][vc_single_image image=&raquo;13104&#8243; img_size=&raquo;full&raquo; alignment=&raquo;center&raquo; css=&raquo;&raquo;][vc_column_text css=&raquo;&raquo;]<strong>Kj\u00f8p f\u00f8rst. Betal senere.<\/strong><\/p>\n<p>Kj\u00f8p det du \u00f8nsker deg i dag. Betal f\u00f8rst etter at du har mottatt varene og bestemt deg for \u00e5 beholde dem. Vi kaller det pr\u00f8v f\u00f8rst, betal senere. Klarna-appen gir deg full oversikt over betalinger og gj\u00f8r det enkelt \u00e5 returnere varer.[\/vc_column_text][vc_single_image image=&raquo;13105&#8243; img_size=&raquo;full&raquo; alignment=&raquo;center&raquo; css=&raquo;&raquo;][\/vc_column][\/vc_row][vc_section][vc_row][vc_column][vc_column_text css=&raquo;&raquo;]&nbsp;<\/p>\n<table style=\"border-collapse: collapse;width: 100%\">\n<tbody>\n<tr>\n<td style=\"width: 33.3333%\">\n<p style=\"text-align: center\"><strong>I kassen<\/strong><\/p>\n<p>Velg Betal senere. Legg inn personlig informasjon du kan utenat. Ingen behov for kortnummer eller kompleks informasjon for \u00e5 fullf\u00f8re kj\u00f8pet.<\/td>\n<td style=\"width: 33.3333%\">\n<p><strong>N\u00e5r pakken er p\u00e5 vei<\/strong><\/p>\n<p>Din 14 dagers betalingsperiode starter n\u00e5r pakken sendes. Dette betyr at du kan ta deg tid til \u00e5 pr\u00f8ve det du har kj\u00f8pt f\u00f8r du faktisk betaler for det.<\/p>\n<p><a href=\"https:\/\/cdn.klarna.com\/1.0\/shared\/content\/legal\/terms\/0\/nb_no\/user\" target=\"_blank\" rel=\"e noopener\">Fakturavilk\u00e5rene til Klarna finner du her<\/a><\/td>\n<td style=\"width: 33.3333%\">\n<p><strong>Fullf\u00f8r betalingen<\/strong><\/p>\n<p>Klarna gir deg full oversikt over hva du skal betale, og n\u00e5r betalingen forfaller. I\u00a0<a href=\"https:\/\/www.klarna.com\/no\/klarna-app\/\" target=\"_blank\" rel=\"e noopener\">Klarna appen<\/a>\u00a0kan du ogs\u00e5 betale med ett klikk &#8211; ingen behov for \u00e5 skrive inn lange og kompliserte KID-nummer. Du kan ogs\u00e5 betale med fakturadetaljene du mottar p\u00e5 e-post.<\/td>\n<\/tr>\n<\/tbody>\n<\/table>\n<p>[\/vc_column_text][\/vc_column][\/vc_row][\/vc_section][vc_row][vc_column][vc_column_text css=&raquo;&raquo;]<\/p>\n<table style=\"border-collapse: collapse;width: 100%\">\n<tbody>\n<tr>\n<td style=\"width: 59.9546%\">\n<p><strong>3\u201336 m\u00e5neders finansiering<\/strong><\/p>\n<p>Dette enkle og transparente betalingsalternativet gir deg en konto som lar deg handle s\u00f8ml\u00f8st med butikker som godtar Klarna.<\/p>\n<p><strong>I kassen<\/strong><\/p>\n<p>Velg \u00e5 betale senere med finansiering og velg din foretrukne betalingsplan. Du vil bli informert om en \u00e5rlig rente f\u00f8r du fullf\u00f8rer transaksjonen.<\/p>\n<p><strong>Engangsavtale<\/strong><\/p>\n<p>Fullf\u00f8r en enkel, 4-trinns kreditts\u00f8knad med top-of-mind-informasjon. Du f\u00e5r svar umiddelbart om du er godkjent og kan fullf\u00f8re bestillingen med en gang.<\/p>\n<p><strong>M\u00e5nedlige betalinger<\/strong><\/p>\n<p>Du vil utf\u00f8re den m\u00e5nedlige betalingen online eller i appen v\u00e5r ved hjelp av bankoverf\u00f8ring eller kortbetalinger. Vi vil varsle deg n\u00e5r det er tid for \u00e5 gj\u00f8re betalingen hver m\u00e5ned.<\/td>\n<td style=\"width: 40.0454%\">\n<p>&nbsp;<\/p>\n<p>&nbsp;<\/p>\n<p><a href=\"https:\/\/solarventi.dk\/no\/wp-content\/uploads\/sites\/8\/2024\/05\/460.png\"><img loading=\"lazy\" decoding=\"async\" class=\"alignnone wp-image-13106\" src=\"https:\/\/solarventi.dk\/no\/wp-content\/uploads\/sites\/8\/2024\/05\/460-190x300.png\" alt=\"\" width=\"236\" height=\"372\" srcset=\"https:\/\/solarventi.dk\/no\/wp-content\/uploads\/sites\/8\/2024\/05\/460-190x300.png 190w, https:\/\/solarventi.dk\/no\/wp-content\/uploads\/sites\/8\/2024\/05\/460-300x473.png 300w, https:\/\/solarventi.dk\/no\/wp-content\/uploads\/sites\/8\/2024\/05\/460.png 350w\" sizes=\"auto, (max-width: 236px) 100vw, 236px\" \/><\/a><\/td>\n<\/tr>\n<\/tbody>\n<\/table>\n<p>[\/vc_column_text][vc_column_text css=&raquo;&raquo;]<\/p>\n<table style=\"border-collapse: collapse;width: 100%\">\n<tbody>\n<tr>\n<td style=\"width: 50%\">\n<p><strong>Trygt og enkelt<\/strong><\/p>\n<p>Du er alltid dekket av Klarnas kj\u00f8perbeskyttelse. Moderne sikkerhet beskytter opplysningene dine for \u00e5 forhindre uautoriserte kj\u00f8p.<\/p>\n<p><strong>Vanlige sp\u00f8rsm\u00e5l<\/strong><\/p>\n<p>Les de vanligste\u00a0<a href=\"https:\/\/www.klarna.com\/no\/kundeservice\/\" target=\"_blank\" rel=\"e noopener\">sp\u00f8rsm\u00e5lene til Klarna her.<\/a><\/td>\n<td style=\"width: 50%\">\n<p><strong>Om Klarna<\/strong><\/p>\n<p>Hos Klarna er vi opptatt av \u00e5 skape verdens beste handleopplevelse. Vi mener at betaling handler om mye mer enn hvordan vi sender penger. Derfor gir v\u00e5re smidige betalingsmetoder deg mer tid, kontroll og glede, slik at du kan fortsette \u00e5 gj\u00f8re det du liker best.<br \/>\n\u2022 80 millioner kunder bruker Klarna.<br \/>\n\u2022 190 000 butikker rundt om i verden samarbeider med oss.<br \/>\n\u2022 Vi har tilbudt nettbasert betaling i 14 \u00e5r.<\/p>\n<p>Mer informasjon?\u00a0<a href=\"https:\/\/www.klarna.com\/no\/\" target=\"_blank\" rel=\"e noopener\">Bes\u00f8k Klarna Norge.<\/a><\/td>\n<\/tr>\n<\/tbody>\n<\/table>\n<p>[\/vc_column_text][\/vc_column][\/vc_row]<\/p>\n<\/div>","protected":false},"excerpt":{"rendered":"<p>[vc_row][vc_column][vc_column_text css=&raquo;&raquo;]Handle med Klarna. Velg et av Klarnas betalingsalternativer n\u00e5r du handler hos oss. Betal for varene f\u00f8rst etter at du har mottatt dem, eller del opp kj\u00f8pet i h\u00e5ndterbare avdrag.[\/vc_column_text][vc_single_image image=&raquo;13104&#8243; img_size=&raquo;full&raquo; alignment=&raquo;center&raquo; css=&raquo;&raquo;][vc_column_text css=&raquo;&raquo;]Kj\u00f8p f\u00f8rst. Betal senere. Kj\u00f8p det du \u00f8nsker deg i dag. Betal f\u00f8rst etter at du har mottatt varene og [&hellip;]<\/p>\n","protected":false},"author":27,"featured_media":0,"parent":0,"menu_order":0,"comment_status":"closed","ping_status":"closed","template":"","meta":{"footnotes":""},"class_list":["post-13103","page","type-page","status-publish","hentry","grve-entry-item"],"yoast_head":"<!-- This site is optimized with the Yoast SEO Premium plugin v25.1 (Yoast SEO v25.1) - https:\/\/yoast.com\/wordpress\/plugins\/seo\/ -->\n<title>Klarna - SolarVenti NORGE<\/title>\n<meta name=\"robots\" content=\"index, follow, max-snippet:-1, max-image-preview:large, max-video-preview:-1\" \/>\n<link rel=\"canonical\" href=\"https:\/\/solarventi.dk\/no\/klarna-betaling\/\" \/>\n<meta property=\"og:locale\" content=\"nb_NO\" \/>\n<meta property=\"og:type\" content=\"article\" \/>\n<meta property=\"og:title\" content=\"Klarna\" \/>\n<meta property=\"og:description\" content=\"[vc_row][vc_column][vc_column_text css=&raquo;&raquo;]Handle med Klarna. Velg et av Klarnas betalingsalternativer n\u00e5r du handler hos oss. Betal for varene f\u00f8rst etter at du har mottatt dem, eller del opp kj\u00f8pet i h\u00e5ndterbare avdrag.[\/vc_column_text][vc_single_image image=&raquo;13104&#8243; img_size=&raquo;full&raquo; alignment=&raquo;center&raquo; css=&raquo;&raquo;][vc_column_text css=&raquo;&raquo;]Kj\u00f8p f\u00f8rst. Betal senere. Kj\u00f8p det du \u00f8nsker deg i dag. Betal f\u00f8rst etter at du har mottatt varene og [&hellip;]\" \/>\n<meta property=\"og:url\" content=\"https:\/\/solarventi.dk\/no\/klarna-betaling\/\" \/>\n<meta property=\"og:site_name\" content=\"SolarVenti NORGE\" \/>\n<meta property=\"article:modified_time\" content=\"2024-05-27T19:36:44+00:00\" \/>\n<meta property=\"og:image\" content=\"https:\/\/solarventi.dk\/no\/wp-content\/uploads\/sites\/8\/2024\/05\/460-190x300.png\" \/>\n<meta name=\"twitter:card\" content=\"summary_large_image\" \/>\n<meta name=\"twitter:label1\" content=\"Ansl. lesetid\" \/>\n\t<meta name=\"twitter:data1\" content=\"3 minutter\" \/>\n<script type=\"application\/ld+json\" class=\"yoast-schema-graph\">{\"@context\":\"https:\/\/schema.org\",\"@graph\":[{\"@type\":\"WebPage\",\"@id\":\"https:\/\/solarventi.dk\/no\/klarna-betaling\/\",\"url\":\"https:\/\/solarventi.dk\/no\/klarna-betaling\/\",\"name\":\"Klarna - SolarVenti NORGE\",\"isPartOf\":{\"@id\":\"https:\/\/solarventi.dk\/no\/#website\"},\"primaryImageOfPage\":{\"@id\":\"https:\/\/solarventi.dk\/no\/klarna-betaling\/#primaryimage\"},\"image\":{\"@id\":\"https:\/\/solarventi.dk\/no\/klarna-betaling\/#primaryimage\"},\"thumbnailUrl\":\"https:\/\/solarventi.dk\/no\/wp-content\/uploads\/sites\/8\/2024\/05\/460-190x300.png\",\"datePublished\":\"2024-05-27T19:07:13+00:00\",\"dateModified\":\"2024-05-27T19:36:44+00:00\",\"breadcrumb\":{\"@id\":\"https:\/\/solarventi.dk\/no\/klarna-betaling\/#breadcrumb\"},\"inLanguage\":\"nb-NO\",\"potentialAction\":[{\"@type\":\"ReadAction\",\"target\":[\"https:\/\/solarventi.dk\/no\/klarna-betaling\/\"]}]},{\"@type\":\"ImageObject\",\"inLanguage\":\"nb-NO\",\"@id\":\"https:\/\/solarventi.dk\/no\/klarna-betaling\/#primaryimage\",\"url\":\"https:\/\/solarventi.dk\/no\/wp-content\/uploads\/sites\/8\/2024\/05\/460.png\",\"contentUrl\":\"https:\/\/solarventi.dk\/no\/wp-content\/uploads\/sites\/8\/2024\/05\/460.png\",\"width\":350,\"height\":552},{\"@type\":\"BreadcrumbList\",\"@id\":\"https:\/\/solarventi.dk\/no\/klarna-betaling\/#breadcrumb\",\"itemListElement\":[{\"@type\":\"ListItem\",\"position\":1,\"name\":\"Forside\",\"item\":\"https:\/\/solarventi.dk\/no\/\"},{\"@type\":\"ListItem\",\"position\":2,\"name\":\"Klarna\"}]},{\"@type\":\"WebSite\",\"@id\":\"https:\/\/solarventi.dk\/no\/#website\",\"url\":\"https:\/\/solarventi.dk\/no\/\",\"name\":\"SolarVenti NORGE\",\"description\":\"Salg av SolarVenti\",\"potentialAction\":[{\"@type\":\"SearchAction\",\"target\":{\"@type\":\"EntryPoint\",\"urlTemplate\":\"https:\/\/solarventi.dk\/no\/?s={search_term_string}\"},\"query-input\":{\"@type\":\"PropertyValueSpecification\",\"valueRequired\":true,\"valueName\":\"search_term_string\"}}],\"inLanguage\":\"nb-NO\"}]}<\/script>\n<!-- \/ Yoast SEO Premium plugin. -->","yoast_head_json":{"title":"Klarna - SolarVenti NORGE","robots":{"index":"index","follow":"follow","max-snippet":"max-snippet:-1","max-image-preview":"max-image-preview:large","max-video-preview":"max-video-preview:-1"},"canonical":"https:\/\/solarventi.dk\/no\/klarna-betaling\/","og_locale":"nb_NO","og_type":"article","og_title":"Klarna","og_description":"[vc_row][vc_column][vc_column_text css=&raquo;&raquo;]Handle med Klarna. Velg et av Klarnas betalingsalternativer n\u00e5r du handler hos oss. Betal for varene f\u00f8rst etter at du har mottatt dem, eller del opp kj\u00f8pet i h\u00e5ndterbare avdrag.[\/vc_column_text][vc_single_image image=&raquo;13104&#8243; img_size=&raquo;full&raquo; alignment=&raquo;center&raquo; css=&raquo;&raquo;][vc_column_text css=&raquo;&raquo;]Kj\u00f8p f\u00f8rst. Betal senere. Kj\u00f8p det du \u00f8nsker deg i dag. Betal f\u00f8rst etter at du har mottatt varene og [&hellip;]","og_url":"https:\/\/solarventi.dk\/no\/klarna-betaling\/","og_site_name":"SolarVenti NORGE","article_modified_time":"2024-05-27T19:36:44+00:00","og_image":[{"url":"https:\/\/solarventi.dk\/no\/wp-content\/uploads\/sites\/8\/2024\/05\/460-190x300.png","type":"","width":"","height":""}],"twitter_card":"summary_large_image","twitter_misc":{"Ansl. lesetid":"3 minutter"},"schema":{"@context":"https:\/\/schema.org","@graph":[{"@type":"WebPage","@id":"https:\/\/solarventi.dk\/no\/klarna-betaling\/","url":"https:\/\/solarventi.dk\/no\/klarna-betaling\/","name":"Klarna - SolarVenti NORGE","isPartOf":{"@id":"https:\/\/solarventi.dk\/no\/#website"},"primaryImageOfPage":{"@id":"https:\/\/solarventi.dk\/no\/klarna-betaling\/#primaryimage"},"image":{"@id":"https:\/\/solarventi.dk\/no\/klarna-betaling\/#primaryimage"},"thumbnailUrl":"https:\/\/solarventi.dk\/no\/wp-content\/uploads\/sites\/8\/2024\/05\/460-190x300.png","datePublished":"2024-05-27T19:07:13+00:00","dateModified":"2024-05-27T19:36:44+00:00","breadcrumb":{"@id":"https:\/\/solarventi.dk\/no\/klarna-betaling\/#breadcrumb"},"inLanguage":"nb-NO","potentialAction":[{"@type":"ReadAction","target":["https:\/\/solarventi.dk\/no\/klarna-betaling\/"]}]},{"@type":"ImageObject","inLanguage":"nb-NO","@id":"https:\/\/solarventi.dk\/no\/klarna-betaling\/#primaryimage","url":"https:\/\/solarventi.dk\/no\/wp-content\/uploads\/sites\/8\/2024\/05\/460.png","contentUrl":"https:\/\/solarventi.dk\/no\/wp-content\/uploads\/sites\/8\/2024\/05\/460.png","width":350,"height":552},{"@type":"BreadcrumbList","@id":"https:\/\/solarventi.dk\/no\/klarna-betaling\/#breadcrumb","itemListElement":[{"@type":"ListItem","position":1,"name":"Forside","item":"https:\/\/solarventi.dk\/no\/"},{"@type":"ListItem","position":2,"name":"Klarna"}]},{"@type":"WebSite","@id":"https:\/\/solarventi.dk\/no\/#website","url":"https:\/\/solarventi.dk\/no\/","name":"SolarVenti NORGE","description":"Salg av SolarVenti","potentialAction":[{"@type":"SearchAction","target":{"@type":"EntryPoint","urlTemplate":"https:\/\/solarventi.dk\/no\/?s={search_term_string}"},"query-input":{"@type":"PropertyValueSpecification","valueRequired":true,"valueName":"search_term_string"}}],"inLanguage":"nb-NO"}]}},"_links":{"self":[{"href":"https:\/\/solarventi.dk\/no\/wp-json\/wp\/v2\/pages\/13103","targetHints":{"allow":["GET"]}}],"collection":[{"href":"https:\/\/solarventi.dk\/no\/wp-json\/wp\/v2\/pages"}],"about":[{"href":"https:\/\/solarventi.dk\/no\/wp-json\/wp\/v2\/types\/page"}],"author":[{"embeddable":true,"href":"https:\/\/solarventi.dk\/no\/wp-json\/wp\/v2\/users\/27"}],"replies":[{"embeddable":true,"href":"https:\/\/solarventi.dk\/no\/wp-json\/wp\/v2\/comments?post=13103"}],"version-history":[{"count":0,"href":"https:\/\/solarventi.dk\/no\/wp-json\/wp\/v2\/pages\/13103\/revisions"}],"wp:attachment":[{"href":"https:\/\/solarventi.dk\/no\/wp-json\/wp\/v2\/media?parent=13103"}],"curies":[{"name":"wp","href":"https:\/\/api.w.org\/{rel}","templated":true}]}}