{"id":13093,"date":"2024-05-23T16:12:38","date_gmt":"2024-05-23T14:12:38","guid":{"rendered":"https:\/\/solarventi.dk\/no\/?page_id=13093"},"modified":"2024-05-23T16:14:10","modified_gmt":"2024-05-23T14:14:10","slug":"retur-og-angrerettigheter","status":"publish","type":"page","link":"https:\/\/solarventi.dk\/no\/retur-og-angrerettigheter\/","title":{"rendered":"Retur- og angrerettigheter"},"content":{"rendered":"<div class=\"wpb-content-wrapper\"><p>[vc_row][vc_column][vc_column_text css=&raquo;&raquo;]<\/p>\n<h3>Angrerett<\/h3>\n<p>Kj\u00f8peren kan angre kj\u00f8pet av varen etter angrerettslovens bestemmelser. Angrerett inneb\u00e6rer at kj\u00f8peren uten grunn kan returnere varen til selgeren selv om det ikke er noen mangel ved den og selv om den ikke er levert. Kj\u00f8peren m\u00e5 gi selger melding om bruk av angreretten innen 14 dager etter at varen, de foreskrevne opplysninger om angreretten og angrerettsskjema er mottatt.<\/p>\n<p>Mottar kj\u00f8peren angreskjema og de n\u00f8dvendige opplysningene p\u00e5 et senere tidspunkt enn ved levering av varen, begynner angrefristen \u00e5 l\u00f8pe fra den dagen kj\u00f8peren mottar angrerettsskjema og opplysningene. Har kj\u00f8peren ikke mottatt tilstrekkelig informasjon eller angrerettsskjema, vil angrefristen likevel g\u00e5 ut 3 m\u00e5neder etter at varen er mottatt. Dersom kj\u00f8peren ikke har f\u00e5tt informasjon om angrerett i det hele tatt, vil fristen v\u00e6re 1 \u00e5r.<\/p>\n<p>Meldingen fra kj\u00f8per til selger om bruk av angreretten b\u00f8r av bevishensyn v\u00e6re skriftlig (angrerettsskjema, e-post, telefaks eller brev), og den m\u00e5 inneholde opplysninger om hvordan kj\u00f8peren vil returnere varen til selgeren.<\/p>\n<p>Kj\u00f8peren skal uten un\u00f8dig opphold, og senest 14 dager fra melding etter angreretten ble gitt, sende varene tilbake, eller overlevere dem til selgeren dersom selgeren ikke har tilbudt seg \u00e5 hente varene.<\/p>\n<p>Dersom kj\u00f8peren uttrykkelig har valgt en annen type levering enn standardleveringen som selgeren tilb\u00f8d, skal selgeren likevel ikke betale tilleggskostnadene dette medf\u00f8rte.<\/p>\n<p>Tilbakebetaling skal skje uten un\u00f8dig opphold, og senest 14 dager fra da selgeren fikk melding om kj\u00f8perens beslutning om \u00e5 benytte angreretten. Med mindre noe annet uttrykkelig er avtalt med kj\u00f8peren, skal tilbakebetalingen skje ved bruk av samme betalingsmiddel som kj\u00f8peren benyttet. Kj\u00f8peren skal ikke betale noen form for gebyr som f\u00f8lge av tilbakebetalingen.<\/p>\n<p>Selgeren kan holde tilbakebetalingen tilbake til varene er mottatt, eller til kj\u00f8peren har lagt frem dokumentasjon p\u00e5 at varene er sendt tilbake. Dette gjelder ikke n\u00e5r selgeren har tilbudt seg \u00e5 hente varene.<\/p>\n<p>Kj\u00f8peren m\u00e5 b\u00e6re kostnadene ved \u00e5 returnere varene dersom angreretten brukes.<\/p>\n<p>Kj\u00f8peren kan unders\u00f8ke produktet f\u00f8r han eller hun angrer p\u00e5 kj\u00f8pet. Varen m\u00e5 likevel kunne leveres tilbake til selgeren i tiln\u00e6rmet samme stand og mengde som den var i da kj\u00f8peren mottok den. Selgeren kan kreve at forbrukeren erstatter verdireduksjon som f\u00f8lge av kj\u00f8perens h\u00e5ndtering av varene som ikke har v\u00e6rt n\u00f8dvendig for \u00e5 fastsl\u00e5 varenes art, egenskaper og funksjon.<\/p>\n<p>Kj\u00f8peren b\u00f8r sende varen tilbake til selgeren i originalemballasjen hvis dette er mulig. Kj\u00f8peren kan ikke angre p\u00e5 kj\u00f8p av varer som forringes raskt, varer som av hensyn til helsevern eller hygiene ikke er egnet for retur, eller p\u00e5 lyd- og bildeopptak (herunder CDer, DVDer) eller datamaskinprogrammer hvor forseglingen er brutt.<\/p>\n<h3>Unders\u00f8kelse av varen<\/h3>\n<p>N\u00e5r kj\u00f8peren mottar varen, anbefales det at han eller hun i rimelig utstrekning unders\u00f8ker om den er i samsvar med bestillingen, om den har blitt skadet under transporten eller om den ellers har mangler. Hvis varen ikke samsvarer med bestillingen eller har mangler, m\u00e5 kj\u00f8peren melde fra til selgeren ved reklamasjon jf. kontraktens punkt om \u00abReklamasjon ved mangel og frist for \u00e5 melde krav ved forsinkelse\u201d.<\/p>\n<h3>Reklamasjon ved mangel og frist for \u00e5 melde krav ved forsinkelse<\/h3>\n<p>Dersom det foreligger en mangel ved varen, m\u00e5 kj\u00f8peren innen rimelig tid etter at han eller hun oppdaget den, gi selgeren melding om at han eller hun vil p\u00e5berope seg mangelen. Fristen kan aldri v\u00e6re kortere enn to m\u00e5neder fra det tidspunkt da forbrukeren oppdaget mangelen.<\/p>\n<p>Reklamasjon m\u00e5 likevel skje senest to \u00e5r etter at kj\u00f8peren overtok varen. Dersom varen eller deler av den er ment \u00e5 vare vesentlig lengre, er reklamasjonsfristen fem \u00e5r. Ved forsinkelse m\u00e5 krav rettes selger innen rimelig tid etter at leveringstiden er kommet og varen ikke er levert. Dersom varen er betalt med kredittkort, kan kj\u00f8peren ogs\u00e5 velge \u00e5 reklamere og sende kravdirekte til kredittyter (kredittkortselskapet). Meldingen til selgeren eller kredittyter b\u00f8r v\u00e6re skriftlig (e-post, telefaks eller brev).<\/p>\n<h3>Kj\u00f8perens rettigheter ved forsinkelse<\/h3>\n<p>Dersom selgeren ikke leverer varen eller leverer den for sent i henhold til avtalen mellom partene, og dette ikke skyldes kj\u00f8peren eller forhold p\u00e5 kj\u00f8perens side, kan kj\u00f8peren i henhold til reglene i forbrukerkj\u00f8pslovens kapittel 5 etter omstendighetene holde kj\u00f8pesummen tilbake, kreve oppfyllelse, heve avtalen og kreve erstatning fra selgeren.<\/p>\n<p>Oppfyllelse: Dersom selgeren ikke leverer varen p\u00e5 leveringstidspunktet, kan kj\u00f8peren fastholde kj\u00f8pet og sette en rimelig tileggsfrist for oppfyllelse fra selgeren. Kj\u00f8peren kan likevel ikke kreve oppfyllelse dersom det foreligger en hindring som selgeren ikkekan overvinne eller dersom oppfyllelse vil medf\u00f8re en s\u00e5 stor ulempe eller kostnad for selgeren at det st\u00e5r i vesentlig misforhold til kj\u00f8perens interesse i at selgeren oppfyller. Faller vanskene bort innen rimelig tid, kan forbrukeren kreve oppfyllelse.<\/p>\n<p>Heving: Kj\u00f8peren kan heve avtalen med selgeren dersom forsinkelsen er vesentlig eller hvis selgeren ikke leverer varen innen den tilleggsfristen for oppfyllelse som kj\u00f8peren har fastsatt. Kj\u00f8peren kan likevel ikke heve avtalen mens tilleggsfristen l\u00f8per, med mindre selgeren har sagt at han eller hun ikke vil oppfylle innen fristen.<\/p>\n<p>Erstatning: Kj\u00f8peren kan videre kreve erstatning for tap han eller hun lider som f\u00f8lge av forsinkelsen fra selgerens side jf. forbrukerkj\u00f8pslovens \u00a7 24.<\/p>\n<p>Kj\u00f8peren m\u00e5 melde krav til selgeren ved reklamasjon jf. denne kontraktens punkt om \u00abReklamasjon ved mangel og frist for \u00e5 melde krav ved forsinkelse\u201d.<\/p>\n<h3>Kj\u00f8perens rettigheter ved mangel<\/h3>\n<p>Dersom varen har en mangel og dette ikke skyldes kj\u00f8peren eller forhold p\u00e5 kj\u00f8perens side, kan kj\u00f8peren i henhold til reglene i forbrukerkj\u00f8psloven kapittel 6 etter omstendighetene holde kj\u00f8pesummen tilbake, velge mellom retting og omlevering, kreve prisavslag, kreveavtalen hevet og erstatning fra selgeren.<\/p>\n<p>Retting eller omlevering: Dersom varen har en mangel, kan kj\u00f8peren kreve at selgeren retter mangelen eller omleverer tilsvarende vare. Selgeren kan motsette seg kj\u00f8perens krav dersom gjennomf\u00f8ringen av kravet er umulig eller volder selgeren urimelige kostnader.<\/p>\n<p>Selgeren skal foreta rettingen eller omleveringen innen rimelig tid. Retting eller om levering skal foretas uten kostnad for kj\u00f8peren, uten risiko for at kj\u00f8peren ikke f\u00e5r dekket sine utlegg og uten vesentlig ulempe for kj\u00f8peren. Selgeren kan ikke foreta mer enn to fors\u00f8k p\u00e5 retting eller omlevering for samme mangel, med mindre det foreligger s\u00e6rlige grunner som gj\u00f8r at ytterligere fors\u00f8k er rimelig.<\/p>\n<p>Selv om kj\u00f8peren verken krever retting eller omlevering, kan selgeren tilby retting eller omlevering dersom dette skjer uten opphold. Dersom selgeren s\u00f8rger for slik retting eller omlevering, kan kj\u00f8peren ikke kreve prisavslag eller heving.<\/p>\n<p>Prisavslag: Dersom mangelen ikke rettes eller omleveres, kan kj\u00f8peren kreve forholdsmessig prisavslag.<\/p>\n<p>Heving: I stedet for prisavslag kan kj\u00f8peren heve avtalen, unntatt n\u00e5r mangelen er uvesentlig.<\/p>\n<p>Erstatning: Kj\u00f8peren kan ogs\u00e5 kreve erstatning for \u00f8konomisk tap han eller hun lider som f\u00f8lge av at varen har en mangel jf. forbrukerkj\u00f8pslovens \u00a7 33.<\/p>\n<p>Kj\u00f8peren m\u00e5 melde krav til selgeren ved reklamasjon jf denne kontraktens punkt \u00abReklamasjon ved mangel og frist for \u00e5 melde krav ved forsinkelse\u201d. Reglene om reklamasjon gjelder i tillegg til, og uavhengig av, reglene om angrerett og eventuelle garantier stilt av selger.<\/p>\n<h3>Selgerens rettigheter ved kj\u00f8perens mislighold<\/h3>\n<p>Dersom kj\u00f8peren ikke betaler eller oppfyller de \u00f8vrige pliktene etter avtalen, og dette ikke skyldes selgeren eller forhold p\u00e5 selgerens side, kan selgeren i henhold til reglene i forbrukerkj\u00f8psloven kapittel 9 etter omstendighetene holde varen tilbake, kreve oppfyllelse av avtalen, kreve avtalen hevet samt erstatning fra kj\u00f8peren. Selgeren kan ogs\u00e5 etter omstendighetene kunne kreve renter ved forsinket betaling, inkassogebyr og gebyr ved ikke- forskuddsbetalte uavhentede varer.<\/p>\n<p>Oppfyllelse: Dersom kj\u00f8peren ikke betaler, kan selgeren fastholde kj\u00f8pet og kreve at kj\u00f8peren betaler kj\u00f8pesummen (oppfyllelse). Er varen ikke levert, taper selgeren sin rett dersom han venter urimelig lenge med \u00e5 fremme kravet. \u2022 Heving: Ved vesentlig betalingsmislighold eller annet vesentlig mislighold fra kj\u00f8per, kan selgeren heve avtalen. Selgeren kan likevel ikke heve etter at kj\u00f8pesummen er betalt.<\/p>\n<p>Selgeren kan ogs\u00e5 heve kj\u00f8pet dersom kj\u00f8peren ikke betaler innen en rimelig tilleggsfrist for oppfyllelse som selgeren har fastsatt. Selgeren kan likevel ikke heve mens tilleggsfristen l\u00f8per, med mindre kj\u00f8peren har sagt at han eller hun ikke vil betale.<\/p>\n<p>Erstatning: Selgeren kan kreve erstatning fra kj\u00f8peren for \u00f8konomisk tap han eller hun lider som f\u00f8lge av kontraktsbrudd fra kj\u00f8perens side jf. forbrukerkj\u00f8pslovens \u00a7 46.<\/p>\n<p>Renter ved forsinket betaling\/inkassogebyr: Dersom kj\u00f8peren ikke betaler kj\u00f8pesummen i henhold til avtalen, kan selgeren kreve renter av kj\u00f8pesummen etter lov om renter ved forsinket betaling. Ved manglende betaling kan kravet, etter forutg\u00e5ende varsel, bli sendt til inkasso, og kj\u00f8peren kan da bli holdt ansvarlig for gebyrer etter lov om inkassovirksomhet og annen inndrivning av forfalte pengekrav.<\/p>\n<p>Gebyr ved uavhentede ikke-forskuddsbetalte varer: Dersom kj\u00f8peren unnlater \u00e5 hente ubetalte varer, kan selgeren belaste kj\u00f8per med et gebyr p\u00e5 kr 500,- + frakt tur\/retur. Gebyret skal maksimalt dekke selgerens faktiske utlegg for \u00e5 levere varen til kj\u00f8peren. Et slikt gebyr kan ikke belastes kj\u00f8pere under 18 \u00e5r.<\/p>\n<h3>Garanti<\/h3>\n<p>Garanti som gis av selgeren eller produsenten, gir kj\u00f8peren rettigheter i tillegg til de rettighetene kj\u00f8peren allerede har etter ufravikelig lovgivning. En garanti inneb\u00e6rer dermed ingen begrensninger i kj\u00f8perens rett til reklamasjon og krav ved forsinkelse eller mangler etter punkt \u00abKj\u00f8perens rettigheter ved forsinkelse\u00bb og \u00abKj\u00f8perens rettigheter ved mangel\u00bb.<\/p>\n<h3>Personopplysninger<\/h3>\n<p>Med mindre kj\u00f8peren samtykker til noe annet, kan selgeren kun innhente og lagre de personopplysninger som er n\u00f8dvendig for at selgeren skal kunne gjennomf\u00f8re forpliktelsene etter avtalen. Personopplysningene til kj\u00f8per under 15 \u00e5r kan ikke innhentes med mindre selgeren har samtykke fra foreldre eller foresatte. Kj\u00f8perens personopplysninger skal kun utleveres til andre hvis det er n\u00f8dvendig for at selgeren skal f\u00e5 gjennomf\u00f8rt avtalen med kj\u00f8peren, eller i lovbestemte tilfelle.Selgeren kan kun innhente kj\u00f8perens personnummer dersom det er saklig behov for sikker identifisering og slik innhenting er n\u00f8dvendig.<\/p>\n<p>Hvis selgeren vil benytte kj\u00f8perens personopplysninger til andre form\u00e5l, for eksempel til \u00e5 sende kj\u00f8peren reklame eller informasjon ut over det som er n\u00f8dvendig for \u00e5 f\u00e5 gjennomf\u00f8rt avtalen, m\u00e5 selgeren innhente kj\u00f8perens samtykke ved avtaleinng\u00e5elsen. Selgeren m\u00e5 gikj\u00f8peren informasjon om hva personopplysningene skal brukes til og om hvem som skal bruke personopplysningene. Kj\u00f8perens samtykke m\u00e5 v\u00e6re frivillig og avgis ved en aktiv handling, for eksempel ved avkrysning.<\/p>\n<p>Kj\u00f8peren skal enkelt kunne kontakte selgeren, for eksempel pr telefon eller e-post dersom han eller hun har sp\u00f8rsm\u00e5l om selgerens bruk av personopplysninger eller hvis han eller hun \u00f8nsker at selgeren sletter eller endrer personopplysningene.<\/p>\n<h3>Cookies<\/h3>\n<p>V\u00e5r nettbutikk inneholder s\u00e5kalte cookies. Du kan se deg rundt i Internettbutikken uten cookies, men du kan ikke handle. Vi bruker cookies for \u00e5 h\u00e5ndtere innholdet i din handlekurv. Det er en tekstfil som lagres p\u00e5 din datamaskin. Vi lagrer ogs\u00e5 informasjon om du har valgt \u00e5 se kategorisidene med eller uten bilder.Dersom din webleser eller brannmur er innstilt til \u00e5 hindre lagring av cookies kan nettsiden slutte \u00e5 fungere eller du kan f\u00e5 problemer med \u00e5 gjennomf\u00f8re et salg.<\/p>\n<h3>Konfliktl\u00f8sning<\/h3>\n<p>Partene skal fors\u00f8ke \u00e5 l\u00f8se eventuelle tvister i minnelighet. Kj\u00f8peren kan ta kontakt med Forbrukerr\u00e5det for \u00e5 f\u00e5 bistand i en eventuell tvist med selger. Dersom minnelig l\u00f8sning ikke oppn\u00e5s etter megling i Forbrukerr\u00e5det, kan partene skriftlig begj\u00e6re at Forbrukerr\u00e5detfremmer tvisten for Forbrukertvistutvalget. 13) Vedtak av Forbrukertvistutvalget er rettskraftig fire uker etter forkynning. F\u00f8r vedtaket er rettskraftig, kan partene, ved innsendelse av stevning til Forbrukertvistutvalget, bringe vedtaket inn for tingretten.<\/p>\n<p>13) Se lov av 01. mars 2017 Lov om Forbrukerklageutvalget (forbrukerklageloven).[\/vc_column_text][\/vc_column][\/vc_row]<\/p>\n<\/div>","protected":false},"excerpt":{"rendered":"<p>[vc_row][vc_column][vc_column_text css=&raquo;&raquo;] Angrerett Kj\u00f8peren kan angre kj\u00f8pet av varen etter angrerettslovens bestemmelser. Angrerett inneb\u00e6rer at kj\u00f8peren uten grunn kan returnere varen til selgeren selv om det ikke er noen mangel ved den og selv om den ikke er levert. Kj\u00f8peren m\u00e5 gi selger melding om bruk av angreretten innen 14 dager etter at varen, de [&hellip;]<\/p>\n","protected":false},"author":27,"featured_media":0,"parent":0,"menu_order":0,"comment_status":"closed","ping_status":"closed","template":"","meta":{"footnotes":""},"class_list":["post-13093","page","type-page","status-publish","hentry","grve-entry-item"],"yoast_head":"<!-- This site is optimized with the Yoast SEO Premium plugin v25.1 (Yoast SEO v25.1) - https:\/\/yoast.com\/wordpress\/plugins\/seo\/ -->\n<title>Retur- og angrerettigheter - SolarVenti NORGE<\/title>\n<meta name=\"robots\" content=\"index, follow, max-snippet:-1, max-image-preview:large, max-video-preview:-1\" \/>\n<link rel=\"canonical\" href=\"https:\/\/solarventi.dk\/no\/retur-og-angrerettigheter\/\" \/>\n<meta property=\"og:locale\" content=\"nb_NO\" \/>\n<meta property=\"og:type\" content=\"article\" \/>\n<meta property=\"og:title\" content=\"Retur- og angrerettigheter\" \/>\n<meta property=\"og:description\" content=\"[vc_row][vc_column][vc_column_text css=&raquo;&raquo;] Angrerett Kj\u00f8peren kan angre kj\u00f8pet av varen etter angrerettslovens bestemmelser. Angrerett inneb\u00e6rer at kj\u00f8peren uten grunn kan returnere varen til selgeren selv om det ikke er noen mangel ved den og selv om den ikke er levert. Kj\u00f8peren m\u00e5 gi selger melding om bruk av angreretten innen 14 dager etter at varen, de [&hellip;]\" \/>\n<meta property=\"og:url\" content=\"https:\/\/solarventi.dk\/no\/retur-og-angrerettigheter\/\" \/>\n<meta property=\"og:site_name\" content=\"SolarVenti NORGE\" \/>\n<meta property=\"article:modified_time\" content=\"2024-05-23T14:14:10+00:00\" \/>\n<meta name=\"twitter:card\" content=\"summary_large_image\" \/>\n<script type=\"application\/ld+json\" class=\"yoast-schema-graph\">{\"@context\":\"https:\/\/schema.org\",\"@graph\":[{\"@type\":\"WebPage\",\"@id\":\"https:\/\/solarventi.dk\/no\/retur-og-angrerettigheter\/\",\"url\":\"https:\/\/solarventi.dk\/no\/retur-og-angrerettigheter\/\",\"name\":\"Retur- og angrerettigheter - SolarVenti NORGE\",\"isPartOf\":{\"@id\":\"https:\/\/solarventi.dk\/no\/#website\"},\"datePublished\":\"2024-05-23T14:12:38+00:00\",\"dateModified\":\"2024-05-23T14:14:10+00:00\",\"breadcrumb\":{\"@id\":\"https:\/\/solarventi.dk\/no\/retur-og-angrerettigheter\/#breadcrumb\"},\"inLanguage\":\"nb-NO\",\"potentialAction\":[{\"@type\":\"ReadAction\",\"target\":[\"https:\/\/solarventi.dk\/no\/retur-og-angrerettigheter\/\"]}]},{\"@type\":\"BreadcrumbList\",\"@id\":\"https:\/\/solarventi.dk\/no\/retur-og-angrerettigheter\/#breadcrumb\",\"itemListElement\":[{\"@type\":\"ListItem\",\"position\":1,\"name\":\"Forside\",\"item\":\"https:\/\/solarventi.dk\/no\/\"},{\"@type\":\"ListItem\",\"position\":2,\"name\":\"Retur- og angrerettigheter\"}]},{\"@type\":\"WebSite\",\"@id\":\"https:\/\/solarventi.dk\/no\/#website\",\"url\":\"https:\/\/solarventi.dk\/no\/\",\"name\":\"SolarVenti NORGE\",\"description\":\"Salg av SolarVenti\",\"potentialAction\":[{\"@type\":\"SearchAction\",\"target\":{\"@type\":\"EntryPoint\",\"urlTemplate\":\"https:\/\/solarventi.dk\/no\/?s={search_term_string}\"},\"query-input\":{\"@type\":\"PropertyValueSpecification\",\"valueRequired\":true,\"valueName\":\"search_term_string\"}}],\"inLanguage\":\"nb-NO\"}]}<\/script>\n<!-- \/ Yoast SEO Premium plugin. -->","yoast_head_json":{"title":"Retur- og angrerettigheter - SolarVenti NORGE","robots":{"index":"index","follow":"follow","max-snippet":"max-snippet:-1","max-image-preview":"max-image-preview:large","max-video-preview":"max-video-preview:-1"},"canonical":"https:\/\/solarventi.dk\/no\/retur-og-angrerettigheter\/","og_locale":"nb_NO","og_type":"article","og_title":"Retur- og angrerettigheter","og_description":"[vc_row][vc_column][vc_column_text css=&raquo;&raquo;] Angrerett Kj\u00f8peren kan angre kj\u00f8pet av varen etter angrerettslovens bestemmelser. Angrerett inneb\u00e6rer at kj\u00f8peren uten grunn kan returnere varen til selgeren selv om det ikke er noen mangel ved den og selv om den ikke er levert. Kj\u00f8peren m\u00e5 gi selger melding om bruk av angreretten innen 14 dager etter at varen, de [&hellip;]","og_url":"https:\/\/solarventi.dk\/no\/retur-og-angrerettigheter\/","og_site_name":"SolarVenti NORGE","article_modified_time":"2024-05-23T14:14:10+00:00","twitter_card":"summary_large_image","schema":{"@context":"https:\/\/schema.org","@graph":[{"@type":"WebPage","@id":"https:\/\/solarventi.dk\/no\/retur-og-angrerettigheter\/","url":"https:\/\/solarventi.dk\/no\/retur-og-angrerettigheter\/","name":"Retur- og angrerettigheter - SolarVenti NORGE","isPartOf":{"@id":"https:\/\/solarventi.dk\/no\/#website"},"datePublished":"2024-05-23T14:12:38+00:00","dateModified":"2024-05-23T14:14:10+00:00","breadcrumb":{"@id":"https:\/\/solarventi.dk\/no\/retur-og-angrerettigheter\/#breadcrumb"},"inLanguage":"nb-NO","potentialAction":[{"@type":"ReadAction","target":["https:\/\/solarventi.dk\/no\/retur-og-angrerettigheter\/"]}]},{"@type":"BreadcrumbList","@id":"https:\/\/solarventi.dk\/no\/retur-og-angrerettigheter\/#breadcrumb","itemListElement":[{"@type":"ListItem","position":1,"name":"Forside","item":"https:\/\/solarventi.dk\/no\/"},{"@type":"ListItem","position":2,"name":"Retur- og angrerettigheter"}]},{"@type":"WebSite","@id":"https:\/\/solarventi.dk\/no\/#website","url":"https:\/\/solarventi.dk\/no\/","name":"SolarVenti NORGE","description":"Salg av SolarVenti","potentialAction":[{"@type":"SearchAction","target":{"@type":"EntryPoint","urlTemplate":"https:\/\/solarventi.dk\/no\/?s={search_term_string}"},"query-input":{"@type":"PropertyValueSpecification","valueRequired":true,"valueName":"search_term_string"}}],"inLanguage":"nb-NO"}]}},"_links":{"self":[{"href":"https:\/\/solarventi.dk\/no\/wp-json\/wp\/v2\/pages\/13093","targetHints":{"allow":["GET"]}}],"collection":[{"href":"https:\/\/solarventi.dk\/no\/wp-json\/wp\/v2\/pages"}],"about":[{"href":"https:\/\/solarventi.dk\/no\/wp-json\/wp\/v2\/types\/page"}],"author":[{"embeddable":true,"href":"https:\/\/solarventi.dk\/no\/wp-json\/wp\/v2\/users\/27"}],"replies":[{"embeddable":true,"href":"https:\/\/solarventi.dk\/no\/wp-json\/wp\/v2\/comments?post=13093"}],"version-history":[{"count":0,"href":"https:\/\/solarventi.dk\/no\/wp-json\/wp\/v2\/pages\/13093\/revisions"}],"wp:attachment":[{"href":"https:\/\/solarventi.dk\/no\/wp-json\/wp\/v2\/media?parent=13093"}],"curies":[{"name":"wp","href":"https:\/\/api.w.org\/{rel}","templated":true}]}}