{"id":13092,"date":"2024-05-23T16:10:15","date_gmt":"2024-05-23T14:10:15","guid":{"rendered":"https:\/\/solarventi.dk\/no\/?page_id=13092"},"modified":"2024-05-23T16:11:24","modified_gmt":"2024-05-23T14:11:24","slug":"salgs-og-leveringsbetingelser","status":"publish","type":"page","link":"https:\/\/solarventi.dk\/no\/salgs-og-leveringsbetingelser\/","title":{"rendered":"Salgs- og leveringsbetingelser"},"content":{"rendered":"<div class=\"wpb-content-wrapper\"><p>[vc_row][vc_column][vc_column_text css=&raquo;&raquo;]<\/p>\n<h3>Generelt<\/h3>\n<p>Dette kj\u00f8pet er regulert av den nedenst\u00e5ende standard salgsbetingelser for forbrukerkj\u00f8p av varer over Internett. Med forbrukerkj\u00f8p menes her salg av vare til forbruker som ikke hovedsakelig handler som ledd i n\u00e6ringsvirksomhet, og n\u00e5r selgeren opptrer i n\u00e6ringsvirksomhet med salg av varer over internett.<\/p>\n<p>Salg til forbrukere er blant annet regulert i forbrukerkj\u00f8psloven og angrerettsloven.<\/p>\n<h3>Avtalen<\/h3>\n<p>Avtalen mellom kj\u00f8per og selger best\u00e5r av opplysningene selgeren gir om kj\u00f8pet i bestillingsl\u00f8sningen i nettbutikken (herunder blant annet opplysninger om varens art, mengde, kvalitet, andre egenskaper, pris og leveringsbetingelser), eventuell direkte korrespondanse mellom partene (for eksempel e-post) samt disse salgsbetingelsene.<\/p>\n<p>Ved motstrid mellom opplysningene selgeren har gitt om kj\u00f8pet i bestillingsl\u00f8sningen i nettbutikken, direkte korrespondanse mellom partene og vilk\u00e5rene i salgsbetingelsene, g\u00e5r direkte korrespondanse mellom partene og opplysningene gitt i bestillingsl\u00f8sningen foran salgsbetingelsene, s\u00e5 fremt det ikke strider mot bindende lovgivning.<\/p>\n<h3>Partene<\/h3>\n<p>Selger<\/p>\n<p><strong>Firmanavn:<\/strong>\u00a0Smart Inneklima AS<br \/>\n<strong>Postadresse:<\/strong>\u00a0Dalstuvegen 17, 2340 L\u00f8ten<br \/>\n<strong>Telefon:<\/strong>\u00a041156566<br \/>\n<strong>E-post:<\/strong>\u00a0<a href=\"mailto:post@smik.no\" rel=\"m\">post@smik.no<\/a><br \/>\n<strong>Organisasjonsnr.:<\/strong>\u00a0931684183<\/p>\n<p>Kj\u00f8per er den person som foretar bestillingen.<\/p>\n<h3>Priser<\/h3>\n<p>Prisene, som er oppgitt i nettbutikken, inkluderer merverdiavgift om ikke kj\u00f8per velger \u00e5 vise priser uten mva eller er registrert som bruker fra et land utenfor Norge. Opplysninger om de totale kostnadene kj\u00f8peren skal betale, inklusive alle avgifter (merverdiavgift, toll, og lignende) og leveringskostnader (frakt, porto, fakturagebyr, emballasje med videre) samt spesifisering av de enkelte elementene i totalprisen, gis i bestillingsl\u00f8sningen f\u00f8r bestilling er foretatt. (Vareleveranser til utlandet, Svalbard eller Jan Mayen skal selges uten tillegg av merverdiavgift.)<\/p>\n<h3>Avtaleinng\u00e5else<\/h3>\n<p>Avtalen er bindende for begge parter n\u00e5r kj\u00f8perens bestilling er mottatt av selgeren. En part er likevel ikke bundet av avtalen hvis det har forekommet skrive- eller tastefeil i tilbudet fra selgeren i bestillingsl\u00f8sningen i nettbutikken eller i kj\u00f8perens bestilling, og den annen part inns\u00e5 eller burde ha innsett at det forel\u00e5 en slik feil.<\/p>\n<h3>Ordrebekreftelse<\/h3>\n<p>Du mottar en ordrebekreftelse p\u00e5 e-post umiddelbart etter at kj\u00f8pet er gjennomf\u00f8rt. Det anbefales at kj\u00f8peren kontrollerer at ordrebekreftelsen stemmer overens med bestillingen med hensyn til antall, varetype, pris osv. Er det ikke samsvar mellom bestillingen og ordrebekreftelsen, b\u00f8r kj\u00f8peren ta kontakt med selger s\u00e5 snart som mulig.<\/p>\n<h3>Betaling<\/h3>\n<p>Selgeren kan kreve betaling for varen fra det tidspunkt den blir sendt fra selgeren til kj\u00f8peren.Dersom kj\u00f8peren bruker kredittkort eller debetkort ved betaling, kan selgeren reservere kj\u00f8pesummen p\u00e5 kortet ved bestillingen.<\/p>\n<p>Et kredittkort er et betalingskort hvor oppgj\u00f8ret for kj\u00f8pet skjer i etterkant ved at kredittgiveren (kredittkortselskapet) sender kortholder faktura med krav om betaling. Et debetkort er et betalingskort knyttet til en innskuddskonto. Bruk av kortet medf\u00f8rer at brukerens konto blir belastet og bel\u00f8pet blir overf\u00f8rt til betalingsmottakerens konto.<\/p>\n<p>Ved betaling med kredittkort, vil lov om kredittkj\u00f8p m.m. komme til anvendelse.<\/p>\n<h3>Levering m.v.<\/h3>\n<p>Levering av varen fra selgeren til kj\u00f8peren skjer p\u00e5 den m\u00e5te, p\u00e5 det sted og til det tidspunkt som er angitt i bestillingsl\u00f8sningen i nettbutikken. Hvis ikke leveringstidspunkt fremg\u00e5r av bestillingsl\u00f8sningen eller e-post som f\u00f8lger med ordrebekreftelse, skal selgeren levere varen til kj\u00f8per innen rimelig tid og senest 30 dager etter bestillingen fra kunden. Skal selgeren s\u00f8rge for at varen blir sendt til kj\u00f8peren, plikter han \u00e5 f\u00e5 varen fraktet til bestemmelsesstedet p\u00e5 egnet m\u00e5te og p\u00e5 vanlige vilk\u00e5r for slik transport. Bestemmelsesstedet er hos kj\u00f8peren med mindre annet er s\u00e6rskilt avtalt mellom partene.<\/p>\n<h3>Risikoen for varen<\/h3>\n<p>Risikoen for varen g\u00e5r over p\u00e5 kj\u00f8peren n\u00e5r tingen er overtatt av kj\u00f8peren i henhold til avtalen. Hvis leveringstiden er kommet og kj\u00f8peren unnlater \u00e5 overta en vare som er stilt til hans eller hennes r\u00e5dighet etter avtalen, har kj\u00f8peren likevel risikoen for tap eller skade som skyldes egenskaper ved varen selv.<\/p>\n<h3>Frakt<\/h3>\n<p>Alle varer sendes med Posten \/ Postnord med mindre annet er avtalt p\u00e5 forh\u00e5nd.<br \/>\nBel\u00f8p forbundet med forsendelse, er etter Posten\/Postnord sine satser.<br \/>\nFrakt bel\u00f8p kommer automatisk opp ved gjennomf\u00f8rsel av handel.[\/vc_column_text][\/vc_column][\/vc_row]<\/p>\n<\/div>","protected":false},"excerpt":{"rendered":"<p>[vc_row][vc_column][vc_column_text css=&raquo;&raquo;] Generelt Dette kj\u00f8pet er regulert av den nedenst\u00e5ende standard salgsbetingelser for forbrukerkj\u00f8p av varer over Internett. Med forbrukerkj\u00f8p menes her salg av vare til forbruker som ikke hovedsakelig handler som ledd i n\u00e6ringsvirksomhet, og n\u00e5r selgeren opptrer i n\u00e6ringsvirksomhet med salg av varer over internett. Salg til forbrukere er blant annet regulert i [&hellip;]<\/p>\n","protected":false},"author":27,"featured_media":0,"parent":0,"menu_order":0,"comment_status":"closed","ping_status":"closed","template":"","meta":{"footnotes":""},"class_list":["post-13092","page","type-page","status-publish","hentry","grve-entry-item"],"yoast_head":"<!-- This site is optimized with the Yoast SEO Premium plugin v25.1 (Yoast SEO v25.1) - https:\/\/yoast.com\/wordpress\/plugins\/seo\/ -->\n<title>Salgs- og leveringsbetingelser - SolarVenti NORGE<\/title>\n<meta name=\"robots\" content=\"index, follow, max-snippet:-1, max-image-preview:large, max-video-preview:-1\" \/>\n<link rel=\"canonical\" href=\"https:\/\/solarventi.dk\/no\/salgs-og-leveringsbetingelser\/\" \/>\n<meta property=\"og:locale\" content=\"nb_NO\" \/>\n<meta property=\"og:type\" content=\"article\" \/>\n<meta property=\"og:title\" content=\"Salgs- og leveringsbetingelser\" \/>\n<meta property=\"og:description\" content=\"[vc_row][vc_column][vc_column_text css=&raquo;&raquo;] Generelt Dette kj\u00f8pet er regulert av den nedenst\u00e5ende standard salgsbetingelser for forbrukerkj\u00f8p av varer over Internett. Med forbrukerkj\u00f8p menes her salg av vare til forbruker som ikke hovedsakelig handler som ledd i n\u00e6ringsvirksomhet, og n\u00e5r selgeren opptrer i n\u00e6ringsvirksomhet med salg av varer over internett. Salg til forbrukere er blant annet regulert i [&hellip;]\" \/>\n<meta property=\"og:url\" content=\"https:\/\/solarventi.dk\/no\/salgs-og-leveringsbetingelser\/\" \/>\n<meta property=\"og:site_name\" content=\"SolarVenti NORGE\" \/>\n<meta property=\"article:modified_time\" content=\"2024-05-23T14:11:24+00:00\" \/>\n<meta name=\"twitter:card\" content=\"summary_large_image\" \/>\n<script type=\"application\/ld+json\" class=\"yoast-schema-graph\">{\"@context\":\"https:\/\/schema.org\",\"@graph\":[{\"@type\":\"WebPage\",\"@id\":\"https:\/\/solarventi.dk\/no\/salgs-og-leveringsbetingelser\/\",\"url\":\"https:\/\/solarventi.dk\/no\/salgs-og-leveringsbetingelser\/\",\"name\":\"Salgs- og leveringsbetingelser - SolarVenti NORGE\",\"isPartOf\":{\"@id\":\"https:\/\/solarventi.dk\/no\/#website\"},\"datePublished\":\"2024-05-23T14:10:15+00:00\",\"dateModified\":\"2024-05-23T14:11:24+00:00\",\"breadcrumb\":{\"@id\":\"https:\/\/solarventi.dk\/no\/salgs-og-leveringsbetingelser\/#breadcrumb\"},\"inLanguage\":\"nb-NO\",\"potentialAction\":[{\"@type\":\"ReadAction\",\"target\":[\"https:\/\/solarventi.dk\/no\/salgs-og-leveringsbetingelser\/\"]}]},{\"@type\":\"BreadcrumbList\",\"@id\":\"https:\/\/solarventi.dk\/no\/salgs-og-leveringsbetingelser\/#breadcrumb\",\"itemListElement\":[{\"@type\":\"ListItem\",\"position\":1,\"name\":\"Forside\",\"item\":\"https:\/\/solarventi.dk\/no\/\"},{\"@type\":\"ListItem\",\"position\":2,\"name\":\"Salgs- og leveringsbetingelser\"}]},{\"@type\":\"WebSite\",\"@id\":\"https:\/\/solarventi.dk\/no\/#website\",\"url\":\"https:\/\/solarventi.dk\/no\/\",\"name\":\"SolarVenti NORGE\",\"description\":\"Salg av SolarVenti\",\"potentialAction\":[{\"@type\":\"SearchAction\",\"target\":{\"@type\":\"EntryPoint\",\"urlTemplate\":\"https:\/\/solarventi.dk\/no\/?s={search_term_string}\"},\"query-input\":{\"@type\":\"PropertyValueSpecification\",\"valueRequired\":true,\"valueName\":\"search_term_string\"}}],\"inLanguage\":\"nb-NO\"}]}<\/script>\n<!-- \/ Yoast SEO Premium plugin. -->","yoast_head_json":{"title":"Salgs- og leveringsbetingelser - SolarVenti NORGE","robots":{"index":"index","follow":"follow","max-snippet":"max-snippet:-1","max-image-preview":"max-image-preview:large","max-video-preview":"max-video-preview:-1"},"canonical":"https:\/\/solarventi.dk\/no\/salgs-og-leveringsbetingelser\/","og_locale":"nb_NO","og_type":"article","og_title":"Salgs- og leveringsbetingelser","og_description":"[vc_row][vc_column][vc_column_text css=&raquo;&raquo;] Generelt Dette kj\u00f8pet er regulert av den nedenst\u00e5ende standard salgsbetingelser for forbrukerkj\u00f8p av varer over Internett. Med forbrukerkj\u00f8p menes her salg av vare til forbruker som ikke hovedsakelig handler som ledd i n\u00e6ringsvirksomhet, og n\u00e5r selgeren opptrer i n\u00e6ringsvirksomhet med salg av varer over internett. Salg til forbrukere er blant annet regulert i [&hellip;]","og_url":"https:\/\/solarventi.dk\/no\/salgs-og-leveringsbetingelser\/","og_site_name":"SolarVenti NORGE","article_modified_time":"2024-05-23T14:11:24+00:00","twitter_card":"summary_large_image","schema":{"@context":"https:\/\/schema.org","@graph":[{"@type":"WebPage","@id":"https:\/\/solarventi.dk\/no\/salgs-og-leveringsbetingelser\/","url":"https:\/\/solarventi.dk\/no\/salgs-og-leveringsbetingelser\/","name":"Salgs- og leveringsbetingelser - SolarVenti NORGE","isPartOf":{"@id":"https:\/\/solarventi.dk\/no\/#website"},"datePublished":"2024-05-23T14:10:15+00:00","dateModified":"2024-05-23T14:11:24+00:00","breadcrumb":{"@id":"https:\/\/solarventi.dk\/no\/salgs-og-leveringsbetingelser\/#breadcrumb"},"inLanguage":"nb-NO","potentialAction":[{"@type":"ReadAction","target":["https:\/\/solarventi.dk\/no\/salgs-og-leveringsbetingelser\/"]}]},{"@type":"BreadcrumbList","@id":"https:\/\/solarventi.dk\/no\/salgs-og-leveringsbetingelser\/#breadcrumb","itemListElement":[{"@type":"ListItem","position":1,"name":"Forside","item":"https:\/\/solarventi.dk\/no\/"},{"@type":"ListItem","position":2,"name":"Salgs- og leveringsbetingelser"}]},{"@type":"WebSite","@id":"https:\/\/solarventi.dk\/no\/#website","url":"https:\/\/solarventi.dk\/no\/","name":"SolarVenti NORGE","description":"Salg av SolarVenti","potentialAction":[{"@type":"SearchAction","target":{"@type":"EntryPoint","urlTemplate":"https:\/\/solarventi.dk\/no\/?s={search_term_string}"},"query-input":{"@type":"PropertyValueSpecification","valueRequired":true,"valueName":"search_term_string"}}],"inLanguage":"nb-NO"}]}},"_links":{"self":[{"href":"https:\/\/solarventi.dk\/no\/wp-json\/wp\/v2\/pages\/13092","targetHints":{"allow":["GET"]}}],"collection":[{"href":"https:\/\/solarventi.dk\/no\/wp-json\/wp\/v2\/pages"}],"about":[{"href":"https:\/\/solarventi.dk\/no\/wp-json\/wp\/v2\/types\/page"}],"author":[{"embeddable":true,"href":"https:\/\/solarventi.dk\/no\/wp-json\/wp\/v2\/users\/27"}],"replies":[{"embeddable":true,"href":"https:\/\/solarventi.dk\/no\/wp-json\/wp\/v2\/comments?post=13092"}],"version-history":[{"count":0,"href":"https:\/\/solarventi.dk\/no\/wp-json\/wp\/v2\/pages\/13092\/revisions"}],"wp:attachment":[{"href":"https:\/\/solarventi.dk\/no\/wp-json\/wp\/v2\/media?parent=13092"}],"curies":[{"name":"wp","href":"https:\/\/api.w.org\/{rel}","templated":true}]}}