{"id":13033,"date":"2024-04-22T18:10:20","date_gmt":"2024-04-22T16:10:20","guid":{"rendered":"https:\/\/solarventi.dk\/no\/?page_id=13033"},"modified":"2024-04-22T18:14:21","modified_gmt":"2024-04-22T16:14:21","slug":"om-smart-inneklima","status":"publish","type":"page","link":"https:\/\/solarventi.dk\/no\/om-smart-inneklima\/","title":{"rendered":"Om Smart Inneklima"},"content":{"rendered":"<div class=\"wpb-content-wrapper\"><p>[vc_row][vc_column][vc_column_text]<strong>Velkommen til\u00a0<\/strong><strong>Smart Inneklima AS<\/strong><\/p>\n<p>Vi er Smart Inneklima, et dedikert team med lidenskap for \u00e5 tilby salg og enest\u00e5ende kundeservice til v\u00e5re kunder over hele Norge. V\u00e5r visjon er \u00e5 bli den foretrukne destinasjonen for alle dine behov n\u00e5r det gjelder soldrevet ventilasjon.<\/p>\n<p><strong>V\u00e5r Historie<\/strong><\/p>\n<p>Smart Inneklima ble grunnlagt med en visjon om \u00e5 gi full oppmerksomhet til v\u00e5re produkter. Siden den spede begynnelse har vi v\u00e6rt forpliktet til \u00e5 levere innovative l\u00f8sninger av h\u00f8yeste kvalitet, samtidig som vi opprettholder et sterkt fokus p\u00e5 kundetilfredshet. Gjennom \u00e5rene har vi utviklet oss til \u00e5 bli en p\u00e5litelig ressurs og en leder innen solventilasjon.<\/p>\n<p><strong>V\u00e5re Verdier<\/strong><\/p>\n<p>I alt vi gj\u00f8r, er vi forpliktet til \u00e5 f\u00f8lge v\u00e5re kjerneverdier:<\/p>\n<ul>\n<li><strong>Kvalitet:<\/strong>\u00a0Vi streber etter \u00e5 tilby produkter og tjenester av h\u00f8yeste kvalitet som oppfyller eller overg\u00e5r v\u00e5re kunders forventninger.<\/li>\n<li><strong>Kundetilfredshet:<\/strong>\u00a0Kundenes tilfredshet er v\u00e5r h\u00f8yeste prioritet. Vi jobber hardt for \u00e5 sikre at hver kundeopplevelse er positiv og minneverdig.<\/li>\n<li><strong>Innovasjon:<\/strong>\u00a0Vi er lidenskapelig opptatt av \u00e5 v\u00e6re i forkant av bransjens trender og teknologiske fremskritt. Vi s\u00f8ker kontinuerlig etter nye og bedre m\u00e5ter \u00e5 betjene v\u00e5re kunder p\u00e5.<\/li>\n<li><strong>P\u00e5litelighet:<\/strong>\u00a0V\u00e5re kunder kan stole p\u00e5 oss for p\u00e5litelige produkter, tjenester og leveranser. Vi tar ansvar for v\u00e5re handlinger og forpliktelser.<\/li>\n<\/ul>\n<p><strong>V\u00e5rt Team<\/strong><\/p>\n<p>Smart Inneklima drives av et dedikert team av fagfolk som bringer en bred og mangfoldig kompetanse til bordet. Vi er lidenskapelig opptatt av \u00e5 levere eksepsjonell service og st\u00f8tte til v\u00e5re kunder i alle faser av deres reise med oss.<\/p>\n<p><strong>V\u00e5rt L\u00f8fte<\/strong><\/p>\n<p>N\u00e5r du velger Smart Inneklima, kan du v\u00e6re trygg p\u00e5 at du velger en p\u00e5litelig partner som er forpliktet til din suksess. Vi lover \u00e5 fortsette \u00e5 strebe etter kvalitet, innovasjon og kundetilfredshet i alt vi gj\u00f8r.<\/p>\n<p>Takk for at du valgte Smart Inneklima.[\/vc_column_text][\/vc_column][\/vc_row]<\/p>\n<\/div>","protected":false},"excerpt":{"rendered":"<p>[vc_row][vc_column][vc_column_text]Velkommen til\u00a0Smart Inneklima AS Vi er Smart Inneklima, et dedikert team med lidenskap for \u00e5 tilby salg og enest\u00e5ende kundeservice til v\u00e5re kunder over hele Norge. V\u00e5r visjon er \u00e5 bli den foretrukne destinasjonen for alle dine behov n\u00e5r det gjelder soldrevet ventilasjon. V\u00e5r Historie Smart Inneklima ble grunnlagt med en visjon om \u00e5 gi [&hellip;]<\/p>\n","protected":false},"author":27,"featured_media":0,"parent":0,"menu_order":0,"comment_status":"closed","ping_status":"closed","template":"","meta":{"footnotes":""},"class_list":["post-13033","page","type-page","status-publish","hentry","grve-entry-item"],"yoast_head":"<!-- This site is optimized with the Yoast SEO Premium plugin v25.1 (Yoast SEO v25.1) - https:\/\/yoast.com\/wordpress\/plugins\/seo\/ -->\n<title>Om Smart Inneklima - SolarVenti NORGE<\/title>\n<meta name=\"robots\" content=\"index, follow, max-snippet:-1, max-image-preview:large, max-video-preview:-1\" \/>\n<link rel=\"canonical\" href=\"https:\/\/solarventi.dk\/no\/om-smart-inneklima\/\" \/>\n<meta property=\"og:locale\" content=\"nb_NO\" \/>\n<meta property=\"og:type\" content=\"article\" \/>\n<meta property=\"og:title\" content=\"Om Smart Inneklima\" \/>\n<meta property=\"og:description\" content=\"[vc_row][vc_column][vc_column_text]Velkommen til\u00a0Smart Inneklima AS Vi er Smart Inneklima, et dedikert team med lidenskap for \u00e5 tilby salg og enest\u00e5ende kundeservice til v\u00e5re kunder over hele Norge. V\u00e5r visjon er \u00e5 bli den foretrukne destinasjonen for alle dine behov n\u00e5r det gjelder soldrevet ventilasjon. V\u00e5r Historie Smart Inneklima ble grunnlagt med en visjon om \u00e5 gi [&hellip;]\" \/>\n<meta property=\"og:url\" content=\"https:\/\/solarventi.dk\/no\/om-smart-inneklima\/\" \/>\n<meta property=\"og:site_name\" content=\"SolarVenti NORGE\" \/>\n<meta property=\"article:modified_time\" content=\"2024-04-22T16:14:21+00:00\" \/>\n<meta name=\"twitter:card\" content=\"summary_large_image\" \/>\n<script type=\"application\/ld+json\" class=\"yoast-schema-graph\">{\"@context\":\"https:\/\/schema.org\",\"@graph\":[{\"@type\":\"WebPage\",\"@id\":\"https:\/\/solarventi.dk\/no\/om-smart-inneklima\/\",\"url\":\"https:\/\/solarventi.dk\/no\/om-smart-inneklima\/\",\"name\":\"Om Smart Inneklima - SolarVenti NORGE\",\"isPartOf\":{\"@id\":\"https:\/\/solarventi.dk\/no\/#website\"},\"datePublished\":\"2024-04-22T16:10:20+00:00\",\"dateModified\":\"2024-04-22T16:14:21+00:00\",\"breadcrumb\":{\"@id\":\"https:\/\/solarventi.dk\/no\/om-smart-inneklima\/#breadcrumb\"},\"inLanguage\":\"nb-NO\",\"potentialAction\":[{\"@type\":\"ReadAction\",\"target\":[\"https:\/\/solarventi.dk\/no\/om-smart-inneklima\/\"]}]},{\"@type\":\"BreadcrumbList\",\"@id\":\"https:\/\/solarventi.dk\/no\/om-smart-inneklima\/#breadcrumb\",\"itemListElement\":[{\"@type\":\"ListItem\",\"position\":1,\"name\":\"Forside\",\"item\":\"https:\/\/solarventi.dk\/no\/\"},{\"@type\":\"ListItem\",\"position\":2,\"name\":\"Om Smart Inneklima\"}]},{\"@type\":\"WebSite\",\"@id\":\"https:\/\/solarventi.dk\/no\/#website\",\"url\":\"https:\/\/solarventi.dk\/no\/\",\"name\":\"SolarVenti NORGE\",\"description\":\"Salg av SolarVenti\",\"potentialAction\":[{\"@type\":\"SearchAction\",\"target\":{\"@type\":\"EntryPoint\",\"urlTemplate\":\"https:\/\/solarventi.dk\/no\/?s={search_term_string}\"},\"query-input\":{\"@type\":\"PropertyValueSpecification\",\"valueRequired\":true,\"valueName\":\"search_term_string\"}}],\"inLanguage\":\"nb-NO\"}]}<\/script>\n<!-- \/ Yoast SEO Premium plugin. -->","yoast_head_json":{"title":"Om Smart Inneklima - SolarVenti NORGE","robots":{"index":"index","follow":"follow","max-snippet":"max-snippet:-1","max-image-preview":"max-image-preview:large","max-video-preview":"max-video-preview:-1"},"canonical":"https:\/\/solarventi.dk\/no\/om-smart-inneklima\/","og_locale":"nb_NO","og_type":"article","og_title":"Om Smart Inneklima","og_description":"[vc_row][vc_column][vc_column_text]Velkommen til\u00a0Smart Inneklima AS Vi er Smart Inneklima, et dedikert team med lidenskap for \u00e5 tilby salg og enest\u00e5ende kundeservice til v\u00e5re kunder over hele Norge. V\u00e5r visjon er \u00e5 bli den foretrukne destinasjonen for alle dine behov n\u00e5r det gjelder soldrevet ventilasjon. V\u00e5r Historie Smart Inneklima ble grunnlagt med en visjon om \u00e5 gi [&hellip;]","og_url":"https:\/\/solarventi.dk\/no\/om-smart-inneklima\/","og_site_name":"SolarVenti NORGE","article_modified_time":"2024-04-22T16:14:21+00:00","twitter_card":"summary_large_image","schema":{"@context":"https:\/\/schema.org","@graph":[{"@type":"WebPage","@id":"https:\/\/solarventi.dk\/no\/om-smart-inneklima\/","url":"https:\/\/solarventi.dk\/no\/om-smart-inneklima\/","name":"Om Smart Inneklima - SolarVenti NORGE","isPartOf":{"@id":"https:\/\/solarventi.dk\/no\/#website"},"datePublished":"2024-04-22T16:10:20+00:00","dateModified":"2024-04-22T16:14:21+00:00","breadcrumb":{"@id":"https:\/\/solarventi.dk\/no\/om-smart-inneklima\/#breadcrumb"},"inLanguage":"nb-NO","potentialAction":[{"@type":"ReadAction","target":["https:\/\/solarventi.dk\/no\/om-smart-inneklima\/"]}]},{"@type":"BreadcrumbList","@id":"https:\/\/solarventi.dk\/no\/om-smart-inneklima\/#breadcrumb","itemListElement":[{"@type":"ListItem","position":1,"name":"Forside","item":"https:\/\/solarventi.dk\/no\/"},{"@type":"ListItem","position":2,"name":"Om Smart Inneklima"}]},{"@type":"WebSite","@id":"https:\/\/solarventi.dk\/no\/#website","url":"https:\/\/solarventi.dk\/no\/","name":"SolarVenti NORGE","description":"Salg av SolarVenti","potentialAction":[{"@type":"SearchAction","target":{"@type":"EntryPoint","urlTemplate":"https:\/\/solarventi.dk\/no\/?s={search_term_string}"},"query-input":{"@type":"PropertyValueSpecification","valueRequired":true,"valueName":"search_term_string"}}],"inLanguage":"nb-NO"}]}},"_links":{"self":[{"href":"https:\/\/solarventi.dk\/no\/wp-json\/wp\/v2\/pages\/13033","targetHints":{"allow":["GET"]}}],"collection":[{"href":"https:\/\/solarventi.dk\/no\/wp-json\/wp\/v2\/pages"}],"about":[{"href":"https:\/\/solarventi.dk\/no\/wp-json\/wp\/v2\/types\/page"}],"author":[{"embeddable":true,"href":"https:\/\/solarventi.dk\/no\/wp-json\/wp\/v2\/users\/27"}],"replies":[{"embeddable":true,"href":"https:\/\/solarventi.dk\/no\/wp-json\/wp\/v2\/comments?post=13033"}],"version-history":[{"count":0,"href":"https:\/\/solarventi.dk\/no\/wp-json\/wp\/v2\/pages\/13033\/revisions"}],"wp:attachment":[{"href":"https:\/\/solarventi.dk\/no\/wp-json\/wp\/v2\/media?parent=13033"}],"curies":[{"name":"wp","href":"https:\/\/api.w.org\/{rel}","templated":true}]}}